{"id":14409,"date":"2025-01-29T14:28:36","date_gmt":"2025-01-29T14:28:36","guid":{"rendered":"https:\/\/ihsproject.org\/?page_id=14409"},"modified":"2025-01-29T14:31:28","modified_gmt":"2025-01-29T14:31:28","slug":"january-29-2025","status":"publish","type":"page","link":"https:\/\/ihsproject.org\/sr\/january-29-2025\/","title":{"rendered":"29 Januara 2025"},"content":{"rendered":"<div data-elementor-type=\"wp-page\" data-elementor-id=\"14409\" class=\"elementor elementor-14409\">\n\t\t\t\t<div class=\"elementor-element elementor-element-d132f7a e-flex e-con-boxed e-con e-parent\" data-id=\"d132f7a\" data-element_type=\"container\" data-core-v316-plus=\"true\">\n\t\t\t\t\t<div class=\"e-con-inner\">\n\t\t\t\t<div class=\"elementor-element elementor-element-ca54593 elementor-widget elementor-widget-image\" data-id=\"ca54593\" data-element_type=\"widget\" data-widget_type=\"image.default\">\n\t\t\t\t<div class=\"elementor-widget-container\">\n\t\t\t\t\t\t\t\t\t\t\t\t\t<img fetchpriority=\"high\" decoding=\"async\" width=\"1600\" height=\"900\" src=\"https:\/\/ihsproject.org\/wp-content\/uploads\/2025\/01\/Strengthening-the-Voice-of-Patients-First-Workshop-Kicks-Off-in-Peja.jpg\" class=\"attachment-full size-full wp-image-14407\" alt=\"\" srcset=\"https:\/\/ihsproject.org\/wp-content\/uploads\/2025\/01\/Strengthening-the-Voice-of-Patients-First-Workshop-Kicks-Off-in-Peja.jpg 1600w, https:\/\/ihsproject.org\/wp-content\/uploads\/2025\/01\/Strengthening-the-Voice-of-Patients-First-Workshop-Kicks-Off-in-Peja-300x169.jpg 300w, https:\/\/ihsproject.org\/wp-content\/uploads\/2025\/01\/Strengthening-the-Voice-of-Patients-First-Workshop-Kicks-Off-in-Peja-1024x576.jpg 1024w, https:\/\/ihsproject.org\/wp-content\/uploads\/2025\/01\/Strengthening-the-Voice-of-Patients-First-Workshop-Kicks-Off-in-Peja-768x432.jpg 768w, https:\/\/ihsproject.org\/wp-content\/uploads\/2025\/01\/Strengthening-the-Voice-of-Patients-First-Workshop-Kicks-Off-in-Peja-1536x864.jpg 1536w, https:\/\/ihsproject.org\/wp-content\/uploads\/2025\/01\/Strengthening-the-Voice-of-Patients-First-Workshop-Kicks-Off-in-Peja-18x10.jpg 18w\" sizes=\"(max-width: 1600px) 100vw, 1600px\" \/>\t\t\t\t\t\t\t\t\t\t\t\t\t<\/div>\n\t\t\t\t<\/div>\n\t\t\t\t\t<\/div>\n\t\t\t\t<\/div>\n\t\t<div class=\"elementor-element elementor-element-242f225 e-flex e-con-boxed e-con e-parent\" data-id=\"242f225\" data-element_type=\"container\" data-core-v316-plus=\"true\">\n\t\t\t\t\t<div class=\"e-con-inner\">\n\t\t\t\t<div class=\"elementor-element elementor-element-80a5f4c elementor-widget elementor-widget-heading\" data-id=\"80a5f4c\" data-element_type=\"widget\" data-widget_type=\"heading.default\">\n\t\t\t\t<div class=\"elementor-widget-container\">\n\t\t\t<h2 class=\"elementor-heading-title elementor-size-default\">Ja\u010danje glasa pacijenata: Odr\u017eana prva radionica u Pe\u0107i<\/h2>\t\t<\/div>\n\t\t\t\t<\/div>\n\t\t\t\t<div class=\"elementor-element elementor-element-fdd9dcb elementor-widget elementor-widget-text-editor\" data-id=\"fdd9dcb\" data-element_type=\"widget\" data-widget_type=\"text-editor.default\">\n\t\t\t\t<div class=\"elementor-widget-container\">\n\t\t\t\t\t\t\t<p style=\"font-weight: 400;\">Dana 29. januara 2025. godine, prva u nizu od sedam radionica na temu \u201eJa\u010danje glasa pacijenata: planiranje i saradnja za integrisane zdravstvene usluge\u201c odr\u017eana je u Pe\u0107i. Radionica je okupila 23 predstavnika organizacija civilnog dru\u0161tva (OCD) iz regiona Pe\u0107i.<\/p><p style=\"font-weight: 400;\">Kroz interaktivne sesije, u\u010desnici su diskutovali o pacijentima i lokalnim izazovima u glasovima i predstavljanju pacijenata i istra\u017eivali po\u010detne ideje za efikasnije predstavljanje pacijenata i saradnju sa zainteresovanim stranama. Radionici je prisustvovao predstavnik Kancelarije za besplatnu pravnu pomo\u0107 u Pe\u0107i, koji je istakao zna\u010daj pravne podr\u0161ke u ja\u010danju prava pacijenata i pristupa zdravstvenim uslugama.<\/p><p style=\"font-weight: 400;\">Ova radionica ozna\u010dava po\u010detak IHS inicijative usmerene na podsticanje odr\u017eivih mre\u017ea zastupanja pacijenata i pobolj\u0161anje saradnje izme\u0111u OCD i zdravstvenih ustanova. Serija \u0107e se nastaviti u narednim mesecima, pro\u0161iruju\u0107i diskusije i akcione planove za bolje zdravstvene usluge i osna\u017eivanje pacijenata \u0161irom Kosova.<\/p>\t\t\t\t\t\t<\/div>\n\t\t\t\t<\/div>\n\t\t\t\t\t<\/div>\n\t\t\t\t<\/div>\n\t\t\t\t<\/div>","protected":false},"excerpt":{"rendered":"<p>Strengthening the Voice of Patients: First Workshop Kicks Off in Peja On 29 January 2025, the first in a series of seven workshops on \u201cEmpowering the Voice of Patients: Planning and Collaboration for Integrated Healthcare Services\u201d took place in Peja. The workshop brought together 23 representatives from civil society organizations (CSOs) in the region of [&hellip;]<\/p>","protected":false},"author":1,"featured_media":0,"parent":0,"menu_order":0,"comment_status":"closed","ping_status":"closed","template":"","meta":[],"_links":{"self":[{"href":"https:\/\/ihsproject.org\/sr\/wp-json\/wp\/v2\/pages\/14409"}],"collection":[{"href":"https:\/\/ihsproject.org\/sr\/wp-json\/wp\/v2\/pages"}],"about":[{"href":"https:\/\/ihsproject.org\/sr\/wp-json\/wp\/v2\/types\/page"}],"author":[{"embeddable":true,"href":"https:\/\/ihsproject.org\/sr\/wp-json\/wp\/v2\/users\/1"}],"replies":[{"embeddable":true,"href":"https:\/\/ihsproject.org\/sr\/wp-json\/wp\/v2\/comments?post=14409"}],"version-history":[{"count":4,"href":"https:\/\/ihsproject.org\/sr\/wp-json\/wp\/v2\/pages\/14409\/revisions"}],"predecessor-version":[{"id":14414,"href":"https:\/\/ihsproject.org\/sr\/wp-json\/wp\/v2\/pages\/14409\/revisions\/14414"}],"wp:attachment":[{"href":"https:\/\/ihsproject.org\/sr\/wp-json\/wp\/v2\/media?parent=14409"}],"curies":[{"name":"wp","href":"https:\/\/api.w.org\/{rel}","templated":true}]}}