{"id":14373,"date":"2025-01-27T16:46:03","date_gmt":"2025-01-27T16:46:03","guid":{"rendered":"https:\/\/ihsproject.org\/?page_id=14373"},"modified":"2025-01-27T17:04:29","modified_gmt":"2025-01-27T17:04:29","slug":"january-27-2025","status":"publish","type":"page","link":"https:\/\/ihsproject.org\/sr\/january-27-2025\/","title":{"rendered":"27 Januara 2025"},"content":{"rendered":"<div data-elementor-type=\"wp-page\" data-elementor-id=\"14373\" class=\"elementor elementor-14373\">\n\t\t\t\t<div class=\"elementor-element elementor-element-1a1cfb3 e-flex e-con-boxed e-con e-parent\" data-id=\"1a1cfb3\" data-element_type=\"container\" data-core-v316-plus=\"true\">\n\t\t\t\t\t<div class=\"e-con-inner\">\n\t\t\t\t<div class=\"elementor-element elementor-element-d2d3794 elementor-widget elementor-widget-image\" data-id=\"d2d3794\" data-element_type=\"widget\" data-widget_type=\"image.default\">\n\t\t\t\t<div class=\"elementor-widget-container\">\n\t\t\t\t\t\t\t\t\t\t\t\t\t<img fetchpriority=\"high\" decoding=\"async\" width=\"1600\" height=\"900\" src=\"https:\/\/ihsproject.org\/wp-content\/uploads\/2025\/01\/PRAK-Advances-Governance-and-Strategic-Planning-.jpg\" class=\"attachment-full size-full wp-image-14377\" alt=\"\" srcset=\"https:\/\/ihsproject.org\/wp-content\/uploads\/2025\/01\/PRAK-Advances-Governance-and-Strategic-Planning-.jpg 1600w, https:\/\/ihsproject.org\/wp-content\/uploads\/2025\/01\/PRAK-Advances-Governance-and-Strategic-Planning--300x169.jpg 300w, https:\/\/ihsproject.org\/wp-content\/uploads\/2025\/01\/PRAK-Advances-Governance-and-Strategic-Planning--1024x576.jpg 1024w, https:\/\/ihsproject.org\/wp-content\/uploads\/2025\/01\/PRAK-Advances-Governance-and-Strategic-Planning--768x432.jpg 768w, https:\/\/ihsproject.org\/wp-content\/uploads\/2025\/01\/PRAK-Advances-Governance-and-Strategic-Planning--1536x864.jpg 1536w, https:\/\/ihsproject.org\/wp-content\/uploads\/2025\/01\/PRAK-Advances-Governance-and-Strategic-Planning--18x10.jpg 18w\" sizes=\"(max-width: 1600px) 100vw, 1600px\" \/>\t\t\t\t\t\t\t\t\t\t\t\t\t<\/div>\n\t\t\t\t<\/div>\n\t\t\t\t\t<\/div>\n\t\t\t\t<\/div>\n\t\t<div class=\"elementor-element elementor-element-c5fd9be e-flex e-con-boxed e-con e-parent\" data-id=\"c5fd9be\" data-element_type=\"container\" data-core-v316-plus=\"true\">\n\t\t\t\t\t<div class=\"e-con-inner\">\n\t\t\t\t<div class=\"elementor-element elementor-element-c0b7462 elementor-widget elementor-widget-heading\" data-id=\"c0b7462\" data-element_type=\"widget\" data-widget_type=\"heading.default\">\n\t\t\t\t<div class=\"elementor-widget-container\">\n\t\t\t<h2 class=\"elementor-heading-title elementor-size-default\">PRAK unapre\u0111uje upravljanje i strate\u0161ko planiranje<\/h2>\t\t<\/div>\n\t\t\t\t<\/div>\n\t\t\t\t<div class=\"elementor-element elementor-element-981d92f elementor-widget elementor-widget-text-editor\" data-id=\"981d92f\" data-element_type=\"widget\" data-widget_type=\"text-editor.default\">\n\t\t\t\t<div class=\"elementor-widget-container\">\n\t\t\t\t\t\t\t<p>Udru\u017eenje za prava pacijenata na Kosovu (PRAK) napravilo je veliki korak napred u svojoj institucionalnoj transformaciji kroz dvodnevnu radionicu o dobrom upravljanju i strate\u0161kom planiranju za 2025-2029. Organizovana uz podr\u0161ku IHS projekta, radionica je okupila \u010dlanove odbora PRAK-a, izvr\u0161no osoblje i \u010dlanove kako bi usavr\u0161ili viziju organizacije i razvili prakti\u010dne strategije za naredne godine.<\/p><p>U\u010desnici su pregledali klju\u010dne organizacione dokumente, uklju\u010duju\u0107i nacrt strategije 2025-2029, revidiranu organizacionu strukturu i a\u017eurirane propise osmi\u0161ljene da pobolj\u0161aju transparentnost, efikasnost i zastupljenost pacijenata.<span class=\"Apple-converted-space\">\u00a0<\/span><\/p><p>\u201cOva radionica je ozna\u010dila zna\u010dajan korak na putu transformacije PRAK-a, opremanjem organizacije sna\u017enim alatima i strategijama upravljanja za efikasno zagovaranje prava pacijenata i pobolj\u0161anje sistema zdravstvene za\u0161tite na Kosovu,\u201d rekao je Agron Bytyqi, izvr\u0161ni direktor, nagla\u0161avaju\u0107i ulogu IHS projekta kao klju\u010dnog podr\u017eavaoca rasta i transformacije PRAK-a obezbe\u0111ivanjem resursa i smernica koje osna\u017euju organizaciju u postizanju odr\u017eive promene.<\/p><p>Ova saradnja pokazuje mo\u0107 partnerstva u vo\u0111enju zna\u010dajnog napretka ka zdravstvenom sistemu koji daje prioritet pacijentima.<\/p>\t\t\t\t\t\t<\/div>\n\t\t\t\t<\/div>\n\t\t\t\t\t<\/div>\n\t\t\t\t<\/div>\n\t\t\t\t<\/div>","protected":false},"excerpt":{"rendered":"<p>PRAK Advances Governance and Strategic Planning The Patients\u2019 Rights Association in Kosovo (PRAK) has taken a major step forward in its institutional transformation through a two-day workshop on good governance and strategic planning for 2025-2029. Organized with the support of the IHS Project, the workshop brought together PRAK board members, executive staff, and members to [&hellip;]<\/p>","protected":false},"author":1,"featured_media":0,"parent":0,"menu_order":0,"comment_status":"closed","ping_status":"closed","template":"","meta":[],"_links":{"self":[{"href":"https:\/\/ihsproject.org\/sr\/wp-json\/wp\/v2\/pages\/14373"}],"collection":[{"href":"https:\/\/ihsproject.org\/sr\/wp-json\/wp\/v2\/pages"}],"about":[{"href":"https:\/\/ihsproject.org\/sr\/wp-json\/wp\/v2\/types\/page"}],"author":[{"embeddable":true,"href":"https:\/\/ihsproject.org\/sr\/wp-json\/wp\/v2\/users\/1"}],"replies":[{"embeddable":true,"href":"https:\/\/ihsproject.org\/sr\/wp-json\/wp\/v2\/comments?post=14373"}],"version-history":[{"count":10,"href":"https:\/\/ihsproject.org\/sr\/wp-json\/wp\/v2\/pages\/14373\/revisions"}],"predecessor-version":[{"id":14392,"href":"https:\/\/ihsproject.org\/sr\/wp-json\/wp\/v2\/pages\/14373\/revisions\/14392"}],"wp:attachment":[{"href":"https:\/\/ihsproject.org\/sr\/wp-json\/wp\/v2\/media?parent=14373"}],"curies":[{"name":"wp","href":"https:\/\/api.w.org\/{rel}","templated":true}]}}