{"id":14361,"date":"2025-01-24T11:50:48","date_gmt":"2025-01-24T11:50:48","guid":{"rendered":"https:\/\/ihsproject.org\/?page_id=14361"},"modified":"2025-02-12T14:28:02","modified_gmt":"2025-02-12T14:28:02","slug":"january-24-2025","status":"publish","type":"page","link":"https:\/\/ihsproject.org\/sr\/january-24-2025\/","title":{"rendered":"24 Januara 2025"},"content":{"rendered":"<div data-elementor-type=\"wp-page\" data-elementor-id=\"14361\" class=\"elementor elementor-14361\">\n\t\t\t\t<div class=\"elementor-element elementor-element-f71e488 e-flex e-con-boxed e-con e-parent\" data-id=\"f71e488\" data-element_type=\"container\" data-core-v316-plus=\"true\">\n\t\t\t\t\t<div class=\"e-con-inner\">\n\t\t\t\t<div class=\"elementor-element elementor-element-540135c elementor-widget elementor-widget-image\" data-id=\"540135c\" data-element_type=\"widget\" data-widget_type=\"image.default\">\n\t\t\t\t<div class=\"elementor-widget-container\">\n\t\t\t\t\t\t\t\t\t\t\t\t\t<img fetchpriority=\"high\" decoding=\"async\" width=\"1600\" height=\"900\" src=\"https:\/\/ihsproject.org\/wp-content\/uploads\/2025\/02\/Kosovo-Nurses-Chamber-Celebrates-10th-Anniversary.jpg\" class=\"attachment-full size-full wp-image-14430\" alt=\"\" srcset=\"https:\/\/ihsproject.org\/wp-content\/uploads\/2025\/02\/Kosovo-Nurses-Chamber-Celebrates-10th-Anniversary.jpg 1600w, https:\/\/ihsproject.org\/wp-content\/uploads\/2025\/02\/Kosovo-Nurses-Chamber-Celebrates-10th-Anniversary-300x169.jpg 300w, https:\/\/ihsproject.org\/wp-content\/uploads\/2025\/02\/Kosovo-Nurses-Chamber-Celebrates-10th-Anniversary-1024x576.jpg 1024w, https:\/\/ihsproject.org\/wp-content\/uploads\/2025\/02\/Kosovo-Nurses-Chamber-Celebrates-10th-Anniversary-768x432.jpg 768w, https:\/\/ihsproject.org\/wp-content\/uploads\/2025\/02\/Kosovo-Nurses-Chamber-Celebrates-10th-Anniversary-1536x864.jpg 1536w, https:\/\/ihsproject.org\/wp-content\/uploads\/2025\/02\/Kosovo-Nurses-Chamber-Celebrates-10th-Anniversary-18x10.jpg 18w\" sizes=\"(max-width: 1600px) 100vw, 1600px\" \/>\t\t\t\t\t\t\t\t\t\t\t\t\t<\/div>\n\t\t\t\t<\/div>\n\t\t\t\t\t<\/div>\n\t\t\t\t<\/div>\n\t\t<div class=\"elementor-element elementor-element-287ea95 e-flex e-con-boxed e-con e-parent\" data-id=\"287ea95\" data-element_type=\"container\" data-core-v316-plus=\"true\">\n\t\t\t\t\t<div class=\"e-con-inner\">\n\t\t\t\t<div class=\"elementor-element elementor-element-48927c4 elementor-widget elementor-widget-heading\" data-id=\"48927c4\" data-element_type=\"widget\" data-widget_type=\"heading.default\">\n\t\t\t\t<div class=\"elementor-widget-container\">\n\t\t\t<h2 class=\"elementor-heading-title elementor-size-default\">Komora medicinskih sestara Kosova slavi 10. godi\u0161njicu<\/h2>\t\t<\/div>\n\t\t\t\t<\/div>\n\t\t\t\t<div class=\"elementor-element elementor-element-57a27bf elementor-widget elementor-widget-text-editor\" data-id=\"57a27bf\" data-element_type=\"widget\" data-widget_type=\"text-editor.default\">\n\t\t\t\t<div class=\"elementor-widget-container\">\n\t\t\t\t\t\t\t<div dir=\"auto\">Komora medicinskih sestara, babica i drugih zdravstvenih radnika Kosova obele\u017eila je svoju 10. godi\u0161njicu slavljeni\u010dkim doga\u0111ajem u Pri\u0161tini 23. januara 2024.<\/div><div dir=\"auto\">\u00a0<\/div><div dir=\"auto\">U svom obra\u0107anju, predsednica Komore, Nexhmije Gori, izrazila je zahvalnost na posve\u0107enosti i trudu njenih \u010dlanova u protekloj deceniji. \u201eKomora medicinskih sestara je bila kamen temeljac u za\u0161titi profesionalnih prava i pobolj\u0161anju kvaliteta zdravstvene za\u0161tite na Kosovu\u201c, rekla je Gori.<\/div><div dir=\"auto\">\u00a0<\/div><div dir=\"auto\">Ministar zdravlja, Arben Vitia, tako\u0111e je istakao vitalnu ulogu medicinskih sestara u zdravstvenom sistemu, odaju\u0107i priznanje njihovom doprinosu ja\u010danju zdravstvenih usluga \u0161irom zemlje.<\/div><div dir=\"auto\">\u00a0<\/div><div dir=\"auto\">U svom obra\u0107anju, predstavnici IHS i AQH istakli su uticaj i stalnu posve\u0107enost \u0161vajcarske vlade i \u0160vajcarske agencije za razvoj i saradnju (SDC) unapre\u0111enju zdravstvene za\u0161tite na Kosovu. I IHS i AQH projekti, koje implementira \u0161vajcarski TPH, bili su instrumentalni u podr\u0161ci lokalnim institucijama da unaprede procese zdravstvene za\u0161tite.<\/div>\t\t\t\t\t\t<\/div>\n\t\t\t\t<\/div>\n\t\t\t\t\t<\/div>\n\t\t\t\t<\/div>\n\t\t\t\t<\/div>","protected":false},"excerpt":{"rendered":"<p>Kosovo Nurses\u2019 Chamber Celebrates 10th Anniversary The Kosovo Chamber of Nurses, Midwives and Other Health Professionals marked its 10th anniversary with a celebratory event in Prishtina on 23 January 2024.\u00a0In her address, the Chamber\u2019s President, Nexhmije Gori, expressed gratitude for the dedication and efforts of its members over the past decade. &#8220;The Nurses\u2019 Chamber has [&hellip;]<\/p>","protected":false},"author":1,"featured_media":0,"parent":0,"menu_order":0,"comment_status":"closed","ping_status":"closed","template":"","meta":[],"_links":{"self":[{"href":"https:\/\/ihsproject.org\/sr\/wp-json\/wp\/v2\/pages\/14361"}],"collection":[{"href":"https:\/\/ihsproject.org\/sr\/wp-json\/wp\/v2\/pages"}],"about":[{"href":"https:\/\/ihsproject.org\/sr\/wp-json\/wp\/v2\/types\/page"}],"author":[{"embeddable":true,"href":"https:\/\/ihsproject.org\/sr\/wp-json\/wp\/v2\/users\/1"}],"replies":[{"embeddable":true,"href":"https:\/\/ihsproject.org\/sr\/wp-json\/wp\/v2\/comments?post=14361"}],"version-history":[{"count":7,"href":"https:\/\/ihsproject.org\/sr\/wp-json\/wp\/v2\/pages\/14361\/revisions"}],"predecessor-version":[{"id":14434,"href":"https:\/\/ihsproject.org\/sr\/wp-json\/wp\/v2\/pages\/14361\/revisions\/14434"}],"wp:attachment":[{"href":"https:\/\/ihsproject.org\/sr\/wp-json\/wp\/v2\/media?parent=14361"}],"curies":[{"name":"wp","href":"https:\/\/api.w.org\/{rel}","templated":true}]}}