{"id":14296,"date":"2024-12-17T12:30:36","date_gmt":"2024-12-17T12:30:36","guid":{"rendered":"https:\/\/ihsproject.org\/?page_id=14296"},"modified":"2024-12-17T12:31:55","modified_gmt":"2024-12-17T12:31:55","slug":"december-17-2024","status":"publish","type":"page","link":"https:\/\/ihsproject.org\/sr\/december-17-2024\/","title":{"rendered":"17 Decembar 2024"},"content":{"rendered":"<div data-elementor-type=\"wp-page\" data-elementor-id=\"14296\" class=\"elementor elementor-14296\">\n\t\t\t\t<div class=\"elementor-element elementor-element-954a956 e-flex e-con-boxed e-con e-parent\" data-id=\"954a956\" data-element_type=\"container\" data-core-v316-plus=\"true\">\n\t\t\t\t\t<div class=\"e-con-inner\">\n\t\t\t\t<div class=\"elementor-element elementor-element-b32d8da elementor-widget elementor-widget-image\" data-id=\"b32d8da\" data-element_type=\"widget\" data-widget_type=\"image.default\">\n\t\t\t\t<div class=\"elementor-widget-container\">\n\t\t\t\t\t\t\t\t\t\t\t\t\t<img fetchpriority=\"high\" decoding=\"async\" width=\"1600\" height=\"900\" src=\"https:\/\/ihsproject.org\/wp-content\/uploads\/2024\/12\/Chamber-of-Nurses-Finalizes-Revised-Code-of-Ethics-and-Regulatory-Framework.jpg\" class=\"attachment-full size-full wp-image-14295\" alt=\"\" srcset=\"https:\/\/ihsproject.org\/wp-content\/uploads\/2024\/12\/Chamber-of-Nurses-Finalizes-Revised-Code-of-Ethics-and-Regulatory-Framework.jpg 1600w, https:\/\/ihsproject.org\/wp-content\/uploads\/2024\/12\/Chamber-of-Nurses-Finalizes-Revised-Code-of-Ethics-and-Regulatory-Framework-300x169.jpg 300w, https:\/\/ihsproject.org\/wp-content\/uploads\/2024\/12\/Chamber-of-Nurses-Finalizes-Revised-Code-of-Ethics-and-Regulatory-Framework-1024x576.jpg 1024w, https:\/\/ihsproject.org\/wp-content\/uploads\/2024\/12\/Chamber-of-Nurses-Finalizes-Revised-Code-of-Ethics-and-Regulatory-Framework-768x432.jpg 768w, https:\/\/ihsproject.org\/wp-content\/uploads\/2024\/12\/Chamber-of-Nurses-Finalizes-Revised-Code-of-Ethics-and-Regulatory-Framework-1536x864.jpg 1536w, https:\/\/ihsproject.org\/wp-content\/uploads\/2024\/12\/Chamber-of-Nurses-Finalizes-Revised-Code-of-Ethics-and-Regulatory-Framework-18x10.jpg 18w\" sizes=\"(max-width: 1600px) 100vw, 1600px\" \/>\t\t\t\t\t\t\t\t\t\t\t\t\t<\/div>\n\t\t\t\t<\/div>\n\t\t\t\t\t<\/div>\n\t\t\t\t<\/div>\n\t\t<div class=\"elementor-element elementor-element-04aa6c2 e-flex e-con-boxed e-con e-parent\" data-id=\"04aa6c2\" data-element_type=\"container\" data-core-v316-plus=\"true\">\n\t\t\t\t\t<div class=\"e-con-inner\">\n\t\t\t\t<div class=\"elementor-element elementor-element-d95dca5 elementor-widget elementor-widget-heading\" data-id=\"d95dca5\" data-element_type=\"widget\" data-widget_type=\"heading.default\">\n\t\t\t\t<div class=\"elementor-widget-container\">\n\t\t\t<h2 class=\"elementor-heading-title elementor-size-default\">Komora medicinskih sestara finalizovala revidirani eti\u010dki kodeks i regulatorni okvir<\/h2>\t\t<\/div>\n\t\t\t\t<\/div>\n\t\t\t\t<div class=\"elementor-element elementor-element-e32e4a6 elementor-widget elementor-widget-text-editor\" data-id=\"e32e4a6\" data-element_type=\"widget\" data-widget_type=\"text-editor.default\">\n\t\t\t\t<div class=\"elementor-widget-container\">\n\t\t\t\t\t\t\t<p style=\"font-weight: 400;\">Kosovska komora medicinskih sestara, babica i drugih zdravstvenih radnika Kosova (OIK), zavr\u0161ila je reviziju Eti\u010dkog kodeksa i prate\u0107ih propisa, koji defini\u0161u uloge i procedure tu\u017eioca, Eti\u010dkog saveta i Suda \u010dasti unutar organizacije.<\/p><p style=\"font-weight: 400;\">Trodnevna radionica odr\u017eana pro\u0161le sedmice, kojoj je prisustvovao predstavnik Ministarstva zdravlja i inkluzivno predstavni\u0161tvo \u010dlanstva OIK-a, sa ciljem unapre\u0111enja eti\u010dkog nadzora i profesionalnih standarda za zdravstvene radnike, naglasila je zna\u010daj ovih okvira. Predsednica OIK-a Nexhmije Gori istakla je kriti\u010dnu va\u017enost Eti\u010dkog kodeksa kao sveobuhvatnog vodi\u010da za profesionalno pona\u0161anje, pozivaju\u0107i \u010dlanove da aktivno u\u010destvuju u procesu za inkluzivnost i transparentnost.<\/p><p style=\"font-weight: 400;\">Da bi se osigurala puna transparentnost, OIK je najavio da \u0107e finalizovani nacrti biti otvoreni za javnu konsultaciju, ohrabruju\u0107i sve \u010dlanove da daju povratne informacije i sugestije.<\/p><p style=\"font-weight: 400;\">Nexhmije Gori, predsednica OIK-a, je izjavila: \u201eIskreno zahvaljujemo projektu Integrisane zdravstvene usluge na njihovoj kontinuiranoj podr\u0161ci u organizovanju radionice za reviziju Eti\u010dkog kodeksa i srodnih propisa. Va\u0161 doprinos je bio klju\u010dan u a\u017euriranju klju\u010dnih dokumenata koji promovi\u0161u profesionalni integritet i etiku u na\u0161oj zajednici. Takva podr\u0161ka je oja\u010dala na\u0161e kapacitete da profesionalno i po\u0161teno odgovorimo na profesionalne i eti\u010dke izazove.\u201d<\/p>\t\t\t\t\t\t<\/div>\n\t\t\t\t<\/div>\n\t\t\t\t\t<\/div>\n\t\t\t\t<\/div>\n\t\t\t\t<\/div>","protected":false},"excerpt":{"rendered":"<p>Chamber of Nurses Finalizes Revised Code of Ethics and Regulatory Framework The Kosovo Chamber of Nurses, Midwives and Other Health Professionals od Kosovo (OIK), has finalized the revision of the Code of Ethics and accompanying regulations, which define the roles and procedures of the Prosecutor, the Ethical Council, and the Court of Honor within the [&hellip;]<\/p>","protected":false},"author":1,"featured_media":0,"parent":0,"menu_order":0,"comment_status":"closed","ping_status":"closed","template":"","meta":[],"_links":{"self":[{"href":"https:\/\/ihsproject.org\/sr\/wp-json\/wp\/v2\/pages\/14296"}],"collection":[{"href":"https:\/\/ihsproject.org\/sr\/wp-json\/wp\/v2\/pages"}],"about":[{"href":"https:\/\/ihsproject.org\/sr\/wp-json\/wp\/v2\/types\/page"}],"author":[{"embeddable":true,"href":"https:\/\/ihsproject.org\/sr\/wp-json\/wp\/v2\/users\/1"}],"replies":[{"embeddable":true,"href":"https:\/\/ihsproject.org\/sr\/wp-json\/wp\/v2\/comments?post=14296"}],"version-history":[{"count":4,"href":"https:\/\/ihsproject.org\/sr\/wp-json\/wp\/v2\/pages\/14296\/revisions"}],"predecessor-version":[{"id":14301,"href":"https:\/\/ihsproject.org\/sr\/wp-json\/wp\/v2\/pages\/14296\/revisions\/14301"}],"wp:attachment":[{"href":"https:\/\/ihsproject.org\/sr\/wp-json\/wp\/v2\/media?parent=14296"}],"curies":[{"name":"wp","href":"https:\/\/api.w.org\/{rel}","templated":true}]}}