{"id":14270,"date":"2024-12-13T08:00:26","date_gmt":"2024-12-13T08:00:26","guid":{"rendered":"https:\/\/ihsproject.org\/?page_id=14270"},"modified":"2024-12-13T17:36:38","modified_gmt":"2024-12-13T17:36:38","slug":"december-13-2024","status":"publish","type":"page","link":"https:\/\/ihsproject.org\/sr\/december-13-2024\/","title":{"rendered":"13 Decembar 2024"},"content":{"rendered":"<div data-elementor-type=\"wp-page\" data-elementor-id=\"14270\" class=\"elementor elementor-14270\">\n\t\t\t\t<div class=\"elementor-element elementor-element-14e0183 e-flex e-con-boxed e-con e-parent\" data-id=\"14e0183\" data-element_type=\"container\" data-core-v316-plus=\"true\">\n\t\t\t\t\t<div class=\"e-con-inner\">\n\t\t\t\t<div class=\"elementor-element elementor-element-1136548 elementor-widget elementor-widget-image\" data-id=\"1136548\" data-element_type=\"widget\" data-widget_type=\"image.default\">\n\t\t\t\t<div class=\"elementor-widget-container\">\n\t\t\t\t\t\t\t\t\t\t\t\t\t<img fetchpriority=\"high\" decoding=\"async\" width=\"1600\" height=\"900\" src=\"https:\/\/ihsproject.org\/wp-content\/uploads\/2024\/12\/Universal-Health-Coverage-Day-Marked-in-Kosovo-.jpg\" class=\"attachment-full size-full wp-image-14268\" alt=\"\" srcset=\"https:\/\/ihsproject.org\/wp-content\/uploads\/2024\/12\/Universal-Health-Coverage-Day-Marked-in-Kosovo-.jpg 1600w, https:\/\/ihsproject.org\/wp-content\/uploads\/2024\/12\/Universal-Health-Coverage-Day-Marked-in-Kosovo--300x169.jpg 300w, https:\/\/ihsproject.org\/wp-content\/uploads\/2024\/12\/Universal-Health-Coverage-Day-Marked-in-Kosovo--1024x576.jpg 1024w, https:\/\/ihsproject.org\/wp-content\/uploads\/2024\/12\/Universal-Health-Coverage-Day-Marked-in-Kosovo--768x432.jpg 768w, https:\/\/ihsproject.org\/wp-content\/uploads\/2024\/12\/Universal-Health-Coverage-Day-Marked-in-Kosovo--1536x864.jpg 1536w, https:\/\/ihsproject.org\/wp-content\/uploads\/2024\/12\/Universal-Health-Coverage-Day-Marked-in-Kosovo--18x10.jpg 18w\" sizes=\"(max-width: 1600px) 100vw, 1600px\" \/>\t\t\t\t\t\t\t\t\t\t\t\t\t<\/div>\n\t\t\t\t<\/div>\n\t\t\t\t\t<\/div>\n\t\t\t\t<\/div>\n\t\t<div class=\"elementor-element elementor-element-42da25b e-flex e-con-boxed e-con e-parent\" data-id=\"42da25b\" data-element_type=\"container\" data-core-v316-plus=\"true\">\n\t\t\t\t\t<div class=\"e-con-inner\">\n\t\t\t\t<div class=\"elementor-element elementor-element-f868212 elementor-widget elementor-widget-heading\" data-id=\"f868212\" data-element_type=\"widget\" data-widget_type=\"heading.default\">\n\t\t\t\t<div class=\"elementor-widget-container\">\n\t\t\t<h2 class=\"elementor-heading-title elementor-size-default\">Obele\u017een Dan univerzalnog zdravstvenog osiguranja<\/h2>\t\t<\/div>\n\t\t\t\t<\/div>\n\t\t\t\t<div class=\"elementor-element elementor-element-a4318d8 elementor-widget elementor-widget-text-editor\" data-id=\"a4318d8\" data-element_type=\"widget\" data-widget_type=\"text-editor.default\">\n\t\t\t\t<div class=\"elementor-widget-container\">\n\t\t\t\t\t\t\t<p>Na Kosovu je danas obele\u017een Svetski dan univerzalnog zdravstvenog osiguranja (UZO). Aktivnost, koju je organizovalo Ministarstvo zdravstva, u saradnji sa Udru\u017eenjem za prava pacijenata na Kosovu (UPPK) i uz podr\u0161ku projekta Integrisane zdravstvene usluge (IHS), fokusiran je na globalnu temu UZO za ovu godinu \"Zdravlje: odgovornost Vlade\".<\/p>\n<p>Zamenica ministra zdravstva, dr. Dafina Gexha Bunjaku, naglasila je zna\u010daj univerzalnog zdravstvenog osiguranja u pobolj\u0161anju pristupa zdravstvenoj za\u0161titi za sve gra\u0111ane Kosova. \n\u201eZajedno obele\u017eavamo Dan univerzalnog zdravstvenog osiguranja, va\u017eno pitanje za bolju budu\u0107nost koja je u srcu na\u0161e vizije. UZO nije samo zdravstvena politika, ve\u0107 i kamen temeljac socijalne pravde; nije odredi\u0161te, ve\u0107 kontinuirano putovanje. Postizanje UZO-a je na\u0161a obaveza i zajedno mo\u017eemo stvoriti svet u kojem zdravlje nije luksuz, ve\u0107 ispunjeno obe\u0107anje za sve. Trebamo se svi zajedno anga\u017eovati za ovaj plemeniti cilj tako da niko ne bude ostavljen za zdravu budu\u0107nost za sve\u201c, rekla je ona.<\/p>\n<p>Peter Sidler, iz \u0160vajcarske kancelarije za razvoj i saradnju na Kosovu, rekao je da \u0160vajcarska ostaje pouzdan partner Kosova i podr\u017eava napore zemlje da oja\u010da zdravstveni sistem. \u201eNa\u0161 anga\u017eman je ilustrovan projektima IHS i AQH koji podr\u017eavaju zdravstvene institucije Kosova u pru\u017eanju sveobuhvatne, integrisane i pristupa\u010dne nege, sa fokusom na pacijenta. Verujemo da je zdravlje osnovni preduvjet da \u0107e svaka zemlja iskoristi svoj puni potencijal. Veoma cenimo \u0161to su Vlada i pro\u0161le nedelje Skup\u0161tina Kosova preduzeli va\u017ene korake ka ostvarenju cilja da svi ljudi imaju pristup kvalitetnim zdravstvenim uslugama koje su im potrebne, bez finansijskih pote\u0161ko\u0107a tokom njihovog pla\u0107anja.\u201c<\/p>\n<p>Sa druge strane, Agron Bytyqi, izvr\u0161ni direktor UPPK-a, istakao je va\u017enost uklju\u010divanja organizacija pacijenata u oblikovanje zdravstvenih politika koje omogu\u0107avaju UZO. \u201eOvo je deveta godina da obele\u017eavamo Dan UZO, a ove godine, po\u010dev\u0161i sa motom, odgovornost je svih da damo svoj doprinos popunjavanju kutije univerzalnog zdravstvenog osiguranja najbolje \u0161to mo\u017eemo. Nadam se da se sa ovog sastanka pojave ideje o ve\u0107oj saradnji kako bi se uticalo na UZO\u201c, naglasio je g. Bytyqi.<span class=\"Apple-converted-space\">&nbsp;<\/span><\/p>\n<p>Izvr\u0161na \u0161efica Me\u0111unarodnog saveza organizacija pacijenata g\u0111a. Daniela Mothci predstavila je prezentaciju na temu \u201eUloga organizacija u unapre\u0111enju UZO\u201c. Doga\u0111aj je zatim nastavljen sa detaljnim diskusijama na dva panela. Na prvom panelu sa predstavnicima Ministarstva zdravstva, Fonda za zdravstveno osiguranje Kosova, Institucije Ombudsmana i Ministarstva finansija, transfera i rada, razvijena je tema \u201ePosve\u0107enost i podr\u0161ka Vlade za UZO\u201c. Na drugom panelu, predstavnici UNICEF-a, UNFPA-e, IAPO-a i AQH-a za podr\u0161ku UZO projektu iz OUN-a i drugih organizacija tretirali su UZO iz perspektive agencija OUN-a i drugih me\u0111unarodnih organizacija.<\/p>\n<p>Doga\u0111aj je potvrdio posve\u0107enost zajedni\u010dkom delovanju - institucija, organizacija civilnog dru\u0161tva i me\u0111unarodnih organizacija u cilju postizanja boljeg zdravlja za sve na Kosovu.<\/p>\t\t\t\t\t\t<\/div>\n\t\t\t\t<\/div>\n\t\t\t\t\t<\/div>\n\t\t\t\t<\/div>\n\t\t\t\t<\/div>","protected":false},"excerpt":{"rendered":"<p>Universal Health Coverage Day Marked in Kosovo On 12 December 2024, Kosovo marked Universal Health Coverage (UHC) Day. The event, organized by the Ministry of Health in collaboration with the Patient Rights Association in Kosovo (PRAK) and supported by the Integrated Health Services (IHS) Project, focused on the global UHC theme for this year, \u201cHealth: [&hellip;]<\/p>","protected":false},"author":1,"featured_media":0,"parent":0,"menu_order":0,"comment_status":"closed","ping_status":"closed","template":"","meta":[],"_links":{"self":[{"href":"https:\/\/ihsproject.org\/sr\/wp-json\/wp\/v2\/pages\/14270"}],"collection":[{"href":"https:\/\/ihsproject.org\/sr\/wp-json\/wp\/v2\/pages"}],"about":[{"href":"https:\/\/ihsproject.org\/sr\/wp-json\/wp\/v2\/types\/page"}],"author":[{"embeddable":true,"href":"https:\/\/ihsproject.org\/sr\/wp-json\/wp\/v2\/users\/1"}],"replies":[{"embeddable":true,"href":"https:\/\/ihsproject.org\/sr\/wp-json\/wp\/v2\/comments?post=14270"}],"version-history":[{"count":7,"href":"https:\/\/ihsproject.org\/sr\/wp-json\/wp\/v2\/pages\/14270\/revisions"}],"predecessor-version":[{"id":14287,"href":"https:\/\/ihsproject.org\/sr\/wp-json\/wp\/v2\/pages\/14270\/revisions\/14287"}],"wp:attachment":[{"href":"https:\/\/ihsproject.org\/sr\/wp-json\/wp\/v2\/media?parent=14270"}],"curies":[{"name":"wp","href":"https:\/\/api.w.org\/{rel}","templated":true}]}}