{"id":14254,"date":"2024-12-09T20:15:02","date_gmt":"2024-12-09T20:15:02","guid":{"rendered":"https:\/\/ihsproject.org\/?page_id=14254"},"modified":"2024-12-09T20:16:50","modified_gmt":"2024-12-09T20:16:50","slug":"december-09-2024-2","status":"publish","type":"page","link":"https:\/\/ihsproject.org\/sr\/december-09-2024-2\/","title":{"rendered":"09 Decembar 2024 - 2"},"content":{"rendered":"<div data-elementor-type=\"wp-page\" data-elementor-id=\"14254\" class=\"elementor elementor-14254\">\n\t\t\t\t<div class=\"elementor-element elementor-element-55b3312 e-flex e-con-boxed e-con e-parent\" data-id=\"55b3312\" data-element_type=\"container\" data-core-v316-plus=\"true\">\n\t\t\t\t\t<div class=\"e-con-inner\">\n\t\t\t\t<div class=\"elementor-element elementor-element-3322127 elementor-widget elementor-widget-image\" data-id=\"3322127\" data-element_type=\"widget\" data-widget_type=\"image.default\">\n\t\t\t\t<div class=\"elementor-widget-container\">\n\t\t\t\t\t\t\t\t\t\t\t\t\t<img fetchpriority=\"high\" decoding=\"async\" width=\"1600\" height=\"900\" src=\"https:\/\/ihsproject.org\/wp-content\/uploads\/2024\/12\/Workshop-with-Chamber-of-Nurses-of-Kosovo-to-Finalize-Strategic-Implementation-Plan.jpg\" class=\"attachment-full size-full wp-image-14257\" alt=\"\" srcset=\"https:\/\/ihsproject.org\/wp-content\/uploads\/2024\/12\/Workshop-with-Chamber-of-Nurses-of-Kosovo-to-Finalize-Strategic-Implementation-Plan.jpg 1600w, https:\/\/ihsproject.org\/wp-content\/uploads\/2024\/12\/Workshop-with-Chamber-of-Nurses-of-Kosovo-to-Finalize-Strategic-Implementation-Plan-300x169.jpg 300w, https:\/\/ihsproject.org\/wp-content\/uploads\/2024\/12\/Workshop-with-Chamber-of-Nurses-of-Kosovo-to-Finalize-Strategic-Implementation-Plan-1024x576.jpg 1024w, https:\/\/ihsproject.org\/wp-content\/uploads\/2024\/12\/Workshop-with-Chamber-of-Nurses-of-Kosovo-to-Finalize-Strategic-Implementation-Plan-768x432.jpg 768w, https:\/\/ihsproject.org\/wp-content\/uploads\/2024\/12\/Workshop-with-Chamber-of-Nurses-of-Kosovo-to-Finalize-Strategic-Implementation-Plan-1536x864.jpg 1536w, https:\/\/ihsproject.org\/wp-content\/uploads\/2024\/12\/Workshop-with-Chamber-of-Nurses-of-Kosovo-to-Finalize-Strategic-Implementation-Plan-18x10.jpg 18w\" sizes=\"(max-width: 1600px) 100vw, 1600px\" \/>\t\t\t\t\t\t\t\t\t\t\t\t\t<\/div>\n\t\t\t\t<\/div>\n\t\t\t\t\t<\/div>\n\t\t\t\t<\/div>\n\t\t<div class=\"elementor-element elementor-element-0e73f5d e-flex e-con-boxed e-con e-parent\" data-id=\"0e73f5d\" data-element_type=\"container\" data-core-v316-plus=\"true\">\n\t\t\t\t\t<div class=\"e-con-inner\">\n\t\t\t\t<div class=\"elementor-element elementor-element-fd442c3 elementor-widget elementor-widget-heading\" data-id=\"fd442c3\" data-element_type=\"widget\" data-widget_type=\"heading.default\">\n\t\t\t\t<div class=\"elementor-widget-container\">\n\t\t\t<h2 class=\"elementor-heading-title elementor-size-default\">Odr\u017eana radionica sa Komorom medicinskih sestara Kosova radi finalizacije strate\u0161kog plana implementacije<\/h2>\t\t<\/div>\n\t\t\t\t<\/div>\n\t\t\t\t<div class=\"elementor-element elementor-element-018f11e elementor-widget elementor-widget-text-editor\" data-id=\"018f11e\" data-element_type=\"widget\" data-widget_type=\"text-editor.default\">\n\t\t\t\t<div class=\"elementor-widget-container\">\n\t\t\t\t\t\t\t<p style=\"font-weight: 400;\">Dana 6. decembra 2024. godine, Komora medicinskih sestara Kosova (KMSK) odr\u017eala je radionicu za finalizaciju plana implementacije za svoj strate\u0161ki okvir. Diskusije na radionici su poslu\u017eile da se osigura da su ciljevi strategije dobro definisani, prakti\u010dni i delotvorni.<\/p><p style=\"font-weight: 400;\">Predsednik KMSK-a Nexhmije Gori je istakla zna\u010daj radionice i pokrenula diskusije revidiranjem ve\u0107 dogovorenih strate\u0161kih ciljeva. Radionici je prisustvovao i Niman Bardhi, delegiran od strane Ministarstva zdravlja Kosova, tako\u0111e \u010dlan Upravnog saveta KMSK-a.<\/p><p style=\"font-weight: 400;\">U\u010desnici diskutovali o nekim od najhitnijih prioriteta za sektor medicinskih sestara na Kosovu. Jedan od glavnih fokusa bilo je ja\u010danje zakonodavnog okvira KMSK-a, jer su u\u010desnici radili na preciziranju klju\u010dnih indikatora i aktivnosti potrebnih za njegovu podr\u0161ku. Druga centralna tema bila je upravljanje, sa diskusijama o tome kako pobolj\u0161ati kvalitet usluga i podstaknuti ja\u010de institucionalno liderstvo.<\/p><p style=\"font-weight: 400;\">Grupa je istra\u017eivala na\u010dine da pobolj\u0161a iskustvo medicinskih sestara kroz bolje procese \u010dlanstva, pojednostavljeno licenciranje i pro\u0161irene mogu\u0107nosti za kontinuirani profesionalni razvoj. Na kraju, radionica je svoju pa\u017enju usmerila na digitalizaciju, a u\u010desnici su odredili alate i sisteme koji bi mogli modernizovati rad KMSK-a i pribli\u017eiti isti digitalnom dobu.<\/p><p style=\"font-weight: 400;\">Radionica je predstavljala zna\u010dajnu prekretnicu u naporima KMSK-a da oja\u010da profesiju medicinskih sestara i pobolj\u0161a zdravstvene usluge \u0161irom Kosova.<\/p>\t\t\t\t\t\t<\/div>\n\t\t\t\t<\/div>\n\t\t\t\t\t<\/div>\n\t\t\t\t<\/div>\n\t\t\t\t<\/div>","protected":false},"excerpt":{"rendered":"<p>Workshop with Chamber of Nurses of Kosovo to Finalize Strategic Implementation Plan On 6 December 2024, the Chamber of Nurses of Kosovo (CoNK) held a workshop to finalize the implementation plan for its strategic framework. The workshop discussions served to ensure that the strategy\u2019s goals are well-defined, practical, and impactful. The President of CoNK Nexhmije [&hellip;]<\/p>","protected":false},"author":1,"featured_media":0,"parent":0,"menu_order":0,"comment_status":"closed","ping_status":"closed","template":"","meta":[],"_links":{"self":[{"href":"https:\/\/ihsproject.org\/sr\/wp-json\/wp\/v2\/pages\/14254"}],"collection":[{"href":"https:\/\/ihsproject.org\/sr\/wp-json\/wp\/v2\/pages"}],"about":[{"href":"https:\/\/ihsproject.org\/sr\/wp-json\/wp\/v2\/types\/page"}],"author":[{"embeddable":true,"href":"https:\/\/ihsproject.org\/sr\/wp-json\/wp\/v2\/users\/1"}],"replies":[{"embeddable":true,"href":"https:\/\/ihsproject.org\/sr\/wp-json\/wp\/v2\/comments?post=14254"}],"version-history":[{"count":4,"href":"https:\/\/ihsproject.org\/sr\/wp-json\/wp\/v2\/pages\/14254\/revisions"}],"predecessor-version":[{"id":14261,"href":"https:\/\/ihsproject.org\/sr\/wp-json\/wp\/v2\/pages\/14254\/revisions\/14261"}],"wp:attachment":[{"href":"https:\/\/ihsproject.org\/sr\/wp-json\/wp\/v2\/media?parent=14254"}],"curies":[{"name":"wp","href":"https:\/\/api.w.org\/{rel}","templated":true}]}}