{"id":14242,"date":"2024-12-09T09:50:20","date_gmt":"2024-12-09T09:50:20","guid":{"rendered":"https:\/\/ihsproject.org\/?page_id=14242"},"modified":"2024-12-09T09:54:12","modified_gmt":"2024-12-09T09:54:12","slug":"december-09-2024","status":"publish","type":"page","link":"https:\/\/ihsproject.org\/sr\/december-09-2024\/","title":{"rendered":"09 Decembar 2024"},"content":{"rendered":"<div data-elementor-type=\"wp-page\" data-elementor-id=\"14242\" class=\"elementor elementor-14242\">\n\t\t\t\t<div class=\"elementor-element elementor-element-f6153da e-flex e-con-boxed e-con e-parent\" data-id=\"f6153da\" data-element_type=\"container\" data-core-v316-plus=\"true\">\n\t\t\t\t\t<div class=\"e-con-inner\">\n\t\t\t\t<div class=\"elementor-element elementor-element-8fa36bf elementor-widget elementor-widget-image\" data-id=\"8fa36bf\" data-element_type=\"widget\" data-widget_type=\"image.default\">\n\t\t\t\t<div class=\"elementor-widget-container\">\n\t\t\t\t\t\t\t\t\t\t\t\t\t<img fetchpriority=\"high\" decoding=\"async\" width=\"1600\" height=\"900\" src=\"https:\/\/ihsproject.org\/wp-content\/uploads\/2024\/12\/Kosovo-Hospitals-Advance-Clinical-Audit-Practices.jpg\" class=\"attachment-full size-full wp-image-14241\" alt=\"\" srcset=\"https:\/\/ihsproject.org\/wp-content\/uploads\/2024\/12\/Kosovo-Hospitals-Advance-Clinical-Audit-Practices.jpg 1600w, https:\/\/ihsproject.org\/wp-content\/uploads\/2024\/12\/Kosovo-Hospitals-Advance-Clinical-Audit-Practices-300x169.jpg 300w, https:\/\/ihsproject.org\/wp-content\/uploads\/2024\/12\/Kosovo-Hospitals-Advance-Clinical-Audit-Practices-1024x576.jpg 1024w, https:\/\/ihsproject.org\/wp-content\/uploads\/2024\/12\/Kosovo-Hospitals-Advance-Clinical-Audit-Practices-768x432.jpg 768w, https:\/\/ihsproject.org\/wp-content\/uploads\/2024\/12\/Kosovo-Hospitals-Advance-Clinical-Audit-Practices-1536x864.jpg 1536w, https:\/\/ihsproject.org\/wp-content\/uploads\/2024\/12\/Kosovo-Hospitals-Advance-Clinical-Audit-Practices-18x10.jpg 18w\" sizes=\"(max-width: 1600px) 100vw, 1600px\" \/>\t\t\t\t\t\t\t\t\t\t\t\t\t<\/div>\n\t\t\t\t<\/div>\n\t\t\t\t\t<\/div>\n\t\t\t\t<\/div>\n\t\t<div class=\"elementor-element elementor-element-e2b9cd3 e-flex e-con-boxed e-con e-parent\" data-id=\"e2b9cd3\" data-element_type=\"container\" data-core-v316-plus=\"true\">\n\t\t\t\t\t<div class=\"e-con-inner\">\n\t\t\t\t<div class=\"elementor-element elementor-element-83cf0ce elementor-widget elementor-widget-heading\" data-id=\"83cf0ce\" data-element_type=\"widget\" data-widget_type=\"heading.default\">\n\t\t\t\t<div class=\"elementor-widget-container\">\n\t\t\t<h2 class=\"elementor-heading-title elementor-size-default\">Kosovske bolnice unapre\u0111uju praksu klini\u010dke revizije<\/h2>\t\t<\/div>\n\t\t\t\t<\/div>\n\t\t\t\t<div class=\"elementor-element elementor-element-3cac624 elementor-widget elementor-widget-text-editor\" data-id=\"3cac624\" data-element_type=\"widget\" data-widget_type=\"text-editor.default\">\n\t\t\t\t<div class=\"elementor-widget-container\">\n\t\t\t\t\t\t\t<p style=\"font-weight: 400;\">Zdravstveni radnici iz op\u0161tih bolnica Kosova okupili su se na trodnevnoj radionici od 4. do 6. decembra 2024. kako bi predstavili svoje planove klini\u010dke revizije i sara\u0111ivali na akcionom planu za 2025. godinu. Akcioni plan je uskla\u0111en sa novousvojenim okvirom Sistema upravljanja kvalitetom (SUK). Radionica je tako\u0111e poslu\u017eila kao platforma za razmenu napretka, suo\u010davanje sa izazovima i razvoj strategija za pobolj\u0161anje prakse klini\u010dke revizije u op\u0161tim bolnicama.<\/p><p style=\"font-weight: 400;\">Radionica se sastojala od niza klju\u010dnih sesija, uklju\u010duju\u0107i a\u017euriranja o trenutnom statusu implementacije klini\u010dke revizije, uobi\u010dajene prepreke koje su prisutne tokom uvo\u0111enja i delotvorna re\u0161enja za njihovo prevazila\u017eenje. U\u010desnici su radili zajedno na razvoju prilago\u0111enih planova klini\u010dke revizije, vo\u0111eni stru\u010dnim fasilitatorima i povratnim informacijama od kolega kako bi se osigurala uskla\u0111enost sa najboljom praksom.<\/p><p style=\"font-weight: 400;\">Klju\u010dna tema tokom diskusija bila je va\u017enost anga\u017eovanja zainteresovanih strana i izgradnja kapaciteta za klini\u010dke revizorske timove. U\u010desnici su istakli potrebu za stalnom stru\u010dnom i institucionalnom podr\u0161kom za finalizaciju procesa revizije i ispunjavanje \u0161irih ciljeva okvira SUK-a.<\/p><p style=\"font-weight: 400;\">Doga\u0111aj je kulminirao usvajanjem jedinstvenog plana implementacije za 2025. Plan uklju\u010duje jasne vremenske rokove, odre\u0111ene odgovornosti i posve\u0107enost primeni okvira klju\u010dnih pokazatelja u\u010dinka (KPI) za pra\u0107enje i evaluaciju rezultata revizije. Ovi napori imaju za cilj uspostavljanje kulture kontinuiranog pobolj\u0161anja kvaliteta u pru\u017eanju zdravstvene za\u0161tite.<\/p><p style=\"font-weight: 400;\">Kako bi osigurali odr\u017eiv napredak, projektni timovi i stru\u010dnjaci nastavi\u0107e sa pru\u017eanjem podr\u0161ke bolnicama dok usavr\u0161avaju i implementiraju svoje procese klini\u010dke revizije. Sa ovim planovima na snazi, bolnice su u dobroj poziciji da postignu svoje ciljeve pobolj\u0161anja kvaliteta u narednoj godini.<\/p>\t\t\t\t\t\t<\/div>\n\t\t\t\t<\/div>\n\t\t\t\t\t<\/div>\n\t\t\t\t<\/div>\n\t\t\t\t<\/div>","protected":false},"excerpt":{"rendered":"<p>Kosovo Hospitals Advance Clinical Audit Practices Healthcare professionals from general hospitals of Kosovo gathered for a three-day workshop from December 4\u20136, 2024, to present their clinical audit plans and collaborate on the 2025 action plan. The action plan aligns with the newly adopted Quality Management System (QMS) framework. The workshop served also as a platform [&hellip;]<\/p>","protected":false},"author":1,"featured_media":0,"parent":0,"menu_order":0,"comment_status":"closed","ping_status":"closed","template":"","meta":[],"_links":{"self":[{"href":"https:\/\/ihsproject.org\/sr\/wp-json\/wp\/v2\/pages\/14242"}],"collection":[{"href":"https:\/\/ihsproject.org\/sr\/wp-json\/wp\/v2\/pages"}],"about":[{"href":"https:\/\/ihsproject.org\/sr\/wp-json\/wp\/v2\/types\/page"}],"author":[{"embeddable":true,"href":"https:\/\/ihsproject.org\/sr\/wp-json\/wp\/v2\/users\/1"}],"replies":[{"embeddable":true,"href":"https:\/\/ihsproject.org\/sr\/wp-json\/wp\/v2\/comments?post=14242"}],"version-history":[{"count":4,"href":"https:\/\/ihsproject.org\/sr\/wp-json\/wp\/v2\/pages\/14242\/revisions"}],"predecessor-version":[{"id":14247,"href":"https:\/\/ihsproject.org\/sr\/wp-json\/wp\/v2\/pages\/14242\/revisions\/14247"}],"wp:attachment":[{"href":"https:\/\/ihsproject.org\/sr\/wp-json\/wp\/v2\/media?parent=14242"}],"curies":[{"name":"wp","href":"https:\/\/api.w.org\/{rel}","templated":true}]}}