{"id":14227,"date":"2024-11-29T09:58:05","date_gmt":"2024-11-29T09:58:05","guid":{"rendered":"https:\/\/ihsproject.org\/?page_id=14227"},"modified":"2024-11-29T10:00:30","modified_gmt":"2024-11-29T10:00:30","slug":"november-29-2024","status":"publish","type":"page","link":"https:\/\/ihsproject.org\/sr\/november-29-2024\/","title":{"rendered":"29 Novembar 2024"},"content":{"rendered":"<div data-elementor-type=\"wp-page\" data-elementor-id=\"14227\" class=\"elementor elementor-14227\">\n\t\t\t\t<div class=\"elementor-element elementor-element-afbf241 e-flex e-con-boxed e-con e-parent\" data-id=\"afbf241\" data-element_type=\"container\" data-core-v316-plus=\"true\">\n\t\t\t\t\t<div class=\"e-con-inner\">\n\t\t\t\t<div class=\"elementor-element elementor-element-7527cf2 elementor-widget elementor-widget-image\" data-id=\"7527cf2\" data-element_type=\"widget\" data-widget_type=\"image.default\">\n\t\t\t\t<div class=\"elementor-widget-container\">\n\t\t\t\t\t\t\t\t\t\t\t\t\t<img fetchpriority=\"high\" decoding=\"async\" width=\"1600\" height=\"900\" src=\"https:\/\/ihsproject.org\/wp-content\/uploads\/2024\/11\/Award-Ceremony-Acknowledging-Responsible-Reporting-on-Diabetes.jpg\" class=\"attachment-full size-full wp-image-14222\" alt=\"\" srcset=\"https:\/\/ihsproject.org\/wp-content\/uploads\/2024\/11\/Award-Ceremony-Acknowledging-Responsible-Reporting-on-Diabetes.jpg 1600w, https:\/\/ihsproject.org\/wp-content\/uploads\/2024\/11\/Award-Ceremony-Acknowledging-Responsible-Reporting-on-Diabetes-300x169.jpg 300w, https:\/\/ihsproject.org\/wp-content\/uploads\/2024\/11\/Award-Ceremony-Acknowledging-Responsible-Reporting-on-Diabetes-1024x576.jpg 1024w, https:\/\/ihsproject.org\/wp-content\/uploads\/2024\/11\/Award-Ceremony-Acknowledging-Responsible-Reporting-on-Diabetes-768x432.jpg 768w, https:\/\/ihsproject.org\/wp-content\/uploads\/2024\/11\/Award-Ceremony-Acknowledging-Responsible-Reporting-on-Diabetes-1536x864.jpg 1536w, https:\/\/ihsproject.org\/wp-content\/uploads\/2024\/11\/Award-Ceremony-Acknowledging-Responsible-Reporting-on-Diabetes-18x10.jpg 18w\" sizes=\"(max-width: 1600px) 100vw, 1600px\" \/>\t\t\t\t\t\t\t\t\t\t\t\t\t<\/div>\n\t\t\t\t<\/div>\n\t\t\t\t\t<\/div>\n\t\t\t\t<\/div>\n\t\t<div class=\"elementor-element elementor-element-c6c6892 e-flex e-con-boxed e-con e-parent\" data-id=\"c6c6892\" data-element_type=\"container\" data-core-v316-plus=\"true\">\n\t\t\t\t\t<div class=\"e-con-inner\">\n\t\t\t\t<div class=\"elementor-element elementor-element-13202b3 elementor-widget elementor-widget-heading\" data-id=\"13202b3\" data-element_type=\"widget\" data-widget_type=\"heading.default\">\n\t\t\t\t<div class=\"elementor-widget-container\">\n\t\t\t<h2 class=\"elementor-heading-title elementor-size-default\">Ceremonija dodele priznanja za odgovorno izve\u0161tavanje o dijabetesu<\/h2>\t\t<\/div>\n\t\t\t\t<\/div>\n\t\t\t\t<div class=\"elementor-element elementor-element-dd176bd elementor-widget elementor-widget-text-editor\" data-id=\"dd176bd\" data-element_type=\"widget\" data-widget_type=\"text-editor.default\">\n\t\t\t\t<div class=\"elementor-widget-container\">\n\t\t\t\t\t\t\t<p style=\"font-weight: 400;\">Dana 27. novembra 2024. godine, projekti Integrisane zdravstvene usluge (IHS) i Pristupa\u010dna i kvalitetna zdravstvena za\u0161tita (AQH) bili su doma\u0107ini ceremonije dodele nagrada na kojoj su progla\u0161eni pobednici medijske obuke i dobitnici nagrade u okviru programa za odgovorno izve\u0161tavanje o dijabetesu.<\/p><p style=\"font-weight: 400;\">Ova inicijativa se fokusirala na podizanje svesti o nezaraznim bolestima (NCD), posebno dijabetesu. Inicijativa je uklju\u010divala dvodnevnu obuku za novinare, unapre\u0111ivanje njihovih ve\u0161tina da efikasno izve\u0161tavaju o NCD-ovima, s ciljem podsticanja informisanog javnog diskursa i osna\u017eivanja pacijenata da bolje upravljaju svojim zdravljem.<\/p><p style=\"font-weight: 400;\">\u201eSada imamo preko 25 novinara koji su pobolj\u0161ali ve\u0161tine u izve\u0161tavanju o zdravstvenim problemima, posebno dijabetesu, \u0161to nije bio slu\u010daj pre godinu dana\u201c, rekao je Fatlum Jashari, \u010dlan odbora Udru\u017eenja novinara Kosova (AJK), tokom dodele nagrada.<\/p><p style=\"font-weight: 400;\">Nagradni program, saradnja izme\u0111u IHS, AQH i AJK, uz podr\u0161ku  \u0160vajcarske agencije za razvoj i saradnju (SDC) i Vlade Kosova, nagla\u0161ava klju\u010dnu ulogu medija u oblikovanju diskursa javnog zdravlja. Pobednici su odabrani iz grupe pri\u010da objavljenih izme\u0111u aprila i novembra 2024.<\/p><p style=\"font-weight: 400;\">Nagrade slave novinare koji poma\u017eu u podizanju razumevanja javnosti i ohrabruju informisani zdravstveni menad\u017ement. Dobitnici su: prva nagrada, Diana Basholli, iz Gazeta Shneta sa pri\u010dom \u201eMislio sam da dijabetes poga\u0111a samo starije osobe\u201c; druga nagrada Vlera Shabani iz Kallxo.com sa svojom pri\u010dom \u201eImamo toliko tro\u0161kova: Roditelji dece sa dijabetesom \u010dekaju pomo\u0107 dr\u017eave\u201c, i tre\u0107a nagrada Arbresh\u00eb Uka iz Klan Kosova sa pri\u010dom \u201eIzazovan \u017eivot 25-godi\u0161njeg  dijabeti\u010dara: I moj ljubavni \u017eivot je uni\u0161ten\u201d.\u00a0<\/p>\t\t\t\t\t\t<\/div>\n\t\t\t\t<\/div>\n\t\t\t\t\t<\/div>\n\t\t\t\t<\/div>\n\t\t\t\t<\/div>","protected":false},"excerpt":{"rendered":"<p>Award Ceremony Acknowledging Responsible Reporting on Diabetes On 27 November 2024, the Integrated Health Services (IHS) and Accessible Quality Healthcare (AQH) projects hosted an award ceremony to announce the winners of the media training and award program for responsible reporting on diabetes. This initiative focused on raising awareness about non-communicable diseases (NCDs), specifically diabetes. It [&hellip;]<\/p>","protected":false},"author":1,"featured_media":0,"parent":0,"menu_order":0,"comment_status":"closed","ping_status":"closed","template":"","meta":[],"_links":{"self":[{"href":"https:\/\/ihsproject.org\/sr\/wp-json\/wp\/v2\/pages\/14227"}],"collection":[{"href":"https:\/\/ihsproject.org\/sr\/wp-json\/wp\/v2\/pages"}],"about":[{"href":"https:\/\/ihsproject.org\/sr\/wp-json\/wp\/v2\/types\/page"}],"author":[{"embeddable":true,"href":"https:\/\/ihsproject.org\/sr\/wp-json\/wp\/v2\/users\/1"}],"replies":[{"embeddable":true,"href":"https:\/\/ihsproject.org\/sr\/wp-json\/wp\/v2\/comments?post=14227"}],"version-history":[{"count":4,"href":"https:\/\/ihsproject.org\/sr\/wp-json\/wp\/v2\/pages\/14227\/revisions"}],"predecessor-version":[{"id":14232,"href":"https:\/\/ihsproject.org\/sr\/wp-json\/wp\/v2\/pages\/14227\/revisions\/14232"}],"wp:attachment":[{"href":"https:\/\/ihsproject.org\/sr\/wp-json\/wp\/v2\/media?parent=14227"}],"curies":[{"name":"wp","href":"https:\/\/api.w.org\/{rel}","templated":true}]}}