{"id":14164,"date":"2024-11-21T15:25:34","date_gmt":"2024-11-21T15:25:34","guid":{"rendered":"https:\/\/ihsproject.org\/?page_id=14164"},"modified":"2024-11-21T15:52:43","modified_gmt":"2024-11-21T15:52:43","slug":"november-20-2024","status":"publish","type":"page","link":"https:\/\/ihsproject.org\/sr\/november-20-2024\/","title":{"rendered":"20 Novembar 2024"},"content":{"rendered":"<div data-elementor-type=\"wp-page\" data-elementor-id=\"14164\" class=\"elementor elementor-14164\">\n\t\t\t\t<div class=\"elementor-element elementor-element-3e255d0 e-flex e-con-boxed e-con e-parent\" data-id=\"3e255d0\" data-element_type=\"container\" data-core-v316-plus=\"true\">\n\t\t\t\t\t<div class=\"e-con-inner\">\n\t\t\t\t<div class=\"elementor-element elementor-element-37c1be9 elementor-widget elementor-widget-heading\" data-id=\"37c1be9\" data-element_type=\"widget\" data-widget_type=\"heading.default\">\n\t\t\t\t<div class=\"elementor-widget-container\">\n\t\t\t<h2 class=\"elementor-heading-title elementor-size-default\">Mre\u017ea bolnica za promociju zdravlja: Iskustvo delegacije sa Kosova \n<\/h2>\t\t<\/div>\n\t\t\t\t<\/div>\n\t\t\t\t<div class=\"elementor-element elementor-element-e0f004e elementor-widget elementor-widget-text-editor\" data-id=\"e0f004e\" data-element_type=\"widget\" data-widget_type=\"text-editor.default\">\n\t\t\t\t<div class=\"elementor-widget-container\">\n\t\t\t\t\t\t\t<p><i>Koncept bolnica koje promovi\u0161u zdravlje (HPH) daje prioritet dobrobiti pacijenata kroz obrazovanje, prevenciju, integrisanu zdravstvenu za\u0161titu, prakse zasnovane na dokazima i anga\u017eman zajednice. Donosi odr\u017eivu promenu u pru\u017eanju zdravstvene za\u0161tite osna\u017euju\u0107i pacijente da sami upravljaju svojim zdravljem.<\/i><\/p>\t\t\t\t\t\t<\/div>\n\t\t\t\t<\/div>\n\t\t\t\t\t<\/div>\n\t\t\t\t<\/div>\n\t\t<div class=\"elementor-element elementor-element-548d204 e-flex e-con-boxed e-con e-parent\" data-id=\"548d204\" data-element_type=\"container\" data-core-v316-plus=\"true\">\n\t\t\t\t\t<div class=\"e-con-inner\">\n\t\t\t\t<div class=\"elementor-element elementor-element-c099ebd elementor-widget elementor-widget-image\" data-id=\"c099ebd\" data-element_type=\"widget\" data-widget_type=\"image.default\">\n\t\t\t\t<div class=\"elementor-widget-container\">\n\t\t\t\t\t\t\t\t\t\t\t\t\t<img fetchpriority=\"high\" decoding=\"async\" width=\"1600\" height=\"1200\" src=\"https:\/\/ihsproject.org\/wp-content\/uploads\/2024\/11\/2024-11-20-IS-HPH-Hungary-1-Main-Picture.jpg\" class=\"attachment-full size-full wp-image-14167\" alt=\"\" srcset=\"https:\/\/ihsproject.org\/wp-content\/uploads\/2024\/11\/2024-11-20-IS-HPH-Hungary-1-Main-Picture.jpg 1600w, https:\/\/ihsproject.org\/wp-content\/uploads\/2024\/11\/2024-11-20-IS-HPH-Hungary-1-Main-Picture-300x225.jpg 300w, https:\/\/ihsproject.org\/wp-content\/uploads\/2024\/11\/2024-11-20-IS-HPH-Hungary-1-Main-Picture-1024x768.jpg 1024w, https:\/\/ihsproject.org\/wp-content\/uploads\/2024\/11\/2024-11-20-IS-HPH-Hungary-1-Main-Picture-768x576.jpg 768w, https:\/\/ihsproject.org\/wp-content\/uploads\/2024\/11\/2024-11-20-IS-HPH-Hungary-1-Main-Picture-1536x1152.jpg 1536w, https:\/\/ihsproject.org\/wp-content\/uploads\/2024\/11\/2024-11-20-IS-HPH-Hungary-1-Main-Picture-16x12.jpg 16w\" sizes=\"(max-width: 1600px) 100vw, 1600px\" \/>\t\t\t\t\t\t\t\t\t\t\t\t\t<\/div>\n\t\t\t\t<\/div>\n\t\t\t\t\t<\/div>\n\t\t\t\t<\/div>\n\t\t<div class=\"elementor-element elementor-element-b229fb3 e-flex e-con-boxed e-con e-parent\" data-id=\"b229fb3\" data-element_type=\"container\" data-core-v316-plus=\"true\">\n\t\t\t\t\t<div class=\"e-con-inner\">\n\t\t\t\t<div class=\"elementor-element elementor-element-e6bbea2 elementor-widget elementor-widget-text-editor\" data-id=\"e6bbea2\" data-element_type=\"widget\" data-widget_type=\"text-editor.default\">\n\t\t\t\t<div class=\"elementor-widget-container\">\n\t\t\t\t\t\t\t<p>Kao korak ka usvajanju standarda bolnice za promociju zdravlja (HPH), grupa lidera iz zdravstvenog sektora sa Kosova nedavno je u\u010destvovala u studijskoj poseti Ma\u0111arskoj. Predstavnici Ministarstva zdravlja Kosova, Nacionalnog instituta za javno zdravlje i op\u0161tih bolnica i centara primarne zdravstvene za\u0161tite u Pe\u0107i i \u0110akovici posetili su De\u010dju bolnicu Bethesda, dugogodi\u0161nju \u010dlanicu Mre\u017ee HPH. Delegacija se vratila ku\u0107i inspirisana i sa jasnom vizijom da implementira sli\u010dne pristupe\/standarde koje su zapazili u Ma\u0111arskoj.<\/p><p>Nezarazne bolesti, kao \u0161to su dijabetes, hipertenzija i bolesti srca, sve vi\u0161e preovla\u0111uju na Kosovu, nagla\u0161avaju\u0107i potrebu za sveobuhvatnijim, preventivnim pristupom zdravstvenoj za\u0161titi. Me\u0111unarodna mre\u017ea bolnica i zdravstvenih usluga koje promovi\u0161u zdravlje (HPH) nastoji ugraditi vrednosti i standarde promocije zdravlja u kulturu bolnica i zdravstvenih usluga, pobolj\u0161avaju\u0107i odnos sa zajednicom.<span class=\"Apple-converted-space\">\u00a0<\/span><\/p>\t\t\t\t\t\t<\/div>\n\t\t\t\t<\/div>\n\t\t\t\t\t<\/div>\n\t\t\t\t<\/div>\n\t\t<div class=\"elementor-element elementor-element-845b744 e-flex e-con-boxed e-con e-parent\" data-id=\"845b744\" data-element_type=\"container\" data-core-v316-plus=\"true\">\n\t\t\t\t\t<div class=\"e-con-inner\">\n\t\t<div class=\"elementor-element elementor-element-8618d76 e-con-full e-flex e-con e-child\" data-id=\"8618d76\" data-element_type=\"container\">\n\t\t\t\t<div class=\"elementor-element elementor-element-df199a7 elementor-widget elementor-widget-image\" data-id=\"df199a7\" data-element_type=\"widget\" data-widget_type=\"image.default\">\n\t\t\t\t<div class=\"elementor-widget-container\">\n\t\t\t\t\t\t\t\t\t\t\t\t\t<img decoding=\"async\" width=\"2048\" height=\"1152\" src=\"https:\/\/ihsproject.org\/wp-content\/uploads\/2024\/11\/2024-11-20-IS-HPH-Hungary-2.jpg\" class=\"attachment-full size-full wp-image-14168\" alt=\"\" srcset=\"https:\/\/ihsproject.org\/wp-content\/uploads\/2024\/11\/2024-11-20-IS-HPH-Hungary-2.jpg 2048w, https:\/\/ihsproject.org\/wp-content\/uploads\/2024\/11\/2024-11-20-IS-HPH-Hungary-2-300x169.jpg 300w, https:\/\/ihsproject.org\/wp-content\/uploads\/2024\/11\/2024-11-20-IS-HPH-Hungary-2-1024x576.jpg 1024w, https:\/\/ihsproject.org\/wp-content\/uploads\/2024\/11\/2024-11-20-IS-HPH-Hungary-2-768x432.jpg 768w, https:\/\/ihsproject.org\/wp-content\/uploads\/2024\/11\/2024-11-20-IS-HPH-Hungary-2-1536x864.jpg 1536w, https:\/\/ihsproject.org\/wp-content\/uploads\/2024\/11\/2024-11-20-IS-HPH-Hungary-2-18x10.jpg 18w\" sizes=\"(max-width: 2048px) 100vw, 2048px\" \/>\t\t\t\t\t\t\t\t\t\t\t\t\t<\/div>\n\t\t\t\t<\/div>\n\t\t\t\t<\/div>\n\t\t<div class=\"elementor-element elementor-element-e73573e e-con-full e-flex e-con e-child\" data-id=\"e73573e\" data-element_type=\"container\">\n\t\t\t\t<div class=\"elementor-element elementor-element-ca916ab elementor-widget elementor-widget-text-editor\" data-id=\"ca916ab\" data-element_type=\"widget\" data-widget_type=\"text-editor.default\">\n\t\t\t\t<div class=\"elementor-widget-container\">\n\t\t\t\t\t\t\t<p>\u201eU bolnicama koje primenjuju ovaj model, fokus je koliko na osna\u017eivanju pacijenata da upravljaju i spre\u010de nastanak bolesti, toliko i na ispunjavanju akutnih medicinskih potreba\u201c, objasnila je dr Ardita Baraku, direktorka Nacionalnog instituta za javno zdravlje (NIJZ) Kosova, \u010dlan delegacije, u  podcast conversation (razgovor u vidu podcast-a) sa projektom Integrisane zdravstvene usluge (IHS).<\/p>\t\t\t\t\t\t<\/div>\n\t\t\t\t<\/div>\n\t\t\t\t<\/div>\n\t\t\t\t\t<\/div>\n\t\t\t\t<\/div>\n\t\t<div class=\"elementor-element elementor-element-3f28ec9 e-flex e-con-boxed e-con e-parent\" data-id=\"3f28ec9\" data-element_type=\"container\" data-core-v316-plus=\"true\">\n\t\t\t\t\t<div class=\"e-con-inner\">\n\t\t\t\t<div class=\"elementor-element elementor-element-32aa5d5 elementor-widget elementor-widget-text-editor\" data-id=\"32aa5d5\" data-element_type=\"widget\" data-widget_type=\"text-editor.default\">\n\t\t\t\t<div class=\"elementor-widget-container\">\n\t\t\t\t\t\t\t<p>Od marta 2024. godine, op\u0161te bolnice u Pe\u0107i i \u0110akovici su se pridru\u017eile me\u0111unarodnoj mre\u017ei HPH, postavljaju\u0107i temelje za dalje usvajanje ovih transformativnih praksi \u0161irom Kosova.<\/p>\t\t\t\t\t\t<\/div>\n\t\t\t\t<\/div>\n\t\t\t\t\t<\/div>\n\t\t\t\t<\/div>\n\t\t<div class=\"elementor-element elementor-element-95b8a67 e-flex e-con-boxed e-con e-parent\" data-id=\"95b8a67\" data-element_type=\"container\" data-core-v316-plus=\"true\">\n\t\t\t\t\t<div class=\"e-con-inner\">\n\t\t\t\t<div class=\"elementor-element elementor-element-84049b1 elementor-widget elementor-widget-heading\" data-id=\"84049b1\" data-element_type=\"widget\" data-widget_type=\"heading.default\">\n\t\t\t\t<div class=\"elementor-widget-container\">\n\t\t\t<h2 class=\"elementor-heading-title elementor-size-default\">U\u010denje iz najbolje prakse Ma\u0111arske<\/h2>\t\t<\/div>\n\t\t\t\t<\/div>\n\t\t\t\t<div class=\"elementor-element elementor-element-b9d947d elementor-widget elementor-widget-text-editor\" data-id=\"b9d947d\" data-element_type=\"widget\" data-widget_type=\"text-editor.default\">\n\t\t\t\t<div class=\"elementor-widget-container\">\n\t\t\t\t\t\t\t<p>Tokom posete, doma\u0107ini dr. Gy\u00f6rgy J\u00e1nos Velkey, generalni direktor de\u010dije bolnice Bethesda i dr. Zsuzsa R\u00e1kosy-Vok\u00f3, \u0161ef odeljenja za promociju zdravlja, podelili su sa delegacijom Kosova uvide u praksu HPH u Ma\u0111arskoj, uklju\u010duju\u0107i prakti\u010dne strategije za sprovo\u0111enje sli\u010dnih inicijativa kod ku\u0107e.<\/p>\t\t\t\t\t\t<\/div>\n\t\t\t\t<\/div>\n\t\t\t\t\t<\/div>\n\t\t\t\t<\/div>\n\t\t<div class=\"elementor-element elementor-element-ff3e0a3 e-flex e-con-boxed e-con e-parent\" data-id=\"ff3e0a3\" data-element_type=\"container\" data-core-v316-plus=\"true\">\n\t\t\t\t\t<div class=\"e-con-inner\">\n\t\t<div class=\"elementor-element elementor-element-720631a e-con-full e-flex e-con e-child\" data-id=\"720631a\" data-element_type=\"container\">\n\t\t\t\t<div class=\"elementor-element elementor-element-8206ee4 elementor-widget elementor-widget-image\" data-id=\"8206ee4\" data-element_type=\"widget\" data-widget_type=\"image.default\">\n\t\t\t\t<div class=\"elementor-widget-container\">\n\t\t\t\t\t\t\t\t\t\t\t\t\t<img decoding=\"async\" width=\"1600\" height=\"1200\" src=\"https:\/\/ihsproject.org\/wp-content\/uploads\/2024\/11\/2024-11-20-IS-HPH-Hungary-3.jpg\" class=\"attachment-full size-full wp-image-14169\" alt=\"\" srcset=\"https:\/\/ihsproject.org\/wp-content\/uploads\/2024\/11\/2024-11-20-IS-HPH-Hungary-3.jpg 1600w, https:\/\/ihsproject.org\/wp-content\/uploads\/2024\/11\/2024-11-20-IS-HPH-Hungary-3-300x225.jpg 300w, https:\/\/ihsproject.org\/wp-content\/uploads\/2024\/11\/2024-11-20-IS-HPH-Hungary-3-1024x768.jpg 1024w, https:\/\/ihsproject.org\/wp-content\/uploads\/2024\/11\/2024-11-20-IS-HPH-Hungary-3-768x576.jpg 768w, https:\/\/ihsproject.org\/wp-content\/uploads\/2024\/11\/2024-11-20-IS-HPH-Hungary-3-1536x1152.jpg 1536w, https:\/\/ihsproject.org\/wp-content\/uploads\/2024\/11\/2024-11-20-IS-HPH-Hungary-3-16x12.jpg 16w\" sizes=\"(max-width: 1600px) 100vw, 1600px\" \/>\t\t\t\t\t\t\t\t\t\t\t\t\t<\/div>\n\t\t\t\t<\/div>\n\t\t\t\t<\/div>\n\t\t<div class=\"elementor-element elementor-element-d9966af e-con-full e-flex e-con e-child\" data-id=\"d9966af\" data-element_type=\"container\">\n\t\t\t\t<div class=\"elementor-element elementor-element-b8ae6ff elementor-widget elementor-widget-text-editor\" data-id=\"b8ae6ff\" data-element_type=\"widget\" data-widget_type=\"text-editor.default\">\n\t\t\t\t<div class=\"elementor-widget-container\">\n\t\t\t\t\t\t\t<p>\u201eNa\u0161 cilj je da stvorimo kulturu u kojoj zdravstvena za\u0161tita ne le\u010di samo bolesti, ve\u0107 promovi\u0161e dobrobit svih uzrasta\u201c, rekao je dr Fazli Shala, direktor Op\u0161te bolnice u Pe\u0107i. \u201ePrivilegija je u\u010diti od na\u0161ih ma\u0111arskih kolega i doprinositi izgradnji zdravije zajednice na Kosovu.\u201d<span class=\"Apple-converted-space\">\u00a0<\/span><\/p>\t\t\t\t\t\t<\/div>\n\t\t\t\t<\/div>\n\t\t\t\t<\/div>\n\t\t\t\t\t<\/div>\n\t\t\t\t<\/div>\n\t\t<div class=\"elementor-element elementor-element-946e305 e-flex e-con-boxed e-con e-parent\" data-id=\"946e305\" data-element_type=\"container\" data-core-v316-plus=\"true\">\n\t\t\t\t\t<div class=\"e-con-inner\">\n\t\t\t\t<div class=\"elementor-element elementor-element-3846e90 elementor-widget elementor-widget-text-editor\" data-id=\"3846e90\" data-element_type=\"widget\" data-widget_type=\"text-editor.default\">\n\t\t\t\t<div class=\"elementor-widget-container\">\n\t\t\t\t\t\t\t<p>Kosovski zdravstveni lideri primetili su inovativnu upotrebu tehnologije i pristup Ma\u0111arske pristupa\u010dnoj, preventivnoj zdravstvenoj za\u0161titi, posebno u zajednicama koje nemaju dovoljan pristup uslugama. \u201eBilo je inspirativno videti kako se koriste mobilni zdravstveni autobusi koji putuju u ruralna podru\u010dja za pru\u017eanje osnovnih zdravstvenih usluga kao \u0161to su merenje glukoze u krvi i krvnog pritiska, saveti o ishrani i op\u0161ta zdravstvena edukacija,\u201c rekao je dr. Shaban Osmanaj, \u0161ef Odeljenja za primarnu zdravstvenu za\u0161titu, Ministarstvo zdravlja Kosova.<span class=\"Apple-converted-space\">\u00a0<\/span><\/p>\t\t\t\t\t\t<\/div>\n\t\t\t\t<\/div>\n\t\t\t\t\t<\/div>\n\t\t\t\t<\/div>\n\t\t<div class=\"elementor-element elementor-element-69757f1 e-flex e-con-boxed e-con e-parent\" data-id=\"69757f1\" data-element_type=\"container\" data-core-v316-plus=\"true\">\n\t\t\t\t\t<div class=\"e-con-inner\">\n\t\t<div class=\"elementor-element elementor-element-09c91e8 e-con-full e-flex e-con e-child\" data-id=\"09c91e8\" data-element_type=\"container\">\n\t\t\t\t<div class=\"elementor-element elementor-element-0412fff elementor-widget elementor-widget-image\" data-id=\"0412fff\" data-element_type=\"widget\" data-widget_type=\"image.default\">\n\t\t\t\t<div class=\"elementor-widget-container\">\n\t\t\t\t\t\t\t\t\t\t\t\t\t<img loading=\"lazy\" decoding=\"async\" width=\"1600\" height=\"1200\" src=\"https:\/\/ihsproject.org\/wp-content\/uploads\/2024\/11\/2024-11-20-IS-HPH-Hungary-4.jpg\" class=\"attachment-full size-full wp-image-14170\" alt=\"\" srcset=\"https:\/\/ihsproject.org\/wp-content\/uploads\/2024\/11\/2024-11-20-IS-HPH-Hungary-4.jpg 1600w, https:\/\/ihsproject.org\/wp-content\/uploads\/2024\/11\/2024-11-20-IS-HPH-Hungary-4-300x225.jpg 300w, https:\/\/ihsproject.org\/wp-content\/uploads\/2024\/11\/2024-11-20-IS-HPH-Hungary-4-1024x768.jpg 1024w, https:\/\/ihsproject.org\/wp-content\/uploads\/2024\/11\/2024-11-20-IS-HPH-Hungary-4-768x576.jpg 768w, https:\/\/ihsproject.org\/wp-content\/uploads\/2024\/11\/2024-11-20-IS-HPH-Hungary-4-1536x1152.jpg 1536w, https:\/\/ihsproject.org\/wp-content\/uploads\/2024\/11\/2024-11-20-IS-HPH-Hungary-4-16x12.jpg 16w\" sizes=\"(max-width: 1600px) 100vw, 1600px\" \/>\t\t\t\t\t\t\t\t\t\t\t\t\t<\/div>\n\t\t\t\t<\/div>\n\t\t\t\t<\/div>\n\t\t<div class=\"elementor-element elementor-element-b2fc4a1 e-con-full e-flex e-con e-child\" data-id=\"b2fc4a1\" data-element_type=\"container\">\n\t\t\t\t<div class=\"elementor-element elementor-element-cfd5c3f elementor-widget elementor-widget-text-editor\" data-id=\"cfd5c3f\" data-element_type=\"widget\" data-widget_type=\"text-editor.default\">\n\t\t\t\t<div class=\"elementor-widget-container\">\n\t\t\t\t\t\t\t<p>\u201eOva vrsta pristupa\u010dne, preventivne nege mogla bi da ima zna\u010dajan uticaj na Kosovu, posebno u udaljenim oblastima gde su zdravstveni resursi ograni\u010deni\u201c, dodao je dr Arben Koshi, \u0161ef Glavnog centra porodi\u010dne medicine u \u0110akovici.<\/p>\t\t\t\t\t\t<\/div>\n\t\t\t\t<\/div>\n\t\t\t\t<\/div>\n\t\t\t\t\t<\/div>\n\t\t\t\t<\/div>\n\t\t<div class=\"elementor-element elementor-element-7989d87 e-flex e-con-boxed e-con e-parent\" data-id=\"7989d87\" data-element_type=\"container\" data-core-v316-plus=\"true\">\n\t\t\t\t\t<div class=\"e-con-inner\">\n\t\t\t\t<div class=\"elementor-element elementor-element-da51a71 elementor-widget elementor-widget-text-editor\" data-id=\"da51a71\" data-element_type=\"widget\" data-widget_type=\"text-editor.default\">\n\t\t\t\t<div class=\"elementor-widget-container\">\n\t\t\t\t\t\t\t<p>U HPH pristupu se tako\u0111e nagla\u0161ava dobrobit samih pru\u017ealaca zdravstvenih usluga. Inspirisani ovim, kosovski zdravstveni lideri imaju za cilj ne samo da transformi\u0161u praksu nege pacijenata, ve\u0107 i da stvore okru\u017eenje podr\u0161ke za bolni\u010dko osoblje. Na kraju krajeva, model bolnica koje promovi\u0161u zdravlje je vi\u0161e od samog le\u010denja bolesti; to je novi na\u010din razmi\u0161ljanja o zdravlju i dobrobiti kao o zajedni\u010dkoj odgovornosti.<span class=\"Apple-converted-space\">\u00a0<\/span><\/p>\t\t\t\t\t\t<\/div>\n\t\t\t\t<\/div>\n\t\t\t\t\t<\/div>\n\t\t\t\t<\/div>\n\t\t<div class=\"elementor-element elementor-element-a14c335 e-flex e-con-boxed e-con e-parent\" data-id=\"a14c335\" data-element_type=\"container\" data-core-v316-plus=\"true\">\n\t\t\t\t\t<div class=\"e-con-inner\">\n\t\t\t\t<div class=\"elementor-element elementor-element-593e706 elementor-widget elementor-widget-heading\" data-id=\"593e706\" data-element_type=\"widget\" data-widget_type=\"heading.default\">\n\t\t\t\t<div class=\"elementor-widget-container\">\n\t\t\t<h2 class=\"elementor-heading-title elementor-size-default\">Izgradnja budu\u0107nosti za promociju zdravlja za Kosovo<\/h2>\t\t<\/div>\n\t\t\t\t<\/div>\n\t\t\t\t<div class=\"elementor-element elementor-element-2595201 elementor-widget elementor-widget-text-editor\" data-id=\"2595201\" data-element_type=\"widget\" data-widget_type=\"text-editor.default\">\n\t\t\t\t<div class=\"elementor-widget-container\">\n\t\t\t\t\t\t\t<p>Studijska poseta Ma\u0111arskoj ozna\u010dila je po\u010detak dugoro\u010dne posve\u0107enosti Kosova transformaciji svog zdravstvenog sistema u sistem koji daje prioritet zdravstvenom obrazovanju i preventivnoj za\u0161titi. Uspeh \u0107e zavisiti od postepenog, ali odr\u017eivog usvajanja strategija HPH, po\u010dev\u0161i od bolnica u Pe\u0107i i \u0110akovici i kona\u010dno primenjuju\u0107i se \u0161irom zemlje. Kako Kosovo po\u010dinje da sprovodi ove promene, pacijenti, zdravstveni radnici i zajednice imaju podjednako koristi.<\/p><p>\u201eTransformacija zdravstvene za\u0161tite Kosova \u0107e biti putovanje\u201c, ka\u017ee dr Ardita Baraku, NIJZ, \u201ei po\u010dinjemo sa jakim temeljima znanja i inspiracije iz Ma\u0111arske. Ovo partnerstvo nam je pokazalo \u0161ta je mogu\u0107e.\u201d<\/p>\t\t\t\t\t\t<\/div>\n\t\t\t\t<\/div>\n\t\t\t\t\t<\/div>\n\t\t\t\t<\/div>\n\t\t<div class=\"elementor-element elementor-element-b74d88e e-flex e-con-boxed e-con e-parent\" data-id=\"b74d88e\" data-element_type=\"container\" data-core-v316-plus=\"true\">\n\t\t\t\t\t<div class=\"e-con-inner\">\n\t\t\t\t<div class=\"elementor-element elementor-element-588b37c elementor-widget elementor-widget-image\" data-id=\"588b37c\" data-element_type=\"widget\" data-widget_type=\"image.default\">\n\t\t\t\t<div class=\"elementor-widget-container\">\n\t\t\t\t\t\t\t\t\t\t\t\t\t<img loading=\"lazy\" decoding=\"async\" width=\"1600\" height=\"1200\" src=\"https:\/\/ihsproject.org\/wp-content\/uploads\/2024\/11\/2024-11-20-IS-HPH-Hungary-5.jpg\" class=\"attachment-full size-full wp-image-14171\" alt=\"\" srcset=\"https:\/\/ihsproject.org\/wp-content\/uploads\/2024\/11\/2024-11-20-IS-HPH-Hungary-5.jpg 1600w, https:\/\/ihsproject.org\/wp-content\/uploads\/2024\/11\/2024-11-20-IS-HPH-Hungary-5-300x225.jpg 300w, https:\/\/ihsproject.org\/wp-content\/uploads\/2024\/11\/2024-11-20-IS-HPH-Hungary-5-1024x768.jpg 1024w, https:\/\/ihsproject.org\/wp-content\/uploads\/2024\/11\/2024-11-20-IS-HPH-Hungary-5-768x576.jpg 768w, https:\/\/ihsproject.org\/wp-content\/uploads\/2024\/11\/2024-11-20-IS-HPH-Hungary-5-1536x1152.jpg 1536w, https:\/\/ihsproject.org\/wp-content\/uploads\/2024\/11\/2024-11-20-IS-HPH-Hungary-5-16x12.jpg 16w\" sizes=\"(max-width: 1600px) 100vw, 1600px\" \/>\t\t\t\t\t\t\t\t\t\t\t\t\t<\/div>\n\t\t\t\t<\/div>\n\t\t\t\t\t<\/div>\n\t\t\t\t<\/div>\n\t\t<div class=\"elementor-element elementor-element-af1f5f8 e-flex e-con-boxed e-con e-parent\" data-id=\"af1f5f8\" data-element_type=\"container\" data-core-v316-plus=\"true\">\n\t\t\t\t\t<div class=\"e-con-inner\">\n\t\t\t\t<div class=\"elementor-element elementor-element-b9c4e53 elementor-widget elementor-widget-text-editor\" data-id=\"b9c4e53\" data-element_type=\"widget\" data-widget_type=\"text-editor.default\">\n\t\t\t\t<div class=\"elementor-widget-container\">\n\t\t\t\t\t\t\t<p>Studijska poseta je podr\u017eana od strane projekta Integrisane zdravstvene usluge (IHS), zajedni\u010dke inicijative \u0160vajcarske agencije za razvoj i saradnju (SDC) i kosovskog Ministarstva zdravlja, koju sprovodi \u0160vajcarski institut za tropsko i javno zdravlje.<span class=\"Apple-converted-space\">\u00a0<\/span><\/p>\t\t\t\t\t\t<\/div>\n\t\t\t\t<\/div>\n\t\t\t\t\t<\/div>\n\t\t\t\t<\/div>\n\t\t\t\t<\/div>","protected":false},"excerpt":{"rendered":"<p>Health-Promoting Hospital Network: Experience of the Delegation from Kosovo The Health-Promoting Hospitals (HPH) concept prioritizes patient wellbeing through education, prevention, integrated healthcare, evidence-based practices, and community engagement. It brings sustainable change in healthcare delivery by empowering patients to self-manage their health. In a step toward adopting a Health-Promoting Hospital (HPH) standards, a group of health [&hellip;]<\/p>","protected":false},"author":1,"featured_media":0,"parent":0,"menu_order":0,"comment_status":"closed","ping_status":"closed","template":"","meta":[],"_links":{"self":[{"href":"https:\/\/ihsproject.org\/sr\/wp-json\/wp\/v2\/pages\/14164"}],"collection":[{"href":"https:\/\/ihsproject.org\/sr\/wp-json\/wp\/v2\/pages"}],"about":[{"href":"https:\/\/ihsproject.org\/sr\/wp-json\/wp\/v2\/types\/page"}],"author":[{"embeddable":true,"href":"https:\/\/ihsproject.org\/sr\/wp-json\/wp\/v2\/users\/1"}],"replies":[{"embeddable":true,"href":"https:\/\/ihsproject.org\/sr\/wp-json\/wp\/v2\/comments?post=14164"}],"version-history":[{"count":10,"href":"https:\/\/ihsproject.org\/sr\/wp-json\/wp\/v2\/pages\/14164\/revisions"}],"predecessor-version":[{"id":14188,"href":"https:\/\/ihsproject.org\/sr\/wp-json\/wp\/v2\/pages\/14164\/revisions\/14188"}],"wp:attachment":[{"href":"https:\/\/ihsproject.org\/sr\/wp-json\/wp\/v2\/media?parent=14164"}],"curies":[{"name":"wp","href":"https:\/\/api.w.org\/{rel}","templated":true}]}}