{"id":14139,"date":"2024-11-01T08:33:34","date_gmt":"2024-11-01T08:33:34","guid":{"rendered":"https:\/\/ihsproject.org\/?page_id=14139"},"modified":"2024-11-01T08:36:18","modified_gmt":"2024-11-01T08:36:18","slug":"october-31-2024","status":"publish","type":"page","link":"https:\/\/ihsproject.org\/sr\/october-31-2024\/","title":{"rendered":"31 Oktobar, 2024"},"content":{"rendered":"<div data-elementor-type=\"wp-page\" data-elementor-id=\"14139\" class=\"elementor elementor-14139\">\n\t\t\t\t<div class=\"elementor-element elementor-element-1de43c2 e-flex e-con-boxed e-con e-parent\" data-id=\"1de43c2\" data-element_type=\"container\" data-core-v316-plus=\"true\">\n\t\t\t\t\t<div class=\"e-con-inner\">\n\t\t\t\t<div class=\"elementor-element elementor-element-6a7f84e elementor-widget elementor-widget-image\" data-id=\"6a7f84e\" data-element_type=\"widget\" data-widget_type=\"image.default\">\n\t\t\t\t<div class=\"elementor-widget-container\">\n\t\t\t\t\t\t\t\t\t\t\t\t\t<img fetchpriority=\"high\" decoding=\"async\" width=\"1600\" height=\"900\" src=\"https:\/\/ihsproject.org\/wp-content\/uploads\/2024\/11\/Adult-Learning-Principles-Workshop-for-Health-Sector-Professionals.jpg\" class=\"attachment-full size-full wp-image-14137\" alt=\"\" srcset=\"https:\/\/ihsproject.org\/wp-content\/uploads\/2024\/11\/Adult-Learning-Principles-Workshop-for-Health-Sector-Professionals.jpg 1600w, https:\/\/ihsproject.org\/wp-content\/uploads\/2024\/11\/Adult-Learning-Principles-Workshop-for-Health-Sector-Professionals-300x169.jpg 300w, https:\/\/ihsproject.org\/wp-content\/uploads\/2024\/11\/Adult-Learning-Principles-Workshop-for-Health-Sector-Professionals-1024x576.jpg 1024w, https:\/\/ihsproject.org\/wp-content\/uploads\/2024\/11\/Adult-Learning-Principles-Workshop-for-Health-Sector-Professionals-768x432.jpg 768w, https:\/\/ihsproject.org\/wp-content\/uploads\/2024\/11\/Adult-Learning-Principles-Workshop-for-Health-Sector-Professionals-1536x864.jpg 1536w, https:\/\/ihsproject.org\/wp-content\/uploads\/2024\/11\/Adult-Learning-Principles-Workshop-for-Health-Sector-Professionals-18x10.jpg 18w\" sizes=\"(max-width: 1600px) 100vw, 1600px\" \/>\t\t\t\t\t\t\t\t\t\t\t\t\t<\/div>\n\t\t\t\t<\/div>\n\t\t\t\t\t<\/div>\n\t\t\t\t<\/div>\n\t\t<div class=\"elementor-element elementor-element-8503254 e-flex e-con-boxed e-con e-parent\" data-id=\"8503254\" data-element_type=\"container\" data-core-v316-plus=\"true\">\n\t\t\t\t\t<div class=\"e-con-inner\">\n\t\t\t\t<div class=\"elementor-element elementor-element-4b0d638 elementor-widget elementor-widget-heading\" data-id=\"4b0d638\" data-element_type=\"widget\" data-widget_type=\"heading.default\">\n\t\t\t\t<div class=\"elementor-widget-container\">\n\t\t\t<h2 class=\"elementor-heading-title elementor-size-default\">Radionica o principima obrazovanja odraslih za stru\u010dnjake iz zdravstvenog sektora<\/h2>\t\t<\/div>\n\t\t\t\t<\/div>\n\t\t\t\t<div class=\"elementor-element elementor-element-6cb0840 elementor-widget elementor-widget-text-editor\" data-id=\"6cb0840\" data-element_type=\"widget\" data-widget_type=\"text-editor.default\">\n\t\t\t\t<div class=\"elementor-widget-container\">\n\t\t\t\t\t\t\t<p style=\"font-weight: 400;\">Ove nedelje, dvodnevna radionica o principima obrazovanja odraslih okupila je stru\u010dnjake iz zdravstvenog sektora iz celog Kosova, sa fokusom na stvaranje uticajnih okru\u017eenja za obrazovanje odraslih. U\u010desnici su istra\u017eivali klju\u010dne teme, po\u010dev\u0161i od jedinstvenih karakteristika i motivacija koje pokre\u0107u obrazovanje odraslih, a zatim su razgovarali o strategijama za podsticanje pozitivne grupne dinamike i efikasno upravljanje konfliktima.<\/p><p style=\"font-weight: 400;\">Radionica je tako\u0111e naglasila neophodne ve\u0161tine komunikacije, osposobljavaju\u0107i prisutne da se smisleno pove\u017eu sa svojim publikama, i predstavila raznovrsne metode obuke kako bi se prilagodile razli\u010ditim stilovima u\u010denja. Kroz igranje uloga, studije slu\u010daja i interaktivne ve\u017ebe, u\u010desnici su primenili ove principe u realnim scenarijima, pove\u0107avaju\u0107i svoje samopouzdanje i efikasnost kao trenera.<\/p><p style=\"font-weight: 400;\">\u201eTakva metodologija koju je trener koristio nikada nije primenjena kod nas ranije. Te\u017ei\u0107emo da primenimo ovo znanje u praksi i verujemo da \u0107e pozitivno uticati na zdravstveni sistem u na\u0161oj zemlji,\u201c rekao je Ismet Jashari, koordinator za informacione sisteme u Op\u0161toj bolnici u Gnjilanu.<\/p><p style=\"font-weight: 400;\">Ova radionica, koju su zajedni\u010dki organizovali projekti Usluge integrisane zdravstvene za\u0161tite i Pristupa\u010dna i kvalitetna zdravstvena za\u0161tita, deo je aktivnosti za ja\u010danje kapaciteta lokalnih partnera na nivoima primarne i sekundarne zdravstvene za\u0161tite.<\/p>\t\t\t\t\t\t<\/div>\n\t\t\t\t<\/div>\n\t\t\t\t\t<\/div>\n\t\t\t\t<\/div>\n\t\t\t\t<\/div>","protected":false},"excerpt":{"rendered":"<p>Adult Learning Principles Workshop for Health Sector Professionals This week, a two-day workshop on Adult Learning Principles brought together health sector professionals from around Kosovo with a focus on creating impactful learning environments for adult learners. Participants explored key topics, starting with the unique characteristics and motivations that drive adult learning, followed by strategies for [&hellip;]<\/p>","protected":false},"author":1,"featured_media":0,"parent":0,"menu_order":0,"comment_status":"closed","ping_status":"closed","template":"","meta":[],"_links":{"self":[{"href":"https:\/\/ihsproject.org\/sr\/wp-json\/wp\/v2\/pages\/14139"}],"collection":[{"href":"https:\/\/ihsproject.org\/sr\/wp-json\/wp\/v2\/pages"}],"about":[{"href":"https:\/\/ihsproject.org\/sr\/wp-json\/wp\/v2\/types\/page"}],"author":[{"embeddable":true,"href":"https:\/\/ihsproject.org\/sr\/wp-json\/wp\/v2\/users\/1"}],"replies":[{"embeddable":true,"href":"https:\/\/ihsproject.org\/sr\/wp-json\/wp\/v2\/comments?post=14139"}],"version-history":[{"count":4,"href":"https:\/\/ihsproject.org\/sr\/wp-json\/wp\/v2\/pages\/14139\/revisions"}],"predecessor-version":[{"id":14144,"href":"https:\/\/ihsproject.org\/sr\/wp-json\/wp\/v2\/pages\/14139\/revisions\/14144"}],"wp:attachment":[{"href":"https:\/\/ihsproject.org\/sr\/wp-json\/wp\/v2\/media?parent=14139"}],"curies":[{"name":"wp","href":"https:\/\/api.w.org\/{rel}","templated":true}]}}