{"id":14115,"date":"2024-10-25T13:42:07","date_gmt":"2024-10-25T13:42:07","guid":{"rendered":"https:\/\/ihsproject.org\/?page_id=14115"},"modified":"2024-10-25T13:43:20","modified_gmt":"2024-10-25T13:43:20","slug":"october-25-2024","status":"publish","type":"page","link":"https:\/\/ihsproject.org\/sr\/october-25-2024\/","title":{"rendered":"25 Oktobar, 2024"},"content":{"rendered":"<div data-elementor-type=\"wp-page\" data-elementor-id=\"14115\" class=\"elementor elementor-14115\">\n\t\t\t\t<div class=\"elementor-element elementor-element-089c8c5 e-flex e-con-boxed e-con e-parent\" data-id=\"089c8c5\" data-element_type=\"container\" data-core-v316-plus=\"true\">\n\t\t\t\t\t<div class=\"e-con-inner\">\n\t\t\t\t<div class=\"elementor-element elementor-element-c4aa5a1 elementor-widget elementor-widget-image\" data-id=\"c4aa5a1\" data-element_type=\"widget\" data-widget_type=\"image.default\">\n\t\t\t\t<div class=\"elementor-widget-container\">\n\t\t\t\t\t\t\t\t\t\t\t\t\t<img fetchpriority=\"high\" decoding=\"async\" width=\"1600\" height=\"900\" src=\"https:\/\/ihsproject.org\/wp-content\/uploads\/2024\/10\/Fourth-Meeting-of-IHS-Project-Steering-Committee-to-Discuss-Progress.jpg\" class=\"attachment-full size-full wp-image-14114\" alt=\"\" srcset=\"https:\/\/ihsproject.org\/wp-content\/uploads\/2024\/10\/Fourth-Meeting-of-IHS-Project-Steering-Committee-to-Discuss-Progress.jpg 1600w, https:\/\/ihsproject.org\/wp-content\/uploads\/2024\/10\/Fourth-Meeting-of-IHS-Project-Steering-Committee-to-Discuss-Progress-300x169.jpg 300w, https:\/\/ihsproject.org\/wp-content\/uploads\/2024\/10\/Fourth-Meeting-of-IHS-Project-Steering-Committee-to-Discuss-Progress-1024x576.jpg 1024w, https:\/\/ihsproject.org\/wp-content\/uploads\/2024\/10\/Fourth-Meeting-of-IHS-Project-Steering-Committee-to-Discuss-Progress-768x432.jpg 768w, https:\/\/ihsproject.org\/wp-content\/uploads\/2024\/10\/Fourth-Meeting-of-IHS-Project-Steering-Committee-to-Discuss-Progress-1536x864.jpg 1536w, https:\/\/ihsproject.org\/wp-content\/uploads\/2024\/10\/Fourth-Meeting-of-IHS-Project-Steering-Committee-to-Discuss-Progress-18x10.jpg 18w\" sizes=\"(max-width: 1600px) 100vw, 1600px\" \/>\t\t\t\t\t\t\t\t\t\t\t\t\t<\/div>\n\t\t\t\t<\/div>\n\t\t\t\t\t<\/div>\n\t\t\t\t<\/div>\n\t\t<div class=\"elementor-element elementor-element-ab137ce e-flex e-con-boxed e-con e-parent\" data-id=\"ab137ce\" data-element_type=\"container\" data-core-v316-plus=\"true\">\n\t\t\t\t\t<div class=\"e-con-inner\">\n\t\t\t\t<div class=\"elementor-element elementor-element-5cad6d9 elementor-widget elementor-widget-heading\" data-id=\"5cad6d9\" data-element_type=\"widget\" data-widget_type=\"heading.default\">\n\t\t\t\t<div class=\"elementor-widget-container\">\n\t\t\t<h2 class=\"elementor-heading-title elementor-size-default\">\u010cetvrti sastanak Upravnog odbora IHS projekta sa ciljem diskusije o napretku<\/h2>\t\t<\/div>\n\t\t\t\t<\/div>\n\t\t\t\t<div class=\"elementor-element elementor-element-33ded0e elementor-widget elementor-widget-text-editor\" data-id=\"33ded0e\" data-element_type=\"widget\" data-widget_type=\"text-editor.default\">\n\t\t\t\t<div class=\"elementor-widget-container\">\n\t\t\t\t\t\t\t<p>Dana 25. oktobra 2024. godine, Upravni odbor (UO) projekta Integrisane zdravstvene usluge (IHS) sastao se kako bi procenio teku\u0107e aktivnosti i pripremio se za slede\u0107e korake u implementaciji projekta. Sastanak je otvorio g. Peter Sidler, zamenik \u0161efa za me\u0111unarodnu saradnju, Ambasade \u0160vajcarske, SDC na Kosovu, ujedno i kopredsedavaju\u0107i UO. \u201eDrago mi je \u0161to radimo zajedno kako bismo osigurali da projekti poput IHS-a naprave zna\u010dajnu razliku. Radujem se plodonosnoj razmeni danas\u201d, istakao je on.<\/p><p>Sesija je uklju\u010divala detaljne brifinge projektnog tima i doprinose razli\u010ditih partnera i aktera, nagla\u0161avaju\u0107i va\u017enost ove faze u vremenskom okviru projekta. Prezentacijama i diskusijama podeljene su perspektive o trenutnom napretku, ali i izazovima. \u201eOvaj projekat se sastoji od me\u0111usobno povezanih intervencija koje podr\u017eavaju \u0161ire ciljeve Vlade Kosova za unapre\u0111enje zdravstvenog sistema\u201c, primetio je g. Sidler, isti\u010du\u0107i uskla\u0111enost projekta sa nacionalnim razvojnim ciljevima.<\/p><p>Dr. Naim Bardiqi, generalni sekretar Ministarstva zdravlja, izrazio je zahvalnost za saradnju sa \u0161vajcarskom vladom. On je odao priznanje doprinosu projekta IHS ja\u010danju zdravstvenog sistema Kosova i potvrdio da je Ministarstvo na sna\u017enoj putanji da postigne napredak u okviru ovih zajedni\u010dkih ciljeva.<span class=\"Apple-converted-space\">\u00a0<\/span><\/p>\t\t\t\t\t\t<\/div>\n\t\t\t\t<\/div>\n\t\t\t\t\t<\/div>\n\t\t\t\t<\/div>\n\t\t\t\t<\/div>","protected":false},"excerpt":{"rendered":"<p>Fourth Meeting of IHS Project Steering Committee to Discuss Progress On 25 October 2024, the Integrated Health Services (IHS) project Steering Committee (SC) convened to assess ongoing activities and prepare for the next steps in the project\u2019s implementation. Mr. Peter Sidler, Deputy Head of International Cooperation, Embassy of Switzerland, SDC in Kosovo, also SC co-chair, [&hellip;]<\/p>","protected":false},"author":1,"featured_media":0,"parent":0,"menu_order":0,"comment_status":"closed","ping_status":"closed","template":"","meta":[],"_links":{"self":[{"href":"https:\/\/ihsproject.org\/sr\/wp-json\/wp\/v2\/pages\/14115"}],"collection":[{"href":"https:\/\/ihsproject.org\/sr\/wp-json\/wp\/v2\/pages"}],"about":[{"href":"https:\/\/ihsproject.org\/sr\/wp-json\/wp\/v2\/types\/page"}],"author":[{"embeddable":true,"href":"https:\/\/ihsproject.org\/sr\/wp-json\/wp\/v2\/users\/1"}],"replies":[{"embeddable":true,"href":"https:\/\/ihsproject.org\/sr\/wp-json\/wp\/v2\/comments?post=14115"}],"version-history":[{"count":4,"href":"https:\/\/ihsproject.org\/sr\/wp-json\/wp\/v2\/pages\/14115\/revisions"}],"predecessor-version":[{"id":14120,"href":"https:\/\/ihsproject.org\/sr\/wp-json\/wp\/v2\/pages\/14115\/revisions\/14120"}],"wp:attachment":[{"href":"https:\/\/ihsproject.org\/sr\/wp-json\/wp\/v2\/media?parent=14115"}],"curies":[{"name":"wp","href":"https:\/\/api.w.org\/{rel}","templated":true}]}}