{"id":14100,"date":"2024-10-22T15:37:12","date_gmt":"2024-10-22T15:37:12","guid":{"rendered":"https:\/\/ihsproject.org\/?page_id=14100"},"modified":"2024-10-22T15:38:37","modified_gmt":"2024-10-22T15:38:37","slug":"october-22-2024","status":"publish","type":"page","link":"https:\/\/ihsproject.org\/sr\/october-22-2024\/","title":{"rendered":"22 Oktobar, 2024"},"content":{"rendered":"<div data-elementor-type=\"wp-page\" data-elementor-id=\"14100\" class=\"elementor elementor-14100\">\n\t\t\t\t<div class=\"elementor-element elementor-element-851edd5 e-flex e-con-boxed e-con e-parent\" data-id=\"851edd5\" data-element_type=\"container\" data-core-v316-plus=\"true\">\n\t\t\t\t\t<div class=\"e-con-inner\">\n\t\t\t\t<div class=\"elementor-element elementor-element-0d2ffdb elementor-widget elementor-widget-image\" data-id=\"0d2ffdb\" data-element_type=\"widget\" data-widget_type=\"image.default\">\n\t\t\t\t<div class=\"elementor-widget-container\">\n\t\t\t\t\t\t\t\t\t\t\t\t\t<img fetchpriority=\"high\" decoding=\"async\" width=\"1600\" height=\"900\" src=\"https:\/\/ihsproject.org\/wp-content\/uploads\/2024\/10\/CSOs-Sign-Collaboration-Agreement-to-Strengthen-Patient-Advocacy.jpg\" class=\"attachment-full size-full wp-image-14099\" alt=\"\" srcset=\"https:\/\/ihsproject.org\/wp-content\/uploads\/2024\/10\/CSOs-Sign-Collaboration-Agreement-to-Strengthen-Patient-Advocacy.jpg 1600w, https:\/\/ihsproject.org\/wp-content\/uploads\/2024\/10\/CSOs-Sign-Collaboration-Agreement-to-Strengthen-Patient-Advocacy-300x169.jpg 300w, https:\/\/ihsproject.org\/wp-content\/uploads\/2024\/10\/CSOs-Sign-Collaboration-Agreement-to-Strengthen-Patient-Advocacy-1024x576.jpg 1024w, https:\/\/ihsproject.org\/wp-content\/uploads\/2024\/10\/CSOs-Sign-Collaboration-Agreement-to-Strengthen-Patient-Advocacy-768x432.jpg 768w, https:\/\/ihsproject.org\/wp-content\/uploads\/2024\/10\/CSOs-Sign-Collaboration-Agreement-to-Strengthen-Patient-Advocacy-1536x864.jpg 1536w, https:\/\/ihsproject.org\/wp-content\/uploads\/2024\/10\/CSOs-Sign-Collaboration-Agreement-to-Strengthen-Patient-Advocacy-18x10.jpg 18w\" sizes=\"(max-width: 1600px) 100vw, 1600px\" \/>\t\t\t\t\t\t\t\t\t\t\t\t\t<\/div>\n\t\t\t\t<\/div>\n\t\t\t\t\t<\/div>\n\t\t\t\t<\/div>\n\t\t<div class=\"elementor-element elementor-element-39dc7a4 e-flex e-con-boxed e-con e-parent\" data-id=\"39dc7a4\" data-element_type=\"container\" data-core-v316-plus=\"true\">\n\t\t\t\t\t<div class=\"e-con-inner\">\n\t\t\t\t<div class=\"elementor-element elementor-element-cf5dc35 elementor-widget elementor-widget-heading\" data-id=\"cf5dc35\" data-element_type=\"widget\" data-widget_type=\"heading.default\">\n\t\t\t\t<div class=\"elementor-widget-container\">\n\t\t\t<h2 class=\"elementor-heading-title elementor-size-default\">OCD-ovi potpisali sporazum o saradnju za ja\u010danje zastupanja pacijenata<\/h2>\t\t<\/div>\n\t\t\t\t<\/div>\n\t\t\t\t<div class=\"elementor-element elementor-element-b356405 elementor-widget elementor-widget-text-editor\" data-id=\"b356405\" data-element_type=\"widget\" data-widget_type=\"text-editor.default\">\n\t\t\t\t<div class=\"elementor-widget-container\">\n\t\t\t\t\t\t\t<p style=\"font-weight: 400;\">Dana 22. oktobra 2024. godine, Udru\u017eenje za prava pacijenata Kosova (PRAK) potpisalo je Memorandume o saradnju (MoS) sa devet organizacija pacijenata sa Kosova, kako bi se unapredilo zastupanje pacijenata. Memorandum o saradnju ima za cilj da unapredi saradnju izme\u0111u ovih organizacija i obezbedi da glasovi pacijenata igraju uticajniju ulogu u oblikovanju zdravstvene politike i pru\u017eanja usluga \u0161irom Kosova.<\/p><p style=\"font-weight: 400;\">Agron Bytyqi, izvr\u0161ni direktor PRAK-a, rekao je da su ovi sporazumi \"veliki korak napred\" u unapre\u0111enju prava pacijenata i pobolj\u0161anju rezultata zdravstvene za\u0161tite. \"Ovi MoS-ovi \u0107e pobolj\u0161ati na\u0161u sposobnost da ostanemo informisani o potrebama pacijenata \u0161irom Kosova. Ujedinjavanjem na\u0161ih napora, postajemo organizovaniji i mo\u0107niji glas, koji je u stanju da uti\u010de na zdravstvene politike i podsti\u010de opipljiva pobolj\u0161anja za pacijente\", rekao je Bytyqi. \u201eOva saradnja ja\u010da na\u0161e kapacitete zagovaranja nege usmerene na pacijenta i vi\u0161e zdravstvene standarde.\"<\/p><p style=\"font-weight: 400;\">Dr. Lia Tavadze, lider tima projekta Integrisane zdravstvene usluge (IHS), tako\u0111e je naglasila da je uklju\u010denost pacijenata u proces zdravstvene za\u0161tite od su\u0161tinskog zna\u010daja za kontinuirano pobolj\u0161anje kvaliteta. \"Dana\u0161nji doga\u0111aj je odraz na\u0161e zajedni\u010dke posve\u0107enosti o\u010duvanju prava pacijenata i osiguravanju da njihov anga\u017eman doprinosi njihovom adekvatnom u\u010de\u0161\u0107u u dono\u0161enju odluka u zdravstvu.\"<\/p><p>Nova partnerstva imaju za cilj osna\u017eiti zastupanje pacijenata povezivanjem razli\u010ditih foruma organizacija pacijenata, a samim tim i tematskih podru\u010dja i grupa pacijenata koje predstavljaju, bli\u017ee se uklju\u010duju u rasprave o politici zdravstvene za\u0161tite i ja\u010daju glasove pacijenata.<\/p>\t\t\t\t\t\t<\/div>\n\t\t\t\t<\/div>\n\t\t\t\t\t<\/div>\n\t\t\t\t<\/div>\n\t\t\t\t<\/div>","protected":false},"excerpt":{"rendered":"<p>CSOs Sign Collaboration Agreement to Strengthen Patient Advocacy On 22 October 2024, the Patients&#8217; Rights Association of Kosovo (PRAK) signed Memoranda of Collaboration (MOCs) with nine patient organizations from Kosovo, to advance patient advocacy. The MOCs aim to improve collaboration between these organizations and ensure patients\u2019 voices play a more influential role in shaping healthcare [&hellip;]<\/p>","protected":false},"author":1,"featured_media":0,"parent":0,"menu_order":0,"comment_status":"closed","ping_status":"closed","template":"","meta":[],"_links":{"self":[{"href":"https:\/\/ihsproject.org\/sr\/wp-json\/wp\/v2\/pages\/14100"}],"collection":[{"href":"https:\/\/ihsproject.org\/sr\/wp-json\/wp\/v2\/pages"}],"about":[{"href":"https:\/\/ihsproject.org\/sr\/wp-json\/wp\/v2\/types\/page"}],"author":[{"embeddable":true,"href":"https:\/\/ihsproject.org\/sr\/wp-json\/wp\/v2\/users\/1"}],"replies":[{"embeddable":true,"href":"https:\/\/ihsproject.org\/sr\/wp-json\/wp\/v2\/comments?post=14100"}],"version-history":[{"count":4,"href":"https:\/\/ihsproject.org\/sr\/wp-json\/wp\/v2\/pages\/14100\/revisions"}],"predecessor-version":[{"id":14105,"href":"https:\/\/ihsproject.org\/sr\/wp-json\/wp\/v2\/pages\/14100\/revisions\/14105"}],"wp:attachment":[{"href":"https:\/\/ihsproject.org\/sr\/wp-json\/wp\/v2\/media?parent=14100"}],"curies":[{"name":"wp","href":"https:\/\/api.w.org\/{rel}","templated":true}]}}