{"id":14041,"date":"2024-10-14T12:33:51","date_gmt":"2024-10-14T12:33:51","guid":{"rendered":"https:\/\/ihsproject.org\/?page_id=14041"},"modified":"2024-10-14T12:35:41","modified_gmt":"2024-10-14T12:35:41","slug":"october-14-2024","status":"publish","type":"page","link":"https:\/\/ihsproject.org\/sr\/october-14-2024\/","title":{"rendered":"14 Oktobar, 2024"},"content":{"rendered":"<div data-elementor-type=\"wp-page\" data-elementor-id=\"14041\" class=\"elementor elementor-14041\">\n\t\t\t\t<div class=\"elementor-element elementor-element-64ee5ec e-flex e-con-boxed e-con e-parent\" data-id=\"64ee5ec\" data-element_type=\"container\" data-core-v316-plus=\"true\">\n\t\t\t\t\t<div class=\"e-con-inner\">\n\t\t\t\t<div class=\"elementor-element elementor-element-a2f2d88 elementor-widget elementor-widget-image\" data-id=\"a2f2d88\" data-element_type=\"widget\" data-widget_type=\"image.default\">\n\t\t\t\t<div class=\"elementor-widget-container\">\n\t\t\t\t\t\t\t\t\t\t\t\t\t<img fetchpriority=\"high\" decoding=\"async\" width=\"1600\" height=\"900\" src=\"https:\/\/ihsproject.org\/wp-content\/uploads\/2024\/10\/Launching-ACT-Podcast.jpg\" class=\"attachment-full size-full wp-image-14040\" alt=\"\" srcset=\"https:\/\/ihsproject.org\/wp-content\/uploads\/2024\/10\/Launching-ACT-Podcast.jpg 1600w, https:\/\/ihsproject.org\/wp-content\/uploads\/2024\/10\/Launching-ACT-Podcast-300x169.jpg 300w, https:\/\/ihsproject.org\/wp-content\/uploads\/2024\/10\/Launching-ACT-Podcast-1024x576.jpg 1024w, https:\/\/ihsproject.org\/wp-content\/uploads\/2024\/10\/Launching-ACT-Podcast-768x432.jpg 768w, https:\/\/ihsproject.org\/wp-content\/uploads\/2024\/10\/Launching-ACT-Podcast-1536x864.jpg 1536w, https:\/\/ihsproject.org\/wp-content\/uploads\/2024\/10\/Launching-ACT-Podcast-18x10.jpg 18w\" sizes=\"(max-width: 1600px) 100vw, 1600px\" \/>\t\t\t\t\t\t\t\t\t\t\t\t\t<\/div>\n\t\t\t\t<\/div>\n\t\t\t\t\t<\/div>\n\t\t\t\t<\/div>\n\t\t<div class=\"elementor-element elementor-element-a481e58 e-flex e-con-boxed e-con e-parent\" data-id=\"a481e58\" data-element_type=\"container\" data-core-v316-plus=\"true\">\n\t\t\t\t\t<div class=\"e-con-inner\">\n\t\t\t\t<div class=\"elementor-element elementor-element-8ea0b86 elementor-widget elementor-widget-heading\" data-id=\"8ea0b86\" data-element_type=\"widget\" data-widget_type=\"heading.default\">\n\t\t\t\t<div class=\"elementor-widget-container\">\n\t\t\t<h2 class=\"elementor-heading-title elementor-size-default\">Pokretanje ACT Podkasta<\/h2>\t\t<\/div>\n\t\t\t\t<\/div>\n\t\t\t\t<div class=\"elementor-element elementor-element-6408e75 elementor-widget elementor-widget-text-editor\" data-id=\"6408e75\" data-element_type=\"widget\" data-widget_type=\"text-editor.default\">\n\t\t\t\t<div class=\"elementor-widget-container\">\n\t\t\t\t\t\t\t<p>Serija ACT Podkasta posve\u0107ena je istra\u017eivanju i raspravi o klju\u010dnom pitanju nezaraznih bolesti (NCD) na Kosovu. Podkast proizvodi projekat IHS s ciljem da pru\u017ei jasne, na dokazima zasnovane uvide i perspektive kroz zanimljive razgovore koji povezuju zdravstvene politike sa stvarnostima svakodnevnog \u017eivota.<span class=\"Apple-converted-space\">\u00a0<\/span><\/p><p>Prvu epizodu \u0107emo objaviti 15. oktobra 2024. Na\u0161 gost je dr Ardita Baraku, vr\u0161iteljka du\u017enosti direktora Nacionalnog instituta za javno zdravlje Kosova.<span class=\"Apple-converted-space\">\u00a0<\/span><\/p><p><a href=\"https:\/\/youtu.be\/-QhINvFHcuc\">https:\/\/youtu.be\/-QhINvFHcuc<span class=\"Apple-converted-space\">\u00a0<\/span><\/a><\/p>\t\t\t\t\t\t<\/div>\n\t\t\t\t<\/div>\n\t\t\t\t\t<\/div>\n\t\t\t\t<\/div>\n\t\t\t\t<\/div>","protected":false},"excerpt":{"rendered":"<p>Launching ACT Podcast The ACT Podcast series is dedicated to exploring and discussing the critical issue of Non-Communicable Diseases (NCDs) in Kosovo. The podcast is produced by IHS project, with the aim to provide clear, evidence-based insights and perspectives through engaging conversations that connect health policies with the realities of everyday life.\u00a0 We will publish [&hellip;]<\/p>","protected":false},"author":1,"featured_media":0,"parent":0,"menu_order":0,"comment_status":"closed","ping_status":"closed","template":"","meta":[],"_links":{"self":[{"href":"https:\/\/ihsproject.org\/sr\/wp-json\/wp\/v2\/pages\/14041"}],"collection":[{"href":"https:\/\/ihsproject.org\/sr\/wp-json\/wp\/v2\/pages"}],"about":[{"href":"https:\/\/ihsproject.org\/sr\/wp-json\/wp\/v2\/types\/page"}],"author":[{"embeddable":true,"href":"https:\/\/ihsproject.org\/sr\/wp-json\/wp\/v2\/users\/1"}],"replies":[{"embeddable":true,"href":"https:\/\/ihsproject.org\/sr\/wp-json\/wp\/v2\/comments?post=14041"}],"version-history":[{"count":4,"href":"https:\/\/ihsproject.org\/sr\/wp-json\/wp\/v2\/pages\/14041\/revisions"}],"predecessor-version":[{"id":14046,"href":"https:\/\/ihsproject.org\/sr\/wp-json\/wp\/v2\/pages\/14041\/revisions\/14046"}],"wp:attachment":[{"href":"https:\/\/ihsproject.org\/sr\/wp-json\/wp\/v2\/media?parent=14041"}],"curies":[{"name":"wp","href":"https:\/\/api.w.org\/{rel}","templated":true}]}}