{"id":13988,"date":"2024-09-26T14:24:08","date_gmt":"2024-09-26T14:24:08","guid":{"rendered":"https:\/\/ihsproject.org\/?page_id=13988"},"modified":"2024-09-26T14:24:59","modified_gmt":"2024-09-26T14:24:59","slug":"september-26-2024","status":"publish","type":"page","link":"https:\/\/ihsproject.org\/sr\/september-26-2024\/","title":{"rendered":"26  Septembra, 2024"},"content":{"rendered":"<div data-elementor-type=\"wp-page\" data-elementor-id=\"13988\" class=\"elementor elementor-13988\">\n\t\t\t\t<div class=\"elementor-element elementor-element-0eab54c e-flex e-con-boxed e-con e-parent\" data-id=\"0eab54c\" data-element_type=\"container\" data-core-v316-plus=\"true\">\n\t\t\t\t\t<div class=\"e-con-inner\">\n\t\t\t\t<div class=\"elementor-element elementor-element-f5743b8 elementor-widget elementor-widget-image\" data-id=\"f5743b8\" data-element_type=\"widget\" data-widget_type=\"image.default\">\n\t\t\t\t<div class=\"elementor-widget-container\">\n\t\t\t\t\t\t\t\t\t\t\t\t\t<img fetchpriority=\"high\" decoding=\"async\" width=\"1600\" height=\"900\" src=\"https:\/\/ihsproject.org\/wp-content\/uploads\/2024\/09\/Community-Members-Discuss-Diabetes-Concerns-in-Peja.jpg\" class=\"attachment-full size-full wp-image-13987\" alt=\"\" srcset=\"https:\/\/ihsproject.org\/wp-content\/uploads\/2024\/09\/Community-Members-Discuss-Diabetes-Concerns-in-Peja.jpg 1600w, https:\/\/ihsproject.org\/wp-content\/uploads\/2024\/09\/Community-Members-Discuss-Diabetes-Concerns-in-Peja-300x169.jpg 300w, https:\/\/ihsproject.org\/wp-content\/uploads\/2024\/09\/Community-Members-Discuss-Diabetes-Concerns-in-Peja-1024x576.jpg 1024w, https:\/\/ihsproject.org\/wp-content\/uploads\/2024\/09\/Community-Members-Discuss-Diabetes-Concerns-in-Peja-768x432.jpg 768w, https:\/\/ihsproject.org\/wp-content\/uploads\/2024\/09\/Community-Members-Discuss-Diabetes-Concerns-in-Peja-1536x864.jpg 1536w, https:\/\/ihsproject.org\/wp-content\/uploads\/2024\/09\/Community-Members-Discuss-Diabetes-Concerns-in-Peja-18x10.jpg 18w\" sizes=\"(max-width: 1600px) 100vw, 1600px\" \/>\t\t\t\t\t\t\t\t\t\t\t\t\t<\/div>\n\t\t\t\t<\/div>\n\t\t\t\t\t<\/div>\n\t\t\t\t<\/div>\n\t\t<div class=\"elementor-element elementor-element-a61e98e e-flex e-con-boxed e-con e-parent\" data-id=\"a61e98e\" data-element_type=\"container\" data-core-v316-plus=\"true\">\n\t\t\t\t\t<div class=\"e-con-inner\">\n\t\t\t\t<div class=\"elementor-element elementor-element-bec6acf elementor-widget elementor-widget-heading\" data-id=\"bec6acf\" data-element_type=\"widget\" data-widget_type=\"heading.default\">\n\t\t\t\t<div class=\"elementor-widget-container\">\n\t\t\t<h2 class=\"elementor-heading-title elementor-size-default\">\u010clanovi zajednice na diskusiji o problemima dijabetesa u Pe\u0107i<\/h2>\t\t<\/div>\n\t\t\t\t<\/div>\n\t\t\t\t<div class=\"elementor-element elementor-element-0753d3f elementor-widget elementor-widget-text-editor\" data-id=\"0753d3f\" data-element_type=\"widget\" data-widget_type=\"text-editor.default\">\n\t\t\t\t<div class=\"elementor-widget-container\">\n\t\t\t\t\t\t\t<p>Raznovrsna grupa predstavnika zajednice, zdravstvenih radnika i javnih zvani\u010dnika iz Pe\u0107i okupila se na okruglom stolu 26. septembra 2024. Okrugli sto se fokusirao na re\u0161avanje jedinstvenih izazova sa kojima se nedovoljno zastupljene zajednice suo\u010davaju u pristupu zdravstvenoj za\u0161titi za nezarazne bolesti (NCD). U organizaciji projekta Integrisane zdravstvene usluge (IHS) u saradnji sa Udru\u017eenjem dijabeti\u010dara Pe\u0107i (ASD), na doga\u0111aju je istaknut zna\u010daj jednakog pristupa zdravstvenoj za\u0161titi i prilago\u0111enoj nezi za sve.<\/p><p>Dr Besnik Ibraj, Op\u0161ta bolnica u Pe\u0107i, rekao je da bolnica \u201eprepoznaje da se pripadnici nedovoljno zastupljenih zajednica suo\u010davaju sa specifi\u010dnim preprekama koje mogu ometati pristup neophodnoj nezi i uticati na zdravstvene rezultate. Ja\u010danje saradnje sa ovim zajednicama je od su\u0161tinskog zna\u010daja kako bi se osiguralo da zdravstvene informacije i obrazovanje stignu do svakog gra\u0111anina u Pe\u0107i.\u201d<span class=\"Apple-converted-space\">\u00a0<\/span><\/p><p>\"Na\u0161a misija je da radimo sa svim zainteresovanim stranama u zdravstvu, od pru\u017eaoca usluga do svakog pacijenta, da podr\u017eimo lokalne institucije u ja\u010danju sistema u kojem svaki pojedinac ima pristup kvalitetnoj zdravstvenoj za\u0161titi\", rekao je dr. Ilir Mecini, zamenik lidera tima projekta IHS.<span class=\"Apple-converted-space\">\u00a0<\/span><\/p><p>Idriz Ethemi, osniva\u010d Udru\u017eenja dijabeti\u010dara u Pe\u0107i, podstakao je otvorenu diskusiju izme\u0111u pacijenata i drugih u\u010desnika.<span class=\"Apple-converted-space\">\u00a0<\/span><\/p><p>U\u010desnici okruglog stola razgovarali su o preprekama i izazovima sa kojima se zajednice suo\u010davaju dok pristupaju osnovnim zdravstvenim uslugama, te su iznosili preporuke za promovisanje inkluzivnosti i jednakosti u nezi za NCD. Ove preporuke \u0107e se podeliti sa drugim organizacijama civilnog dru\u0161tva, javnim institucijama i medijima kako bi se podstakla \u0161ira svest i podr\u0161ka za ova kriti\u010dna pitanja.<\/p>\t\t\t\t\t\t<\/div>\n\t\t\t\t<\/div>\n\t\t\t\t\t<\/div>\n\t\t\t\t<\/div>\n\t\t\t\t<\/div>","protected":false},"excerpt":{"rendered":"<p>Community Members Discuss Diabetes Concerns in Peja A diverse group of community representatives, healthcare professionals, and public officials from Peja gathered for a roundtable discussion on 26 September 2024. The roundtable focused on addressing the unique challenges under-represented communities face in accessing healthcare for Non-Communicable Diseases (NCDs). Organized by the Integrated Health Services (IHS) project [&hellip;]<\/p>","protected":false},"author":1,"featured_media":0,"parent":0,"menu_order":0,"comment_status":"closed","ping_status":"closed","template":"","meta":[],"_links":{"self":[{"href":"https:\/\/ihsproject.org\/sr\/wp-json\/wp\/v2\/pages\/13988"}],"collection":[{"href":"https:\/\/ihsproject.org\/sr\/wp-json\/wp\/v2\/pages"}],"about":[{"href":"https:\/\/ihsproject.org\/sr\/wp-json\/wp\/v2\/types\/page"}],"author":[{"embeddable":true,"href":"https:\/\/ihsproject.org\/sr\/wp-json\/wp\/v2\/users\/1"}],"replies":[{"embeddable":true,"href":"https:\/\/ihsproject.org\/sr\/wp-json\/wp\/v2\/comments?post=13988"}],"version-history":[{"count":4,"href":"https:\/\/ihsproject.org\/sr\/wp-json\/wp\/v2\/pages\/13988\/revisions"}],"predecessor-version":[{"id":13993,"href":"https:\/\/ihsproject.org\/sr\/wp-json\/wp\/v2\/pages\/13988\/revisions\/13993"}],"wp:attachment":[{"href":"https:\/\/ihsproject.org\/sr\/wp-json\/wp\/v2\/media?parent=13988"}],"curies":[{"name":"wp","href":"https:\/\/api.w.org\/{rel}","templated":true}]}}