{"id":13960,"date":"2024-09-24T13:49:26","date_gmt":"2024-09-24T13:49:26","guid":{"rendered":"https:\/\/ihsproject.org\/?page_id=13960"},"modified":"2024-09-24T14:19:26","modified_gmt":"2024-09-24T14:19:26","slug":"september-24-2024","status":"publish","type":"page","link":"https:\/\/ihsproject.org\/sr\/september-24-2024\/","title":{"rendered":"24  Septembra, 2024"},"content":{"rendered":"<div data-elementor-type=\"wp-page\" data-elementor-id=\"13960\" class=\"elementor elementor-13960\">\n\t\t\t\t<div class=\"elementor-element elementor-element-7c7ea5e e-flex e-con-boxed e-con e-parent\" data-id=\"7c7ea5e\" data-element_type=\"container\" data-core-v316-plus=\"true\">\n\t\t\t\t\t<div class=\"e-con-inner\">\n\t\t\t\t<div class=\"elementor-element elementor-element-2c72580 elementor-widget elementor-widget-image\" data-id=\"2c72580\" data-element_type=\"widget\" data-widget_type=\"image.default\">\n\t\t\t\t<div class=\"elementor-widget-container\">\n\t\t\t\t\t\t\t\t\t\t\t\t\t<img fetchpriority=\"high\" decoding=\"async\" width=\"1600\" height=\"900\" src=\"https:\/\/ihsproject.org\/wp-content\/uploads\/2024\/09\/Civil-Society-Organizations-Networking-Even-to-Prioritize-Patient-Engagement.jpg\" class=\"attachment-full size-full wp-image-13967\" alt=\"\" srcset=\"https:\/\/ihsproject.org\/wp-content\/uploads\/2024\/09\/Civil-Society-Organizations-Networking-Even-to-Prioritize-Patient-Engagement.jpg 1600w, https:\/\/ihsproject.org\/wp-content\/uploads\/2024\/09\/Civil-Society-Organizations-Networking-Even-to-Prioritize-Patient-Engagement-300x169.jpg 300w, https:\/\/ihsproject.org\/wp-content\/uploads\/2024\/09\/Civil-Society-Organizations-Networking-Even-to-Prioritize-Patient-Engagement-1024x576.jpg 1024w, https:\/\/ihsproject.org\/wp-content\/uploads\/2024\/09\/Civil-Society-Organizations-Networking-Even-to-Prioritize-Patient-Engagement-768x432.jpg 768w, https:\/\/ihsproject.org\/wp-content\/uploads\/2024\/09\/Civil-Society-Organizations-Networking-Even-to-Prioritize-Patient-Engagement-1536x864.jpg 1536w, https:\/\/ihsproject.org\/wp-content\/uploads\/2024\/09\/Civil-Society-Organizations-Networking-Even-to-Prioritize-Patient-Engagement-18x10.jpg 18w\" sizes=\"(max-width: 1600px) 100vw, 1600px\" \/>\t\t\t\t\t\t\t\t\t\t\t\t\t<\/div>\n\t\t\t\t<\/div>\n\t\t\t\t\t<\/div>\n\t\t\t\t<\/div>\n\t\t<div class=\"elementor-element elementor-element-a54f8e2 e-flex e-con-boxed e-con e-parent\" data-id=\"a54f8e2\" data-element_type=\"container\" data-core-v316-plus=\"true\">\n\t\t\t\t\t<div class=\"e-con-inner\">\n\t\t\t\t<div class=\"elementor-element elementor-element-f4f5546 elementor-widget elementor-widget-heading\" data-id=\"f4f5546\" data-element_type=\"widget\" data-widget_type=\"heading.default\">\n\t\t\t\t<div class=\"elementor-widget-container\">\n\t\t\t<h2 class=\"elementor-heading-title elementor-size-default\">Doga\u0111aj umre\u017eavanja organizacija civilnog dru\u0161tva radi prioritizacije anga\u017emana pacijenata<\/h2>\t\t<\/div>\n\t\t\t\t<\/div>\n\t\t\t\t<div class=\"elementor-element elementor-element-826bfe6 elementor-widget elementor-widget-text-editor\" data-id=\"826bfe6\" data-element_type=\"widget\" data-widget_type=\"text-editor.default\">\n\t\t\t\t<div class=\"elementor-widget-container\">\n\t\t\t\t\t\t\t<p style=\"font-weight: 400;\">Dana 24. septembra 2024. godine, preko 24 organizacija civilnog dru\u0161tva (OCD) okupilo se u Pri\u0161tini na doga\u0111aju umre\u017eavanja \u201ePacijenti na prvom mestu\u201c, u organizaciji projekta Integrisane zdravstvene usluge (IHS). Doga\u0111aj, \u010diji je fokus bio na podsticanju saradnje me\u0111u grupama koje rade na anga\u017eovanju i podr\u0161ci pacijenata, imao je za cilj da unapredi kohezivnu akciju ka pobolj\u0161anju ishoda pacijenata na Kosovu.<\/p><p style=\"font-weight: 400;\">\u201eIdeja iza ove aktivnosti je jednostavna, ali od velike va\u017enosti: nastojimo stvoriti i kultivisati prostor u kojem OCD-ovi istra\u017euju saradnju usmerenu na pacijenta\u201c, rekla je Linda Baleta, vi\u0161i slu\u017ebenik za zagovaranje IHS projekta, koja je istakla klju\u010dni cilj doga\u0111aja, olak\u0161avanje umre\u017eavanja i ja\u010danje partnerstava za bolje rezultate pacijenata.<\/p><p style=\"font-weight: 400;\">Na doga\u0111aju su predstavljene glavne prezentacije u okviru kojih su nagla\u0161ena kriti\u010dna pitanja u nezi pacijenata. Agron Bytyqi iz Udru\u017eenja za prava pacijenata Kosova govorio je o za\u0161titi prava pacijenata u zdravstvenoj za\u0161titi, nagla\u0161avaju\u0107i potrebu za ja\u010dim mehanizmima zastupanja pacijenata. Valbone Sadiku iz Centra za obrazovanje i razvoj zajednice Prijatelji podelila je uvid u mre\u017ee podr\u0161ke \u017eenama obolelim od raka, fokusiraju\u0107i se na to kako takve mre\u017ee pobolj\u0161avaju kvalitet \u017eivota. Rina Demiri Spahija iz Akcije za majke i decu diskutovala je o jedinstvenim izazovima brige o dijabetesu majki i novoro\u0111en\u010dadi i pozvala na integrisaniji pristup  podr\u0161ke pogo\u0111enim porodicama.<\/p><p style=\"font-weight: 400;\">Usledila je diskusija uz pomo\u0107 moderatora u kojoj su se u\u010desnici uklju\u010dili u dinami\u010dnu razmenu o klju\u010dnim preprekama efikasnom anga\u017emanu pacijenata. Razgovarali su o tome kako bi OCD-ovi mogli da rade zajedno na lokalnom i nacionalnom nivou kako bi uticali na politiku prava pacijenata i osigurali da pacijenti budu u centru procesa dono\u0161enja odluka u zdravstvenoj za\u0161titi.<\/p><p style=\"font-weight: 400;\">Doga\u0111aj umre\u017eavanja \u201ePacijenti na prvom mestu\u201c predstavlja korak ka izgradnji kohezivnog glasa za anga\u017eman pacijenata na Kosovu.<\/p>\t\t\t\t\t\t<\/div>\n\t\t\t\t<\/div>\n\t\t\t\t\t<\/div>\n\t\t\t\t<\/div>\n\t\t\t\t<\/div>","protected":false},"excerpt":{"rendered":"<p>Civil Society Organizations Networking Event to Prioritize Patient Engagement On 24 September 2024, over 24 civil society organizations (CSOs) gathered in Prishtina for the \u2018Patients First\u2019 networking event, organized by the Integrated Health Services (IHS) project. The event, which focused on fostering collaboration among groups working on patient engagement and support, aimed to enhance cohesive [&hellip;]<\/p>","protected":false},"author":1,"featured_media":0,"parent":0,"menu_order":0,"comment_status":"closed","ping_status":"closed","template":"","meta":[],"_links":{"self":[{"href":"https:\/\/ihsproject.org\/sr\/wp-json\/wp\/v2\/pages\/13960"}],"collection":[{"href":"https:\/\/ihsproject.org\/sr\/wp-json\/wp\/v2\/pages"}],"about":[{"href":"https:\/\/ihsproject.org\/sr\/wp-json\/wp\/v2\/types\/page"}],"author":[{"embeddable":true,"href":"https:\/\/ihsproject.org\/sr\/wp-json\/wp\/v2\/users\/1"}],"replies":[{"embeddable":true,"href":"https:\/\/ihsproject.org\/sr\/wp-json\/wp\/v2\/comments?post=13960"}],"version-history":[{"count":10,"href":"https:\/\/ihsproject.org\/sr\/wp-json\/wp\/v2\/pages\/13960\/revisions"}],"predecessor-version":[{"id":13979,"href":"https:\/\/ihsproject.org\/sr\/wp-json\/wp\/v2\/pages\/13960\/revisions\/13979"}],"wp:attachment":[{"href":"https:\/\/ihsproject.org\/sr\/wp-json\/wp\/v2\/media?parent=13960"}],"curies":[{"name":"wp","href":"https:\/\/api.w.org\/{rel}","templated":true}]}}