{"id":13867,"date":"2024-08-26T08:41:39","date_gmt":"2024-08-26T08:41:39","guid":{"rendered":"https:\/\/ihsproject.org\/?page_id=13867"},"modified":"2024-08-26T08:43:03","modified_gmt":"2024-08-26T08:43:03","slug":"august-26-2024","status":"publish","type":"page","link":"https:\/\/ihsproject.org\/sr\/august-26-2024\/","title":{"rendered":"26 Avgusta 2024"},"content":{"rendered":"<div data-elementor-type=\"wp-page\" data-elementor-id=\"13867\" class=\"elementor elementor-13867\">\n\t\t\t\t<div class=\"elementor-element elementor-element-d531846 e-flex e-con-boxed e-con e-parent\" data-id=\"d531846\" data-element_type=\"container\" data-core-v316-plus=\"true\">\n\t\t\t\t\t<div class=\"e-con-inner\">\n\t\t\t\t<div class=\"elementor-element elementor-element-3f02395 elementor-widget elementor-widget-image\" data-id=\"3f02395\" data-element_type=\"widget\" data-widget_type=\"image.default\">\n\t\t\t\t<div class=\"elementor-widget-container\">\n\t\t\t\t\t\t\t\t\t\t\t\t\t<img fetchpriority=\"high\" decoding=\"async\" width=\"1600\" height=\"900\" src=\"https:\/\/ihsproject.org\/wp-content\/uploads\/2024\/08\/Developing-Standard-Operating-Procedures-Manual-for-Nurses-in-Secondary-and-Tertiary-Healthcare.jpg\" class=\"attachment-full size-full wp-image-13863\" alt=\"\" srcset=\"https:\/\/ihsproject.org\/wp-content\/uploads\/2024\/08\/Developing-Standard-Operating-Procedures-Manual-for-Nurses-in-Secondary-and-Tertiary-Healthcare.jpg 1600w, https:\/\/ihsproject.org\/wp-content\/uploads\/2024\/08\/Developing-Standard-Operating-Procedures-Manual-for-Nurses-in-Secondary-and-Tertiary-Healthcare-300x169.jpg 300w, https:\/\/ihsproject.org\/wp-content\/uploads\/2024\/08\/Developing-Standard-Operating-Procedures-Manual-for-Nurses-in-Secondary-and-Tertiary-Healthcare-1024x576.jpg 1024w, https:\/\/ihsproject.org\/wp-content\/uploads\/2024\/08\/Developing-Standard-Operating-Procedures-Manual-for-Nurses-in-Secondary-and-Tertiary-Healthcare-768x432.jpg 768w, https:\/\/ihsproject.org\/wp-content\/uploads\/2024\/08\/Developing-Standard-Operating-Procedures-Manual-for-Nurses-in-Secondary-and-Tertiary-Healthcare-1536x864.jpg 1536w, https:\/\/ihsproject.org\/wp-content\/uploads\/2024\/08\/Developing-Standard-Operating-Procedures-Manual-for-Nurses-in-Secondary-and-Tertiary-Healthcare-18x10.jpg 18w\" sizes=\"(max-width: 1600px) 100vw, 1600px\" \/>\t\t\t\t\t\t\t\t\t\t\t\t\t<\/div>\n\t\t\t\t<\/div>\n\t\t\t\t\t<\/div>\n\t\t\t\t<\/div>\n\t\t<div class=\"elementor-element elementor-element-93eb552 e-flex e-con-boxed e-con e-parent\" data-id=\"93eb552\" data-element_type=\"container\" data-core-v316-plus=\"true\">\n\t\t\t\t\t<div class=\"e-con-inner\">\n\t\t\t\t<div class=\"elementor-element elementor-element-c21f1fe elementor-widget elementor-widget-heading\" data-id=\"c21f1fe\" data-element_type=\"widget\" data-widget_type=\"heading.default\">\n\t\t\t\t<div class=\"elementor-widget-container\">\n\t\t\t<h2 class=\"elementor-heading-title elementor-size-default\">Izrada Priru\u010dnika o standardnim operativnim procedurama za medicinske sestre u sekundarnoj i tercijarnoj zdravstvenoj za\u0161titi<\/h2>\t\t<\/div>\n\t\t\t\t<\/div>\n\t\t\t\t<div class=\"elementor-element elementor-element-baa6210 elementor-widget elementor-widget-text-editor\" data-id=\"baa6210\" data-element_type=\"widget\" data-widget_type=\"text-editor.default\">\n\t\t\t\t<div class=\"elementor-widget-container\">\n\t\t\t\t\t\t\t<p style=\"font-weight: 400;\">Pro\u0161le nedelje, radna grupa koju je predvodilo Ministarstvo zdravlja Kosova, odr\u017eala je jo\u0161 jedan sastanak kako bi nastavila sa aktivnim radom na razvoju prvog Priru\u010dnika o standardnim operativnim procedurama (SOP) za medicinske sestre u sekundarnoj i tercijarnoj zdravstvenoj za\u0161titi. Inicijativa ima za cilj pobolj\u0161anje kvaliteta zdravstvene za\u0161tite, pobolj\u0161anje efikasnosti i osiguranje sigurnosti pacijenata.<\/p><p style=\"font-weight: 400;\">Ovaj novi Priru\u010dnik o SOP-u \u0107e poslu\u017eiti kao standardizovani okvir za prakse medicinskih sestara u celom zdravstvenom sektoru, posebno u ustanovama sekundarne i tercijarne nege. Uspostavljanjem jasnih smernica, o\u010dekuje se da \u0107e priru\u010dnik zna\u010dajno podi\u0107i standarde nege, pojednostaviti tokove rada i smanjiti rizike u le\u010denju pacijenata.<\/p><p style=\"font-weight: 400;\">Radna grupa se sastoji od predstavnika Ministarstva zdravlja, drugih zdravstvenih ustanova u zemlji i Udru\u017eenja za prava pacijenata Kosova. Ovaj rad je podr\u017ean od strane IHS projekta, nagla\u0161avaju\u0107i stalne napore Ministarstva na modernizaciji zdravstvene prakse i odr\u017eavanju visokih standarda nege pacijenata.<\/p>\t\t\t\t\t\t<\/div>\n\t\t\t\t<\/div>\n\t\t\t\t\t<\/div>\n\t\t\t\t<\/div>\n\t\t\t\t<\/div>","protected":false},"excerpt":{"rendered":"<p>Developing Standard Operating Procedures Manual for Nurses in Secondary and Tertiary Healthcare Last week, a working group led by the Ministry of Health of Kosovo, had another meeting to continue actively working on the development of the first-ever Standard Operating Procedures (SOP) Manual for nurses in Secondary and Tertiary Healthcare. The initiative aims to enhance [&hellip;]<\/p>","protected":false},"author":1,"featured_media":0,"parent":0,"menu_order":0,"comment_status":"closed","ping_status":"closed","template":"","meta":[],"_links":{"self":[{"href":"https:\/\/ihsproject.org\/sr\/wp-json\/wp\/v2\/pages\/13867"}],"collection":[{"href":"https:\/\/ihsproject.org\/sr\/wp-json\/wp\/v2\/pages"}],"about":[{"href":"https:\/\/ihsproject.org\/sr\/wp-json\/wp\/v2\/types\/page"}],"author":[{"embeddable":true,"href":"https:\/\/ihsproject.org\/sr\/wp-json\/wp\/v2\/users\/1"}],"replies":[{"embeddable":true,"href":"https:\/\/ihsproject.org\/sr\/wp-json\/wp\/v2\/comments?post=13867"}],"version-history":[{"count":4,"href":"https:\/\/ihsproject.org\/sr\/wp-json\/wp\/v2\/pages\/13867\/revisions"}],"predecessor-version":[{"id":13872,"href":"https:\/\/ihsproject.org\/sr\/wp-json\/wp\/v2\/pages\/13867\/revisions\/13872"}],"wp:attachment":[{"href":"https:\/\/ihsproject.org\/sr\/wp-json\/wp\/v2\/media?parent=13867"}],"curies":[{"name":"wp","href":"https:\/\/api.w.org\/{rel}","templated":true}]}}