{"id":13826,"date":"2024-08-12T06:47:17","date_gmt":"2024-08-12T06:47:17","guid":{"rendered":"https:\/\/ihsproject.org\/?page_id=13826"},"modified":"2024-08-12T06:48:19","modified_gmt":"2024-08-12T06:48:19","slug":"august-09-2024","status":"publish","type":"page","link":"https:\/\/ihsproject.org\/sr\/august-09-2024\/","title":{"rendered":"09 Avgusta 2024"},"content":{"rendered":"<div data-elementor-type=\"wp-page\" data-elementor-id=\"13826\" class=\"elementor elementor-13826\">\n\t\t\t\t<div class=\"elementor-element elementor-element-a205ffc e-flex e-con-boxed e-con e-parent\" data-id=\"a205ffc\" data-element_type=\"container\" data-core-v316-plus=\"true\">\n\t\t\t\t\t<div class=\"e-con-inner\">\n\t\t\t\t<div class=\"elementor-element elementor-element-d83552a elementor-widget elementor-widget-image\" data-id=\"d83552a\" data-element_type=\"widget\" data-widget_type=\"image.default\">\n\t\t\t\t<div class=\"elementor-widget-container\">\n\t\t\t\t\t\t\t\t\t\t\t\t\t<img fetchpriority=\"high\" decoding=\"async\" width=\"1600\" height=\"900\" src=\"https:\/\/ihsproject.org\/wp-content\/uploads\/2024\/08\/Supporting-the-Implementation-of-2024-2026-Action-Plan-for-Clinical-Practice-Guidelines.jpg\" class=\"attachment-full size-full wp-image-13825\" alt=\"\" srcset=\"https:\/\/ihsproject.org\/wp-content\/uploads\/2024\/08\/Supporting-the-Implementation-of-2024-2026-Action-Plan-for-Clinical-Practice-Guidelines.jpg 1600w, https:\/\/ihsproject.org\/wp-content\/uploads\/2024\/08\/Supporting-the-Implementation-of-2024-2026-Action-Plan-for-Clinical-Practice-Guidelines-300x169.jpg 300w, https:\/\/ihsproject.org\/wp-content\/uploads\/2024\/08\/Supporting-the-Implementation-of-2024-2026-Action-Plan-for-Clinical-Practice-Guidelines-1024x576.jpg 1024w, https:\/\/ihsproject.org\/wp-content\/uploads\/2024\/08\/Supporting-the-Implementation-of-2024-2026-Action-Plan-for-Clinical-Practice-Guidelines-768x432.jpg 768w, https:\/\/ihsproject.org\/wp-content\/uploads\/2024\/08\/Supporting-the-Implementation-of-2024-2026-Action-Plan-for-Clinical-Practice-Guidelines-1536x864.jpg 1536w, https:\/\/ihsproject.org\/wp-content\/uploads\/2024\/08\/Supporting-the-Implementation-of-2024-2026-Action-Plan-for-Clinical-Practice-Guidelines-18x10.jpg 18w\" sizes=\"(max-width: 1600px) 100vw, 1600px\" \/>\t\t\t\t\t\t\t\t\t\t\t\t\t<\/div>\n\t\t\t\t<\/div>\n\t\t\t\t\t<\/div>\n\t\t\t\t<\/div>\n\t\t<div class=\"elementor-element elementor-element-c5e08f5 e-flex e-con-boxed e-con e-parent\" data-id=\"c5e08f5\" data-element_type=\"container\" data-core-v316-plus=\"true\">\n\t\t\t\t\t<div class=\"e-con-inner\">\n\t\t\t\t<div class=\"elementor-element elementor-element-1b89917 elementor-widget elementor-widget-heading\" data-id=\"1b89917\" data-element_type=\"widget\" data-widget_type=\"heading.default\">\n\t\t\t\t<div class=\"elementor-widget-container\">\n\t\t\t<h2 class=\"elementor-heading-title elementor-size-default\">Podr\u0161ka implementaciji Akcionog plana za smernice za klini\u010dku praksu 2024-2026<\/h2>\t\t<\/div>\n\t\t\t\t<\/div>\n\t\t\t\t<div class=\"elementor-element elementor-element-4a43588 elementor-widget elementor-widget-text-editor\" data-id=\"4a43588\" data-element_type=\"widget\" data-widget_type=\"text-editor.default\">\n\t\t\t\t<div class=\"elementor-widget-container\">\n\t\t\t\t\t\t\t<p>Pro\u0161le nedelje je projekat Usluge integrisane zdravstvene za\u0161tite (IHS) organizovao niz sastanaka i radionica za podr\u0161ku Ministarstvu zdravlja (MZ) i Nacionalnom institutu za javno zdravlje (NIJZ) u implementaciji Akcionog plana za smernice za klini\u010dku praksu 2024-2026 (CPG).<span class=\"Apple-converted-space\">\u00a0<\/span><\/p><p>Predvo\u0111ene me\u0111unarodnim stru\u010dnjakom dr. Mihaijem Horgom, jednonedeljne aktivnosti po\u010dele su detaljnim pregledom Projektnog zadatka Sekretarijata CPG. Fokus je bio na identifikaciji uloga, odgovornosti i najboljih praksi, kao i na re\u0161avanju teku\u0107ih izazova sa kojima se Sekretarijat suo\u010dava od svog osnivanja, uz razradu re\u0161enja za pobolj\u0161anje ukupne efikasnosti Sekretarijata.<\/p><p>Na sednici koja je okupila klju\u010dne zainteresovane strane u Pri\u0161tini, uklju\u010duju\u0107i predstavnike MZ-a, NIJZ-a, AQH-a i IHS-a, dr Horga je vodio detaljnu procenu strategija za implementaciju CPG-a. Diskusije su se fokusirale na identifikaciju podr\u0161ke potrebne za uspe\u0161nu implementaciju CPG-a, re\u0161avanje trenutnih izazova i razvoj sna\u017enog akcionog plana.<span class=\"Apple-converted-space\">\u00a0<\/span><\/p><p>Misija je zavr\u0161ena sveobuhvatnim pregledom programa obuke trenera (ToT) za Smernice za klini\u010dku praksu zajedno sa Alumni tima ToT i \u010dlanovima Sekretarijata. Svrha ove ve\u017ebe bila je evaluacija trenutnog stanja programa, materijala za obuku i podru\u010dja za pobolj\u0161anje. Grupa je tako\u0111e razvila plan za organizaciju budu\u0107ih ToT sesija, fokusiraju\u0107i se na efektivno izvo\u0111enje obuke i osiguravaju\u0107i kontinuirano pobolj\u0161anje strukture i sadr\u017eaja programa.<\/p><p>Ova misija ozna\u010dava zna\u010dajan korak napred u implementaciji CPG-a, sa jasnim fokusom na pove\u0107anje efikasnosti i uticaja zdravstvenih smernica u celoj zemlji.<\/p>\t\t\t\t\t\t<\/div>\n\t\t\t\t<\/div>\n\t\t\t\t\t<\/div>\n\t\t\t\t<\/div>\n\t\t\t\t<\/div>","protected":false},"excerpt":{"rendered":"<p>Supporting the Implementation of 2024-2026 Action Plan for Clinical Practice Guidelines Last week, the Integrated Health Services (IHS) project organized a series of meetings and workshops to support the Ministry of Health (MoH) and the National Institute of Public Health (NIPH) with the implementation of the 2024-2026 Action Plan for Clinical Practice Guidelines (CPGs).\u00a0 Led [&hellip;]<\/p>","protected":false},"author":1,"featured_media":0,"parent":0,"menu_order":0,"comment_status":"closed","ping_status":"closed","template":"","meta":[],"_links":{"self":[{"href":"https:\/\/ihsproject.org\/sr\/wp-json\/wp\/v2\/pages\/13826"}],"collection":[{"href":"https:\/\/ihsproject.org\/sr\/wp-json\/wp\/v2\/pages"}],"about":[{"href":"https:\/\/ihsproject.org\/sr\/wp-json\/wp\/v2\/types\/page"}],"author":[{"embeddable":true,"href":"https:\/\/ihsproject.org\/sr\/wp-json\/wp\/v2\/users\/1"}],"replies":[{"embeddable":true,"href":"https:\/\/ihsproject.org\/sr\/wp-json\/wp\/v2\/comments?post=13826"}],"version-history":[{"count":4,"href":"https:\/\/ihsproject.org\/sr\/wp-json\/wp\/v2\/pages\/13826\/revisions"}],"predecessor-version":[{"id":13831,"href":"https:\/\/ihsproject.org\/sr\/wp-json\/wp\/v2\/pages\/13826\/revisions\/13831"}],"wp:attachment":[{"href":"https:\/\/ihsproject.org\/sr\/wp-json\/wp\/v2\/media?parent=13826"}],"curies":[{"name":"wp","href":"https:\/\/api.w.org\/{rel}","templated":true}]}}