{"id":13802,"date":"2024-08-01T13:21:59","date_gmt":"2024-08-01T13:21:59","guid":{"rendered":"https:\/\/ihsproject.org\/?page_id=13802"},"modified":"2024-08-01T13:35:49","modified_gmt":"2024-08-01T13:35:49","slug":"august-01-2024","status":"publish","type":"page","link":"https:\/\/ihsproject.org\/sr\/august-01-2024\/","title":{"rendered":"01 Avgusta 2024"},"content":{"rendered":"<div data-elementor-type=\"wp-page\" data-elementor-id=\"13802\" class=\"elementor elementor-13802\">\n\t\t\t\t<div class=\"elementor-element elementor-element-270ff1c e-flex e-con-boxed e-con e-parent\" data-id=\"270ff1c\" data-element_type=\"container\" data-core-v316-plus=\"true\">\n\t\t\t\t\t<div class=\"e-con-inner\">\n\t\t\t\t<div class=\"elementor-element elementor-element-d116cb7 elementor-widget elementor-widget-image\" data-id=\"d116cb7\" data-element_type=\"widget\" data-widget_type=\"image.default\">\n\t\t\t\t<div class=\"elementor-widget-container\">\n\t\t\t\t\t\t\t\t\t\t\t\t\t<img fetchpriority=\"high\" decoding=\"async\" width=\"1600\" height=\"900\" src=\"https:\/\/ihsproject.org\/wp-content\/uploads\/2024\/08\/Experts-Convene-to-Revise-Duties-for-Hospital-Quality-Coordination-Functions.jpg\" class=\"attachment-full size-full wp-image-13801\" alt=\"\" srcset=\"https:\/\/ihsproject.org\/wp-content\/uploads\/2024\/08\/Experts-Convene-to-Revise-Duties-for-Hospital-Quality-Coordination-Functions.jpg 1600w, https:\/\/ihsproject.org\/wp-content\/uploads\/2024\/08\/Experts-Convene-to-Revise-Duties-for-Hospital-Quality-Coordination-Functions-300x169.jpg 300w, https:\/\/ihsproject.org\/wp-content\/uploads\/2024\/08\/Experts-Convene-to-Revise-Duties-for-Hospital-Quality-Coordination-Functions-1024x576.jpg 1024w, https:\/\/ihsproject.org\/wp-content\/uploads\/2024\/08\/Experts-Convene-to-Revise-Duties-for-Hospital-Quality-Coordination-Functions-768x432.jpg 768w, https:\/\/ihsproject.org\/wp-content\/uploads\/2024\/08\/Experts-Convene-to-Revise-Duties-for-Hospital-Quality-Coordination-Functions-1536x864.jpg 1536w, https:\/\/ihsproject.org\/wp-content\/uploads\/2024\/08\/Experts-Convene-to-Revise-Duties-for-Hospital-Quality-Coordination-Functions-18x10.jpg 18w\" sizes=\"(max-width: 1600px) 100vw, 1600px\" \/>\t\t\t\t\t\t\t\t\t\t\t\t\t<\/div>\n\t\t\t\t<\/div>\n\t\t\t\t\t<\/div>\n\t\t\t\t<\/div>\n\t\t<div class=\"elementor-element elementor-element-7c56a99 e-flex e-con-boxed e-con e-parent\" data-id=\"7c56a99\" data-element_type=\"container\" data-core-v316-plus=\"true\">\n\t\t\t\t\t<div class=\"e-con-inner\">\n\t\t\t\t<div class=\"elementor-element elementor-element-56dd6b3 elementor-widget elementor-widget-heading\" data-id=\"56dd6b3\" data-element_type=\"widget\" data-widget_type=\"heading.default\">\n\t\t\t\t<div class=\"elementor-widget-container\">\n\t\t\t<h2 class=\"elementor-heading-title elementor-size-default\">Stru\u010dnjaci se sastaju radi revizije du\u017enosti za funkcije koordinacije kvaliteta zdravstvenih ustanova<\/h2>\t\t<\/div>\n\t\t\t\t<\/div>\n\t\t\t\t<div class=\"elementor-element elementor-element-e38d21c elementor-widget elementor-widget-text-editor\" data-id=\"e38d21c\" data-element_type=\"widget\" data-widget_type=\"text-editor.default\">\n\t\t\t\t<div class=\"elementor-widget-container\">\n\t\t\t\t\t\t\t<p>Dana 1. avgusta 2024. godine, stru\u010dna radna grupa zadu\u017eena za reviziju i a\u017euriranje Projektnog zadatka (PZ) za poziciju koordinatora za kvalitet i komisija za kvalitet zdravstvenih ustanova okupila se radi odr\u017eavanja kriti\u010dnog sastanka. Uz predsedavanje Nimana Bardhi-ja iz Ministarstva zdravlja Kosova, sednica je bila fokusirana na dalju razradu po\u010detnog nacrta i prate\u0107e dokumentacije, uklju\u010duju\u0107i i institucionalne statute.<\/p><p>Klju\u010dne ta\u010dke dnevnog reda uklju\u010divale su detaljnu analizu zadataka, modela izve\u0161tavanja i uloge i odgovornosti koordinatora za kvalitet i komisije. \"Uloga koordinatora kvaliteta je najva\u017enija u osiguravanju delotvornosti na\u0161eg zdravstvenog sistema i pobolj\u0161anju usluge I ukupnog zdravlja na\u0161e populacije\", naglasio je Bardhi tokom sastanka.<\/p><p>Revizija i a\u017euriranje ovih zadataka su deo \u0161ire inicijative za pobolj\u0161anje kvaliteta zdravstvenih usluga na Kosovu. \"Koordinatori kvaliteta igraju klju\u010dnu ulogu u pra\u0107enju i promociji najboljih praksi u svakoj zdravstvenoj ustanovi, osiguravanju uskla\u0111enosti sa zdravstvenim propisima i podsticanju kulture stalnog pobolj\u0161anja\u201c, rekao je dr. Ilir Mecini, zamenik lidera tima u u okviru projekta Integrisane zdravstvene usluge, koji pru\u017ea podr\u0161ku procesu.<\/p><p>Radna grupa se posebno fokusirala na to kako usavr\u0161iti PZ radi boljeg uskla\u0111ivanja sa trenutnim potrebama i standardima zdravstvene za\u0161tite. O\u010dekuje se da \u0107e rezultati ovog sastanka zna\u010dajno doprineti teku\u0107im naporima na podizanju standarda zdravstvene za\u0161tite i sigurnosti pacijenata \u0161irom zemlje.<\/p>\t\t\t\t\t\t<\/div>\n\t\t\t\t<\/div>\n\t\t\t\t\t<\/div>\n\t\t\t\t<\/div>\n\t\t\t\t<\/div>","protected":false},"excerpt":{"rendered":"<p>Experts Convene to Revise Duties for Health Institution Quality Coordination Functions On 1 August 2024, the expert working group tasked with revising and updating the Terms of Reference (TORs) for the position of quality coordinator and the quality committee for healthcare institutions convened for a critical meeting. Chaired by Niman Bardhi from the Ministry of [&hellip;]<\/p>","protected":false},"author":1,"featured_media":0,"parent":0,"menu_order":0,"comment_status":"closed","ping_status":"closed","template":"","meta":[],"_links":{"self":[{"href":"https:\/\/ihsproject.org\/sr\/wp-json\/wp\/v2\/pages\/13802"}],"collection":[{"href":"https:\/\/ihsproject.org\/sr\/wp-json\/wp\/v2\/pages"}],"about":[{"href":"https:\/\/ihsproject.org\/sr\/wp-json\/wp\/v2\/types\/page"}],"author":[{"embeddable":true,"href":"https:\/\/ihsproject.org\/sr\/wp-json\/wp\/v2\/users\/1"}],"replies":[{"embeddable":true,"href":"https:\/\/ihsproject.org\/sr\/wp-json\/wp\/v2\/comments?post=13802"}],"version-history":[{"count":7,"href":"https:\/\/ihsproject.org\/sr\/wp-json\/wp\/v2\/pages\/13802\/revisions"}],"predecessor-version":[{"id":13816,"href":"https:\/\/ihsproject.org\/sr\/wp-json\/wp\/v2\/pages\/13802\/revisions\/13816"}],"wp:attachment":[{"href":"https:\/\/ihsproject.org\/sr\/wp-json\/wp\/v2\/media?parent=13802"}],"curies":[{"name":"wp","href":"https:\/\/api.w.org\/{rel}","templated":true}]}}