{"id":13767,"date":"2024-07-09T14:21:50","date_gmt":"2024-07-09T14:21:50","guid":{"rendered":"https:\/\/ihsproject.org\/?page_id=13767"},"modified":"2024-07-09T14:23:06","modified_gmt":"2024-07-09T14:23:06","slug":"july-09-2024","status":"publish","type":"page","link":"https:\/\/ihsproject.org\/sr\/july-09-2024\/","title":{"rendered":"09 Jul, 2024"},"content":{"rendered":"<div data-elementor-type=\"wp-page\" data-elementor-id=\"13767\" class=\"elementor elementor-13767\">\n\t\t\t\t<div class=\"elementor-element elementor-element-8ff05f2 e-flex e-con-boxed e-con e-parent\" data-id=\"8ff05f2\" data-element_type=\"container\" data-core-v316-plus=\"true\">\n\t\t\t\t\t<div class=\"e-con-inner\">\n\t\t\t\t<div class=\"elementor-element elementor-element-29d0cd5 elementor-widget elementor-widget-image\" data-id=\"29d0cd5\" data-element_type=\"widget\" data-widget_type=\"image.default\">\n\t\t\t\t<div class=\"elementor-widget-container\">\n\t\t\t\t\t\t\t\t\t\t\t\t\t<img fetchpriority=\"high\" decoding=\"async\" width=\"1600\" height=\"900\" src=\"https:\/\/ihsproject.org\/wp-content\/uploads\/2024\/07\/Health-Professionals-Give-Input-for-Software-that-Improves-the-Level-of-Care.jpg\" class=\"attachment-full size-full wp-image-13766\" alt=\"\" srcset=\"https:\/\/ihsproject.org\/wp-content\/uploads\/2024\/07\/Health-Professionals-Give-Input-for-Software-that-Improves-the-Level-of-Care.jpg 1600w, https:\/\/ihsproject.org\/wp-content\/uploads\/2024\/07\/Health-Professionals-Give-Input-for-Software-that-Improves-the-Level-of-Care-300x169.jpg 300w, https:\/\/ihsproject.org\/wp-content\/uploads\/2024\/07\/Health-Professionals-Give-Input-for-Software-that-Improves-the-Level-of-Care-1024x576.jpg 1024w, https:\/\/ihsproject.org\/wp-content\/uploads\/2024\/07\/Health-Professionals-Give-Input-for-Software-that-Improves-the-Level-of-Care-768x432.jpg 768w, https:\/\/ihsproject.org\/wp-content\/uploads\/2024\/07\/Health-Professionals-Give-Input-for-Software-that-Improves-the-Level-of-Care-1536x864.jpg 1536w, https:\/\/ihsproject.org\/wp-content\/uploads\/2024\/07\/Health-Professionals-Give-Input-for-Software-that-Improves-the-Level-of-Care-18x10.jpg 18w\" sizes=\"(max-width: 1600px) 100vw, 1600px\" \/>\t\t\t\t\t\t\t\t\t\t\t\t\t<\/div>\n\t\t\t\t<\/div>\n\t\t\t\t\t<\/div>\n\t\t\t\t<\/div>\n\t\t<div class=\"elementor-element elementor-element-9c0ac12 e-flex e-con-boxed e-con e-parent\" data-id=\"9c0ac12\" data-element_type=\"container\" data-core-v316-plus=\"true\">\n\t\t\t\t\t<div class=\"e-con-inner\">\n\t\t\t\t<div class=\"elementor-element elementor-element-344f769 elementor-widget elementor-widget-heading\" data-id=\"344f769\" data-element_type=\"widget\" data-widget_type=\"heading.default\">\n\t\t\t\t<div class=\"elementor-widget-container\">\n\t\t\t<h2 class=\"elementor-heading-title elementor-size-default\">Zdravstveni radnici dali povratne informacije o softveru koji pobolj\u0161ava nivo nege<\/h2>\t\t<\/div>\n\t\t\t\t<\/div>\n\t\t\t\t<div class=\"elementor-element elementor-element-a13a051 elementor-widget elementor-widget-text-editor\" data-id=\"a13a051\" data-element_type=\"widget\" data-widget_type=\"text-editor.default\">\n\t\t\t\t<div class=\"elementor-widget-container\">\n\t\t\t\t\t\t\t<p>Grupa zdravstvenih radnika iz bolnica i glavnih centara porodi\u010dne medicine u \u0110akovici i Pe\u0107i pridru\u017eila se danas dinami\u010dnoj radionici o dizajnu novog softvera za samoupravljanje dijabetesom i hipertenzijom. Krajnji cilj softvera je da pobolj\u0161a nivo nege, smanji ponovni prijem i smanji optere\u0107enje zdravstvene nege.<span class=\"Apple-converted-space\">\u00a0<\/span><\/p><p>Niman Bardhi, Ministarstvo zdravlja, otvorio je sesiju isti\u010du\u0107i da je ova inovativna inicijativa koju vodi projekat integrisanih zdravstvenih usluga (IHS) primenjiva na svim nivoima brige o pacijentima. Dr. Lia Tavadze, lider IHS tima, rekla je da ova aktivnost donosi inovativna re\u0161enja za pacijente i zdravstvene radnike za bolje upravljanje stanjima dijabetesa i hipertenzije.<\/p><p>Uz podr\u0161ku Global CT Digital Kosovo, kompanije koja razvija softver, na radionici su prikupljeni podaci o tome koje su informacije potrebne, kako ih treba prikupiti i uneti u softver i njima upravljati, tako da novorazvijeni digitalni alati podr\u017eavaju na\u010dine le\u010denja pacijenata i rezultiraju proizvodom koji je od pomo\u0107i. U\u010desnici su analizirali arhitekturu do sada razvijenog softvera i dali sugestije za dalje pobolj\u0161anje.<span class=\"Apple-converted-space\">\u00a0<\/span><\/p><p>Povratne informacije iz njihove perspektive omogu\u0107avaju pristup dizajnu usmerenom na \u010doveka, osiguravaju\u0107i da softver efikasno ispunjava potrebe i o\u010dekivanja krajnjih korisnika. Proces podr\u017eavaju stru\u010dnjaci \u0161vajcarskog TPH Jedinice za digitalno zdravlje.<span class=\"Apple-converted-space\">\u00a0<\/span><\/p>\t\t\t\t\t\t<\/div>\n\t\t\t\t<\/div>\n\t\t\t\t\t<\/div>\n\t\t\t\t<\/div>\n\t\t\t\t<\/div>","protected":false},"excerpt":{"rendered":"<p>Health Professionals Give Input for Software that Improves the Level of Care A group of health professionals from the hospitals and main family medicine centres in Gjakova and Peja joined today a dynamic workshop about the design of a new software for self-management of diabetes and hypertension. The end-goal of the software of is to [&hellip;]<\/p>","protected":false},"author":1,"featured_media":0,"parent":0,"menu_order":0,"comment_status":"closed","ping_status":"closed","template":"","meta":[],"_links":{"self":[{"href":"https:\/\/ihsproject.org\/sr\/wp-json\/wp\/v2\/pages\/13767"}],"collection":[{"href":"https:\/\/ihsproject.org\/sr\/wp-json\/wp\/v2\/pages"}],"about":[{"href":"https:\/\/ihsproject.org\/sr\/wp-json\/wp\/v2\/types\/page"}],"author":[{"embeddable":true,"href":"https:\/\/ihsproject.org\/sr\/wp-json\/wp\/v2\/users\/1"}],"replies":[{"embeddable":true,"href":"https:\/\/ihsproject.org\/sr\/wp-json\/wp\/v2\/comments?post=13767"}],"version-history":[{"count":4,"href":"https:\/\/ihsproject.org\/sr\/wp-json\/wp\/v2\/pages\/13767\/revisions"}],"predecessor-version":[{"id":13772,"href":"https:\/\/ihsproject.org\/sr\/wp-json\/wp\/v2\/pages\/13767\/revisions\/13772"}],"wp:attachment":[{"href":"https:\/\/ihsproject.org\/sr\/wp-json\/wp\/v2\/media?parent=13767"}],"curies":[{"name":"wp","href":"https:\/\/api.w.org\/{rel}","templated":true}]}}