{"id":13731,"date":"2024-07-04T11:51:32","date_gmt":"2024-07-04T11:51:32","guid":{"rendered":"https:\/\/ihsproject.org\/?page_id=13731"},"modified":"2024-07-04T11:53:42","modified_gmt":"2024-07-04T11:53:42","slug":"july-04-2024","status":"publish","type":"page","link":"https:\/\/ihsproject.org\/sr\/july-04-2024\/","title":{"rendered":"04 Jul, 2024"},"content":{"rendered":"<div data-elementor-type=\"wp-page\" data-elementor-id=\"13731\" class=\"elementor elementor-13731\">\n\t\t\t\t<div class=\"elementor-element elementor-element-ce0f102 e-flex e-con-boxed e-con e-parent\" data-id=\"ce0f102\" data-element_type=\"container\" data-core-v316-plus=\"true\">\n\t\t\t\t\t<div class=\"e-con-inner\">\n\t\t\t\t<div class=\"elementor-element elementor-element-eb0c34b elementor-widget elementor-widget-image\" data-id=\"eb0c34b\" data-element_type=\"widget\" data-widget_type=\"image.default\">\n\t\t\t\t<div class=\"elementor-widget-container\">\n\t\t\t\t\t\t\t\t\t\t\t\t\t<img fetchpriority=\"high\" decoding=\"async\" width=\"1600\" height=\"900\" src=\"https:\/\/ihsproject.org\/wp-content\/uploads\/2024\/07\/Collaborative-Efforts-Highlighted-in-IHS-Team-Visits-to-Peja-and-Gjakova-Hospitals.jpg\" class=\"attachment-full size-full wp-image-13730\" alt=\"\" srcset=\"https:\/\/ihsproject.org\/wp-content\/uploads\/2024\/07\/Collaborative-Efforts-Highlighted-in-IHS-Team-Visits-to-Peja-and-Gjakova-Hospitals.jpg 1600w, https:\/\/ihsproject.org\/wp-content\/uploads\/2024\/07\/Collaborative-Efforts-Highlighted-in-IHS-Team-Visits-to-Peja-and-Gjakova-Hospitals-300x169.jpg 300w, https:\/\/ihsproject.org\/wp-content\/uploads\/2024\/07\/Collaborative-Efforts-Highlighted-in-IHS-Team-Visits-to-Peja-and-Gjakova-Hospitals-1024x576.jpg 1024w, https:\/\/ihsproject.org\/wp-content\/uploads\/2024\/07\/Collaborative-Efforts-Highlighted-in-IHS-Team-Visits-to-Peja-and-Gjakova-Hospitals-768x432.jpg 768w, https:\/\/ihsproject.org\/wp-content\/uploads\/2024\/07\/Collaborative-Efforts-Highlighted-in-IHS-Team-Visits-to-Peja-and-Gjakova-Hospitals-1536x864.jpg 1536w, https:\/\/ihsproject.org\/wp-content\/uploads\/2024\/07\/Collaborative-Efforts-Highlighted-in-IHS-Team-Visits-to-Peja-and-Gjakova-Hospitals-18x10.jpg 18w\" sizes=\"(max-width: 1600px) 100vw, 1600px\" \/>\t\t\t\t\t\t\t\t\t\t\t\t\t<\/div>\n\t\t\t\t<\/div>\n\t\t\t\t\t<\/div>\n\t\t\t\t<\/div>\n\t\t<div class=\"elementor-element elementor-element-a9cf69d e-flex e-con-boxed e-con e-parent\" data-id=\"a9cf69d\" data-element_type=\"container\" data-core-v316-plus=\"true\">\n\t\t\t\t\t<div class=\"e-con-inner\">\n\t\t\t\t<div class=\"elementor-element elementor-element-f0c6369 elementor-widget elementor-widget-heading\" data-id=\"f0c6369\" data-element_type=\"widget\" data-widget_type=\"heading.default\">\n\t\t\t\t<div class=\"elementor-widget-container\">\n\t\t\t<h2 class=\"elementor-heading-title elementor-size-default\">Tokom poseta tima IHS-a bolnicama u Pe\u0107i i \u0110akovici posebno su istaknuti zajedni\u010dki napori<\/h2>\t\t<\/div>\n\t\t\t\t<\/div>\n\t\t\t\t<div class=\"elementor-element elementor-element-160777c elementor-widget elementor-widget-text-editor\" data-id=\"160777c\" data-element_type=\"widget\" data-widget_type=\"text-editor.default\">\n\t\t\t\t<div class=\"elementor-widget-container\">\n\t\t\t\t\t\t\t<p>Tehni\u010dki tim Projekta integrisanih zdravstvenih usluga (HIS), predvo\u0111en liderom tima dr. Lia-om Tavadze, nedavno je posetio op\u0161te bolnice u Pe\u0107i i \u0110akovici, dve partnerske bolnice u projektu. Svrha poseta je bila razmena rezultata zavr\u0161enih aktivnosti, a\u017euriranja o teku\u0107im i razgovor o budu\u0107im planovima u cilju unapre\u0111enja zdravstvenih usluga za pacijente.<span class=\"Apple-converted-space\">\u00a0<\/span><\/p><p>Tokom ovih poseta, toplo primljenih od strane izvr\u0161nih direktora i predstavnika upravnog tima bolnica, nagla\u0161ena je va\u017enost razumevanja potreba zdravstvenih radnika i saradnje na zajedni\u010dkim ciljevima. Dr. Tavadze je istakla zna\u010daj zajedni\u010dkih napora u pokretanju, implementaciji i integraciji pobolj\u0161anih zdravstvenih usluga. Obe strane su naglasile svoju posve\u0107enost unapre\u0111enju brige o pacijentima i postizanju izvrsnosti u zdravstvenim uslugama.<\/p>\t\t\t\t\t\t<\/div>\n\t\t\t\t<\/div>\n\t\t\t\t\t<\/div>\n\t\t\t\t<\/div>\n\t\t\t\t<\/div>","protected":false},"excerpt":{"rendered":"<p>Collaborative Efforts Highlighted in IHS Team Visits to Peja and Gjakova Hospitals The technical team of the Integrated Health Services (HIS) Project, led by Team Leader Dr. Lia Tavadze, recently visited the general hospitals in Peja and Gjakova, which are the two partner hospitals of the project. The purpose of the visits was to share [&hellip;]<\/p>","protected":false},"author":1,"featured_media":0,"parent":0,"menu_order":0,"comment_status":"closed","ping_status":"closed","template":"","meta":[],"_links":{"self":[{"href":"https:\/\/ihsproject.org\/sr\/wp-json\/wp\/v2\/pages\/13731"}],"collection":[{"href":"https:\/\/ihsproject.org\/sr\/wp-json\/wp\/v2\/pages"}],"about":[{"href":"https:\/\/ihsproject.org\/sr\/wp-json\/wp\/v2\/types\/page"}],"author":[{"embeddable":true,"href":"https:\/\/ihsproject.org\/sr\/wp-json\/wp\/v2\/users\/1"}],"replies":[{"embeddable":true,"href":"https:\/\/ihsproject.org\/sr\/wp-json\/wp\/v2\/comments?post=13731"}],"version-history":[{"count":4,"href":"https:\/\/ihsproject.org\/sr\/wp-json\/wp\/v2\/pages\/13731\/revisions"}],"predecessor-version":[{"id":13736,"href":"https:\/\/ihsproject.org\/sr\/wp-json\/wp\/v2\/pages\/13731\/revisions\/13736"}],"wp:attachment":[{"href":"https:\/\/ihsproject.org\/sr\/wp-json\/wp\/v2\/media?parent=13731"}],"curies":[{"name":"wp","href":"https:\/\/api.w.org\/{rel}","templated":true}]}}