{"id":13694,"date":"2024-06-19T12:05:35","date_gmt":"2024-06-19T12:05:35","guid":{"rendered":"https:\/\/ihsproject.org\/?page_id=13694"},"modified":"2024-06-19T12:05:50","modified_gmt":"2024-06-19T12:05:50","slug":"june-19-2024","status":"publish","type":"page","link":"https:\/\/ihsproject.org\/sr\/june-19-2024\/","title":{"rendered":"Jun 19, 2024"},"content":{"rendered":"<div data-elementor-type=\"wp-page\" data-elementor-id=\"13694\" class=\"elementor elementor-13694\">\n\t\t\t\t<div class=\"elementor-element elementor-element-2187a5e2 e-flex e-con-boxed e-con e-parent\" data-id=\"2187a5e2\" data-element_type=\"container\" data-core-v316-plus=\"true\">\n\t\t\t\t\t<div class=\"e-con-inner\">\n\t\t\t\t<div class=\"elementor-element elementor-element-735d7860 elementor-widget elementor-widget-image\" data-id=\"735d7860\" data-element_type=\"widget\" data-widget_type=\"image.default\">\n\t\t\t\t<div class=\"elementor-widget-container\">\n\t\t\t\t\t\t\t\t\t\t\t\t\t<img fetchpriority=\"high\" decoding=\"async\" width=\"1600\" height=\"1200\" src=\"https:\/\/ihsproject.org\/wp-content\/uploads\/2024\/06\/2024-06-19-web.jpg\" class=\"attachment-full size-full wp-image-13692\" alt=\"\" srcset=\"https:\/\/ihsproject.org\/wp-content\/uploads\/2024\/06\/2024-06-19-web.jpg 1600w, https:\/\/ihsproject.org\/wp-content\/uploads\/2024\/06\/2024-06-19-web-300x225.jpg 300w, https:\/\/ihsproject.org\/wp-content\/uploads\/2024\/06\/2024-06-19-web-1024x768.jpg 1024w, https:\/\/ihsproject.org\/wp-content\/uploads\/2024\/06\/2024-06-19-web-768x576.jpg 768w, https:\/\/ihsproject.org\/wp-content\/uploads\/2024\/06\/2024-06-19-web-1536x1152.jpg 1536w, https:\/\/ihsproject.org\/wp-content\/uploads\/2024\/06\/2024-06-19-web-16x12.jpg 16w\" sizes=\"(max-width: 1600px) 100vw, 1600px\" \/>\t\t\t\t\t\t\t\t\t\t\t\t\t<\/div>\n\t\t\t\t<\/div>\n\t\t\t\t\t<\/div>\n\t\t\t\t<\/div>\n\t\t<div class=\"elementor-element elementor-element-761d428c e-flex e-con-boxed e-con e-parent\" data-id=\"761d428c\" data-element_type=\"container\" data-core-v316-plus=\"true\">\n\t\t\t\t\t<div class=\"e-con-inner\">\n\t\t\t\t<div class=\"elementor-element elementor-element-535ec66 elementor-widget elementor-widget-heading\" data-id=\"535ec66\" data-element_type=\"widget\" data-widget_type=\"heading.default\">\n\t\t\t\t<div class=\"elementor-widget-container\">\n\t\t\t<h2 class=\"elementor-heading-title elementor-size-default\">Efikasna komunikacija za unapre\u0111enje zdravstvene za\u0161tite<\/h2>\t\t<\/div>\n\t\t\t\t<\/div>\n\t\t\t\t<div class=\"elementor-element elementor-element-27d28897 elementor-widget elementor-widget-text-editor\" data-id=\"27d28897\" data-element_type=\"widget\" data-widget_type=\"text-editor.default\">\n\t\t\t\t<div class=\"elementor-widget-container\">\n\t\t\t\t\t\t\t<p><span style=\"font-weight: 400;\">Komunikacione ve\u0161tine medicinskog osoblja su klju\u010dne za efikasnu negu pacijenata. Ovo je bila centralna tema obuke koju je 19. juna 2024. godine vodila docent Rukije Mehmeti.<\/span><\/p><p><span style=\"font-weight: 400;\">Obuka je imala za cilj da produbi razumevanje koncepata komunikacije od strane u\u010desnika i istakne njihovu ulogu u pobolj\u0161anju zdravstvene prakse. Na obuci je istaknuta va\u017enost deljenja lako razumljivih zdravstvenih informacija, uklju\u010divanja primera iz stvarnog \u017eivota, scenarija igranja uloga i fokusa na aktivno slu\u0161anje.<\/span><\/p><p><span style=\"font-weight: 400;\">Za docenta Mehmeti, kvalitetna komunikacija je kamen temeljac slu\u017ebe i nauke rada medicinskih sestara. Pobolj\u0161anjem komunikacionih ve\u0161tina, zdravstveni radnici mogu zna\u010dajno pobolj\u0161ati ishode pacijenata i ukupni kvalitet zdravstvene za\u0161tite.<\/span><\/p><p><span style=\"font-weight: 400;\">Ova sesija je deo akreditovanog programa obuke medicinskih sestara koji sprovodi IHS u saradnji sa op\u0161tim bolnicama u Pe\u0107i i \u0110akovici. Program, razvijen na osnovu procene potreba za obukom za zdravstvene radnike, akreditovala je Komora medicinskih sestara Kosova.<\/span><\/p>\t\t\t\t\t\t<\/div>\n\t\t\t\t<\/div>\n\t\t\t\t\t<\/div>\n\t\t\t\t<\/div>\n\t\t\t\t<\/div>","protected":false},"excerpt":{"rendered":"<p>Effective Communication to Enhance Healthcare The communication skills of nursing staff are crucial for effective patient care. This was the central theme of a training session led by Professor Assistant Rukije Mehmeti on 19 June 2024. The training aimed to deepen participants&#8217; understanding of communication concepts and highlight their role in improving healthcare practices. It [&hellip;]<\/p>","protected":false},"author":1,"featured_media":0,"parent":0,"menu_order":0,"comment_status":"closed","ping_status":"closed","template":"","meta":[],"_links":{"self":[{"href":"https:\/\/ihsproject.org\/sr\/wp-json\/wp\/v2\/pages\/13694"}],"collection":[{"href":"https:\/\/ihsproject.org\/sr\/wp-json\/wp\/v2\/pages"}],"about":[{"href":"https:\/\/ihsproject.org\/sr\/wp-json\/wp\/v2\/types\/page"}],"author":[{"embeddable":true,"href":"https:\/\/ihsproject.org\/sr\/wp-json\/wp\/v2\/users\/1"}],"replies":[{"embeddable":true,"href":"https:\/\/ihsproject.org\/sr\/wp-json\/wp\/v2\/comments?post=13694"}],"version-history":[{"count":4,"href":"https:\/\/ihsproject.org\/sr\/wp-json\/wp\/v2\/pages\/13694\/revisions"}],"predecessor-version":[{"id":13699,"href":"https:\/\/ihsproject.org\/sr\/wp-json\/wp\/v2\/pages\/13694\/revisions\/13699"}],"wp:attachment":[{"href":"https:\/\/ihsproject.org\/sr\/wp-json\/wp\/v2\/media?parent=13694"}],"curies":[{"name":"wp","href":"https:\/\/api.w.org\/{rel}","templated":true}]}}