{"id":13678,"date":"2024-06-13T10:29:40","date_gmt":"2024-06-13T10:29:40","guid":{"rendered":"https:\/\/ihsproject.org\/?page_id=13678"},"modified":"2024-06-13T10:31:27","modified_gmt":"2024-06-13T10:31:27","slug":"june-13-2024","status":"publish","type":"page","link":"https:\/\/ihsproject.org\/sr\/june-13-2024\/","title":{"rendered":"Jun 13, 2024"},"content":{"rendered":"<div data-elementor-type=\"wp-page\" data-elementor-id=\"13678\" class=\"elementor elementor-13678\">\n\t\t\t\t<div class=\"elementor-element elementor-element-1dfd5c2 e-flex e-con-boxed e-con e-parent\" data-id=\"1dfd5c2\" data-element_type=\"container\" data-core-v316-plus=\"true\">\n\t\t\t\t\t<div class=\"e-con-inner\">\n\t\t\t\t<div class=\"elementor-element elementor-element-8934093 elementor-widget elementor-widget-image\" data-id=\"8934093\" data-element_type=\"widget\" data-widget_type=\"image.default\">\n\t\t\t\t<div class=\"elementor-widget-container\">\n\t\t\t\t\t\t\t\t\t\t\t\t\t<img fetchpriority=\"high\" decoding=\"async\" width=\"2048\" height=\"1536\" src=\"https:\/\/ihsproject.org\/wp-content\/uploads\/2024\/06\/Trajnim1.jpg\" class=\"attachment-full size-full wp-image-13680\" alt=\"\" srcset=\"https:\/\/ihsproject.org\/wp-content\/uploads\/2024\/06\/Trajnim1.jpg 2048w, https:\/\/ihsproject.org\/wp-content\/uploads\/2024\/06\/Trajnim1-300x225.jpg 300w, https:\/\/ihsproject.org\/wp-content\/uploads\/2024\/06\/Trajnim1-1024x768.jpg 1024w, https:\/\/ihsproject.org\/wp-content\/uploads\/2024\/06\/Trajnim1-768x576.jpg 768w, https:\/\/ihsproject.org\/wp-content\/uploads\/2024\/06\/Trajnim1-1536x1152.jpg 1536w, https:\/\/ihsproject.org\/wp-content\/uploads\/2024\/06\/Trajnim1-16x12.jpg 16w\" sizes=\"(max-width: 2048px) 100vw, 2048px\" \/>\t\t\t\t\t\t\t\t\t\t\t\t\t<\/div>\n\t\t\t\t<\/div>\n\t\t\t\t\t<\/div>\n\t\t\t\t<\/div>\n\t\t<div class=\"elementor-element elementor-element-49d0d1ed e-flex e-con-boxed e-con e-parent\" data-id=\"49d0d1ed\" data-element_type=\"container\" data-core-v316-plus=\"true\">\n\t\t\t\t\t<div class=\"e-con-inner\">\n\t\t\t\t<div class=\"elementor-element elementor-element-68fd0129 elementor-widget elementor-widget-heading\" data-id=\"68fd0129\" data-element_type=\"widget\" data-widget_type=\"heading.default\">\n\t\t\t\t<div class=\"elementor-widget-container\">\n\t\t\t<h2 class=\"elementor-heading-title elementor-size-default\">Obuka trenera o najboljim praksama upravljanja dijabetesom <\/h2>\t\t<\/div>\n\t\t\t\t<\/div>\n\t\t\t\t<div class=\"elementor-element elementor-element-b74d695 elementor-widget elementor-widget-text-editor\" data-id=\"b74d695\" data-element_type=\"widget\" data-widget_type=\"text-editor.default\">\n\t\t\t\t<div class=\"elementor-widget-container\">\n\t\t\t\t\t\t\t<p><span style=\"font-weight: 400;\">Petodnevna obuka trenera o upravljanju dijabetesom melitusom za odrasle zapo\u010dela je danas zanimljivom sesijom sa fokusom na principe u\u010denja odraslih, dijagnostikovanje i razlikovanje tipova dijabetesa, unapre\u0111enje i obrazovanje i pra\u0107enje i samokontrolu. Pod vodstvom dr. Merite Emini-Sadiku i njenog tima, cilj obuke je opremiti zdravstvene radnike ve\u0161tinama potrebnim za podizanje svesti o dijabetesu i obu\u010diti njihove kolege, koji \u0107e zauzvrat obu\u010davati druge stru\u010dnjake u budu\u0107nosti.<\/span><\/p><p><span style=\"font-weight: 400;\">Adelina Puka, medicinska sestra i u\u010desnica obuke, dala je slede\u0107i komentar: \u201eSvi\u0111ao mi se primer menija na osnovu uzorka, koji je sadr\u017eao i izra\u010dunate nutritivne vrednosti. Materijal za obuku je bio lak za razumevanje, kao i trener.\u201d<\/span><\/p><p><span style=\"font-weight: 400;\">Ovaj kurs obuke je zasnovan na najboljim praksama obrazovanja i upravljanja dijabetesom za odrasle, prilago\u0111en specifi\u010dnim potrebama profesionalaca na Kosovu. Tako\u0111e je u skladu sa a\u017euriranim smernicama i protokolima za upravljanje dijabetesom.<\/span><\/p>\t\t\t\t\t\t<\/div>\n\t\t\t\t<\/div>\n\t\t\t\t\t<\/div>\n\t\t\t\t<\/div>\n\t\t\t\t<\/div>","protected":false},"excerpt":{"rendered":"<p>Training of Trainers on Best Practices of Diabetes Management The five-day Training of Trainers on the Management of Diabetes Mellitus for Adults kicked off today with an engaging session focusing on adult learning principles, diagnosing, and differentiating between types of diabetes, promotion and education, and monitoring and self-management. Led by Dr. Merita Emini-Sadiku and her [&hellip;]<\/p>","protected":false},"author":1,"featured_media":0,"parent":0,"menu_order":0,"comment_status":"closed","ping_status":"closed","template":"","meta":[],"_links":{"self":[{"href":"https:\/\/ihsproject.org\/sr\/wp-json\/wp\/v2\/pages\/13678"}],"collection":[{"href":"https:\/\/ihsproject.org\/sr\/wp-json\/wp\/v2\/pages"}],"about":[{"href":"https:\/\/ihsproject.org\/sr\/wp-json\/wp\/v2\/types\/page"}],"author":[{"embeddable":true,"href":"https:\/\/ihsproject.org\/sr\/wp-json\/wp\/v2\/users\/1"}],"replies":[{"embeddable":true,"href":"https:\/\/ihsproject.org\/sr\/wp-json\/wp\/v2\/comments?post=13678"}],"version-history":[{"count":4,"href":"https:\/\/ihsproject.org\/sr\/wp-json\/wp\/v2\/pages\/13678\/revisions"}],"predecessor-version":[{"id":13685,"href":"https:\/\/ihsproject.org\/sr\/wp-json\/wp\/v2\/pages\/13678\/revisions\/13685"}],"wp:attachment":[{"href":"https:\/\/ihsproject.org\/sr\/wp-json\/wp\/v2\/media?parent=13678"}],"curies":[{"name":"wp","href":"https:\/\/api.w.org\/{rel}","templated":true}]}}