{"id":13662,"date":"2024-06-10T11:10:58","date_gmt":"2024-06-10T11:10:58","guid":{"rendered":"https:\/\/ihsproject.org\/?page_id=13662"},"modified":"2024-06-10T11:11:48","modified_gmt":"2024-06-10T11:11:48","slug":"june-10-2024","status":"publish","type":"page","link":"https:\/\/ihsproject.org\/sr\/june-10-2024\/","title":{"rendered":"Jun 10, 2024"},"content":{"rendered":"<div data-elementor-type=\"wp-page\" data-elementor-id=\"13662\" class=\"elementor elementor-13662\">\n\t\t\t\t<div class=\"elementor-element elementor-element-10cf561a e-flex e-con-boxed e-con e-parent\" data-id=\"10cf561a\" data-element_type=\"container\" data-core-v316-plus=\"true\">\n\t\t\t\t\t<div class=\"e-con-inner\">\n\t\t\t\t<div class=\"elementor-element elementor-element-3bc12283 elementor-widget elementor-widget-image\" data-id=\"3bc12283\" data-element_type=\"widget\" data-widget_type=\"image.default\">\n\t\t\t\t<div class=\"elementor-widget-container\">\n\t\t\t\t\t\t\t\t\t\t\t\t\t<img fetchpriority=\"high\" decoding=\"async\" width=\"2560\" height=\"1440\" src=\"https:\/\/ihsproject.org\/wp-content\/uploads\/2024\/06\/2024-06-10-news-scaled.jpg\" class=\"attachment-full size-full wp-image-13660\" alt=\"\" srcset=\"https:\/\/ihsproject.org\/wp-content\/uploads\/2024\/06\/2024-06-10-news-scaled.jpg 2560w, https:\/\/ihsproject.org\/wp-content\/uploads\/2024\/06\/2024-06-10-news-300x169.jpg 300w, https:\/\/ihsproject.org\/wp-content\/uploads\/2024\/06\/2024-06-10-news-1024x576.jpg 1024w, https:\/\/ihsproject.org\/wp-content\/uploads\/2024\/06\/2024-06-10-news-768x432.jpg 768w, https:\/\/ihsproject.org\/wp-content\/uploads\/2024\/06\/2024-06-10-news-1536x864.jpg 1536w, https:\/\/ihsproject.org\/wp-content\/uploads\/2024\/06\/2024-06-10-news-2048x1152.jpg 2048w, https:\/\/ihsproject.org\/wp-content\/uploads\/2024\/06\/2024-06-10-news-18x10.jpg 18w\" sizes=\"(max-width: 2560px) 100vw, 2560px\" \/>\t\t\t\t\t\t\t\t\t\t\t\t\t<\/div>\n\t\t\t\t<\/div>\n\t\t\t\t\t<\/div>\n\t\t\t\t<\/div>\n\t\t<div class=\"elementor-element elementor-element-71a8bdc7 e-flex e-con-boxed e-con e-parent\" data-id=\"71a8bdc7\" data-element_type=\"container\" data-core-v316-plus=\"true\">\n\t\t\t\t\t<div class=\"e-con-inner\">\n\t\t\t\t<div class=\"elementor-element elementor-element-2ae1c4df elementor-widget elementor-widget-heading\" data-id=\"2ae1c4df\" data-element_type=\"widget\" data-widget_type=\"heading.default\">\n\t\t\t\t<div class=\"elementor-widget-container\">\n\t\t\t<h2 class=\"elementor-heading-title elementor-size-default\">Zdravstveni radnici u bolnicama u borbi protiv dezinformacija <\/h2>\t\t<\/div>\n\t\t\t\t<\/div>\n\t\t\t\t<div class=\"elementor-element elementor-element-484b4f50 elementor-widget elementor-widget-text-editor\" data-id=\"484b4f50\" data-element_type=\"widget\" data-widget_type=\"text-editor.default\">\n\t\t\t\t<div class=\"elementor-widget-container\">\n\t\t\t\t\t\t\t<p><span style=\"font-weight: 400;\">Tokom 5. i 6. juna 2024. godine, zdravstveni radnici u Op\u0161tim bolnicama u \u0110akovici i Pe\u0107i u\u010destvovali su u anga\u017eovanim obukama na temu suprotstavljanja dezinformacijama i la\u017enim informacijama u vezi sa zdravljem. Primarni cilj sesija je bio da se u\u010desnicima pru\u017ee alati neophodni za identifikaciju i suzbijanje la\u017enih informacija, \u010dime se pobolj\u0161avaju zdravstveni ishodi u zajednici.<\/span><\/p><p><span style=\"font-weight: 400;\">Sesije su bile usredsre\u0111ene na razmenu efikasnih strategija za uo\u010davanje i suzbijanje dezinformacija, uticaj dezinformacija na njihov rad, institucionalni integritet i javno zdravlje. Daljnjim opremanjem pacijenata i \u010dlanova zajednice ovim tehnikama, zdravstveni radnici imaju za cilj da podsti\u010du informisaniju i zdravstveno svesniju javnost.<\/span><\/p><p><span style=\"font-weight: 400;\">Vjosa Rama, jedna od u\u010desnica, istakla je prakti\u010dnost sesije, rekav\u0161i: \u201eNa sesiji je elaborirano kako prepoznati dezinformacije u medijima i dru\u0161tvenim medijima, kao i korake koje mo\u017eemo preduzeti da ostanemo sigurni dok primamo informacije.\"<\/span><\/p>\t\t\t\t\t\t<\/div>\n\t\t\t\t<\/div>\n\t\t\t\t\t<\/div>\n\t\t\t\t<\/div>\n\t\t\t\t<\/div>","protected":false},"excerpt":{"rendered":"<p>Hospital Health Professionals Countering Disinformation On 5 and 6 June 2024, healthcare professionals at the General Hospitals of Gjakova and Peja participated in engaging training sessions on the topic of countering health-related disinformation and misinformation. The primary goal of the sessions was to provide participants with the tools necessary to identify and counter false information, [&hellip;]<\/p>","protected":false},"author":1,"featured_media":0,"parent":0,"menu_order":0,"comment_status":"closed","ping_status":"closed","template":"","meta":[],"_links":{"self":[{"href":"https:\/\/ihsproject.org\/sr\/wp-json\/wp\/v2\/pages\/13662"}],"collection":[{"href":"https:\/\/ihsproject.org\/sr\/wp-json\/wp\/v2\/pages"}],"about":[{"href":"https:\/\/ihsproject.org\/sr\/wp-json\/wp\/v2\/types\/page"}],"author":[{"embeddable":true,"href":"https:\/\/ihsproject.org\/sr\/wp-json\/wp\/v2\/users\/1"}],"replies":[{"embeddable":true,"href":"https:\/\/ihsproject.org\/sr\/wp-json\/wp\/v2\/comments?post=13662"}],"version-history":[{"count":4,"href":"https:\/\/ihsproject.org\/sr\/wp-json\/wp\/v2\/pages\/13662\/revisions"}],"predecessor-version":[{"id":13667,"href":"https:\/\/ihsproject.org\/sr\/wp-json\/wp\/v2\/pages\/13662\/revisions\/13667"}],"wp:attachment":[{"href":"https:\/\/ihsproject.org\/sr\/wp-json\/wp\/v2\/media?parent=13662"}],"curies":[{"name":"wp","href":"https:\/\/api.w.org\/{rel}","templated":true}]}}