{"id":13634,"date":"2024-06-05T13:31:17","date_gmt":"2024-06-05T13:31:17","guid":{"rendered":"https:\/\/ihsproject.org\/?page_id=13634"},"modified":"2024-06-05T13:32:54","modified_gmt":"2024-06-05T13:32:54","slug":"june-6-2024","status":"publish","type":"page","link":"https:\/\/ihsproject.org\/sr\/june-6-2024\/","title":{"rendered":"Jun 6, 2024"},"content":{"rendered":"<div data-elementor-type=\"wp-page\" data-elementor-id=\"13634\" class=\"elementor elementor-13634\">\n\t\t\t\t<div class=\"elementor-element elementor-element-50fb32ad e-flex e-con-boxed e-con e-parent\" data-id=\"50fb32ad\" data-element_type=\"container\" data-core-v316-plus=\"true\">\n\t\t\t\t\t<div class=\"e-con-inner\">\n\t\t\t\t<div class=\"elementor-element elementor-element-374a1b7a elementor-widget elementor-widget-image\" data-id=\"374a1b7a\" data-element_type=\"widget\" data-widget_type=\"image.default\">\n\t\t\t\t<div class=\"elementor-widget-container\">\n\t\t\t\t\t\t\t\t\t\t\t\t\t<img fetchpriority=\"high\" decoding=\"async\" width=\"2210\" height=\"1944\" src=\"https:\/\/ihsproject.org\/wp-content\/uploads\/2024\/06\/8.jpg\" class=\"attachment-full size-full wp-image-13637\" alt=\"\" srcset=\"https:\/\/ihsproject.org\/wp-content\/uploads\/2024\/06\/8.jpg 2210w, https:\/\/ihsproject.org\/wp-content\/uploads\/2024\/06\/8-300x264.jpg 300w, https:\/\/ihsproject.org\/wp-content\/uploads\/2024\/06\/8-1024x901.jpg 1024w, https:\/\/ihsproject.org\/wp-content\/uploads\/2024\/06\/8-768x676.jpg 768w, https:\/\/ihsproject.org\/wp-content\/uploads\/2024\/06\/8-1536x1351.jpg 1536w, https:\/\/ihsproject.org\/wp-content\/uploads\/2024\/06\/8-2048x1801.jpg 2048w, https:\/\/ihsproject.org\/wp-content\/uploads\/2024\/06\/8-14x12.jpg 14w\" sizes=\"(max-width: 2210px) 100vw, 2210px\" \/>\t\t\t\t\t\t\t\t\t\t\t\t\t<\/div>\n\t\t\t\t<\/div>\n\t\t\t\t\t<\/div>\n\t\t\t\t<\/div>\n\t\t<div class=\"elementor-element elementor-element-6fc35ba1 e-flex e-con-boxed e-con e-parent\" data-id=\"6fc35ba1\" data-element_type=\"container\" data-core-v316-plus=\"true\">\n\t\t\t\t\t<div class=\"e-con-inner\">\n\t\t\t\t<div class=\"elementor-element elementor-element-2efef4a4 elementor-widget elementor-widget-heading\" data-id=\"2efef4a4\" data-element_type=\"widget\" data-widget_type=\"heading.default\">\n\t\t\t\t<div class=\"elementor-widget-container\">\n\t\t\t<h2 class=\"elementor-heading-title elementor-size-default\">Posve\u0107enost uspostavljanju zdravstvenog sistema na Kosovu usredsre\u0111enog na pacijenta<\/h2>\t\t<\/div>\n\t\t\t\t<\/div>\n\t\t\t\t<div class=\"elementor-element elementor-element-3466c4d2 elementor-widget elementor-widget-text-editor\" data-id=\"3466c4d2\" data-element_type=\"widget\" data-widget_type=\"text-editor.default\">\n\t\t\t\t<div class=\"elementor-widget-container\">\n\t\t\t\t\t\t\t<p style=\"font-weight: 400;\">Dana 4. juna 2024. godine, predstavnici \u0160vajcarske razvojne saradnje (SDC) na Kosovu odr\u017eali su klju\u010dne sastanke u Glogovcu i Prizrenu, sa fokusom na prava pacijenata, osna\u017eivanje i zdravstveni sistem usredsre\u0111en na pacijente.<\/p><p style=\"font-weight: 400;\">U Glavnom centru porodi\u010dne medicine (GCPM) u Glogovcu, razgovori sa direktorom Ismetom Bogiqij-em, op\u0161tinskim direktorom zdravstva Lumnije Krapi i predsedavaju\u0107im Saveta pacijenata Kadire Tahiraj istakli su sveobuhvatnu podr\u0161ku koju SDC pru\u017ea kroz projekat \"Pristupa\u010dna i kvalitetna zdravstvena za\u0161tita (AQH)\", koji obuhvata infrastrukturu nadogradnje, izgradnju kapaciteta i programe promocije zdravlja. Posebno je nagla\u0161eno uspostavljanje Saveta pacijenata kao vitalni element u pobolj\u0161anju brige o pacijentima.<\/p><p style=\"font-weight: 400;\">U Prizrenu, predstavnici SDC-a Laurent Torche, Merita Mustafa i Nicholas Jenny odr\u017eali su sastanke sa odborom i \u010dlanovima Udru\u017eenja za prava pacijenata Kosova (PRAK). Diskusije su bile fokusirane na istoriju PRAK-a, njegov teku\u0107i rad i institucionalnu transformaciju kroz koju prolazi u saradnji sa IHS projektom. Ovo partnerstvo ima za cilj da oja\u010da ulogu PRAK-a kao branioca prava pacijenata, pro\u0161iri svoju mre\u017eu organizacija koje promovi\u0161u zdravstvenu za\u0161titu usmerenu na pacijenta i u\u010dvrsti ga kao zna\u010dajnog regionalnog aktera.<\/p><p style=\"font-weight: 400;\">Besim Kodra iz PRAK-a potvrdio je njihovu misiju, rekav\u0161i: \u201eNastojimo u na\u0161oj misiji: da za\u0161titimo prava pacijenata!\u201d<\/p>\t\t\t\t\t\t<\/div>\n\t\t\t\t<\/div>\n\t\t\t\t\t<\/div>\n\t\t\t\t<\/div>\n\t\t\t\t<\/div>","protected":false},"excerpt":{"rendered":"<p>Committed to a Patient-Centered Health System in Kosovo On 4 June 2024, representatives from the Swiss Development Cooperation (SDC) in Kosovo held key meetings in Drenas and Prizren, centred on patient rights, empowerment, and a patient-centric health system. At the Main Family Medicine Centre (MFMC) in Drenas, discussions with Director Ismet Bogiqi, Municipal Health Director [&hellip;]<\/p>","protected":false},"author":1,"featured_media":0,"parent":0,"menu_order":0,"comment_status":"closed","ping_status":"closed","template":"","meta":[],"_links":{"self":[{"href":"https:\/\/ihsproject.org\/sr\/wp-json\/wp\/v2\/pages\/13634"}],"collection":[{"href":"https:\/\/ihsproject.org\/sr\/wp-json\/wp\/v2\/pages"}],"about":[{"href":"https:\/\/ihsproject.org\/sr\/wp-json\/wp\/v2\/types\/page"}],"author":[{"embeddable":true,"href":"https:\/\/ihsproject.org\/sr\/wp-json\/wp\/v2\/users\/1"}],"replies":[{"embeddable":true,"href":"https:\/\/ihsproject.org\/sr\/wp-json\/wp\/v2\/comments?post=13634"}],"version-history":[{"count":4,"href":"https:\/\/ihsproject.org\/sr\/wp-json\/wp\/v2\/pages\/13634\/revisions"}],"predecessor-version":[{"id":13641,"href":"https:\/\/ihsproject.org\/sr\/wp-json\/wp\/v2\/pages\/13634\/revisions\/13641"}],"wp:attachment":[{"href":"https:\/\/ihsproject.org\/sr\/wp-json\/wp\/v2\/media?parent=13634"}],"curies":[{"name":"wp","href":"https:\/\/api.w.org\/{rel}","templated":true}]}}