{"id":13600,"date":"2024-05-27T13:27:24","date_gmt":"2024-05-27T13:27:24","guid":{"rendered":"https:\/\/ihsproject.org\/?page_id=13600"},"modified":"2024-05-27T13:28:55","modified_gmt":"2024-05-27T13:28:55","slug":"may-27-2024","status":"publish","type":"page","link":"https:\/\/ihsproject.org\/sr\/may-27-2024\/","title":{"rendered":"27 Maja, 2024"},"content":{"rendered":"<div data-elementor-type=\"wp-page\" data-elementor-id=\"13600\" class=\"elementor elementor-13600\">\n\t\t\t\t<div class=\"elementor-element elementor-element-634e9a85 e-flex e-con-boxed e-con e-parent\" data-id=\"634e9a85\" data-element_type=\"container\" data-core-v316-plus=\"true\">\n\t\t\t\t\t<div class=\"e-con-inner\">\n\t\t\t\t<div class=\"elementor-element elementor-element-55048df8 elementor-widget elementor-widget-image\" data-id=\"55048df8\" data-element_type=\"widget\" data-widget_type=\"image.default\">\n\t\t\t\t<div class=\"elementor-widget-container\">\n\t\t\t\t\t\t\t\t\t\t\t\t\t<img fetchpriority=\"high\" decoding=\"async\" width=\"2560\" height=\"1440\" src=\"https:\/\/ihsproject.org\/wp-content\/uploads\/2024\/05\/20240523_094141-scaled.jpg\" class=\"attachment-full size-full wp-image-13603\" alt=\"\" srcset=\"https:\/\/ihsproject.org\/wp-content\/uploads\/2024\/05\/20240523_094141-scaled.jpg 2560w, https:\/\/ihsproject.org\/wp-content\/uploads\/2024\/05\/20240523_094141-300x169.jpg 300w, https:\/\/ihsproject.org\/wp-content\/uploads\/2024\/05\/20240523_094141-1024x576.jpg 1024w, https:\/\/ihsproject.org\/wp-content\/uploads\/2024\/05\/20240523_094141-768x432.jpg 768w, https:\/\/ihsproject.org\/wp-content\/uploads\/2024\/05\/20240523_094141-1536x864.jpg 1536w, https:\/\/ihsproject.org\/wp-content\/uploads\/2024\/05\/20240523_094141-2048x1152.jpg 2048w, https:\/\/ihsproject.org\/wp-content\/uploads\/2024\/05\/20240523_094141-18x10.jpg 18w\" sizes=\"(max-width: 2560px) 100vw, 2560px\" \/>\t\t\t\t\t\t\t\t\t\t\t\t\t<\/div>\n\t\t\t\t<\/div>\n\t\t\t\t\t<\/div>\n\t\t\t\t<\/div>\n\t\t<div class=\"elementor-element elementor-element-7934b597 e-flex e-con-boxed e-con e-parent\" data-id=\"7934b597\" data-element_type=\"container\" data-core-v316-plus=\"true\">\n\t\t\t\t\t<div class=\"e-con-inner\">\n\t\t\t\t<div class=\"elementor-element elementor-element-3e19a69 elementor-widget elementor-widget-heading\" data-id=\"3e19a69\" data-element_type=\"widget\" data-widget_type=\"heading.default\">\n\t\t\t\t<div class=\"elementor-widget-container\">\n\t\t\t<h2 class=\"elementor-heading-title elementor-size-default\">OTT konferencija 2024 u Barseloni: Thinks Tanks u slu\u017ebi zajednica <\/h2>\t\t<\/div>\n\t\t\t\t<\/div>\n\t\t\t\t<div class=\"elementor-element elementor-element-7d3822db elementor-widget elementor-widget-text-editor\" data-id=\"7d3822db\" data-element_type=\"widget\" data-widget_type=\"text-editor.default\">\n\t\t\t\t<div class=\"elementor-widget-container\">\n\t\t\t\t\t\t\t<p><span style=\"font-weight: 400;\">Predstavnici projekta integrisanih zdravstvenih usluga (IHS) na Kosovu prisustvovali su konferenciji \"Think Tanks i njihove zajednice\" u Barseloni od 21. do 23. maja 2024. Doga\u0111aj u organizaciji On Think Tanks-a izazvao je \u017eivahne diskusije o evoluciji uloga think tank-ova u izgradnji i podsticanju zajednica, istra\u017euju\u0107i kako mogu premostiti jaz izme\u0111u istra\u017eivanja, politike i javnosti.<\/span><\/p><p><span style=\"font-weight: 400;\">Konferencija je naglasila potrebu da se think tank-ovi posmatraju kao \u010dlanovi zajednice od poverenja, a ne samo kao elitne institucije. U uvodnim govorima, razli\u010ditim sesijama i diskusijama nagla\u0161ena je neophodnost integracije razli\u010ditih disciplina i uklju\u010divanje perspektiva iz vi\u0161e zajednica. Nagla\u0161eno je da istinski napredak dolazi kada think tank-ovi prihvate svoju ulogu fasilitatora i saradnika, rade\u0107i zajedno sa zajednicama kako bi premostili jaz izme\u0111u istra\u017eivanja i politike.<\/span><\/p><p><span style=\"font-weight: 400;\">\u201eOTT konferencija je bila odli\u010dna prilika za sticanje uvida od globalnih stru\u010dnjaka u polju think tank-a. Na\u0161 cilj je da ovo znanje primenimo na zdravstveni sektor na Kosovu podsticanjem saradnje zajednice i direktnim anga\u017eovanjem sa zajednicama kojima slu\u017eimo. Cilj nam je da stvorimo inkluzivniji i integrisaniji sistem zdravstvene za\u0161tite na Kosovu\u201c, rekla je Linda Baleta, vi\u0161i slu\u017ebenik za zagovaranje u IHS projektu.<\/span><\/p>\t\t\t\t\t\t<\/div>\n\t\t\t\t<\/div>\n\t\t\t\t\t<\/div>\n\t\t\t\t<\/div>\n\t\t\t\t<\/div>","protected":false},"excerpt":{"rendered":"<p>OTT Conference 2024 in Barcelona: Thinks Tanks Serving Communities Representatives of the Integrated Health Services (IHS) project in Kosovo attended the &#8220;Think Tanks and Their Communities&#8221; conference in Barcelona from 21-23 May 2024. Organized by On Think Tanks, the event sparked vibrant discussions on the evolving roles of think tanks in building and fostering communities, [&hellip;]<\/p>","protected":false},"author":1,"featured_media":0,"parent":0,"menu_order":0,"comment_status":"closed","ping_status":"closed","template":"","meta":[],"_links":{"self":[{"href":"https:\/\/ihsproject.org\/sr\/wp-json\/wp\/v2\/pages\/13600"}],"collection":[{"href":"https:\/\/ihsproject.org\/sr\/wp-json\/wp\/v2\/pages"}],"about":[{"href":"https:\/\/ihsproject.org\/sr\/wp-json\/wp\/v2\/types\/page"}],"author":[{"embeddable":true,"href":"https:\/\/ihsproject.org\/sr\/wp-json\/wp\/v2\/users\/1"}],"replies":[{"embeddable":true,"href":"https:\/\/ihsproject.org\/sr\/wp-json\/wp\/v2\/comments?post=13600"}],"version-history":[{"count":4,"href":"https:\/\/ihsproject.org\/sr\/wp-json\/wp\/v2\/pages\/13600\/revisions"}],"predecessor-version":[{"id":13607,"href":"https:\/\/ihsproject.org\/sr\/wp-json\/wp\/v2\/pages\/13600\/revisions\/13607"}],"wp:attachment":[{"href":"https:\/\/ihsproject.org\/sr\/wp-json\/wp\/v2\/media?parent=13600"}],"curies":[{"name":"wp","href":"https:\/\/api.w.org\/{rel}","templated":true}]}}