{"id":13564,"date":"2024-05-27T13:08:56","date_gmt":"2024-05-27T13:08:56","guid":{"rendered":"https:\/\/ihsproject.org\/?page_id=13564"},"modified":"2024-05-27T13:16:44","modified_gmt":"2024-05-27T13:16:44","slug":"may-24-2024","status":"publish","type":"page","link":"https:\/\/ihsproject.org\/sr\/may-24-2024\/","title":{"rendered":"24 Maja, 2024"},"content":{"rendered":"<div data-elementor-type=\"wp-page\" data-elementor-id=\"13564\" class=\"elementor elementor-13564\">\n\t\t\t\t<div class=\"elementor-element elementor-element-5c024ddd e-flex e-con-boxed e-con e-parent\" data-id=\"5c024ddd\" data-element_type=\"container\" data-core-v316-plus=\"true\">\n\t\t\t\t\t<div class=\"e-con-inner\">\n\t\t\t\t<div class=\"elementor-element elementor-element-3010aa48 elementor-widget elementor-widget-image\" data-id=\"3010aa48\" data-element_type=\"widget\" data-widget_type=\"image.default\">\n\t\t\t\t<div class=\"elementor-widget-container\">\n\t\t\t\t\t\t\t\t\t\t\t\t\t<img fetchpriority=\"high\" decoding=\"async\" width=\"2048\" height=\"1365\" src=\"https:\/\/ihsproject.org\/wp-content\/uploads\/2024\/05\/2024-05-27-PRAK-Poland.jpg\" class=\"attachment-full size-full wp-image-13567\" alt=\"\" srcset=\"https:\/\/ihsproject.org\/wp-content\/uploads\/2024\/05\/2024-05-27-PRAK-Poland.jpg 2048w, https:\/\/ihsproject.org\/wp-content\/uploads\/2024\/05\/2024-05-27-PRAK-Poland-300x200.jpg 300w, https:\/\/ihsproject.org\/wp-content\/uploads\/2024\/05\/2024-05-27-PRAK-Poland-1024x683.jpg 1024w, https:\/\/ihsproject.org\/wp-content\/uploads\/2024\/05\/2024-05-27-PRAK-Poland-768x512.jpg 768w, https:\/\/ihsproject.org\/wp-content\/uploads\/2024\/05\/2024-05-27-PRAK-Poland-1536x1024.jpg 1536w, https:\/\/ihsproject.org\/wp-content\/uploads\/2024\/05\/2024-05-27-PRAK-Poland-18x12.jpg 18w\" sizes=\"(max-width: 2048px) 100vw, 2048px\" \/>\t\t\t\t\t\t\t\t\t\t\t\t\t<\/div>\n\t\t\t\t<\/div>\n\t\t\t\t\t<\/div>\n\t\t\t\t<\/div>\n\t\t<div class=\"elementor-element elementor-element-1cbce5b e-flex e-con-boxed e-con e-parent\" data-id=\"1cbce5b\" data-element_type=\"container\" data-core-v316-plus=\"true\">\n\t\t\t\t\t<div class=\"e-con-inner\">\n\t\t\t\t<div class=\"elementor-element elementor-element-6dbc6656 elementor-widget elementor-widget-heading\" data-id=\"6dbc6656\" data-element_type=\"widget\" data-widget_type=\"heading.default\">\n\t\t\t\t<div class=\"elementor-widget-container\">\n\t\t\t<h2 class=\"elementor-heading-title elementor-size-default\">Udru\u017eenje za prava pacijenata Kosova posetilo Poljsku radi razmene najboljih praksi<\/h2>\t\t<\/div>\n\t\t\t\t<\/div>\n\t\t\t\t<div class=\"elementor-element elementor-element-2f2eb682 elementor-widget elementor-widget-text-editor\" data-id=\"2f2eb682\" data-element_type=\"widget\" data-widget_type=\"text-editor.default\">\n\t\t\t\t<div class=\"elementor-widget-container\">\n\t\t\t\t\t\t\t<p><span style=\"font-weight: 400;\">U maju 2024. godine, predstavnici Udru\u017eenja za prava pacijenata na Kosovu (PRAK), zajedno sa Udru\u017eenjem dijabeti\u010dara iz Pe\u0107i i Udru\u017eenjem za hemofiliju Kosova, posetili su Poljsku kako bi razmenili znanja i najbolje prakse o pravima pacijenata i upravljanju zdravstvenom za\u0161titom. Ova poseta, vo\u0111ena od strane IHS projekta, ima za cilj da pro\u0161iri kapacitete organizacija pacijenata na Kosovu i oja\u010da njihovu saradnju.<\/span><\/p><p><span style=\"font-weight: 400;\">Prvog dana delegaciju je do\u010dekao zamenik ministra zdravlja Poljske, gospodin Marek Kos, kako bi razgovarali o saradnji sa organizacijama pacijenata. Poseta je uklju\u010divala i sastanak sa Savetom organizacija pacijenata, koje je osnovalo poljsko Ministarstvo zdravlja, pri \u010demu je delegacija posmatrala inicijative za osna\u017eivanje poljskih pacijenata u zdravstvenim slu\u017ebama.<\/span><\/p><p><span style=\"font-weight: 400;\">Predstavnici Kosova su se tako\u0111e sastali sa poljskim ombudsmanom za prava pacijenata, g. Jaros\u0142aw-om Fiks-om, i istra\u017eili postoje\u0107e mehanizme za pra\u0107enje prava pacijenata. Gospodin Jakub Adamski, direktor Odeljenja za saradnju, istakao je va\u017enost partnerstva nevladinih organizacija i predstavio ulogu ombudsmana u pru\u017eanju pomo\u0107i pacijentima.<\/span><\/p><p><span style=\"font-weight: 400;\">Tre\u0107eg dana odr\u017ean je sastanak sa Udru\u017eenjem dijabeti\u010dara Poljske i organizovana je poseta Centru za azil. Ovi anga\u017emani su pru\u017eili uvid u organizacione metode i kampanje podizanja svesti zajednice, nude\u0107i dragocene mogu\u0107nosti kosovskim udru\u017eenjima da razmene iskustva i unaprede sopstvene aktivnosti u zajednici.<\/span><\/p><p><span style=\"font-weight: 400;\">\u201eOva poseta Poljskoj bila je veoma dragocena za na\u0161e organizacije. Omogu\u0107ila nam je da razmenimo kriti\u010dne uvide i najbolje prakse sa na\u0161im poljskim kolegama, pove\u0107avaju\u0107i na\u0161u sposobnost da se zala\u017eemo za prava pacijenata i pobolj\u0161amo zdravstvene usluge na Kosovu. Ste\u010deno znanje i odnosi izgra\u0111eni ovde \u0107e nesumnjivo oja\u010dati na\u0161e napore da osna\u017eimo pacijente i osiguramo da se njihov glas \u010duje u zdravstvenom sistemu\u201c, rekao je Agron Bytyqi, \u010dlan odbora PRAK-a.\u00a0<\/span><\/p><p><span style=\"font-weight: 400;\">Ova poseta predstavlja zna\u010dajan korak u ja\u010danju me\u0111unarodne saradnje i pobolj\u0161anju zastupanja prava pacijenata za kosovske organizacije. <\/span><\/p>\t\t\t\t\t\t<\/div>\n\t\t\t\t<\/div>\n\t\t\t\t\t<\/div>\n\t\t\t\t<\/div>\n\t\t\t\t<\/div>","protected":false},"excerpt":{"rendered":"<p>Patient Rights Association of Kosovo Visits Poland to Exchange Best Practices In May 2024, representatives from the Patient Rights Association in Kosovo (PRAK), along with the Diabetes Association of Peja and the Hemophilia Association of Kosovo, visited Poland to exchange knowledge and best practices on patient rights and healthcare management. This visit, facilitated by the [&hellip;]<\/p>","protected":false},"author":1,"featured_media":0,"parent":0,"menu_order":0,"comment_status":"closed","ping_status":"closed","template":"","meta":[],"_links":{"self":[{"href":"https:\/\/ihsproject.org\/sr\/wp-json\/wp\/v2\/pages\/13564"}],"collection":[{"href":"https:\/\/ihsproject.org\/sr\/wp-json\/wp\/v2\/pages"}],"about":[{"href":"https:\/\/ihsproject.org\/sr\/wp-json\/wp\/v2\/types\/page"}],"author":[{"embeddable":true,"href":"https:\/\/ihsproject.org\/sr\/wp-json\/wp\/v2\/users\/1"}],"replies":[{"embeddable":true,"href":"https:\/\/ihsproject.org\/sr\/wp-json\/wp\/v2\/comments?post=13564"}],"version-history":[{"count":6,"href":"https:\/\/ihsproject.org\/sr\/wp-json\/wp\/v2\/pages\/13564\/revisions"}],"predecessor-version":[{"id":13582,"href":"https:\/\/ihsproject.org\/sr\/wp-json\/wp\/v2\/pages\/13564\/revisions\/13582"}],"wp:attachment":[{"href":"https:\/\/ihsproject.org\/sr\/wp-json\/wp\/v2\/media?parent=13564"}],"curies":[{"name":"wp","href":"https:\/\/api.w.org\/{rel}","templated":true}]}}