{"id":13535,"date":"2024-05-13T14:04:32","date_gmt":"2024-05-13T14:04:32","guid":{"rendered":"https:\/\/ihsproject.org\/?page_id=13535"},"modified":"2024-05-13T14:05:37","modified_gmt":"2024-05-13T14:05:37","slug":"may-13-2024","status":"publish","type":"page","link":"https:\/\/ihsproject.org\/sr\/may-13-2024\/","title":{"rendered":"13 Maja, 2024"},"content":{"rendered":"<div data-elementor-type=\"wp-page\" data-elementor-id=\"13535\" class=\"elementor elementor-13535\">\n\t\t\t\t<div class=\"elementor-element elementor-element-c420edf e-flex e-con-boxed e-con e-parent\" data-id=\"c420edf\" data-element_type=\"container\" data-core-v316-plus=\"true\">\n\t\t\t\t\t<div class=\"e-con-inner\">\n\t\t\t\t<div class=\"elementor-element elementor-element-86bebed elementor-widget elementor-widget-image\" data-id=\"86bebed\" data-element_type=\"widget\" data-widget_type=\"image.default\">\n\t\t\t\t<div class=\"elementor-widget-container\">\n\t\t\t\t\t\t\t\t\t\t\t\t\t<img fetchpriority=\"high\" decoding=\"async\" width=\"1600\" height=\"900\" src=\"https:\/\/ihsproject.org\/wp-content\/uploads\/2024\/05\/IHS-and-PRAK-Sign-Institutional-Grant-Agreement.jpg\" class=\"attachment-full size-full wp-image-13533\" alt=\"\" srcset=\"https:\/\/ihsproject.org\/wp-content\/uploads\/2024\/05\/IHS-and-PRAK-Sign-Institutional-Grant-Agreement.jpg 1600w, https:\/\/ihsproject.org\/wp-content\/uploads\/2024\/05\/IHS-and-PRAK-Sign-Institutional-Grant-Agreement-300x169.jpg 300w, https:\/\/ihsproject.org\/wp-content\/uploads\/2024\/05\/IHS-and-PRAK-Sign-Institutional-Grant-Agreement-1024x576.jpg 1024w, https:\/\/ihsproject.org\/wp-content\/uploads\/2024\/05\/IHS-and-PRAK-Sign-Institutional-Grant-Agreement-768x432.jpg 768w, https:\/\/ihsproject.org\/wp-content\/uploads\/2024\/05\/IHS-and-PRAK-Sign-Institutional-Grant-Agreement-1536x864.jpg 1536w, https:\/\/ihsproject.org\/wp-content\/uploads\/2024\/05\/IHS-and-PRAK-Sign-Institutional-Grant-Agreement-18x10.jpg 18w\" sizes=\"(max-width: 1600px) 100vw, 1600px\" \/>\t\t\t\t\t\t\t\t\t\t\t\t\t<\/div>\n\t\t\t\t<\/div>\n\t\t\t\t\t<\/div>\n\t\t\t\t<\/div>\n\t\t<div class=\"elementor-element elementor-element-d088f4c e-flex e-con-boxed e-con e-parent\" data-id=\"d088f4c\" data-element_type=\"container\" data-core-v316-plus=\"true\">\n\t\t\t\t\t<div class=\"e-con-inner\">\n\t\t\t\t<div class=\"elementor-element elementor-element-301d66d elementor-widget elementor-widget-heading\" data-id=\"301d66d\" data-element_type=\"widget\" data-widget_type=\"heading.default\">\n\t\t\t\t<div class=\"elementor-widget-container\">\n\t\t\t<h2 class=\"elementor-heading-title elementor-size-default\">IHS i PRAK potpisali institucionalni sporazum o grantu <\/h2>\t\t<\/div>\n\t\t\t\t<\/div>\n\t\t\t\t<div class=\"elementor-element elementor-element-2dd94a6 elementor-widget elementor-widget-text-editor\" data-id=\"2dd94a6\" data-element_type=\"widget\" data-widget_type=\"text-editor.default\">\n\t\t\t\t<div class=\"elementor-widget-container\">\n\t\t\t\t\t\t\t<p>Dana 13. maja 2024., projekat integrisanih zdravstvenih usluga (IHS) i Udru\u017eenje za prava pacijenata Kosova (PRAK) potpisali su institucionalni grant \u010diji je cilj transformacija PRAK-a u odr\u017eivu i inkluzivniju organizaciju.<span class=\"Apple-converted-space\">\u00a0<\/span><\/p><p>Grant \u0107e PRAK-u osigurati potrebne resurse za realizaciju organizacionog restrukturiranja, pro\u0161irenje kapaciteta i dalje pove\u0107anje javnog profila i umre\u017eavanje. Takva transformacija ima za cilj da podr\u017ei PRAK u njegovoj misiji nege usredsre\u0111ene na pacijenta u zdravstvenom sistemu Kosova.<\/p><p>\u201eDanas je klju\u010dni trenutak za PRAK jer zapo\u010dinjemo transformacioni put ka odr\u017eivosti i ve\u0107em uticaju\u201c, rekao je Besim Kodra, programski menad\u017eer PRAK-a. \"Uz podr\u0161ku IHS-a, spremni smo za unapre\u0111enje na\u0161e strukture i programa, osiguravaju\u0107i da na\u0161a posve\u0107enost zagovaranju prava pacijenata ostane jaka.\"<\/p><p>IHS se obavezao da \u0107e podr\u017eavati PRAK kroz jasne i merljive korake dizajnirane da pove\u0107aju operativnu efikasnost i transparentnost. Ovo uklju\u010duje podsticanje partnerstva sa drugim organizacijama kako bi se iskoristili resursi i stru\u010dnost, diverzifikovali glasovi pacijenata i ja\u010dali napori zagovaranja.<\/p><p>Ovaj sporazum ozna\u010dava strate\u0161ki korak ka daljem ja\u010danju PRAK-a s njegovim fokusom koji ostaje na pobolj\u0161anju ishoda zdravstvene za\u0161tite i zagovaranju prava i potreba pacijenata \u0161irom zemlje\u201d, rekao je dr. Ilir Mecini, zamenik lidera tima IHS-a.<span class=\"Apple-converted-space\">\u00a0<\/span><\/p>\t\t\t\t\t\t<\/div>\n\t\t\t\t<\/div>\n\t\t\t\t\t<\/div>\n\t\t\t\t<\/div>\n\t\t\t\t<\/div>","protected":false},"excerpt":{"rendered":"<p>IHS and PRAK Sign Institutional Grant Agreement On 13 May 2024, the Integrated Health Services (IHS) project and the Patients\u2019 Rights Association of Kosovo (PRAK) signed an institutional grant aimed at transforming PRAK into a sustainable and more inclusive organization.\u00a0 The grant will provide PRAK with the necessary resources to implement organizational restructuring, expand capacities, [&hellip;]<\/p>","protected":false},"author":1,"featured_media":0,"parent":0,"menu_order":0,"comment_status":"closed","ping_status":"closed","template":"","meta":[],"_links":{"self":[{"href":"https:\/\/ihsproject.org\/sr\/wp-json\/wp\/v2\/pages\/13535"}],"collection":[{"href":"https:\/\/ihsproject.org\/sr\/wp-json\/wp\/v2\/pages"}],"about":[{"href":"https:\/\/ihsproject.org\/sr\/wp-json\/wp\/v2\/types\/page"}],"author":[{"embeddable":true,"href":"https:\/\/ihsproject.org\/sr\/wp-json\/wp\/v2\/users\/1"}],"replies":[{"embeddable":true,"href":"https:\/\/ihsproject.org\/sr\/wp-json\/wp\/v2\/comments?post=13535"}],"version-history":[{"count":4,"href":"https:\/\/ihsproject.org\/sr\/wp-json\/wp\/v2\/pages\/13535\/revisions"}],"predecessor-version":[{"id":13540,"href":"https:\/\/ihsproject.org\/sr\/wp-json\/wp\/v2\/pages\/13535\/revisions\/13540"}],"wp:attachment":[{"href":"https:\/\/ihsproject.org\/sr\/wp-json\/wp\/v2\/media?parent=13535"}],"curies":[{"name":"wp","href":"https:\/\/api.w.org\/{rel}","templated":true}]}}