{"id":13502,"date":"2024-04-30T15:48:20","date_gmt":"2024-04-30T15:48:20","guid":{"rendered":"https:\/\/ihsproject.org\/?page_id=13502"},"modified":"2024-04-30T15:49:42","modified_gmt":"2024-04-30T15:49:42","slug":"april-30-2024","status":"publish","type":"page","link":"https:\/\/ihsproject.org\/sr\/april-30-2024\/","title":{"rendered":"30 April, 2024"},"content":{"rendered":"<div data-elementor-type=\"wp-page\" data-elementor-id=\"13502\" class=\"elementor elementor-13502\">\n\t\t\t\t<div class=\"elementor-element elementor-element-3ff59ebb e-flex e-con-boxed e-con e-parent\" data-id=\"3ff59ebb\" data-element_type=\"container\" data-core-v316-plus=\"true\">\n\t\t\t\t\t<div class=\"e-con-inner\">\n\t\t\t\t<div class=\"elementor-element elementor-element-f90bcdb elementor-widget elementor-widget-image\" data-id=\"f90bcdb\" data-element_type=\"widget\" data-widget_type=\"image.default\">\n\t\t\t\t<div class=\"elementor-widget-container\">\n\t\t\t\t\t\t\t\t\t\t\t\t\t<img fetchpriority=\"high\" decoding=\"async\" width=\"2560\" height=\"1707\" src=\"https:\/\/ihsproject.org\/wp-content\/uploads\/2024\/04\/ENIS4828-scaled.jpg\" class=\"attachment-full size-full wp-image-13504\" alt=\"\" srcset=\"https:\/\/ihsproject.org\/wp-content\/uploads\/2024\/04\/ENIS4828-scaled.jpg 2560w, https:\/\/ihsproject.org\/wp-content\/uploads\/2024\/04\/ENIS4828-300x200.jpg 300w, https:\/\/ihsproject.org\/wp-content\/uploads\/2024\/04\/ENIS4828-1024x683.jpg 1024w, https:\/\/ihsproject.org\/wp-content\/uploads\/2024\/04\/ENIS4828-768x512.jpg 768w, https:\/\/ihsproject.org\/wp-content\/uploads\/2024\/04\/ENIS4828-1536x1024.jpg 1536w, https:\/\/ihsproject.org\/wp-content\/uploads\/2024\/04\/ENIS4828-2048x1365.jpg 2048w, https:\/\/ihsproject.org\/wp-content\/uploads\/2024\/04\/ENIS4828-18x12.jpg 18w\" sizes=\"(max-width: 2560px) 100vw, 2560px\" \/>\t\t\t\t\t\t\t\t\t\t\t\t\t<\/div>\n\t\t\t\t<\/div>\n\t\t\t\t\t<\/div>\n\t\t\t\t<\/div>\n\t\t<div class=\"elementor-element elementor-element-33566beb e-flex e-con-boxed e-con e-parent\" data-id=\"33566beb\" data-element_type=\"container\" data-core-v316-plus=\"true\">\n\t\t\t\t\t<div class=\"e-con-inner\">\n\t\t\t\t<div class=\"elementor-element elementor-element-589c820d elementor-widget elementor-widget-heading\" data-id=\"589c820d\" data-element_type=\"widget\" data-widget_type=\"heading.default\">\n\t\t\t\t<div class=\"elementor-widget-container\">\n\t\t\t<h2 class=\"elementor-heading-title elementor-size-default\">Saziva se trec\u0301i sastanak Upravnog odbora IHS projekta <\/h2>\t\t<\/div>\n\t\t\t\t<\/div>\n\t\t\t\t<div class=\"elementor-element elementor-element-6ab604b3 elementor-widget elementor-widget-text-editor\" data-id=\"6ab604b3\" data-element_type=\"widget\" data-widget_type=\"text-editor.default\">\n\t\t\t\t<div class=\"elementor-widget-container\">\n\t\t\t\t\t\t\t<p><span style=\"font-weight: 400;\">Upravni odbor projekta integrisanih zdravstvenih usluga (IHS) sastao se 30. aprila 2024. kako bi analizirao napredak projekta u prvoj godini i razgovarao o aktivnostima planiranim za naredni period. Sastanak su otvorili g-din Laurent Torche, zamenik \u0161efa \u0160vajcarske kancelarije za saradnju na Kosovu, i dr Naim Bardiki, generalni sekretar Ministarstva zdravlja.\u00a0<\/span><\/p><p><span style=\"font-weight: 400;\">Nakon detaljnih prezentacija tehni\u010dkog tima IHS projekata o aktivnostima sprovedenim u 2023. godini i dosada\u0161njem uticaju, kao i diskusije o predstavljenom materijalu, \u010dlanovi Upravnog odbora jednoglasno su usvojili Godi\u0161nji izve\u0161taj o napretku za 2023. godinu.\u00a0<\/span><\/p><p><span style=\"font-weight: 400;\">U svom izlaganju, dr Bardiki je cenio pristup IHS projekta, koji je u potpunosti uskla\u0111en sa nacionalnom zdravstvenom strategijom i politikom, koji funkcioni\u0161e u sinergiji sa svim partnerskim institucijama i njihovim potrebama.\u00a0<\/span><\/p><p><span style=\"font-weight: 400;\">Sastanak je zaklju\u010den konkretnim planovima za buduc\u0301e akcije, nagla\u0161avajuc\u0301i sna\u017ean put projekta napred.<\/span><\/p>\t\t\t\t\t\t<\/div>\n\t\t\t\t<\/div>\n\t\t\t\t\t<\/div>\n\t\t\t\t<\/div>\n\t\t\t\t<\/div>","protected":false},"excerpt":{"rendered":"<p>IHS Project Third Steering Committee Meeting Convenes On 30 April 2024, the Steering Committee of the Integrated Health Services (IHS) project met to analyse the project\u2019s progress in the first year, and discuss the activities planned for the following period. Mr. Laurent Torche, Deputy Head of Swiss Cooperation Office in Kosovo, and Dr. Naim Bardiqi, [&hellip;]<\/p>","protected":false},"author":1,"featured_media":0,"parent":0,"menu_order":0,"comment_status":"closed","ping_status":"closed","template":"","meta":[],"_links":{"self":[{"href":"https:\/\/ihsproject.org\/sr\/wp-json\/wp\/v2\/pages\/13502"}],"collection":[{"href":"https:\/\/ihsproject.org\/sr\/wp-json\/wp\/v2\/pages"}],"about":[{"href":"https:\/\/ihsproject.org\/sr\/wp-json\/wp\/v2\/types\/page"}],"author":[{"embeddable":true,"href":"https:\/\/ihsproject.org\/sr\/wp-json\/wp\/v2\/users\/1"}],"replies":[{"embeddable":true,"href":"https:\/\/ihsproject.org\/sr\/wp-json\/wp\/v2\/comments?post=13502"}],"version-history":[{"count":4,"href":"https:\/\/ihsproject.org\/sr\/wp-json\/wp\/v2\/pages\/13502\/revisions"}],"predecessor-version":[{"id":13508,"href":"https:\/\/ihsproject.org\/sr\/wp-json\/wp\/v2\/pages\/13502\/revisions\/13508"}],"wp:attachment":[{"href":"https:\/\/ihsproject.org\/sr\/wp-json\/wp\/v2\/media?parent=13502"}],"curies":[{"name":"wp","href":"https:\/\/api.w.org\/{rel}","templated":true}]}}