{"id":13472,"date":"2024-04-22T19:39:51","date_gmt":"2024-04-22T19:39:51","guid":{"rendered":"https:\/\/ihsproject.org\/?page_id=13472"},"modified":"2024-04-22T19:42:09","modified_gmt":"2024-04-22T19:42:09","slug":"april-18-2024","status":"publish","type":"page","link":"https:\/\/ihsproject.org\/sr\/april-18-2024\/","title":{"rendered":"18 April, 2024"},"content":{"rendered":"<div data-elementor-type=\"wp-page\" data-elementor-id=\"13472\" class=\"elementor elementor-13472\">\n\t\t\t\t<div class=\"elementor-element elementor-element-9ec6fbf e-flex e-con-boxed e-con e-parent\" data-id=\"9ec6fbf\" data-element_type=\"container\" data-core-v316-plus=\"true\">\n\t\t\t\t\t<div class=\"e-con-inner\">\n\t\t\t\t<div class=\"elementor-element elementor-element-f752670 elementor-widget elementor-widget-image\" data-id=\"f752670\" data-element_type=\"widget\" data-widget_type=\"image.default\">\n\t\t\t\t<div class=\"elementor-widget-container\">\n\t\t\t\t\t\t\t\t\t\t\t\t\t<img fetchpriority=\"high\" decoding=\"async\" width=\"1600\" height=\"900\" src=\"https:\/\/ihsproject.org\/wp-content\/uploads\/2024\/04\/Marking_European_Patients_Rights_Day.jpg\" class=\"attachment-full size-full wp-image-13476\" alt=\"\" srcset=\"https:\/\/ihsproject.org\/wp-content\/uploads\/2024\/04\/Marking_European_Patients_Rights_Day.jpg 1600w, https:\/\/ihsproject.org\/wp-content\/uploads\/2024\/04\/Marking_European_Patients_Rights_Day-300x169.jpg 300w, https:\/\/ihsproject.org\/wp-content\/uploads\/2024\/04\/Marking_European_Patients_Rights_Day-1024x576.jpg 1024w, https:\/\/ihsproject.org\/wp-content\/uploads\/2024\/04\/Marking_European_Patients_Rights_Day-768x432.jpg 768w, https:\/\/ihsproject.org\/wp-content\/uploads\/2024\/04\/Marking_European_Patients_Rights_Day-1536x864.jpg 1536w, https:\/\/ihsproject.org\/wp-content\/uploads\/2024\/04\/Marking_European_Patients_Rights_Day-18x10.jpg 18w\" sizes=\"(max-width: 1600px) 100vw, 1600px\" \/>\t\t\t\t\t\t\t\t\t\t\t\t\t<\/div>\n\t\t\t\t<\/div>\n\t\t\t\t\t<\/div>\n\t\t\t\t<\/div>\n\t\t<div class=\"elementor-element elementor-element-db6d5f1 e-flex e-con-boxed e-con e-parent\" data-id=\"db6d5f1\" data-element_type=\"container\" data-core-v316-plus=\"true\">\n\t\t\t\t\t<div class=\"e-con-inner\">\n\t\t\t\t<div class=\"elementor-element elementor-element-b609396 elementor-widget elementor-widget-heading\" data-id=\"b609396\" data-element_type=\"widget\" data-widget_type=\"heading.default\">\n\t\t\t\t<div class=\"elementor-widget-container\">\n\t\t\t<h2 class=\"elementor-heading-title elementor-size-default\">Obele\u017eavanje Evropskog dana prava pacijenata<\/h2>\t\t<\/div>\n\t\t\t\t<\/div>\n\t\t\t\t<div class=\"elementor-element elementor-element-60abab4 elementor-widget elementor-widget-text-editor\" data-id=\"60abab4\" data-element_type=\"widget\" data-widget_type=\"text-editor.default\">\n\t\t\t\t<div class=\"elementor-widget-container\">\n\t\t\t\t\t\t\t<p>Pod temom \u201eIzaberite svog lekara, svako je u pravu\u201c, Udru\u017eenje za prava pacijenata Kosova (PRAK) obele\u017eilo je Evropski dan prava pacijenata okruglim stolom u Pri\u0161tini. PRAK je tako\u0111e predstavio svoje nalaze istra\u017eivanja o procesu izbora porodi\u010dnog lekara na Kosovu.<span class=\"Apple-converted-space\">\u00a0<\/span><\/p><p>\u201eIzbor lekara je va\u017ean za pacijenta. Porodi\u010dni lekar le\u010di pacijenta, prati njegovo zdravstveno stanje, odlu\u010duje da li im je potrebno dalje le\u010denje i usmerava pacijenta na vi\u0161e nivoe zdravstvene za\u0161tite\u201c, rekla je Fatmire Kollcaku, predsednica skup\u0161tinskog odbora za zdravstvo i socijalnu za\u0161titu.<\/p><p>Za zamenika ministra zdravlja dr Arsima Beri\u0161u, \u010dinjenica da su na okruglom stolu prisustvovali svi akteri je dobar pokazatelj da su prava pacijenata zajedni\u010dki cilj. \u201ePo\u0161tovanje i osna\u017eivanje uloge pacijenata da postanu donosioci odluka u zdravstvenim politikama, ali iu zdravstvenoj za\u0161titi je izuzetno va\u017eno, a pre svega dobra komunikacija izme\u0111u zdravstvenih radnika i pacijenata je od primarnog zna\u010daja\u201c, rekao je on.<span class=\"Apple-converted-space\">\u00a0<\/span><\/p><p>Okrugli sto su podr\u017eali IHS i AKH projekti kao deo njihove podr\u0161ke inicijativama za osna\u017eivanje pacijenata na Kosovu. <a href=\"https:\/\/tinyurl.com\/j9fvz6wx\">https:\/\/tinyurl.com\/j9fvz6wx<\/a><span class=\"Apple-converted-space\">\u00a0<\/span><\/p>\t\t\t\t\t\t<\/div>\n\t\t\t\t<\/div>\n\t\t\t\t\t<\/div>\n\t\t\t\t<\/div>\n\t\t\t\t<\/div>","protected":false},"excerpt":{"rendered":"<p>Marking European Patients\u2019 Rights Day With the theme \u201cChoosing Your Doctor, Everyone\u2019s Right\u201d, the Patients\u2019 Rights Association of Kosovo (PRAK) marked the European Patients\u2019 Rights Day with a roundtable discussion in Prishtina. PRAK also presented its findings of the survey on the selection of the family doctor process in Kosovo.\u00a0 \u201cThe choice of doctor is [&hellip;]<\/p>","protected":false},"author":1,"featured_media":0,"parent":0,"menu_order":0,"comment_status":"closed","ping_status":"closed","template":"","meta":[],"_links":{"self":[{"href":"https:\/\/ihsproject.org\/sr\/wp-json\/wp\/v2\/pages\/13472"}],"collection":[{"href":"https:\/\/ihsproject.org\/sr\/wp-json\/wp\/v2\/pages"}],"about":[{"href":"https:\/\/ihsproject.org\/sr\/wp-json\/wp\/v2\/types\/page"}],"author":[{"embeddable":true,"href":"https:\/\/ihsproject.org\/sr\/wp-json\/wp\/v2\/users\/1"}],"replies":[{"embeddable":true,"href":"https:\/\/ihsproject.org\/sr\/wp-json\/wp\/v2\/comments?post=13472"}],"version-history":[{"count":4,"href":"https:\/\/ihsproject.org\/sr\/wp-json\/wp\/v2\/pages\/13472\/revisions"}],"predecessor-version":[{"id":13479,"href":"https:\/\/ihsproject.org\/sr\/wp-json\/wp\/v2\/pages\/13472\/revisions\/13479"}],"wp:attachment":[{"href":"https:\/\/ihsproject.org\/sr\/wp-json\/wp\/v2\/media?parent=13472"}],"curies":[{"name":"wp","href":"https:\/\/api.w.org\/{rel}","templated":true}]}}