{"id":13457,"date":"2024-04-22T11:24:00","date_gmt":"2024-04-22T11:24:00","guid":{"rendered":"https:\/\/ihsproject.org\/?page_id=13457"},"modified":"2024-04-22T11:29:57","modified_gmt":"2024-04-22T11:29:57","slug":"april-22-2024","status":"publish","type":"page","link":"https:\/\/ihsproject.org\/sr\/april-22-2024\/","title":{"rendered":"22 April, 2024"},"content":{"rendered":"<div data-elementor-type=\"wp-page\" data-elementor-id=\"13457\" class=\"elementor elementor-13457\">\n\t\t\t\t<div class=\"elementor-element elementor-element-47e8bb8 e-flex e-con-boxed e-con e-parent\" data-id=\"47e8bb8\" data-element_type=\"container\" data-core-v316-plus=\"true\">\n\t\t\t\t\t<div class=\"e-con-inner\">\n\t\t\t\t<div class=\"elementor-element elementor-element-40e4329 elementor-widget elementor-widget-image\" data-id=\"40e4329\" data-element_type=\"widget\" data-widget_type=\"image.default\">\n\t\t\t\t<div class=\"elementor-widget-container\">\n\t\t\t\t\t\t\t\t\t\t\t\t\t<img fetchpriority=\"high\" decoding=\"async\" width=\"1600\" height=\"900\" src=\"https:\/\/ihsproject.org\/wp-content\/uploads\/2024\/04\/Journalists_to_Foster_Informed_Public_Discourse_on_Diabetes.jpg\" class=\"attachment-full size-full wp-image-13462\" alt=\"\" srcset=\"https:\/\/ihsproject.org\/wp-content\/uploads\/2024\/04\/Journalists_to_Foster_Informed_Public_Discourse_on_Diabetes.jpg 1600w, https:\/\/ihsproject.org\/wp-content\/uploads\/2024\/04\/Journalists_to_Foster_Informed_Public_Discourse_on_Diabetes-300x169.jpg 300w, https:\/\/ihsproject.org\/wp-content\/uploads\/2024\/04\/Journalists_to_Foster_Informed_Public_Discourse_on_Diabetes-1024x576.jpg 1024w, https:\/\/ihsproject.org\/wp-content\/uploads\/2024\/04\/Journalists_to_Foster_Informed_Public_Discourse_on_Diabetes-768x432.jpg 768w, https:\/\/ihsproject.org\/wp-content\/uploads\/2024\/04\/Journalists_to_Foster_Informed_Public_Discourse_on_Diabetes-1536x864.jpg 1536w, https:\/\/ihsproject.org\/wp-content\/uploads\/2024\/04\/Journalists_to_Foster_Informed_Public_Discourse_on_Diabetes-18x10.jpg 18w\" sizes=\"(max-width: 1600px) 100vw, 1600px\" \/>\t\t\t\t\t\t\t\t\t\t\t\t\t<\/div>\n\t\t\t\t<\/div>\n\t\t\t\t\t<\/div>\n\t\t\t\t<\/div>\n\t\t<div class=\"elementor-element elementor-element-f2369c0 e-flex e-con-boxed e-con e-parent\" data-id=\"f2369c0\" data-element_type=\"container\" data-core-v316-plus=\"true\">\n\t\t\t\t\t<div class=\"e-con-inner\">\n\t\t\t\t<div class=\"elementor-element elementor-element-5176048 elementor-widget elementor-widget-heading\" data-id=\"5176048\" data-element_type=\"widget\" data-widget_type=\"heading.default\">\n\t\t\t\t<div class=\"elementor-widget-container\">\n\t\t\t<h2 class=\"elementor-heading-title elementor-size-default\">Novinari da podsti\u010du informisani javni diskurs o dijabetesu<\/h2>\t\t<\/div>\n\t\t\t\t<\/div>\n\t\t\t\t<div class=\"elementor-element elementor-element-5688311 elementor-widget elementor-widget-text-editor\" data-id=\"5688311\" data-element_type=\"widget\" data-widget_type=\"text-editor.default\">\n\t\t\t\t<div class=\"elementor-widget-container\">\n\t\t\t\t\t\t\t<p>Od 19. do 20. aprila 2024. godine, preko dvadeset troje novinara u\u010destvovalo je u opse\u017enoj dvodnevnoj obuci s ciljem ja\u010danja njihovih kapaciteta za odgovorno izve\u0161tavanje o zdravstvenim pitanjima, posebno dijabetesu.<span class=\"Apple-converted-space\">\u00a0<\/span><\/p><p>\"Novinari slu\u017ee kao vitalni mostovi izme\u0111u slo\u017eenih zdravstvenih informacija i \u0161ire javnosti. Njihova uloga u pru\u017eanju ta\u010dnih i pronicljivih izve\u0161tavanja o zdravstvenim pitanjima ne mo\u017ee se preceniti,\" izjavio je Laurent Torche iz \u0160vajcarske agencije za razvoj i saradnju na Kosovu tokom svog uvodnog govora na program obuke.<\/p><p>Pod vo\u0111stvom iskusnog novinara i stru\u010dnjaka za zdravstvene komunikacije Sokol Shameti, obuka je pokrivala razli\u010dite teme uklju\u010duju\u0107i prevo\u0111enje medicinskog \u017eargona u razumljive vesti, odr\u017eavanje ta\u010dnosti i pouzdanosti u izve\u0161tavanju o zdravlju, evaluaciju izvora i razumevanje eti\u010dkih aspekata zdravstvenog novinarstva. U\u010desnici su podelili vlastita iskustva u izve\u0161tavanju o zdravstvenim temama, rasvetljavaju\u0107i pri\u010de iza naslova.<\/p><p>\u201eObuku \u0107e pratiti tri nagrade koje \u0107e biti uru\u010dene 14. novembra 2024., na Svetski dan dijabetesa, za priznanje izvanrednog izve\u0161tavanja o dijabetesu,\u201c najavio je Getoarb\u00eb Mulliqi iz Udru\u017eenja novinara Kosova. Cilj i obuke i nagrade je osna\u017eiti novinare da odgovorno koriste svoje platforme, koriste\u0107i novinarstvo kao alat za informisanje i edukaciju javnosti o dijabetesu i drugim zdravstvenim problemima.<\/p><p>Program obuke i nagra\u0111ivanja su organizovani od strane projekata integrisanih zdravstvenih usluga (IHS) i pristupa\u010dne kvalitetne zdravstvene za\u0161tite (AQH), obe zajedni\u010dke inicijative \u0160vajcarske agencije za razvoj i saradnju (SDC) i Ministarstva zdravlja Kosova. Obuka je organizovana u saradnji sa Udru\u017eenjem novinara Kosova.<span class=\"Apple-converted-space\">\u00a0<\/span><\/p>\t\t\t\t\t\t<\/div>\n\t\t\t\t<\/div>\n\t\t\t\t\t<\/div>\n\t\t\t\t<\/div>\n\t\t\t\t<\/div>","protected":false},"excerpt":{"rendered":"<p>Journalists to Foster Informed Public Discourse on Diabetes On 19 \u2013 20 April 2024, over twenty-three journalists engaged in a comprehensive two-day training session aimed at enhancing their capacity for responsible reporting on health issues, particularly diabetes.\u00a0 &#8220;Journalists serve as vital bridges between complex healthcare information and the general public. Their role in delivering accurate [&hellip;]<\/p>","protected":false},"author":1,"featured_media":0,"parent":0,"menu_order":0,"comment_status":"closed","ping_status":"closed","template":"","meta":[],"_links":{"self":[{"href":"https:\/\/ihsproject.org\/sr\/wp-json\/wp\/v2\/pages\/13457"}],"collection":[{"href":"https:\/\/ihsproject.org\/sr\/wp-json\/wp\/v2\/pages"}],"about":[{"href":"https:\/\/ihsproject.org\/sr\/wp-json\/wp\/v2\/types\/page"}],"author":[{"embeddable":true,"href":"https:\/\/ihsproject.org\/sr\/wp-json\/wp\/v2\/users\/1"}],"replies":[{"embeddable":true,"href":"https:\/\/ihsproject.org\/sr\/wp-json\/wp\/v2\/comments?post=13457"}],"version-history":[{"count":4,"href":"https:\/\/ihsproject.org\/sr\/wp-json\/wp\/v2\/pages\/13457\/revisions"}],"predecessor-version":[{"id":13465,"href":"https:\/\/ihsproject.org\/sr\/wp-json\/wp\/v2\/pages\/13457\/revisions\/13465"}],"wp:attachment":[{"href":"https:\/\/ihsproject.org\/sr\/wp-json\/wp\/v2\/media?parent=13457"}],"curies":[{"name":"wp","href":"https:\/\/api.w.org\/{rel}","templated":true}]}}