{"id":13442,"date":"2024-04-08T12:52:11","date_gmt":"2024-04-08T12:52:11","guid":{"rendered":"https:\/\/ihsproject.org\/?page_id=13442"},"modified":"2024-04-08T12:54:31","modified_gmt":"2024-04-08T12:54:31","slug":"april-8-2024","status":"publish","type":"page","link":"https:\/\/ihsproject.org\/sr\/april-8-2024\/","title":{"rendered":"08 April, 2024"},"content":{"rendered":"<div data-elementor-type=\"wp-page\" data-elementor-id=\"13442\" class=\"elementor elementor-13442\">\n\t\t\t\t<div class=\"elementor-element elementor-element-53045c2 e-flex e-con-boxed e-con e-parent\" data-id=\"53045c2\" data-element_type=\"container\" data-core-v316-plus=\"true\">\n\t\t\t\t\t<div class=\"e-con-inner\">\n\t\t\t\t<div class=\"elementor-element elementor-element-d479136 elementor-widget elementor-widget-image\" data-id=\"d479136\" data-element_type=\"widget\" data-widget_type=\"image.default\">\n\t\t\t\t<div class=\"elementor-widget-container\">\n\t\t\t\t\t\t\t\t\t\t\t\t\t<img fetchpriority=\"high\" decoding=\"async\" width=\"1600\" height=\"900\" src=\"https:\/\/ihsproject.org\/wp-content\/uploads\/2024\/04\/Second_International_Congress_of_Healthcare_Professionals_in_Kosovo_Wraps_Up.jpg\" class=\"attachment-full size-full wp-image-13446\" alt=\"\" srcset=\"https:\/\/ihsproject.org\/wp-content\/uploads\/2024\/04\/Second_International_Congress_of_Healthcare_Professionals_in_Kosovo_Wraps_Up.jpg 1600w, https:\/\/ihsproject.org\/wp-content\/uploads\/2024\/04\/Second_International_Congress_of_Healthcare_Professionals_in_Kosovo_Wraps_Up-300x169.jpg 300w, https:\/\/ihsproject.org\/wp-content\/uploads\/2024\/04\/Second_International_Congress_of_Healthcare_Professionals_in_Kosovo_Wraps_Up-1024x576.jpg 1024w, https:\/\/ihsproject.org\/wp-content\/uploads\/2024\/04\/Second_International_Congress_of_Healthcare_Professionals_in_Kosovo_Wraps_Up-768x432.jpg 768w, https:\/\/ihsproject.org\/wp-content\/uploads\/2024\/04\/Second_International_Congress_of_Healthcare_Professionals_in_Kosovo_Wraps_Up-1536x864.jpg 1536w, https:\/\/ihsproject.org\/wp-content\/uploads\/2024\/04\/Second_International_Congress_of_Healthcare_Professionals_in_Kosovo_Wraps_Up-18x10.jpg 18w\" sizes=\"(max-width: 1600px) 100vw, 1600px\" \/>\t\t\t\t\t\t\t\t\t\t\t\t\t<\/div>\n\t\t\t\t<\/div>\n\t\t\t\t\t<\/div>\n\t\t\t\t<\/div>\n\t\t<div class=\"elementor-element elementor-element-9cdfe31 e-flex e-con-boxed e-con e-parent\" data-id=\"9cdfe31\" data-element_type=\"container\" data-core-v316-plus=\"true\">\n\t\t\t\t\t<div class=\"e-con-inner\">\n\t\t\t\t<div class=\"elementor-element elementor-element-fd295cd elementor-widget elementor-widget-heading\" data-id=\"fd295cd\" data-element_type=\"widget\" data-widget_type=\"heading.default\">\n\t\t\t\t<div class=\"elementor-widget-container\">\n\t\t\t<h2 class=\"elementor-heading-title elementor-size-default\">Zavr\u0161ava se Drugi me\u0111unarodni kongres zdravstvenih radnika na Kosovu<\/h2>\t\t<\/div>\n\t\t\t\t<\/div>\n\t\t\t\t<div class=\"elementor-element elementor-element-98d6424 elementor-widget elementor-widget-text-editor\" data-id=\"98d6424\" data-element_type=\"widget\" data-widget_type=\"text-editor.default\">\n\t\t\t\t<div class=\"elementor-widget-container\">\n\t\t\t\t\t\t\t<p>Drugi me\u0111unarodni kongres zdravstvenih radnika pod nazivom \u201eUloga, zna\u010daj i izazovi u unapre\u0111enju profesionalne prakse zdravstvenih radnika\u201c organizovan je u Pri\u0161tini 05-06. aprila 2024. godine od strane Komore medicinskih sestara Kosova. Okupio je zdravstvene radnike iz regiona i sveta. Tokom rada predstavljeno je 45 nau\u010dnih radova sa nalazima iz oblasti zdravstva. Kongresu je prisustvovalo desetak hiljada medicinskih sestara, babica i drugih zdravstvenih radnika, kako fizi\u010dki tako i online.<span class=\"Apple-converted-space\">\u00a0<\/span><\/p><p>Doga\u0111aj je podr\u017ean od strane projekta Integrisane zdravstvene usluge (IHS) i projekta pristupa\u010dne kvalitetne zdravstvene za\u0161tite (AQH). Ispod je sa\u017eetak klju\u010dnih poruka iz govora koje je u ime oba projekta odr\u017eao Fekrije Hasani, vi\u0161i zdravstveni stru\u010dnjak, IHS.<\/p><p>***<\/p><p>Tema ovog kongresa obuhvata su\u0161tinu na\u0161e kolektivne misije. \u017deleo bih da istaknem tri klju\u010dna aspekta koji odjekuju sa na\u0161im doprinosom unapre\u0111enju zdravstvene za\u0161tite na Kosovu i \u0161irom sveta.<\/p><p>Pre svega, naglasimo klju\u010dnu ulogu medicinskih sestara u razvoju zdravstvene za\u0161tite za sve. Kao okosnica zdravstvenih sistema \u0161irom sveta, medicinske sestre pru\u017eaju osnovnu negu i stru\u010dnost pojedincima i zajednicama. Njihova uloga se\u017ee u domove i zajednice oblikuju\u0107i zdravija i otpornija dru\u0161tva.<\/p><p>Drugo, medicinske sestre su klju\u010dne za stavljanje pacijenata u centar na\u0161e zdravstvene za\u0161tite kroz njihov holisti\u010dki pristup i posve\u0107enost dobrobiti pacijenata. Njihov rad nas podse\u0107a na potrebu da uvek dajemo prioritet onima kojima slu\u017eimo, osiguravaju\u0107i da svaki pacijent dobije dostojanstvenu, personalizovanu negu.<\/p><p>Na kraju, \u017eelim da naglasim va\u017enost me\u0111unarodnog umre\u017eavanja u na\u0161oj potrazi za izvrsno\u0161\u0107u u pru\u017eanju zdravstvene za\u0161tite. \u017divimo u svetu koji je sve vi\u0161e me\u0111usobno povezan, gde zdravstveni izazovi nadilaze granice i zahtevaju re\u0161enja za saradnju. Neguju\u0107i me\u0111unarodna partnerstva, razmenjuju\u0107i najbolje prakse i u\u010de\u0107i jedni od drugih, mo\u017eemo pokrenuti inovacije u zdravstvu i doneti pozitivne promene.<\/p>\t\t\t\t\t\t<\/div>\n\t\t\t\t<\/div>\n\t\t\t\t\t<\/div>\n\t\t\t\t<\/div>\n\t\t\t\t<\/div>","protected":false},"excerpt":{"rendered":"<p>Second International Congress of Healthcare Professionals in Kosovo Wraps Up The Second International Congress of Healthcare professionals with the title &#8220;Role, Importance, and Challenges in Advancing Professional Practices of the Health Professionals&#8221; was organized in Prishtina on 05-06 April 2024 by Kosovo Chamber of Nurses. It brought together health professionals from the region and around [&hellip;]<\/p>","protected":false},"author":1,"featured_media":0,"parent":0,"menu_order":0,"comment_status":"closed","ping_status":"closed","template":"","meta":[],"_links":{"self":[{"href":"https:\/\/ihsproject.org\/sr\/wp-json\/wp\/v2\/pages\/13442"}],"collection":[{"href":"https:\/\/ihsproject.org\/sr\/wp-json\/wp\/v2\/pages"}],"about":[{"href":"https:\/\/ihsproject.org\/sr\/wp-json\/wp\/v2\/types\/page"}],"author":[{"embeddable":true,"href":"https:\/\/ihsproject.org\/sr\/wp-json\/wp\/v2\/users\/1"}],"replies":[{"embeddable":true,"href":"https:\/\/ihsproject.org\/sr\/wp-json\/wp\/v2\/comments?post=13442"}],"version-history":[{"count":4,"href":"https:\/\/ihsproject.org\/sr\/wp-json\/wp\/v2\/pages\/13442\/revisions"}],"predecessor-version":[{"id":13449,"href":"https:\/\/ihsproject.org\/sr\/wp-json\/wp\/v2\/pages\/13442\/revisions\/13449"}],"wp:attachment":[{"href":"https:\/\/ihsproject.org\/sr\/wp-json\/wp\/v2\/media?parent=13442"}],"curies":[{"name":"wp","href":"https:\/\/api.w.org\/{rel}","templated":true}]}}