{"id":13420,"date":"2024-04-02T12:11:07","date_gmt":"2024-04-02T12:11:07","guid":{"rendered":"https:\/\/ihsproject.org\/?page_id=13420"},"modified":"2025-02-21T11:08:54","modified_gmt":"2025-02-21T11:08:54","slug":"april-02-2024","status":"publish","type":"page","link":"https:\/\/ihsproject.org\/sr\/april-02-2024\/","title":{"rendered":"02 April, 2024"},"content":{"rendered":"<div data-elementor-type=\"wp-page\" data-elementor-id=\"13420\" class=\"elementor elementor-13420\">\n\t\t\t\t<div class=\"elementor-element elementor-element-4434771e e-flex e-con-boxed e-con e-parent\" data-id=\"4434771e\" data-element_type=\"container\" data-core-v316-plus=\"true\">\n\t\t\t\t\t<div class=\"e-con-inner\">\n\t\t\t\t<div class=\"elementor-element elementor-element-3533e095 elementor-widget elementor-widget-image\" data-id=\"3533e095\" data-element_type=\"widget\" data-widget_type=\"image.default\">\n\t\t\t\t<div class=\"elementor-widget-container\">\n\t\t\t\t\t\t\t\t\t\t\t\t\t<img fetchpriority=\"high\" decoding=\"async\" width=\"2560\" height=\"1440\" src=\"https:\/\/ihsproject.org\/wp-content\/uploads\/2024\/04\/IMG-dca7656748673d49c7771d864c13fc1b-V-scaled.jpg\" class=\"attachment-full size-full wp-image-13423\" alt=\"\" srcset=\"https:\/\/ihsproject.org\/wp-content\/uploads\/2024\/04\/IMG-dca7656748673d49c7771d864c13fc1b-V-scaled.jpg 2560w, https:\/\/ihsproject.org\/wp-content\/uploads\/2024\/04\/IMG-dca7656748673d49c7771d864c13fc1b-V-300x169.jpg 300w, https:\/\/ihsproject.org\/wp-content\/uploads\/2024\/04\/IMG-dca7656748673d49c7771d864c13fc1b-V-1024x576.jpg 1024w, https:\/\/ihsproject.org\/wp-content\/uploads\/2024\/04\/IMG-dca7656748673d49c7771d864c13fc1b-V-768x432.jpg 768w, https:\/\/ihsproject.org\/wp-content\/uploads\/2024\/04\/IMG-dca7656748673d49c7771d864c13fc1b-V-1536x864.jpg 1536w, https:\/\/ihsproject.org\/wp-content\/uploads\/2024\/04\/IMG-dca7656748673d49c7771d864c13fc1b-V-2048x1152.jpg 2048w, https:\/\/ihsproject.org\/wp-content\/uploads\/2024\/04\/IMG-dca7656748673d49c7771d864c13fc1b-V-18x10.jpg 18w\" sizes=\"(max-width: 2560px) 100vw, 2560px\" \/>\t\t\t\t\t\t\t\t\t\t\t\t\t<\/div>\n\t\t\t\t<\/div>\n\t\t\t\t\t<\/div>\n\t\t\t\t<\/div>\n\t\t<div class=\"elementor-element elementor-element-353776b9 e-flex e-con-boxed e-con e-parent\" data-id=\"353776b9\" data-element_type=\"container\" data-core-v316-plus=\"true\">\n\t\t\t\t\t<div class=\"e-con-inner\">\n\t\t\t\t<div class=\"elementor-element elementor-element-5c11acf9 elementor-widget elementor-widget-heading\" data-id=\"5c11acf9\" data-element_type=\"widget\" data-widget_type=\"heading.default\">\n\t\t\t\t<div class=\"elementor-widget-container\">\n\t\t\t<h2 class=\"elementor-heading-title elementor-size-default\">Zaklju\u010den pregled knji\u017eica za pacijente za le\u010denje dijabetesa i hipertenzije<\/h2>\t\t<\/div>\n\t\t\t\t<\/div>\n\t\t\t\t<div class=\"elementor-element elementor-element-50fc632c elementor-widget elementor-widget-text-editor\" data-id=\"50fc632c\" data-element_type=\"widget\" data-widget_type=\"text-editor.default\">\n\t\t\t\t<div class=\"elementor-widget-container\">\n\t\t\t\t\t\t\t<p><span style=\"font-weight: 400;\">Pregled knji\u017eica pacijenata za dijabetes melitus i hipertenziju je zaklju\u010den na sastanku Radne grupa koja nadgleda izradu iste na sastanku koji je odr\u017ean prethodne nedelje. Dr Merita Emini-Sadiku, predsedavaju\u0107a radne grupe, istakla je va\u017enost ovih resursa u osna\u017eivanju pacijenata da bolje upravljaju svojim stanjima.<\/span><\/p><p><span style=\"font-weight: 400;\">\u201eS obzirom da su dijabetes i hipertenzija hroni\u010dne bolesti, neophodno je pratiti posete specijalistima radi procene njihovog zdravstvenog stanja i hroni\u010dnih komplikacija.\u201d<\/span><\/p><p><span style=\"font-weight: 400;\">Pregledani sadr\u017eaj knji\u017eica ima za cilj pru\u017eanje sveobuhvatnih smernica za pacijente. Pridr\u017eavanje a\u017euriranih preporuka optimalno je za kontrolu bolesti.<\/span><\/p><p><span style=\"font-weight: 400;\">Dr. Emini-Sadiku je govorio o \u0161irem uticaju ovih inicijativa na standarde zdravstvene za\u0161tite u zemlji. \"O\u010dekujemo da \u0107emo uskoro knji\u017eice staviti u upotrebu pacijentima, stvaraju\u0107i novi i savremeni standard na nivou zemlje u kontroli naj\u010de\u0161\u0107ih hroni\u010dnih bolesti u zemlji, poput dijabetesa i hipertenzije\", istakla je ona.<\/span><\/p><p><span style=\"font-weight: 400;\">Ove knji\u017eice za pacijente promovi\u0161u proaktivno le\u010denje hroni\u010dnih bolesti i predstavljaju zna\u010dajan korak napred u nezi usmerenoj na pacijenta. Radnu grupu formira Ministarstvo zdravlja.<\/span><\/p>\t\t\t\t\t\t<\/div>\n\t\t\t\t<\/div>\n\t\t\t\t\t<\/div>\n\t\t\t\t<\/div>\n\t\t\t\t<\/div>","protected":false},"excerpt":{"rendered":"<p>Review of Patient Booklets for Diabetes and Hypertension Management Concluded At its meeting last week, the Working Group overseeing the development of patient booklets for diabetes mellitus and hypertension concluded its review. Dr. Merita Emini-Sadiku, the chairperson of the working group, highlighted the importance of these resources in empowering patients to better manage their conditions. [&hellip;]<\/p>","protected":false},"author":1,"featured_media":0,"parent":0,"menu_order":0,"comment_status":"closed","ping_status":"closed","template":"","meta":[],"_links":{"self":[{"href":"https:\/\/ihsproject.org\/sr\/wp-json\/wp\/v2\/pages\/13420"}],"collection":[{"href":"https:\/\/ihsproject.org\/sr\/wp-json\/wp\/v2\/pages"}],"about":[{"href":"https:\/\/ihsproject.org\/sr\/wp-json\/wp\/v2\/types\/page"}],"author":[{"embeddable":true,"href":"https:\/\/ihsproject.org\/sr\/wp-json\/wp\/v2\/users\/1"}],"replies":[{"embeddable":true,"href":"https:\/\/ihsproject.org\/sr\/wp-json\/wp\/v2\/comments?post=13420"}],"version-history":[{"count":10,"href":"https:\/\/ihsproject.org\/sr\/wp-json\/wp\/v2\/pages\/13420\/revisions"}],"predecessor-version":[{"id":14471,"href":"https:\/\/ihsproject.org\/sr\/wp-json\/wp\/v2\/pages\/13420\/revisions\/14471"}],"wp:attachment":[{"href":"https:\/\/ihsproject.org\/sr\/wp-json\/wp\/v2\/media?parent=13420"}],"curies":[{"name":"wp","href":"https:\/\/api.w.org\/{rel}","templated":true}]}}