{"id":13400,"date":"2024-03-28T14:07:31","date_gmt":"2024-03-28T14:07:31","guid":{"rendered":"https:\/\/ihsproject.org\/?page_id=13400"},"modified":"2024-03-28T14:08:15","modified_gmt":"2024-03-28T14:08:15","slug":"march-28-2024","status":"publish","type":"page","link":"https:\/\/ihsproject.org\/sr\/march-28-2024\/","title":{"rendered":"28 Marta 2024"},"content":{"rendered":"<div data-elementor-type=\"wp-page\" data-elementor-id=\"13400\" class=\"elementor elementor-13400\">\n\t\t\t\t<div class=\"elementor-element elementor-element-1d455da5 e-flex e-con-boxed e-con e-parent\" data-id=\"1d455da5\" data-element_type=\"container\" data-core-v316-plus=\"true\">\n\t\t\t\t\t<div class=\"e-con-inner\">\n\t\t\t\t<div class=\"elementor-element elementor-element-433f6808 elementor-widget elementor-widget-image\" data-id=\"433f6808\" data-element_type=\"widget\" data-widget_type=\"image.default\">\n\t\t\t\t<div class=\"elementor-widget-container\">\n\t\t\t\t\t\t\t\t\t\t\t\t\t<img fetchpriority=\"high\" decoding=\"async\" width=\"1600\" height=\"900\" src=\"https:\/\/ihsproject.org\/wp-content\/uploads\/2024\/03\/IMG-017b2e917e086ab9955458b2325f7663-V.jpg\" class=\"attachment-full size-full wp-image-13403\" alt=\"\" srcset=\"https:\/\/ihsproject.org\/wp-content\/uploads\/2024\/03\/IMG-017b2e917e086ab9955458b2325f7663-V.jpg 1600w, https:\/\/ihsproject.org\/wp-content\/uploads\/2024\/03\/IMG-017b2e917e086ab9955458b2325f7663-V-300x169.jpg 300w, https:\/\/ihsproject.org\/wp-content\/uploads\/2024\/03\/IMG-017b2e917e086ab9955458b2325f7663-V-1024x576.jpg 1024w, https:\/\/ihsproject.org\/wp-content\/uploads\/2024\/03\/IMG-017b2e917e086ab9955458b2325f7663-V-768x432.jpg 768w, https:\/\/ihsproject.org\/wp-content\/uploads\/2024\/03\/IMG-017b2e917e086ab9955458b2325f7663-V-1536x864.jpg 1536w, https:\/\/ihsproject.org\/wp-content\/uploads\/2024\/03\/IMG-017b2e917e086ab9955458b2325f7663-V-18x10.jpg 18w\" sizes=\"(max-width: 1600px) 100vw, 1600px\" \/>\t\t\t\t\t\t\t\t\t\t\t\t\t<\/div>\n\t\t\t\t<\/div>\n\t\t\t\t\t<\/div>\n\t\t\t\t<\/div>\n\t\t<div class=\"elementor-element elementor-element-72e359ad e-flex e-con-boxed e-con e-parent\" data-id=\"72e359ad\" data-element_type=\"container\" data-core-v316-plus=\"true\">\n\t\t\t\t\t<div class=\"e-con-inner\">\n\t\t\t\t<div class=\"elementor-element elementor-element-32d5f35a elementor-widget elementor-widget-heading\" data-id=\"32d5f35a\" data-element_type=\"widget\" data-widget_type=\"heading.default\">\n\t\t\t\t<div class=\"elementor-widget-container\">\n\t\t\t<h2 class=\"elementor-heading-title elementor-size-default\">Upravljanje kvalitetom zdravstvene za\u0161tite okuplja radne grupe<\/h2>\t\t<\/div>\n\t\t\t\t<\/div>\n\t\t\t\t<div class=\"elementor-element elementor-element-79bb12e elementor-widget elementor-widget-text-editor\" data-id=\"79bb12e\" data-element_type=\"widget\" data-widget_type=\"text-editor.default\">\n\t\t\t\t<div class=\"elementor-widget-container\">\n\t\t\t\t\t\t\t<p><span style=\"font-weight: 400;\">Ove sedmice, projekat Integrisane zdravstvene usluge (IHS) omogu\u0107io je dva sastanka radnih grupa koje je osnovalo Ministarstvo zdravlja \u010diji je fokus na sisteme upravljanja kvalitetom u zdravstvenim ustanovama.<\/span><\/p><p><span style=\"font-weight: 400;\">Diskusije na ovim sastancima bile su usredsre\u0111ene na godi\u0161nje institucionalne akcione planove koji imaju za cilj unapre\u0111enje okvira upravljanja kvalitetom. U\u010desnici su analizirali alate kori\u0161\u0107ene u ovom aspektu, izvr\u0161ili sveobuhvatnu procenu projektnog zadatka (PZ) za koordinatore kvaliteta i analizirali institucionalne dokumente i statute, osiguravaju\u0107i uskla\u0111enost sa zdravstvenim standardima i propisima. Nadalje, u\u010desnici su razgovarali o razgrani\u010denju uloga i odgovornosti \u010dlanova grupe.<\/span><\/p><p><span style=\"font-weight: 400;\">Aktivnosti obe radne grupe slu\u017ee za pojednostavljenje procesa koordinacije i nadzora u pogledu upravljanja kvalitetom u primarnoj i sekundarnoj zdravstvenoj za\u0161titi na Kosovu.<\/span><\/p>\t\t\t\t\t\t<\/div>\n\t\t\t\t<\/div>\n\t\t\t\t\t<\/div>\n\t\t\t\t<\/div>\n\t\t\t\t<\/div>","protected":false},"excerpt":{"rendered":"<p>Healthcare Quality Management Brings Working Groups Together This week, the Integrated Health Services (IHS) project facilitated two meetings of the working groups established by the Ministry of Health to dealt with quality management systems within healthcare institutions. Discussions at these meetings centered around the annual institutional action plans aimed at enhancing the quality management framework. [&hellip;]<\/p>","protected":false},"author":1,"featured_media":0,"parent":0,"menu_order":0,"comment_status":"closed","ping_status":"closed","template":"","meta":[],"_links":{"self":[{"href":"https:\/\/ihsproject.org\/sr\/wp-json\/wp\/v2\/pages\/13400"}],"collection":[{"href":"https:\/\/ihsproject.org\/sr\/wp-json\/wp\/v2\/pages"}],"about":[{"href":"https:\/\/ihsproject.org\/sr\/wp-json\/wp\/v2\/types\/page"}],"author":[{"embeddable":true,"href":"https:\/\/ihsproject.org\/sr\/wp-json\/wp\/v2\/users\/1"}],"replies":[{"embeddable":true,"href":"https:\/\/ihsproject.org\/sr\/wp-json\/wp\/v2\/comments?post=13400"}],"version-history":[{"count":4,"href":"https:\/\/ihsproject.org\/sr\/wp-json\/wp\/v2\/pages\/13400\/revisions"}],"predecessor-version":[{"id":13407,"href":"https:\/\/ihsproject.org\/sr\/wp-json\/wp\/v2\/pages\/13400\/revisions\/13407"}],"wp:attachment":[{"href":"https:\/\/ihsproject.org\/sr\/wp-json\/wp\/v2\/media?parent=13400"}],"curies":[{"name":"wp","href":"https:\/\/api.w.org\/{rel}","templated":true}]}}