{"id":13387,"date":"2024-03-28T13:50:49","date_gmt":"2024-03-28T13:50:49","guid":{"rendered":"https:\/\/ihsproject.org\/?page_id=13387"},"modified":"2024-03-28T13:53:01","modified_gmt":"2024-03-28T13:53:01","slug":"march-28-2024-impact-story","status":"publish","type":"page","link":"https:\/\/ihsproject.org\/sr\/march-28-2024-impact-story\/","title":{"rendered":"March 28, 2024 &#8211; Impact Story"},"content":{"rendered":"<div data-elementor-type=\"wp-page\" data-elementor-id=\"13387\" class=\"elementor elementor-13387\">\n\t\t\t\t<div class=\"elementor-element elementor-element-420bf038 e-flex e-con-boxed e-con e-parent\" data-id=\"420bf038\" data-element_type=\"container\" data-core-v316-plus=\"true\">\n\t\t\t\t\t<div class=\"e-con-inner\">\n\t\t\t\t<div class=\"elementor-element elementor-element-190f9f1c elementor-widget elementor-widget-image\" data-id=\"190f9f1c\" data-element_type=\"widget\" data-widget_type=\"image.default\">\n\t\t\t\t<div class=\"elementor-widget-container\">\n\t\t\t\t\t\t\t\t\t\t\t\t\t<img fetchpriority=\"high\" decoding=\"async\" width=\"2560\" height=\"1920\" src=\"https:\/\/ihsproject.org\/wp-content\/uploads\/2024\/03\/20240305_093956-scaled.jpg\" class=\"attachment-full size-full wp-image-13389\" alt=\"\" srcset=\"https:\/\/ihsproject.org\/wp-content\/uploads\/2024\/03\/20240305_093956-scaled.jpg 2560w, https:\/\/ihsproject.org\/wp-content\/uploads\/2024\/03\/20240305_093956-300x225.jpg 300w, https:\/\/ihsproject.org\/wp-content\/uploads\/2024\/03\/20240305_093956-1024x768.jpg 1024w, https:\/\/ihsproject.org\/wp-content\/uploads\/2024\/03\/20240305_093956-768x576.jpg 768w, https:\/\/ihsproject.org\/wp-content\/uploads\/2024\/03\/20240305_093956-1536x1152.jpg 1536w, https:\/\/ihsproject.org\/wp-content\/uploads\/2024\/03\/20240305_093956-2048x1536.jpg 2048w, https:\/\/ihsproject.org\/wp-content\/uploads\/2024\/03\/20240305_093956-16x12.jpg 16w\" sizes=\"(max-width: 2560px) 100vw, 2560px\" \/>\t\t\t\t\t\t\t\t\t\t\t\t\t<\/div>\n\t\t\t\t<\/div>\n\t\t\t\t\t<\/div>\n\t\t\t\t<\/div>\n\t\t<div class=\"elementor-element elementor-element-3f8d326a e-flex e-con-boxed e-con e-parent\" data-id=\"3f8d326a\" data-element_type=\"container\" data-core-v316-plus=\"true\">\n\t\t\t\t\t<div class=\"e-con-inner\">\n\t\t\t\t<div class=\"elementor-element elementor-element-514e887 elementor-widget elementor-widget-heading\" data-id=\"514e887\" data-element_type=\"widget\" data-widget_type=\"heading.default\">\n\t\t\t\t<div class=\"elementor-widget-container\">\n\t\t\t<h2 class=\"elementor-heading-title elementor-size-default\">Dvema kosovskim bolnicama dodeljeno \u010dlanstvo u me\u0111unarodnoj mre\u017ei <\/h2>\t\t<\/div>\n\t\t\t\t<\/div>\n\t\t\t\t<div class=\"elementor-element elementor-element-562f0d44 elementor-widget elementor-widget-text-editor\" data-id=\"562f0d44\" data-element_type=\"widget\" data-widget_type=\"text-editor.default\">\n\t\t\t\t<div class=\"elementor-widget-container\">\n\t\t\t\t\t\t\t<p><span style=\"font-weight: 400;\">U martu 2024. godine, Op\u0161te bolnice u Pe\u0107i i \u0110akovici, dva velika regiona na Kosovu, postale su \u010dlanice Me\u0111unarodne mre\u017ee bolnica za unapre\u0111enje zdravlja. Sertifikati koji su dodeljeni direktorima bolnica, potvr\u0111uju zajedni\u010dku institucionalnu posve\u0107enost usvajanju pristupa usmerenog na pacijenta, izme\u0111u ispunjavanja ostalih standarda. \u010clanstvo u ovoj mre\u017ei tako\u0111e nudi pristup me\u0111unarodnoj bazi znanja i mogu\u0107nosti razmene. Ovaj razvoj doga\u0111aja ozna\u010dava va\u017enu promenu u zdravstvenom okru\u017eenju u zemlji.<\/span><\/p><p><span style=\"font-weight: 400;\">Pristup bolnica koje promovi\u0161u zdravlje (HPH), postavljen da preoblikuje zdravstveni pejza\u017e na Kosovu, daje prioritet dobrobiti pacijenata kroz obrazovanje, prevenciju, integrisanu zdravstvenu za\u0161titu, prakse zasnovane na dokazima i anga\u017eovanje zajednice. Donosi odr\u017eivu promenu u pru\u017eanju zdravstvene za\u0161tite osna\u017euju\u0107i pacijente da sami upravljaju svojim zdravljem\u00a0<\/span><\/p><p><span style=\"font-weight: 400;\">U martu, dve op\u0161te bolnice na Kosovu, Pe\u0107 i \u0110akovica, dobile su sertifikate o \u010dlanstvu od Me\u0111unarodne mre\u017ee bolnica i zdravstvenih slu\u017ebi koje promovi\u0161u zdravlje. Osim zapo\u010dinjanja saradnje sa zdravstvenim ustanovama \u0161irom sveta i podizanja nivoa pru\u017eanja usluga, sertifikati pokazuju da su odre\u0111eni procesi i standardi ispo\u0161tovani i ispunjeni.\u00a0\u00a0\u00a0\u00a0<\/span><\/p><p><span style=\"font-weight: 400;\">Rigorozan proces samoocenjivanja i uspostavljanja standarda koji je doveo do toga da op\u0161te bolnice u Pe\u0107i i \u0110akovici dobiju \u010dlanstvo u mre\u017ei HPH zapo\u010deo je u julu 2023. godine osnivanjem Radne grupe kojom kopredsedavaju Ministarstvo zdravlja Kosova i Nacionalni institut za javno zdravstvo. Radna grupa je razvila bolni\u010dki program zasnovan na Bolni\u010dkim standardima promocije zdravlja za 2020. godinu, u potpunoj saglasnosti sa Nacionalnim akcionim planom Kosova za zdravstveno obrazovanje i promociju zdravlja i specifi\u010dnim potrebama zemlje<\/span><\/p>\t\t\t\t\t\t<\/div>\n\t\t\t\t<\/div>\n\t\t\t\t\t<\/div>\n\t\t\t\t<\/div>\n\t\t<div class=\"elementor-element elementor-element-59d31f9 e-flex e-con-boxed e-con e-parent\" data-id=\"59d31f9\" data-element_type=\"container\" data-core-v316-plus=\"true\">\n\t\t\t\t\t<div class=\"e-con-inner\">\n\t\t\t\t<div class=\"elementor-element elementor-element-6790b289 elementor-widget elementor-widget-image\" data-id=\"6790b289\" data-element_type=\"widget\" data-widget_type=\"image.default\">\n\t\t\t\t<div class=\"elementor-widget-container\">\n\t\t\t\t\t\t\t\t\t\t\t\t\t<img decoding=\"async\" width=\"2560\" height=\"1920\" src=\"https:\/\/ihsproject.org\/wp-content\/uploads\/2024\/03\/20240305_095123-scaled.jpg\" class=\"attachment-full size-full wp-image-13390\" alt=\"\" srcset=\"https:\/\/ihsproject.org\/wp-content\/uploads\/2024\/03\/20240305_095123-scaled.jpg 2560w, https:\/\/ihsproject.org\/wp-content\/uploads\/2024\/03\/20240305_095123-300x225.jpg 300w, https:\/\/ihsproject.org\/wp-content\/uploads\/2024\/03\/20240305_095123-1024x768.jpg 1024w, https:\/\/ihsproject.org\/wp-content\/uploads\/2024\/03\/20240305_095123-768x576.jpg 768w, https:\/\/ihsproject.org\/wp-content\/uploads\/2024\/03\/20240305_095123-1536x1152.jpg 1536w, https:\/\/ihsproject.org\/wp-content\/uploads\/2024\/03\/20240305_095123-2048x1536.jpg 2048w, https:\/\/ihsproject.org\/wp-content\/uploads\/2024\/03\/20240305_095123-16x12.jpg 16w\" sizes=\"(max-width: 2560px) 100vw, 2560px\" \/>\t\t\t\t\t\t\t\t\t\t\t\t\t<\/div>\n\t\t\t\t<\/div>\n\t\t\t\t\t<\/div>\n\t\t\t\t<\/div>\n\t\t<div class=\"elementor-element elementor-element-7a9cf67f e-flex e-con-boxed e-con e-parent\" data-id=\"7a9cf67f\" data-element_type=\"container\" data-core-v316-plus=\"true\">\n\t\t\t\t\t<div class=\"e-con-inner\">\n\t\t\t\t<div class=\"elementor-element elementor-element-5ef0c27a elementor-widget elementor-widget-text-editor\" data-id=\"5ef0c27a\" data-element_type=\"widget\" data-widget_type=\"text-editor.default\">\n\t\t\t\t<div class=\"elementor-widget-container\">\n\t\t\t\t\t\t\t<p><span style=\"font-weight: 400;\">Centralno za ovaj rad bile su osnovne procene u svakoj bolnici kako bi se utvrdile klju\u010dne oblasti i prioriteti koji \u0107e poslu\u017eiti kao osnova za strategije za integraciju zdravstvenog obrazovanja u praksu i radni tok nege, razvoj programa obuke za bolni\u010dko osoblje i uspostavljanje mehanizama za pra\u0107enje i evaluaciju.\u00a0<\/span><\/p><p><span style=\"font-weight: 400;\">Kako nezarazne bolesti zahtevaju doprinos i anga\u017eman pacijenata \u2013 \u0161to nije ni\u0161ta manje va\u017eno od medicinskih protokola za njihovo le\u010denje \u2013 ovaj pristup pove\u0107ava efikasnost svakog medicinskog protokola koji se primenjuje. Stoga, HPH pristup utire put ka novom na\u010dinu razmi\u0161ljanja u pru\u017eanju zdravstvene za\u0161tite.\u00a0<\/span><\/p><p><span style=\"font-weight: 400;\">Govore\u0107i na ceremoniji dodele sertifikata, dr. Naim Bardiqi, generalni sekretar Ministarstva zdravlja Kosova, smatrao je \u010dlanstvo u me\u0111unarodnoj mre\u017ei HPH zna\u010dajnom prekretnicom.<\/span><\/p>\t\t\t\t\t\t<\/div>\n\t\t\t\t<\/div>\n\t\t\t\t\t<\/div>\n\t\t\t\t<\/div>\n\t\t<div class=\"elementor-element elementor-element-63e89cda e-flex e-con-boxed e-con e-parent\" data-id=\"63e89cda\" data-element_type=\"container\" data-core-v316-plus=\"true\">\n\t\t\t\t\t<div class=\"e-con-inner\">\n\t\t\t\t<div class=\"elementor-element elementor-element-435ac535 elementor-widget elementor-widget-heading\" data-id=\"435ac535\" data-element_type=\"widget\" data-widget_type=\"heading.default\">\n\t\t\t\t<div class=\"elementor-widget-container\">\n\t\t\t<h4 class=\"elementor-heading-title elementor-size-default\">\u201c Ovo dostignu\u0107e je dokaz napora i posve\u0107enosti menad\u017ementa i osoblja bolnice sa fokusom na pacijente, \u010dime se bolnica podi\u017ee na nove nivoe u pru\u017eanju zdravstvenih usluga\u201c, rekao je dr. Bardiqi. <\/h4>\t\t<\/div>\n\t\t\t\t<\/div>\n\t\t\t\t\t<\/div>\n\t\t\t\t<\/div>\n\t\t<div class=\"elementor-element elementor-element-3cdba6f2 e-flex e-con-boxed e-con e-parent\" data-id=\"3cdba6f2\" data-element_type=\"container\" data-core-v316-plus=\"true\">\n\t\t\t\t\t<div class=\"e-con-inner\">\n\t\t\t\t<div class=\"elementor-element elementor-element-20e044ed elementor-widget elementor-widget-image\" data-id=\"20e044ed\" data-element_type=\"widget\" data-widget_type=\"image.default\">\n\t\t\t\t<div class=\"elementor-widget-container\">\n\t\t\t\t\t\t\t\t\t\t\t\t\t<img decoding=\"async\" width=\"2560\" height=\"1920\" src=\"https:\/\/ihsproject.org\/wp-content\/uploads\/2024\/03\/20240305_095915-scaled.jpg\" class=\"attachment-full size-full wp-image-13391\" alt=\"\" srcset=\"https:\/\/ihsproject.org\/wp-content\/uploads\/2024\/03\/20240305_095915-scaled.jpg 2560w, https:\/\/ihsproject.org\/wp-content\/uploads\/2024\/03\/20240305_095915-300x225.jpg 300w, https:\/\/ihsproject.org\/wp-content\/uploads\/2024\/03\/20240305_095915-1024x768.jpg 1024w, https:\/\/ihsproject.org\/wp-content\/uploads\/2024\/03\/20240305_095915-768x576.jpg 768w, https:\/\/ihsproject.org\/wp-content\/uploads\/2024\/03\/20240305_095915-1536x1152.jpg 1536w, https:\/\/ihsproject.org\/wp-content\/uploads\/2024\/03\/20240305_095915-2048x1536.jpg 2048w, https:\/\/ihsproject.org\/wp-content\/uploads\/2024\/03\/20240305_095915-16x12.jpg 16w\" sizes=\"(max-width: 2560px) 100vw, 2560px\" \/>\t\t\t\t\t\t\t\t\t\t\t\t\t<\/div>\n\t\t\t\t<\/div>\n\t\t\t\t\t<\/div>\n\t\t\t\t<\/div>\n\t\t<div class=\"elementor-element elementor-element-758a598 e-flex e-con-boxed e-con e-parent\" data-id=\"758a598\" data-element_type=\"container\" data-core-v316-plus=\"true\">\n\t\t\t\t\t<div class=\"e-con-inner\">\n\t\t\t\t<div class=\"elementor-element elementor-element-238f3da5 elementor-widget elementor-widget-text-editor\" data-id=\"238f3da5\" data-element_type=\"widget\" data-widget_type=\"text-editor.default\">\n\t\t\t\t<div class=\"elementor-widget-container\">\n\t\t\t\t\t\t\t<p><span style=\"font-weight: 400;\">Dr. Bardiqi je naglasio transformativni uticaj puta HPH i njegovih nekoliko dimenzija, kao \u0161to su projekti pobolj\u0161anja kvaliteta identifikovani za obe bolnice, dalje ja\u010danje kapaciteta zdravstvenih radnika, njihovo aktivno u\u010de\u0161\u0107e u kreiranju i implementaciji akcionih planova i zdravstvenog obrazovanja, i druge inicijative za digitalizaciju kartona pacijenata, regulisanje protoka pacijenata i ankete pacijenata.<\/span><\/p>\t\t\t\t\t\t<\/div>\n\t\t\t\t<\/div>\n\t\t\t\t\t<\/div>\n\t\t\t\t<\/div>\n\t\t<div class=\"elementor-element elementor-element-9ef7ba e-flex e-con-boxed e-con e-parent\" data-id=\"9ef7ba\" data-element_type=\"container\" data-core-v316-plus=\"true\">\n\t\t\t\t\t<div class=\"e-con-inner\">\n\t\t\t\t<div class=\"elementor-element elementor-element-2f4c256a elementor-widget elementor-widget-heading\" data-id=\"2f4c256a\" data-element_type=\"widget\" data-widget_type=\"heading.default\">\n\t\t\t\t<div class=\"elementor-widget-container\">\n\t\t\t<h4 class=\"elementor-heading-title elementor-size-default\">\u201cMinistarstvo zdravlja se obavezuje da \u0107e kontinuirano podr\u017eavati nove i inovativne inicijative koje otvaraju put razvoju i implementaciji programa samozbrinjavanja pacijenata sa hipertenzijom i dijabetesom. Osna\u017eivanjem pacijenata da preuzmu kontrolu nad svojim zdravljem i blagostanjem, ne samo da pobolj\u0161avamo kvalitet njihovog \u017eivota, ve\u0107 i smanjujemo optere\u0107enje na\u0161eg zdravstvenog sistema\u201c, rekao je dr. Bardiqi na ceremoniji.<\/h4>\t\t<\/div>\n\t\t\t\t<\/div>\n\t\t\t\t\t<\/div>\n\t\t\t\t<\/div>\n\t\t<div class=\"elementor-element elementor-element-1f0efb22 e-flex e-con-boxed e-con e-parent\" data-id=\"1f0efb22\" data-element_type=\"container\" data-core-v316-plus=\"true\">\n\t\t\t\t\t<div class=\"e-con-inner\">\n\t\t\t\t<div class=\"elementor-element elementor-element-7627156d elementor-widget elementor-widget-text-editor\" data-id=\"7627156d\" data-element_type=\"widget\" data-widget_type=\"text-editor.default\">\n\t\t\t\t<div class=\"elementor-widget-container\">\n\t\t\t\t\t\t\t<p><span style=\"font-weight: 400;\">Na kraju krajeva, \u010dlanstvo Op\u0161tih bolnica u Pe\u0107i i \u0110akovici u Me\u0111unarodnoj mre\u017ei bolnica za unapre\u0111enje zdravlja ozna\u010dava zna\u010dajan korak ka inspirisanju zdravije budu\u0107nosti za sve na Kosovu.<\/span><\/p><p><span style=\"font-weight: 400;\">Omogu\u0107en kroz projekat Integrisane zdravstvene usluge u saradnji sa OptiMedis AG i njihovim stru\u010dnjacima, HPH pristup se uklapa sa strate\u0161kim ciljevima Ministarstva sa posebnim fokusom na nezarazne bolesti, posebno dijabetes i hipertenziju.<\/span><\/p>\t\t\t\t\t\t<\/div>\n\t\t\t\t<\/div>\n\t\t\t\t\t<\/div>\n\t\t\t\t<\/div>\n\t\t<div class=\"elementor-element elementor-element-b5f0ef2 e-flex e-con-boxed e-con e-parent\" data-id=\"b5f0ef2\" data-element_type=\"container\" data-core-v316-plus=\"true\">\n\t\t\t\t\t<div class=\"e-con-inner\">\n\t\t\t\t<div class=\"elementor-element elementor-element-4918ef4 elementor-widget elementor-widget-image\" data-id=\"4918ef4\" data-element_type=\"widget\" data-widget_type=\"image.default\">\n\t\t\t\t<div class=\"elementor-widget-container\">\n\t\t\t\t\t\t\t\t\t\t\t\t\t<img loading=\"lazy\" decoding=\"async\" width=\"2560\" height=\"1920\" src=\"https:\/\/ihsproject.org\/wp-content\/uploads\/2024\/03\/20240306_154438-scaled.jpg\" class=\"attachment-full size-full wp-image-13392\" alt=\"\" srcset=\"https:\/\/ihsproject.org\/wp-content\/uploads\/2024\/03\/20240306_154438-scaled.jpg 2560w, https:\/\/ihsproject.org\/wp-content\/uploads\/2024\/03\/20240306_154438-300x225.jpg 300w, https:\/\/ihsproject.org\/wp-content\/uploads\/2024\/03\/20240306_154438-1024x768.jpg 1024w, https:\/\/ihsproject.org\/wp-content\/uploads\/2024\/03\/20240306_154438-768x576.jpg 768w, https:\/\/ihsproject.org\/wp-content\/uploads\/2024\/03\/20240306_154438-1536x1152.jpg 1536w, https:\/\/ihsproject.org\/wp-content\/uploads\/2024\/03\/20240306_154438-2048x1536.jpg 2048w, https:\/\/ihsproject.org\/wp-content\/uploads\/2024\/03\/20240306_154438-16x12.jpg 16w\" sizes=\"(max-width: 2560px) 100vw, 2560px\" \/>\t\t\t\t\t\t\t\t\t\t\t\t\t<\/div>\n\t\t\t\t<\/div>\n\t\t\t\t\t<\/div>\n\t\t\t\t<\/div>\n\t\t<div class=\"elementor-element elementor-element-3b1e0832 e-flex e-con-boxed e-con e-parent\" data-id=\"3b1e0832\" data-element_type=\"container\" data-core-v316-plus=\"true\">\n\t\t\t\t\t<div class=\"e-con-inner\">\n\t\t\t\t<div class=\"elementor-element elementor-element-66a2bcbd elementor-widget elementor-widget-text-editor\" data-id=\"66a2bcbd\" data-element_type=\"widget\" data-widget_type=\"text-editor.default\">\n\t\t\t\t<div class=\"elementor-widget-container\">\n\t\t\t\t\t\t\t<p><span style=\"font-weight: 400;\">Projekat IHS je zajedni\u010dka, \u010detvorogodi\u0161nja inicijativa izme\u0111u kosovskog Ministarstva zdravlja i \u0160vajcarske agencije za razvoj i saradnju, uz posredovanje \u0160vajcarskog instituta za tropsko i javno zdravlje. <strong>Swiss Tropical and Public Health Institute.<\/strong><\/span><\/p>\t\t\t\t\t\t<\/div>\n\t\t\t\t<\/div>\n\t\t\t\t<div class=\"elementor-element elementor-element-1d14ed7 elementor-widget elementor-widget-video\" data-id=\"1d14ed7\" data-element_type=\"widget\" data-settings=\"{&quot;youtube_url&quot;:&quot;https:\\\/\\\/www.youtube.com\\\/watch?v=WBnK-nI8Ppk&amp;list=PLA-klFjsFBfYVX2tABGcBNnxSRfCmmYTJ&amp;index=9&quot;,&quot;video_type&quot;:&quot;youtube&quot;,&quot;controls&quot;:&quot;yes&quot;}\" data-widget_type=\"video.default\">\n\t\t\t\t<div class=\"elementor-widget-container\">\n\t\t\t\t\t<div class=\"elementor-wrapper elementor-open-inline\">\n\t\t\t<div class=\"elementor-video\"><\/div>\t\t<\/div>\n\t\t\t\t<\/div>\n\t\t\t\t<\/div>\n\t\t\t\t\t<\/div>\n\t\t\t\t<\/div>\n\t\t\t\t<\/div>","protected":false},"excerpt":{"rendered":"<p>Two Kosovo Hospitals Awarded Membership to International Network In March 2024, the General Hospitals of Peja and Gjakova, two large regions in Kosovo, became members of the International Network of Health Promoting Hospitals. Certificates that were awarded to the hospitals&#8217; directors, acknowledged the joint institutional dedication to adopting a patient-centred approach, among fulfilling other standards. [&hellip;]<\/p>","protected":false},"author":1,"featured_media":0,"parent":0,"menu_order":0,"comment_status":"closed","ping_status":"closed","template":"","meta":[],"_links":{"self":[{"href":"https:\/\/ihsproject.org\/sr\/wp-json\/wp\/v2\/pages\/13387"}],"collection":[{"href":"https:\/\/ihsproject.org\/sr\/wp-json\/wp\/v2\/pages"}],"about":[{"href":"https:\/\/ihsproject.org\/sr\/wp-json\/wp\/v2\/types\/page"}],"author":[{"embeddable":true,"href":"https:\/\/ihsproject.org\/sr\/wp-json\/wp\/v2\/users\/1"}],"replies":[{"embeddable":true,"href":"https:\/\/ihsproject.org\/sr\/wp-json\/wp\/v2\/comments?post=13387"}],"version-history":[{"count":4,"href":"https:\/\/ihsproject.org\/sr\/wp-json\/wp\/v2\/pages\/13387\/revisions"}],"predecessor-version":[{"id":13396,"href":"https:\/\/ihsproject.org\/sr\/wp-json\/wp\/v2\/pages\/13387\/revisions\/13396"}],"wp:attachment":[{"href":"https:\/\/ihsproject.org\/sr\/wp-json\/wp\/v2\/media?parent=13387"}],"curies":[{"name":"wp","href":"https:\/\/api.w.org\/{rel}","templated":true}]}}