{"id":13369,"date":"2024-03-27T14:59:59","date_gmt":"2024-03-27T14:59:59","guid":{"rendered":"https:\/\/ihsproject.org\/?page_id=13369"},"modified":"2024-03-27T15:01:51","modified_gmt":"2024-03-27T15:01:51","slug":"march-27-2024","status":"publish","type":"page","link":"https:\/\/ihsproject.org\/sr\/march-27-2024\/","title":{"rendered":"27 Marta 2024"},"content":{"rendered":"<div data-elementor-type=\"wp-page\" data-elementor-id=\"13369\" class=\"elementor elementor-13369\">\n\t\t\t\t<div class=\"elementor-element elementor-element-2e887b8a e-flex e-con-boxed e-con e-parent\" data-id=\"2e887b8a\" data-element_type=\"container\" data-core-v316-plus=\"true\">\n\t\t\t\t\t<div class=\"e-con-inner\">\n\t\t\t\t<div class=\"elementor-element elementor-element-61a3134a elementor-widget elementor-widget-image\" data-id=\"61a3134a\" data-element_type=\"widget\" data-widget_type=\"image.default\">\n\t\t\t\t<div class=\"elementor-widget-container\">\n\t\t\t\t\t\t\t\t\t\t\t\t\t<img fetchpriority=\"high\" decoding=\"async\" width=\"1800\" height=\"1350\" src=\"https:\/\/ihsproject.org\/wp-content\/uploads\/2024\/03\/2024-03-27.jpg\" class=\"attachment-full size-full wp-image-13376\" alt=\"\" srcset=\"https:\/\/ihsproject.org\/wp-content\/uploads\/2024\/03\/2024-03-27.jpg 1800w, https:\/\/ihsproject.org\/wp-content\/uploads\/2024\/03\/2024-03-27-300x225.jpg 300w, https:\/\/ihsproject.org\/wp-content\/uploads\/2024\/03\/2024-03-27-1024x768.jpg 1024w, https:\/\/ihsproject.org\/wp-content\/uploads\/2024\/03\/2024-03-27-768x576.jpg 768w, https:\/\/ihsproject.org\/wp-content\/uploads\/2024\/03\/2024-03-27-1536x1152.jpg 1536w, https:\/\/ihsproject.org\/wp-content\/uploads\/2024\/03\/2024-03-27-16x12.jpg 16w\" sizes=\"(max-width: 1800px) 100vw, 1800px\" \/>\t\t\t\t\t\t\t\t\t\t\t\t\t<\/div>\n\t\t\t\t<\/div>\n\t\t\t\t\t<\/div>\n\t\t\t\t<\/div>\n\t\t<div class=\"elementor-element elementor-element-1ba0b7c5 e-flex e-con-boxed e-con e-parent\" data-id=\"1ba0b7c5\" data-element_type=\"container\" data-core-v316-plus=\"true\">\n\t\t\t\t\t<div class=\"e-con-inner\">\n\t\t\t\t<div class=\"elementor-element elementor-element-23f7213 elementor-widget elementor-widget-heading\" data-id=\"23f7213\" data-element_type=\"widget\" data-widget_type=\"heading.default\">\n\t\t\t\t<div class=\"elementor-widget-container\">\n\t\t\t<h2 class=\"elementor-heading-title elementor-size-default\">Razmena informacija Kosova i Slovenije o organizacijama pacijenata sa dijabetesom <\/h2>\t\t<\/div>\n\t\t\t\t<\/div>\n\t\t\t\t<div class=\"elementor-element elementor-element-2cb73f29 elementor-widget elementor-widget-text-editor\" data-id=\"2cb73f29\" data-element_type=\"widget\" data-widget_type=\"text-editor.default\">\n\t\t\t\t<div class=\"elementor-widget-container\">\n\t\t\t\t\t\t\t<p><span style=\"font-weight: 400;\">Nedavno je projekat Integrisane zdravstvene usluge organizovao prakti\u010dnu radionicu pod nazivom \u201eOsna\u017eivanje pacijenata sa dijabetesom \u2013 lekcije iz Slovenije i slede\u0107i koraci za Kosovo\u201c koju je vodio dr Samo Fakin iz Slovenije<\/span><\/p><p><span style=\"font-weight: 400;\">Radionica je pru\u017eila prostor za otvorenu i kolaborativnu diskusiju izme\u0111u pacijenata sa dijabetesom, organizacija civilnog dru\u0161tva i doktora i medicinskih sestara sa sekundarnog i primarnog nivoa. Diskusije su se fokusirale na strategije za ja\u010danje udru\u017eenja pacijenata sa dijabetesom i pove\u0107anje njihovog uticaja na Kosovu. Interaktivne grupne sesije generisale su niz inovativnih predloga, od programa ishrane do naprednih medicinskih intervencija.<\/span><\/p><p><span style=\"font-weight: 400;\">\u201eVeoma prakti\u010dna radionica koja je pru\u017eila uputstva za pacijente i predstavila nove prakse za zdravstvene radnike i nevladine organizacije kako da pristupe radu sa pacijentom sa dijabetesom\u201c, rekao je Idriz Ethemi iz Udru\u017eenja pacijenata sa dijabetesom u Pe\u0107i.<\/span><\/p><p><span style=\"font-weight: 400;\">Doga\u0111aj je zavr\u0161en listom koja sadr\u017ei dalje korake.<\/span><\/p>\t\t\t\t\t\t<\/div>\n\t\t\t\t<\/div>\n\t\t\t\t\t<\/div>\n\t\t\t\t<\/div>\n\t\t\t\t<\/div>","protected":false},"excerpt":{"rendered":"<p>Kosovo \u2013 Slovenia Exchange on Diabetes Patients Organizations Recently, the Integrated Health Services project organized a hands-on workshop titled &#8220;Empowerment of Patients with Diabetes &#8211; Lessons from Slovenia and Next Steps for Kosovo&#8221; facilitated by Dr. Samo Fakin from Slovenia. The workshop provided a space for open and collaborative discussion between diabetes patients, civil society [&hellip;]<\/p>","protected":false},"author":1,"featured_media":0,"parent":0,"menu_order":0,"comment_status":"closed","ping_status":"closed","template":"","meta":[],"_links":{"self":[{"href":"https:\/\/ihsproject.org\/sr\/wp-json\/wp\/v2\/pages\/13369"}],"collection":[{"href":"https:\/\/ihsproject.org\/sr\/wp-json\/wp\/v2\/pages"}],"about":[{"href":"https:\/\/ihsproject.org\/sr\/wp-json\/wp\/v2\/types\/page"}],"author":[{"embeddable":true,"href":"https:\/\/ihsproject.org\/sr\/wp-json\/wp\/v2\/users\/1"}],"replies":[{"embeddable":true,"href":"https:\/\/ihsproject.org\/sr\/wp-json\/wp\/v2\/comments?post=13369"}],"version-history":[{"count":7,"href":"https:\/\/ihsproject.org\/sr\/wp-json\/wp\/v2\/pages\/13369\/revisions"}],"predecessor-version":[{"id":13379,"href":"https:\/\/ihsproject.org\/sr\/wp-json\/wp\/v2\/pages\/13369\/revisions\/13379"}],"wp:attachment":[{"href":"https:\/\/ihsproject.org\/sr\/wp-json\/wp\/v2\/media?parent=13369"}],"curies":[{"name":"wp","href":"https:\/\/api.w.org\/{rel}","templated":true}]}}