{"id":13354,"date":"2024-03-21T12:45:57","date_gmt":"2024-03-21T12:45:57","guid":{"rendered":"https:\/\/ihsproject.org\/?page_id=13354"},"modified":"2024-03-21T12:47:07","modified_gmt":"2024-03-21T12:47:07","slug":"march-21-2024","status":"publish","type":"page","link":"https:\/\/ihsproject.org\/sr\/march-21-2024\/","title":{"rendered":"21 Marta 2024"},"content":{"rendered":"<div data-elementor-type=\"wp-page\" data-elementor-id=\"13354\" class=\"elementor elementor-13354\">\n\t\t\t\t<div class=\"elementor-element elementor-element-5296ec7a e-flex e-con-boxed e-con e-parent\" data-id=\"5296ec7a\" data-element_type=\"container\" data-core-v316-plus=\"true\">\n\t\t\t\t\t<div class=\"e-con-inner\">\n\t\t\t\t<div class=\"elementor-element elementor-element-1bfbb103 elementor-widget elementor-widget-image\" data-id=\"1bfbb103\" data-element_type=\"widget\" data-widget_type=\"image.default\">\n\t\t\t\t<div class=\"elementor-widget-container\">\n\t\t\t\t\t\t\t\t\t\t\t\t\t<img fetchpriority=\"high\" decoding=\"async\" width=\"1800\" height=\"1200\" src=\"https:\/\/ihsproject.org\/wp-content\/uploads\/2024\/03\/21-03-2024.jpg\" class=\"attachment-full size-full wp-image-13356\" alt=\"\" srcset=\"https:\/\/ihsproject.org\/wp-content\/uploads\/2024\/03\/21-03-2024.jpg 1800w, https:\/\/ihsproject.org\/wp-content\/uploads\/2024\/03\/21-03-2024-300x200.jpg 300w, https:\/\/ihsproject.org\/wp-content\/uploads\/2024\/03\/21-03-2024-1024x683.jpg 1024w, https:\/\/ihsproject.org\/wp-content\/uploads\/2024\/03\/21-03-2024-768x512.jpg 768w, https:\/\/ihsproject.org\/wp-content\/uploads\/2024\/03\/21-03-2024-1536x1024.jpg 1536w, https:\/\/ihsproject.org\/wp-content\/uploads\/2024\/03\/21-03-2024-18x12.jpg 18w\" sizes=\"(max-width: 1800px) 100vw, 1800px\" \/>\t\t\t\t\t\t\t\t\t\t\t\t\t<\/div>\n\t\t\t\t<\/div>\n\t\t\t\t\t<\/div>\n\t\t\t\t<\/div>\n\t\t<div class=\"elementor-element elementor-element-6e6bcb2c e-flex e-con-boxed e-con e-parent\" data-id=\"6e6bcb2c\" data-element_type=\"container\" data-core-v316-plus=\"true\">\n\t\t\t\t\t<div class=\"e-con-inner\">\n\t\t\t\t<div class=\"elementor-element elementor-element-12496a9a elementor-widget elementor-widget-heading\" data-id=\"12496a9a\" data-element_type=\"widget\" data-widget_type=\"heading.default\">\n\t\t\t\t<div class=\"elementor-widget-container\">\n\t\t\t<h2 class=\"elementor-heading-title elementor-size-default\">Istra\u017eivanje na\u010dina le\u010denja dijabeti\u010dara u Pe\u0107i <\/h2>\t\t<\/div>\n\t\t\t\t<\/div>\n\t\t\t\t<div class=\"elementor-element elementor-element-535fe68b elementor-widget elementor-widget-text-editor\" data-id=\"535fe68b\" data-element_type=\"widget\" data-widget_type=\"text-editor.default\">\n\t\t\t\t<div class=\"elementor-widget-container\">\n\t\t\t\t\t\t\t<p><span style=\"font-weight: 400;\">Dana 20. marta 2024. godine, tim projekata \u0161vajcarskog TPH  na Kosovu organizovao je posetu Glavnom centru porodi\u010dne medicine i Op\u0161toj bolnici u Pe\u0107i renomiranog slovena\u010dkog stru\u010dnjaka za dijabetes, Samo Fakina. Poseta je deo aktivnosti integrisanih zdravstvenih usluga (IHS) koje podr\u017eavaju operacionalizaciju na\u010dina le\u010denja nezaraznih bolesti (NCD) izme\u0111u odabranih op\u0161tih bolnica (OB) i ustanova primarne zdravstvene za\u0161tite (PZZ).<\/span><\/p><p><span style=\"font-weight: 400;\">Poseta gospodina Fakina imala je za cilj sticanje uvida u puteve zdravstvene za\u0161tite, kao i procenu klini\u010dkih puteva izme\u0111u nivoa primarne i sekundarne zdravstvene za\u0161tite pacijenata sa dijabetesom. On je podelio svoju stru\u010dnost i iskustvo u temama kao \u0161to su osna\u017eivanje pacijenata sa dijabetesom, pobolj\u0161anje nivoa zdravstvene za\u0161tite, va\u017enost efikasnih metodologija le\u010denja i edukacija pacijenata u le\u010denju dijabetesa. On se tako\u0111e osvrnuo na upite zdravstvenih radnika oba nivoa.<\/span><\/p><p><span style=\"font-weight: 400;\">Ova aktivnost nagla\u0161ava posve\u0107enost pobolj\u0161anju na\u010dina le\u010denja NCD-ova i na kraju pobolj\u0161anju dobrobiti pacijenata sa dijabetesom u regionu.<\/span><\/p>\t\t\t\t\t\t<\/div>\n\t\t\t\t<\/div>\n\t\t\t\t\t<\/div>\n\t\t\t\t<\/div>\n\t\t\t\t<\/div>","protected":false},"excerpt":{"rendered":"<p>Exploring Diabetic Patient Care Pathways in Peja On 20 March 2024, a team of Swiss TPH projects in Kosovo facilitated a visit to the Main Family Medicine Center and General Hospital in Peja for renowned Slovenian diabetes expert, Samo Fakin. The visit is part of the Integrated Health Services (IHS) activities supporting the operationalization of [&hellip;]<\/p>","protected":false},"author":1,"featured_media":0,"parent":0,"menu_order":0,"comment_status":"closed","ping_status":"closed","template":"","meta":[],"_links":{"self":[{"href":"https:\/\/ihsproject.org\/sr\/wp-json\/wp\/v2\/pages\/13354"}],"collection":[{"href":"https:\/\/ihsproject.org\/sr\/wp-json\/wp\/v2\/pages"}],"about":[{"href":"https:\/\/ihsproject.org\/sr\/wp-json\/wp\/v2\/types\/page"}],"author":[{"embeddable":true,"href":"https:\/\/ihsproject.org\/sr\/wp-json\/wp\/v2\/users\/1"}],"replies":[{"embeddable":true,"href":"https:\/\/ihsproject.org\/sr\/wp-json\/wp\/v2\/comments?post=13354"}],"version-history":[{"count":4,"href":"https:\/\/ihsproject.org\/sr\/wp-json\/wp\/v2\/pages\/13354\/revisions"}],"predecessor-version":[{"id":13360,"href":"https:\/\/ihsproject.org\/sr\/wp-json\/wp\/v2\/pages\/13354\/revisions\/13360"}],"wp:attachment":[{"href":"https:\/\/ihsproject.org\/sr\/wp-json\/wp\/v2\/media?parent=13354"}],"curies":[{"name":"wp","href":"https:\/\/api.w.org\/{rel}","templated":true}]}}