{"id":13321,"date":"2024-03-11T19:17:46","date_gmt":"2024-03-11T19:17:46","guid":{"rendered":"https:\/\/ihsproject.org\/?page_id=13321"},"modified":"2024-03-11T19:21:44","modified_gmt":"2024-03-11T19:21:44","slug":"march-11-2024","status":"publish","type":"page","link":"https:\/\/ihsproject.org\/sr\/march-11-2024\/","title":{"rendered":"11 Marta 2024"},"content":{"rendered":"<div data-elementor-type=\"wp-page\" data-elementor-id=\"13321\" class=\"elementor elementor-13321\">\n\t\t\t\t<div class=\"elementor-element elementor-element-b30e50e e-flex e-con-boxed e-con e-parent\" data-id=\"b30e50e\" data-element_type=\"container\" data-core-v316-plus=\"true\">\n\t\t\t\t\t<div class=\"e-con-inner\">\n\t\t\t\t<div class=\"elementor-element elementor-element-d985971 elementor-widget elementor-widget-image\" data-id=\"d985971\" data-element_type=\"widget\" data-widget_type=\"image.default\">\n\t\t\t\t<div class=\"elementor-widget-container\">\n\t\t\t\t\t\t\t\t\t\t\t\t\t<img fetchpriority=\"high\" decoding=\"async\" width=\"1600\" height=\"900\" src=\"https:\/\/ihsproject.org\/wp-content\/uploads\/2024\/03\/Workshops_to_Explore_Comprehensive_Health_Promotion_and_Patient_Empowerment.jpg\" class=\"attachment-full size-full wp-image-13319\" alt=\"\" srcset=\"https:\/\/ihsproject.org\/wp-content\/uploads\/2024\/03\/Workshops_to_Explore_Comprehensive_Health_Promotion_and_Patient_Empowerment.jpg 1600w, https:\/\/ihsproject.org\/wp-content\/uploads\/2024\/03\/Workshops_to_Explore_Comprehensive_Health_Promotion_and_Patient_Empowerment-300x169.jpg 300w, https:\/\/ihsproject.org\/wp-content\/uploads\/2024\/03\/Workshops_to_Explore_Comprehensive_Health_Promotion_and_Patient_Empowerment-1024x576.jpg 1024w, https:\/\/ihsproject.org\/wp-content\/uploads\/2024\/03\/Workshops_to_Explore_Comprehensive_Health_Promotion_and_Patient_Empowerment-768x432.jpg 768w, https:\/\/ihsproject.org\/wp-content\/uploads\/2024\/03\/Workshops_to_Explore_Comprehensive_Health_Promotion_and_Patient_Empowerment-1536x864.jpg 1536w, https:\/\/ihsproject.org\/wp-content\/uploads\/2024\/03\/Workshops_to_Explore_Comprehensive_Health_Promotion_and_Patient_Empowerment-18x10.jpg 18w\" sizes=\"(max-width: 1600px) 100vw, 1600px\" \/>\t\t\t\t\t\t\t\t\t\t\t\t\t<\/div>\n\t\t\t\t<\/div>\n\t\t\t\t\t<\/div>\n\t\t\t\t<\/div>\n\t\t<div class=\"elementor-element elementor-element-b0d53e8 e-flex e-con-boxed e-con e-parent\" data-id=\"b0d53e8\" data-element_type=\"container\" data-core-v316-plus=\"true\">\n\t\t\t\t\t<div class=\"e-con-inner\">\n\t\t\t\t<div class=\"elementor-element elementor-element-26d12e8 elementor-widget elementor-widget-heading\" data-id=\"26d12e8\" data-element_type=\"widget\" data-widget_type=\"heading.default\">\n\t\t\t\t<div class=\"elementor-widget-container\">\n\t\t\t<h2 class=\"elementor-heading-title elementor-size-default\">Radionice za istra\u017eivanje sveobuhvatne promocije zdravlja i osna\u017eivanja pacijenata<\/h2>\t\t<\/div>\n\t\t\t\t<\/div>\n\t\t\t\t<div class=\"elementor-element elementor-element-3b327e3 elementor-widget elementor-widget-text-editor\" data-id=\"3b327e3\" data-element_type=\"widget\" data-widget_type=\"text-editor.default\">\n\t\t\t\t<div class=\"elementor-widget-container\">\n\t\t\t\t\t\t\t<p>Pro\u0161le nedelje, IHS projekat je sproveo dve radionice sa osobljem iz op\u0161tih bolnica u Pe\u0107i i \u0110akovici sa fokusom na promociju zdravlja i osna\u017eivanje pacijenata.<span class=\"Apple-converted-space\">\u00a0<\/span><\/p><p>Pod vo\u0111stvom dr. sc. Oliver-a Gr\u00f6ne-a, izvr\u0161nog direktora Sekretarijata Me\u0111unarodne mre\u017ee bolnica i zdravstvenih usluga za promovisanje zdravlja, obe radionice imale su za cilj opremanje zdravstvenih radnika potrebnim alatima i uvidima kako bi se podstakao pristup usmeren na pacijenta i promovisala dobrobit zajednice.<\/p><p>U\u010desnici su istra\u017eivali razli\u010dite komponente koncepta i njegov dubok uticaj na dobrobit pojedinca i zajednice, razmatrali klju\u010dne oblasti promocije zdravlja unutar bolni\u010dkih okru\u017eenja na Kosovu, razmenjivali ideje i u\u010dili iz uspe\u0161nih studija slu\u010daja sveobuhvatnih inicijativa za unapre\u0111enje zdravlja. Na sesijama je nagla\u0161en zna\u010daj osna\u017eivanja pacijenata u zdravstvenoj za\u0161titi i uloga koju ono igra u podsticanju boljih zdravstvenih ishoda.<span class=\"Apple-converted-space\">\u00a0<\/span><\/p><p>Radionica je zaklju\u010dena stvarnim scenarijima i prakti\u010dnim pristupima odabranim za unapre\u0111enje znanja i ve\u0161tina o integraciji strategija osna\u017eivanja pacijenata u svakodnevnu praksu. Osim bolni\u010dkog osoblja, ostali u\u010desnici su bili iz redova Nacionalnog instituta za javno zdravlje, primarne zdravstvene za\u0161tite i predstavnika pacijenata.<\/p>\t\t\t\t\t\t<\/div>\n\t\t\t\t<\/div>\n\t\t\t\t\t<\/div>\n\t\t\t\t<\/div>\n\t\t\t\t<\/div>","protected":false},"excerpt":{"rendered":"<p>Workshops to Explore Comprehensive Health Promotion and Patient Empowerment Last week, the IHS project conducted two workshops with staff from the general hospitals of Peja and Gjakova with a focus on health promotion and patient empowerment.\u00a0 Facilitated by Oliver Gr\u00f6ne, PhD, CEO of the Secretariat of International Network of Health Promoting Hospitals &amp; Health Services, [&hellip;]<\/p>","protected":false},"author":1,"featured_media":0,"parent":0,"menu_order":0,"comment_status":"closed","ping_status":"closed","template":"","meta":[],"_links":{"self":[{"href":"https:\/\/ihsproject.org\/sr\/wp-json\/wp\/v2\/pages\/13321"}],"collection":[{"href":"https:\/\/ihsproject.org\/sr\/wp-json\/wp\/v2\/pages"}],"about":[{"href":"https:\/\/ihsproject.org\/sr\/wp-json\/wp\/v2\/types\/page"}],"author":[{"embeddable":true,"href":"https:\/\/ihsproject.org\/sr\/wp-json\/wp\/v2\/users\/1"}],"replies":[{"embeddable":true,"href":"https:\/\/ihsproject.org\/sr\/wp-json\/wp\/v2\/comments?post=13321"}],"version-history":[{"count":4,"href":"https:\/\/ihsproject.org\/sr\/wp-json\/wp\/v2\/pages\/13321\/revisions"}],"predecessor-version":[{"id":13328,"href":"https:\/\/ihsproject.org\/sr\/wp-json\/wp\/v2\/pages\/13321\/revisions\/13328"}],"wp:attachment":[{"href":"https:\/\/ihsproject.org\/sr\/wp-json\/wp\/v2\/media?parent=13321"}],"curies":[{"name":"wp","href":"https:\/\/api.w.org\/{rel}","templated":true}]}}