{"id":13290,"date":"2024-03-06T11:50:36","date_gmt":"2024-03-06T11:50:36","guid":{"rendered":"https:\/\/ihsproject.org\/?page_id=13290"},"modified":"2024-03-06T11:58:21","modified_gmt":"2024-03-06T11:58:21","slug":"march-06-2024","status":"publish","type":"page","link":"https:\/\/ihsproject.org\/sr\/march-06-2024\/","title":{"rendered":"06 Marta 2024"},"content":{"rendered":"<div data-elementor-type=\"wp-page\" data-elementor-id=\"13290\" class=\"elementor elementor-13290\">\n\t\t\t\t<div class=\"elementor-element elementor-element-4d1dadc9 e-flex e-con-boxed e-con e-parent\" data-id=\"4d1dadc9\" data-element_type=\"container\" data-core-v316-plus=\"true\">\n\t\t\t\t\t<div class=\"e-con-inner\">\n\t\t\t\t<div class=\"elementor-element elementor-element-2debacb4 elementor-widget elementor-widget-image\" data-id=\"2debacb4\" data-element_type=\"widget\" data-widget_type=\"image.default\">\n\t\t\t\t<div class=\"elementor-widget-container\">\n\t\t\t\t\t\t\t\t\t\t\t\t\t<img fetchpriority=\"high\" decoding=\"async\" width=\"2560\" height=\"1920\" src=\"https:\/\/ihsproject.org\/wp-content\/uploads\/2024\/03\/2024-03-06-HPH-Gjakova-1-scaled.jpg\" class=\"attachment-full size-full wp-image-13292\" alt=\"\" srcset=\"https:\/\/ihsproject.org\/wp-content\/uploads\/2024\/03\/2024-03-06-HPH-Gjakova-1-scaled.jpg 2560w, https:\/\/ihsproject.org\/wp-content\/uploads\/2024\/03\/2024-03-06-HPH-Gjakova-1-300x225.jpg 300w, https:\/\/ihsproject.org\/wp-content\/uploads\/2024\/03\/2024-03-06-HPH-Gjakova-1-1024x768.jpg 1024w, https:\/\/ihsproject.org\/wp-content\/uploads\/2024\/03\/2024-03-06-HPH-Gjakova-1-768x576.jpg 768w, https:\/\/ihsproject.org\/wp-content\/uploads\/2024\/03\/2024-03-06-HPH-Gjakova-1-1536x1152.jpg 1536w, https:\/\/ihsproject.org\/wp-content\/uploads\/2024\/03\/2024-03-06-HPH-Gjakova-1-2048x1536.jpg 2048w, https:\/\/ihsproject.org\/wp-content\/uploads\/2024\/03\/2024-03-06-HPH-Gjakova-1-16x12.jpg 16w\" sizes=\"(max-width: 2560px) 100vw, 2560px\" \/>\t\t\t\t\t\t\t\t\t\t\t\t\t<\/div>\n\t\t\t\t<\/div>\n\t\t\t\t\t<\/div>\n\t\t\t\t<\/div>\n\t\t<div class=\"elementor-element elementor-element-1fb15d0d e-flex e-con-boxed e-con e-parent\" data-id=\"1fb15d0d\" data-element_type=\"container\" data-core-v316-plus=\"true\">\n\t\t\t\t\t<div class=\"e-con-inner\">\n\t\t\t\t<div class=\"elementor-element elementor-element-26764423 elementor-widget elementor-widget-heading\" data-id=\"26764423\" data-element_type=\"widget\" data-widget_type=\"heading.default\">\n\t\t\t\t<div class=\"elementor-widget-container\">\n\t\t\t<h2 class=\"elementor-heading-title elementor-size-default\">Op\u0161ta bolnica u \u0110akovici se pridru\u017euje Me\u0111unarodnoj mre\u017ei bolnica <\/h2>\t\t<\/div>\n\t\t\t\t<\/div>\n\t\t\t\t<div class=\"elementor-element elementor-element-1eb12d8a elementor-widget elementor-widget-text-editor\" data-id=\"1eb12d8a\" data-element_type=\"widget\" data-widget_type=\"text-editor.default\">\n\t\t\t\t<div class=\"elementor-widget-container\">\n\t\t\t\t\t\t\t<p><span style=\"font-weight: 400;\">Dana 6. marta 2024. godine, na sve\u010danosti organizovanoj u prostorijama Op\u0161te bolnice u \u0110akovici, direktor Hilmi Shala dobio je sertifikat Bolnice za unapre\u0111enje zdravlja, \u010dime je bolnica postala \u010dlan globalne mre\u017ee. Ovo \u010dlanstvo otvara nove mogu\u0107nosti za OB \u0110akovica za razmenu iskustava na me\u0111unarodnom nivou. Prof. dr. Oliver Gr\u00f6ne, Izvr\u0161ni direktor Me\u0111unarodnog sekretarijata HPH-a, uru\u010dio je sertifikat.\u00a0<\/span><\/p><p><span style=\"font-weight: 400;\">\u201cOvo je jedan od najva\u017enijih dana od osnivanja na\u0161e institucije,\u201d rekao je direktor bolnice g. Hilmi Shala. \u201ePridru\u017eivanje Me\u0111unarodnoj mre\u017ei bolnica za promovisanje zdravlja ja\u010da na\u0161u saradnju sa globalnim zdravstvenim institucijama i podr\u017eava odr\u017eivi napredak u pru\u017eanju kvalitetne nege za na\u0161u zajednicu.\u201d<\/span><\/p><p><span style=\"font-weight: 400;\">Govore\u0107i u ime projekta Integrisane usluge zdravstvene za\u0161tite (IHS), dr. Ilir Mecini je rekao: \u201eOvaj sertifikat je dodatno svedo\u010danstvo posve\u0107enosti i kontinuiranih napora OB \u0110akovica ka pru\u017eanju kvalitetnih zdravstvenih usluga koje su usmerene na pacijente.\u201c\u00a0<\/span><\/p><p><span style=\"font-weight: 400;\">Projekat IHS, zajedni\u010dka inicijativa Ministarstva zdravlja i \u0160vajcarske agencije za razvoj i saradnju (SDC) na Kosovu, posredovao je u procesu \u010dlanstva OB \u0110akovica u mre\u017eu bolnica za unapre\u0111enje zdravlja.<\/span><\/p>\t\t\t\t\t\t<\/div>\n\t\t\t\t<\/div>\n\t\t\t\t\t<\/div>\n\t\t\t\t<\/div>\n\t\t\t\t<\/div>","protected":false},"excerpt":{"rendered":"<p>General Hospital of Gjakova Joins International Network of Peer Hospitals On 6 March 2024, at a ceremony organized in the premises of the General Hospital of Gjakova, Director Hilmi Shala received the certificate as a Health Promotion Hospital, thus becoming member of the global network. This membership opens new opportunities for the GH of Gjakova [&hellip;]<\/p>","protected":false},"author":1,"featured_media":0,"parent":0,"menu_order":0,"comment_status":"closed","ping_status":"closed","template":"","meta":[],"_links":{"self":[{"href":"https:\/\/ihsproject.org\/sr\/wp-json\/wp\/v2\/pages\/13290"}],"collection":[{"href":"https:\/\/ihsproject.org\/sr\/wp-json\/wp\/v2\/pages"}],"about":[{"href":"https:\/\/ihsproject.org\/sr\/wp-json\/wp\/v2\/types\/page"}],"author":[{"embeddable":true,"href":"https:\/\/ihsproject.org\/sr\/wp-json\/wp\/v2\/users\/1"}],"replies":[{"embeddable":true,"href":"https:\/\/ihsproject.org\/sr\/wp-json\/wp\/v2\/comments?post=13290"}],"version-history":[{"count":4,"href":"https:\/\/ihsproject.org\/sr\/wp-json\/wp\/v2\/pages\/13290\/revisions"}],"predecessor-version":[{"id":13296,"href":"https:\/\/ihsproject.org\/sr\/wp-json\/wp\/v2\/pages\/13290\/revisions\/13296"}],"wp:attachment":[{"href":"https:\/\/ihsproject.org\/sr\/wp-json\/wp\/v2\/media?parent=13290"}],"curies":[{"name":"wp","href":"https:\/\/api.w.org\/{rel}","templated":true}]}}