{"id":13276,"date":"2024-03-05T12:23:20","date_gmt":"2024-03-05T12:23:20","guid":{"rendered":"https:\/\/ihsproject.org\/?page_id=13276"},"modified":"2024-03-05T12:29:23","modified_gmt":"2024-03-05T12:29:23","slug":"march-05-2024","status":"publish","type":"page","link":"https:\/\/ihsproject.org\/sr\/march-05-2024\/","title":{"rendered":"05 Marta 2024"},"content":{"rendered":"<div data-elementor-type=\"wp-page\" data-elementor-id=\"13276\" class=\"elementor elementor-13276\">\n\t\t\t\t<div class=\"elementor-element elementor-element-30eba55c e-flex e-con-boxed e-con e-parent\" data-id=\"30eba55c\" data-element_type=\"container\" data-core-v316-plus=\"true\">\n\t\t\t\t\t<div class=\"e-con-inner\">\n\t\t\t\t<div class=\"elementor-element elementor-element-5102c3df elementor-widget elementor-widget-image\" data-id=\"5102c3df\" data-element_type=\"widget\" data-widget_type=\"image.default\">\n\t\t\t\t<div class=\"elementor-widget-container\">\n\t\t\t\t\t\t\t\t\t\t\t\t\t<img fetchpriority=\"high\" decoding=\"async\" width=\"2000\" height=\"1500\" src=\"https:\/\/ihsproject.org\/wp-content\/uploads\/2024\/03\/2024-03-05-Ceremonia-ne-Peje-_2_-_1_.jpeg\" class=\"attachment-full size-full wp-image-13278\" alt=\"\" srcset=\"https:\/\/ihsproject.org\/wp-content\/uploads\/2024\/03\/2024-03-05-Ceremonia-ne-Peje-_2_-_1_.jpeg 2000w, https:\/\/ihsproject.org\/wp-content\/uploads\/2024\/03\/2024-03-05-Ceremonia-ne-Peje-_2_-_1_-300x225.jpeg 300w, https:\/\/ihsproject.org\/wp-content\/uploads\/2024\/03\/2024-03-05-Ceremonia-ne-Peje-_2_-_1_-1024x768.jpeg 1024w, https:\/\/ihsproject.org\/wp-content\/uploads\/2024\/03\/2024-03-05-Ceremonia-ne-Peje-_2_-_1_-768x576.jpeg 768w, https:\/\/ihsproject.org\/wp-content\/uploads\/2024\/03\/2024-03-05-Ceremonia-ne-Peje-_2_-_1_-1536x1152.jpeg 1536w, https:\/\/ihsproject.org\/wp-content\/uploads\/2024\/03\/2024-03-05-Ceremonia-ne-Peje-_2_-_1_-16x12.jpeg 16w\" sizes=\"(max-width: 2000px) 100vw, 2000px\" \/>\t\t\t\t\t\t\t\t\t\t\t\t\t<\/div>\n\t\t\t\t<\/div>\n\t\t\t\t\t<\/div>\n\t\t\t\t<\/div>\n\t\t<div class=\"elementor-element elementor-element-1f72b00c e-flex e-con-boxed e-con e-parent\" data-id=\"1f72b00c\" data-element_type=\"container\" data-core-v316-plus=\"true\">\n\t\t\t\t\t<div class=\"e-con-inner\">\n\t\t\t\t<div class=\"elementor-element elementor-element-30a7940 elementor-widget elementor-widget-heading\" data-id=\"30a7940\" data-element_type=\"widget\" data-widget_type=\"heading.default\">\n\t\t\t\t<div class=\"elementor-widget-container\">\n\t\t\t<h2 class=\"elementor-heading-title elementor-size-default\">Op\u0161ta bolnica u Pe\u0107i se pridru\u017euje Mre\u017ei bolnica koje promovi\u0161u zdravlje <\/h2>\t\t<\/div>\n\t\t\t\t<\/div>\n\t\t\t\t<div class=\"elementor-element elementor-element-181dcea1 elementor-widget elementor-widget-text-editor\" data-id=\"181dcea1\" data-element_type=\"widget\" data-widget_type=\"text-editor.default\">\n\t\t\t\t<div class=\"elementor-widget-container\">\n\t\t\t\t\t\t\t<p class=\"p1\">Op\u0161ta bolnica u Pe\u0107i ve\u0107 se pridru\u017eila svetskoj zajednici bolnica koje promovi\u0161u zdravlje (HPH). Na sve\u010danosti organizovanoj u Pe\u0107i 5. marta 2024. godine, prof. dr. Oliver Gr\u00f6ne, Izvr\u0161ni direktor Me\u0111unarodnog sekretarijata HPH-a, uru\u010dio je sertifikat direktoru bolnice dr. Fazli Shala. Sertifikat je rezultat intenzivnog anga\u017eovanja rukovodilaca i osoblja bolnice za ispunjavanje standarda bolnica koje promovi\u0161u zdravlje.<\/p><p class=\"p1\">Govore\u0107i na sve\u010danosti, generalni sekretar Ministarstva zdravstva Kosova, dr. Naim Bardiqi je rekao: \u201eDanas smo ovde da \u010destitamo Op\u0161toj bolnici u Pe\u0107i na velikom dostignu\u0107u u dobijanju me\u0111unarodnog sertifikata bolnica koje promovi\u0161u zdravlje. Postaju\u0107i ravnopravan deo globalne mre\u017ee dovodi bolnicu na nove nivoe u pru\u017eanju zdravstvenih usluga\u201c.<\/p><p class=\"p1\">Bolnice koje promovi\u0161u zdravlje (HPH) su zdravstvene institucije koje kao prioritet imaju promociju zdravlja i dobrobiti pored tradicionalne medicinske nege. Proces \u010dlanstva OB Pe\u0107i u mre\u017ei HPH je olak\u0161an kroz projekat Integrisanih zdravstvenih usluga (IHS), projekat \u0160vajcarske agencije za razvoj i saradnju (SDC) na Kosovu.<\/p><p class=\"p1\">\"Ovaj sertifikat je kao dokaz posve\u0107enosti Op\u0161te bolnice u Pe\u0107i za kontinuirano pobolj\u0161anje sa pacijentom u centru\", rekla je Merita Mustafa iz SDC-a, koja je istakla da ovo anga\u017eovanje dolazi u okviru podr\u0161ke SDC-a razvoju sektora zdravstva na Kosovu.<\/p><p class=\"p1\">Sastanak je nastavljen izlaganjem prof. dr. Oliver Gr\u00f6ne o va\u017enosti sveobuhvatne promocije zdravlja, eksplori\u0161u\u0107i koncept sveobuhvatne promocije zdravlja, njegove komponente i uticaj na dobrobit pojedinca i zajednice.<\/p>\t\t\t\t\t\t<\/div>\n\t\t\t\t<\/div>\n\t\t\t\t\t<\/div>\n\t\t\t\t<\/div>\n\t\t\t\t<\/div>","protected":false},"excerpt":{"rendered":"<p>General Hospital of Peja Becomes Member of Health Promoting Hospitals Network General Hospital of Peja has now joined the worldwide community of health promoting hospitals. At a ceremony organized in Peja on 5 March 2024, Prof. Dr. Oliver Gr\u00f6ne, CEO of the International HPH Secretariat awarded the certificate to the hospital director, Dr. Fazli Shala. [&hellip;]<\/p>","protected":false},"author":1,"featured_media":0,"parent":0,"menu_order":0,"comment_status":"closed","ping_status":"closed","template":"","meta":[],"_links":{"self":[{"href":"https:\/\/ihsproject.org\/sr\/wp-json\/wp\/v2\/pages\/13276"}],"collection":[{"href":"https:\/\/ihsproject.org\/sr\/wp-json\/wp\/v2\/pages"}],"about":[{"href":"https:\/\/ihsproject.org\/sr\/wp-json\/wp\/v2\/types\/page"}],"author":[{"embeddable":true,"href":"https:\/\/ihsproject.org\/sr\/wp-json\/wp\/v2\/users\/1"}],"replies":[{"embeddable":true,"href":"https:\/\/ihsproject.org\/sr\/wp-json\/wp\/v2\/comments?post=13276"}],"version-history":[{"count":4,"href":"https:\/\/ihsproject.org\/sr\/wp-json\/wp\/v2\/pages\/13276\/revisions"}],"predecessor-version":[{"id":13283,"href":"https:\/\/ihsproject.org\/sr\/wp-json\/wp\/v2\/pages\/13276\/revisions\/13283"}],"wp:attachment":[{"href":"https:\/\/ihsproject.org\/sr\/wp-json\/wp\/v2\/media?parent=13276"}],"curies":[{"name":"wp","href":"https:\/\/api.w.org\/{rel}","templated":true}]}}