{"id":13254,"date":"2024-03-04T11:49:40","date_gmt":"2024-03-04T11:49:40","guid":{"rendered":"https:\/\/ihsproject.org\/?page_id=13254"},"modified":"2024-03-04T12:16:53","modified_gmt":"2024-03-04T12:16:53","slug":"march-04-2024","status":"publish","type":"page","link":"https:\/\/ihsproject.org\/sr\/march-04-2024\/","title":{"rendered":"04 Marta 2024"},"content":{"rendered":"<div data-elementor-type=\"wp-page\" data-elementor-id=\"13254\" class=\"elementor elementor-13254\">\n\t\t\t\t<div class=\"elementor-element elementor-element-14711ab e-flex e-con-boxed e-con e-parent\" data-id=\"14711ab\" data-element_type=\"container\" data-core-v316-plus=\"true\">\n\t\t\t\t\t<div class=\"e-con-inner\">\n\t\t\t\t<div class=\"elementor-element elementor-element-98d81e4 elementor-widget elementor-widget-image\" data-id=\"98d81e4\" data-element_type=\"widget\" data-widget_type=\"image.default\">\n\t\t\t\t<div class=\"elementor-widget-container\">\n\t\t\t\t\t\t\t\t\t\t\t\t\t<img fetchpriority=\"high\" decoding=\"async\" width=\"1600\" height=\"900\" src=\"https:\/\/ihsproject.org\/wp-content\/uploads\/2024\/03\/Gender_Lens_in_Non-Communicable_Diseases_Care_Delivery.jpg\" class=\"attachment-full size-full wp-image-13264\" alt=\"\" srcset=\"https:\/\/ihsproject.org\/wp-content\/uploads\/2024\/03\/Gender_Lens_in_Non-Communicable_Diseases_Care_Delivery.jpg 1600w, https:\/\/ihsproject.org\/wp-content\/uploads\/2024\/03\/Gender_Lens_in_Non-Communicable_Diseases_Care_Delivery-300x169.jpg 300w, https:\/\/ihsproject.org\/wp-content\/uploads\/2024\/03\/Gender_Lens_in_Non-Communicable_Diseases_Care_Delivery-1024x576.jpg 1024w, https:\/\/ihsproject.org\/wp-content\/uploads\/2024\/03\/Gender_Lens_in_Non-Communicable_Diseases_Care_Delivery-768x432.jpg 768w, https:\/\/ihsproject.org\/wp-content\/uploads\/2024\/03\/Gender_Lens_in_Non-Communicable_Diseases_Care_Delivery-1536x864.jpg 1536w, https:\/\/ihsproject.org\/wp-content\/uploads\/2024\/03\/Gender_Lens_in_Non-Communicable_Diseases_Care_Delivery-18x10.jpg 18w\" sizes=\"(max-width: 1600px) 100vw, 1600px\" \/>\t\t\t\t\t\t\t\t\t\t\t\t\t<\/div>\n\t\t\t\t<\/div>\n\t\t\t\t\t<\/div>\n\t\t\t\t<\/div>\n\t\t<div class=\"elementor-element elementor-element-8a41a68 e-flex e-con-boxed e-con e-parent\" data-id=\"8a41a68\" data-element_type=\"container\" data-core-v316-plus=\"true\">\n\t\t\t\t\t<div class=\"e-con-inner\">\n\t\t\t\t<div class=\"elementor-element elementor-element-7514deb elementor-widget elementor-widget-heading\" data-id=\"7514deb\" data-element_type=\"widget\" data-widget_type=\"heading.default\">\n\t\t\t\t<div class=\"elementor-widget-container\">\n\t\t\t<h2 class=\"elementor-heading-title elementor-size-default\">Rodna so\u010diva u pru\u017eanju nege kod nezaraznih bolesti<\/h2>\t\t<\/div>\n\t\t\t\t<\/div>\n\t\t\t\t<div class=\"elementor-element elementor-element-fa7e088 elementor-widget elementor-widget-text-editor\" data-id=\"fa7e088\" data-element_type=\"widget\" data-widget_type=\"text-editor.default\">\n\t\t\t\t<div class=\"elementor-widget-container\">\n\t\t\t\t\t\t\t<p>Dana 4. marta 2024. odr\u017ean je sastanak stru\u010dnjaka sa ciljem zalaganja za pobolj\u0161anu rodnu perspektivu u zdravstvu. Na okruglom stolu organizovanom u \u0110akovici, stru\u010dnjaci iz razli\u010ditih javnih i civilnih subjekata podigli su svest posebno o va\u017enosti rodne perspektive u prevenciji i upravljanju NCD.<\/p><p>Okrugli sto je zapo\u010deo posebnim napomenama Mrike Aliu, specijaliste za javno zdravlje sa regionalnim iskustvom, koja je naglasila va\u017enost integracije rodnih perspektiva u prevenciju i upravljanje NCD. Dr. Sebahate Pacolli Krasniqi i dr. Sevdie Spahiu iz Nacionalnog instituta za javno zdravlje predstavili su ubedljive podatke iz 2022. godine, bacaju\u0107i svetlo na rodno specifi\u010dne trendove u vezi sa NCD na Kosovu. Mark Kaqinari, vi\u0161i pravni savetnik u Instituciji ombudsmana, istakao je dubok uticaj roda na zdravlje i ljudska prava, dok je Besim Kodra iz Udru\u017eenja za prava pacijenata Kosova naglasio va\u017enost obezbe\u0111ivanja jednakog pristupa nezi za sve pacijente sa NCD.<\/p><p>Direktor Op\u0161te bolnice u \u0110akovici, g. Hilmi Shala, izjavio je: \u201eHajde da iskoristimo ovo kao priliku da ispitamo dubok uticaj koji na\u0161i zajedni\u010dki napori mogu imati na zdravlje i dobrobit na\u0161ih zajednica. Zajedno mo\u017eemo u\u010diniti mnogo za budu\u0107nost u kojoj rodni  \u201cmainstreaming\u201d u zdravstvu nije samo te\u017enja ve\u0107 i realnost. Zajedno mo\u017eemo napraviti razliku u \u017eivotima onih koji su pogo\u0111eni nezaraznim bolestima, tako da dobiju brigu i pa\u017enju koja im je potrebna.<\/p><p>Okrugli sto je zavr\u0161en sesijom brainstorming-a o aktivnim koracima za saradnju izme\u0111u javnih institucija, organizacija civilnog dru\u0161tva (OCD), medija i bolni\u010dkih slu\u017ebi. U\u010desnici su u\u010destvovali u diskusijama, razmenjivali ideje o tome kako promovisati rodno so\u010divo u pru\u017eanju nege NCD i podsticati saradnju me\u0111u sektorima.<\/p>\t\t\t\t\t\t<\/div>\n\t\t\t\t<\/div>\n\t\t\t\t\t<\/div>\n\t\t\t\t<\/div>\n\t\t\t\t<\/div>","protected":false},"excerpt":{"rendered":"<p>Gender Lens in Non-Communicable Diseases Care Delivery On 4 March 2024, experts convened to advocate for enhanced gender perspective in healthcare. At a roundtable organized in Gjakova, professionals from various public and civil society entities raised awareness specifically on the importance of gender perspective in NCD prevention and management. The roundtable commenced with special remarks [&hellip;]<\/p>","protected":false},"author":1,"featured_media":0,"parent":0,"menu_order":0,"comment_status":"closed","ping_status":"closed","template":"","meta":[],"_links":{"self":[{"href":"https:\/\/ihsproject.org\/sr\/wp-json\/wp\/v2\/pages\/13254"}],"collection":[{"href":"https:\/\/ihsproject.org\/sr\/wp-json\/wp\/v2\/pages"}],"about":[{"href":"https:\/\/ihsproject.org\/sr\/wp-json\/wp\/v2\/types\/page"}],"author":[{"embeddable":true,"href":"https:\/\/ihsproject.org\/sr\/wp-json\/wp\/v2\/users\/1"}],"replies":[{"embeddable":true,"href":"https:\/\/ihsproject.org\/sr\/wp-json\/wp\/v2\/comments?post=13254"}],"version-history":[{"count":10,"href":"https:\/\/ihsproject.org\/sr\/wp-json\/wp\/v2\/pages\/13254\/revisions"}],"predecessor-version":[{"id":13267,"href":"https:\/\/ihsproject.org\/sr\/wp-json\/wp\/v2\/pages\/13254\/revisions\/13267"}],"wp:attachment":[{"href":"https:\/\/ihsproject.org\/sr\/wp-json\/wp\/v2\/media?parent=13254"}],"curies":[{"name":"wp","href":"https:\/\/api.w.org\/{rel}","templated":true}]}}