{"id":13239,"date":"2024-03-01T10:00:16","date_gmt":"2024-03-01T10:00:16","guid":{"rendered":"https:\/\/ihsproject.org\/?page_id=13239"},"modified":"2024-03-01T10:06:23","modified_gmt":"2024-03-01T10:06:23","slug":"march-01-2024","status":"publish","type":"page","link":"https:\/\/ihsproject.org\/sr\/march-01-2024\/","title":{"rendered":"01 Marta 2024"},"content":{"rendered":"<div data-elementor-type=\"wp-page\" data-elementor-id=\"13239\" class=\"elementor elementor-13239\">\n\t\t\t\t<div class=\"elementor-element elementor-element-3fb96a0 e-flex e-con-boxed e-con e-parent\" data-id=\"3fb96a0\" data-element_type=\"container\" data-core-v316-plus=\"true\">\n\t\t\t\t\t<div class=\"e-con-inner\">\n\t\t\t\t<div class=\"elementor-element elementor-element-2f34079 elementor-widget elementor-widget-image\" data-id=\"2f34079\" data-element_type=\"widget\" data-widget_type=\"image.default\">\n\t\t\t\t<div class=\"elementor-widget-container\">\n\t\t\t\t\t\t\t\t\t\t\t\t\t<img fetchpriority=\"high\" decoding=\"async\" width=\"1600\" height=\"900\" src=\"https:\/\/ihsproject.org\/wp-content\/uploads\/2024\/03\/Two-Day_Training_to_Enhance_Healthcare_Communication.jpg\" class=\"attachment-full size-full wp-image-13244\" alt=\"\" srcset=\"https:\/\/ihsproject.org\/wp-content\/uploads\/2024\/03\/Two-Day_Training_to_Enhance_Healthcare_Communication.jpg 1600w, https:\/\/ihsproject.org\/wp-content\/uploads\/2024\/03\/Two-Day_Training_to_Enhance_Healthcare_Communication-300x169.jpg 300w, https:\/\/ihsproject.org\/wp-content\/uploads\/2024\/03\/Two-Day_Training_to_Enhance_Healthcare_Communication-1024x576.jpg 1024w, https:\/\/ihsproject.org\/wp-content\/uploads\/2024\/03\/Two-Day_Training_to_Enhance_Healthcare_Communication-768x432.jpg 768w, https:\/\/ihsproject.org\/wp-content\/uploads\/2024\/03\/Two-Day_Training_to_Enhance_Healthcare_Communication-1536x864.jpg 1536w, https:\/\/ihsproject.org\/wp-content\/uploads\/2024\/03\/Two-Day_Training_to_Enhance_Healthcare_Communication-18x10.jpg 18w\" sizes=\"(max-width: 1600px) 100vw, 1600px\" \/>\t\t\t\t\t\t\t\t\t\t\t\t\t<\/div>\n\t\t\t\t<\/div>\n\t\t\t\t\t<\/div>\n\t\t\t\t<\/div>\n\t\t<div class=\"elementor-element elementor-element-2cb1414 e-flex e-con-boxed e-con e-parent\" data-id=\"2cb1414\" data-element_type=\"container\" data-core-v316-plus=\"true\">\n\t\t\t\t\t<div class=\"e-con-inner\">\n\t\t\t\t<div class=\"elementor-element elementor-element-6d65d53 elementor-widget elementor-widget-heading\" data-id=\"6d65d53\" data-element_type=\"widget\" data-widget_type=\"heading.default\">\n\t\t\t\t<div class=\"elementor-widget-container\">\n\t\t\t<h2 class=\"elementor-heading-title elementor-size-default\">Dvodnevna obuka za pobolj\u0161anje komunikacije u zdravstvu<\/h2>\t\t<\/div>\n\t\t\t\t<\/div>\n\t\t\t\t<div class=\"elementor-element elementor-element-c17d01b elementor-widget elementor-widget-text-editor\" data-id=\"c17d01b\" data-element_type=\"widget\" data-widget_type=\"text-editor.default\">\n\t\t\t\t<div class=\"elementor-widget-container\">\n\t\t\t\t\t\t\t<p>Od 27. do 28. februara 2024. godine predstavnici razli\u010ditih institucija zdravstvenog sektora u\u010destvovali su na obuci koja je imala za cilj istra\u017eivanje naprednih tehnika efektivne i strate\u0161ke javne komunikacije, javnog anga\u017emana i kriznog komuniciranja.<\/p><p>Uz pomo\u0107 projekata AQH i IHS, obuka je okupila predstavnike Ministarstva zdravlja, javnih bolnica, op\u0161tina i organizacija civilnog dru\u0161tva. Obuka je naglasila vitalnu ulogu jasne i transparentne komunikacije u ja\u010danju poverenja javnosti, postizanju ciljeva politike i snala\u017eenju u izazovima unutar dinami\u010dnog pejza\u017ea pru\u017eanja zdravstvene za\u0161tite. U\u010desnici su istra\u017eivali najbolje prakse strate\u0161ke institucionalne komunikacije i tehnike za iskori\u0161\u0107avanje mo\u0107i dru\u0161tvenih medija za preno\u0161enje upe\u010datljivih poruka.<span class=\"Apple-converted-space\">\u00a0<\/span><\/p><p>Komentari\u0161u\u0107i zna\u010daj obuke, Naim Sahiti, slu\u017ebenik za javno informisanje Op\u0161te bolnice u Pe\u0107i je naglasio: \u201eObuka je bila besprekorno organizovana. Posebno je bila upe\u010datljiva sesija na dru\u0161tvenim mre\u017eama, koja je ponudila vredne uvide. Zahvaljuju\u0107i obuci, ve\u0107 sam predlo\u017eio sveobuhvatni plan digitalne komunikacije za 2024., koji integri\u0161e klju\u010dne oblasti istaknute tokom sesije.\"<\/p><p>Kroz uskla\u0111ene inicijative poput ovih, AQH i IHS projekti su posve\u0107eni unapre\u0111enju pristupa\u010dnosti, kvaliteta i integracije zdravstvenih usluga za sve.<\/p>\t\t\t\t\t\t<\/div>\n\t\t\t\t<\/div>\n\t\t\t\t\t<\/div>\n\t\t\t\t<\/div>\n\t\t\t\t<\/div>","protected":false},"excerpt":{"rendered":"<p>Two-Day Training to Enhance Healthcare Communication On 27-28 February 2024, representatives of various healthcare sector institutions participated at a training aimed at exploring advanced techniques of effective and strategic public communication, public engagement, and crisis communications. Facilitated by AQH and IHS projects, the training brought together representatives from the Ministry of Health, public hospitals, municipalities, [&hellip;]<\/p>","protected":false},"author":1,"featured_media":0,"parent":0,"menu_order":0,"comment_status":"closed","ping_status":"closed","template":"","meta":[],"_links":{"self":[{"href":"https:\/\/ihsproject.org\/sr\/wp-json\/wp\/v2\/pages\/13239"}],"collection":[{"href":"https:\/\/ihsproject.org\/sr\/wp-json\/wp\/v2\/pages"}],"about":[{"href":"https:\/\/ihsproject.org\/sr\/wp-json\/wp\/v2\/types\/page"}],"author":[{"embeddable":true,"href":"https:\/\/ihsproject.org\/sr\/wp-json\/wp\/v2\/users\/1"}],"replies":[{"embeddable":true,"href":"https:\/\/ihsproject.org\/sr\/wp-json\/wp\/v2\/comments?post=13239"}],"version-history":[{"count":4,"href":"https:\/\/ihsproject.org\/sr\/wp-json\/wp\/v2\/pages\/13239\/revisions"}],"predecessor-version":[{"id":13247,"href":"https:\/\/ihsproject.org\/sr\/wp-json\/wp\/v2\/pages\/13239\/revisions\/13247"}],"wp:attachment":[{"href":"https:\/\/ihsproject.org\/sr\/wp-json\/wp\/v2\/media?parent=13239"}],"curies":[{"name":"wp","href":"https:\/\/api.w.org\/{rel}","templated":true}]}}