{"id":13200,"date":"2024-02-21T14:49:34","date_gmt":"2024-02-21T14:49:34","guid":{"rendered":"https:\/\/ihsproject.org\/?page_id=13200"},"modified":"2024-02-21T16:14:20","modified_gmt":"2024-02-21T16:14:20","slug":"february-21-2024","status":"publish","type":"page","link":"https:\/\/ihsproject.org\/sr\/february-21-2024\/","title":{"rendered":"21 Februara 2024"},"content":{"rendered":"<div data-elementor-type=\"wp-page\" data-elementor-id=\"13200\" class=\"elementor elementor-13200\">\n\t\t\t\t<div class=\"elementor-element elementor-element-660f85aa e-flex e-con-boxed e-con e-parent\" data-id=\"660f85aa\" data-element_type=\"container\" data-core-v316-plus=\"true\">\n\t\t\t\t\t<div class=\"e-con-inner\">\n\t\t\t\t<div class=\"elementor-element elementor-element-673b9355 elementor-widget elementor-widget-image\" data-id=\"673b9355\" data-element_type=\"widget\" data-widget_type=\"image.default\">\n\t\t\t\t<div class=\"elementor-widget-container\">\n\t\t\t\t\t\t\t\t\t\t\t\t\t<img fetchpriority=\"high\" decoding=\"async\" width=\"800\" height=\"600\" src=\"https:\/\/ihsproject.org\/wp-content\/uploads\/2024\/02\/20240221-GH-Gjakova-QIPs-1024x768.jpg\" class=\"attachment-large size-large wp-image-13203\" alt=\"\" srcset=\"https:\/\/ihsproject.org\/wp-content\/uploads\/2024\/02\/20240221-GH-Gjakova-QIPs-1024x768.jpg 1024w, https:\/\/ihsproject.org\/wp-content\/uploads\/2024\/02\/20240221-GH-Gjakova-QIPs-300x225.jpg 300w, https:\/\/ihsproject.org\/wp-content\/uploads\/2024\/02\/20240221-GH-Gjakova-QIPs-768x576.jpg 768w, https:\/\/ihsproject.org\/wp-content\/uploads\/2024\/02\/20240221-GH-Gjakova-QIPs-1536x1152.jpg 1536w, https:\/\/ihsproject.org\/wp-content\/uploads\/2024\/02\/20240221-GH-Gjakova-QIPs-2048x1536.jpg 2048w, https:\/\/ihsproject.org\/wp-content\/uploads\/2024\/02\/20240221-GH-Gjakova-QIPs-16x12.jpg 16w\" sizes=\"(max-width: 800px) 100vw, 800px\" \/>\t\t\t\t\t\t\t\t\t\t\t\t\t<\/div>\n\t\t\t\t<\/div>\n\t\t\t\t\t<\/div>\n\t\t\t\t<\/div>\n\t\t<div class=\"elementor-element elementor-element-115d5365 e-flex e-con-boxed e-con e-parent\" data-id=\"115d5365\" data-element_type=\"container\" data-core-v316-plus=\"true\">\n\t\t\t\t\t<div class=\"e-con-inner\">\n\t\t\t\t<div class=\"elementor-element elementor-element-54bbcb96 elementor-widget elementor-widget-heading\" data-id=\"54bbcb96\" data-element_type=\"widget\" data-widget_type=\"heading.default\">\n\t\t\t\t<div class=\"elementor-widget-container\">\n\t\t\t<h2 class=\"elementor-heading-title elementor-size-default\">Projekti pobolj\u0161anja kvaliteta za ja\u010danje bolni\u010dke dinamike <\/h2>\t\t<\/div>\n\t\t\t\t<\/div>\n\t\t\t\t<div class=\"elementor-element elementor-element-2234dda1 elementor-widget elementor-widget-text-editor\" data-id=\"2234dda1\" data-element_type=\"widget\" data-widget_type=\"text-editor.default\">\n\t\t\t\t<div class=\"elementor-widget-container\">\n\t\t\t\t\t\t\t<p><span style=\"font-weight: 400;\">Na sednici odr\u017eanoj u Op\u0161toj bolnici u \u0110akovici 20-21. februara 2024, klju\u010dna tema su bili Projekti za unapre\u0111enje kvaliteta (QIP), kao alat koji podr\u017eava put bolnica ka stalnom pobolj\u0161anju.\u00a0<\/span><\/p><p><span style=\"font-weight: 400;\">Obra\u0107aju\u0107i se zdravstvenim radnicima koji \u010dine tim imenovan za rad na QIP-ovima, Manfred Zahorka, iz Optimedisa, stru\u010dnjak za standarde kvaliteta, naglasio je temeljni princip koji vodi QIP-ove: \"Svaki QIP uvek po\u010dinje od postoje\u0107eg standarda ili situacije.\" <\/span><\/p><p><span style=\"font-weight: 400;\">Naglasio je cikli\u010dnu prirodu pobolj\u0161anja, obja\u0161njavaju\u0107i da proces podrazumeva ponavljanje promena sve dok svaka iteracija ne nadma\u0161i prethodni standard. \"Kada promena postane standard, po\u010dinjete iznova. Tako funkcioni\u0161e pobolj\u0161anje\", dodao je, isti\u010du\u0107i ve\u010diti put ka izvrsnosti.<\/span><\/p><p><span style=\"font-weight: 400;\">Centralno za podr\u0161ku koju pru\u017ea IHS projekat je i ja\u010danje kapaciteta bolni\u010dkog osoblja u razvoju \u010dvrstih predloga projekata. Osna\u017eivanjem zdravstvenih radnika ovim ve\u0161tinama, cilj je da se podstakne kultura inovacija i kontinuirano usavr\u0161avanje u Op\u0161toj bolnici u \u0110akovici.<\/span><\/p><p><span style=\"font-weight: 400;\">Jedan od po\u010detnih projekata je izgradnja multifunkcionalnog prijemnog prostora u bolnici, koji je u skladu s ciljem pobolj\u0161anja iskustva pacijenata i racionalizacije operativne efikasnosti i podizanja standarda nege koja se pru\u017ea pacijentima.<\/span><\/p><p><span style=\"font-weight: 400;\">Va\u017eno je da je ova inicijativa tako\u0111e uskla\u0111ena s principima bolnica koje promovi\u0161u zdravlje, s ciljem stvaranja okru\u017eenja koje promovi\u0161e zdravlje i dobrobit i izvan klini\u010dkog le\u010denja.<\/span><\/p>\t\t\t\t\t\t<\/div>\n\t\t\t\t<\/div>\n\t\t\t\t\t<\/div>\n\t\t\t\t<\/div>\n\t\t\t\t<\/div>","protected":false},"excerpt":{"rendered":"<p>Quality Improvement Projects to Bolster Hospital Dynamism In session held at the General Hospital of Gjakova on 20-21 February 2024, the key topic was Quality Improvement Projects (QIPs), as a tool that supports the hospitals\u2019 journey towards continuous improvement.\u00a0 Addressing the healthcare professionals who comprise the assigned team to work on QIPs, Manfred Zahorka, from [&hellip;]<\/p>","protected":false},"author":1,"featured_media":0,"parent":0,"menu_order":0,"comment_status":"closed","ping_status":"closed","template":"","meta":[],"_links":{"self":[{"href":"https:\/\/ihsproject.org\/sr\/wp-json\/wp\/v2\/pages\/13200"}],"collection":[{"href":"https:\/\/ihsproject.org\/sr\/wp-json\/wp\/v2\/pages"}],"about":[{"href":"https:\/\/ihsproject.org\/sr\/wp-json\/wp\/v2\/types\/page"}],"author":[{"embeddable":true,"href":"https:\/\/ihsproject.org\/sr\/wp-json\/wp\/v2\/users\/1"}],"replies":[{"embeddable":true,"href":"https:\/\/ihsproject.org\/sr\/wp-json\/wp\/v2\/comments?post=13200"}],"version-history":[{"count":7,"href":"https:\/\/ihsproject.org\/sr\/wp-json\/wp\/v2\/pages\/13200\/revisions"}],"predecessor-version":[{"id":13216,"href":"https:\/\/ihsproject.org\/sr\/wp-json\/wp\/v2\/pages\/13200\/revisions\/13216"}],"wp:attachment":[{"href":"https:\/\/ihsproject.org\/sr\/wp-json\/wp\/v2\/media?parent=13200"}],"curies":[{"name":"wp","href":"https:\/\/api.w.org\/{rel}","templated":true}]}}