{"id":13041,"date":"2024-01-29T14:33:24","date_gmt":"2024-01-29T14:33:24","guid":{"rendered":"https:\/\/ihsproject.org\/?page_id=13041"},"modified":"2024-01-29T14:33:38","modified_gmt":"2024-01-29T14:33:38","slug":"january-29-2024","status":"publish","type":"page","link":"https:\/\/ihsproject.org\/sr\/january-29-2024\/","title":{"rendered":"29 Januara 2024"},"content":{"rendered":"<div data-elementor-type=\"wp-page\" data-elementor-id=\"13041\" class=\"elementor elementor-13041\">\n\t\t\t\t<div class=\"elementor-element elementor-element-1d78a634 e-flex e-con-boxed e-con e-parent\" data-id=\"1d78a634\" data-element_type=\"container\" data-core-v316-plus=\"true\">\n\t\t\t\t\t<div class=\"e-con-inner\">\n\t\t\t\t<div class=\"elementor-element elementor-element-3d069b5b elementor-widget elementor-widget-image\" data-id=\"3d069b5b\" data-element_type=\"widget\" data-widget_type=\"image.default\">\n\t\t\t\t<div class=\"elementor-widget-container\">\n\t\t\t\t\t\t\t\t\t\t\t\t\t<img fetchpriority=\"high\" decoding=\"async\" width=\"1178\" height=\"748\" src=\"https:\/\/ihsproject.org\/wp-content\/uploads\/2024\/01\/20240129-HPH-Tool-Alb.jpeg\" class=\"attachment-full size-full wp-image-13043\" alt=\"\" srcset=\"https:\/\/ihsproject.org\/wp-content\/uploads\/2024\/01\/20240129-HPH-Tool-Alb.jpeg 1178w, https:\/\/ihsproject.org\/wp-content\/uploads\/2024\/01\/20240129-HPH-Tool-Alb-300x190.jpeg 300w, https:\/\/ihsproject.org\/wp-content\/uploads\/2024\/01\/20240129-HPH-Tool-Alb-1024x650.jpeg 1024w, https:\/\/ihsproject.org\/wp-content\/uploads\/2024\/01\/20240129-HPH-Tool-Alb-768x488.jpeg 768w, https:\/\/ihsproject.org\/wp-content\/uploads\/2024\/01\/20240129-HPH-Tool-Alb-18x12.jpeg 18w\" sizes=\"(max-width: 1178px) 100vw, 1178px\" \/>\t\t\t\t\t\t\t\t\t\t\t\t\t<\/div>\n\t\t\t\t<\/div>\n\t\t\t\t\t<\/div>\n\t\t\t\t<\/div>\n\t\t<div class=\"elementor-element elementor-element-75501880 e-flex e-con-boxed e-con e-parent\" data-id=\"75501880\" data-element_type=\"container\" data-core-v316-plus=\"true\">\n\t\t\t\t\t<div class=\"e-con-inner\">\n\t\t\t\t<div class=\"elementor-element elementor-element-41f8b76c elementor-widget elementor-widget-heading\" data-id=\"41f8b76c\" data-element_type=\"widget\" data-widget_type=\"heading.default\">\n\t\t\t\t<div class=\"elementor-widget-container\">\n\t\t\t<h2 class=\"elementor-heading-title elementor-size-default\">Alat Standardi 2020 za samoocenjivanje za bolnice koje promovi\u0161u zdravlje dostupan na albanskom jeziku <\/h2>\t\t<\/div>\n\t\t\t\t<\/div>\n\t\t\t\t<div class=\"elementor-element elementor-element-4f928ae6 elementor-widget elementor-widget-text-editor\" data-id=\"4f928ae6\" data-element_type=\"widget\" data-widget_type=\"text-editor.default\">\n\t\t\t\t<div class=\"elementor-widget-container\">\n\t\t\t\t\t\t\t<p class=\"p1\">Alat za samocenjivanje za primenu standarda 2020 za bolnice koje promovi\u0161u zdravlje sada je dostupan na albanskom jeziku na slu\u017ebenoj veb stranici Me\u0111unarodne mre\u017ee bolnica i zdravstvenih slu\u017ebi koje promovi\u0161u zdravlje.<\/p><p class=\"p1\">Alat je sveobuhvatan vodi\u010d za bolnice da procene i unaprede svoju praksu u skladu sa najnovijim me\u0111unarodnim standardima kako bi integrisali globalno priznatu praksu koja promovi\u0161e zdravlje u kosovski bolni\u010dki sistem.<\/p><p class=\"p1\">Deljenje ovog osnovnog alata na albanskom jeziku osigurava da zdravstveni radnici imaju direktan i nesmetan pristup najnovijim uvidima i metodologijama, podsti\u010du\u0107i razmenu znanja koja doprinosi pobolj\u0161anju zdravstvenih usluga i ishoda pacijenata.<\/p><p class=\"p1\">Alatu se mo\u017ee pristupiti preko slede\u0107eg linka: <a href=\"https:\/\/www.hphnet.org\/wp-content\/uploads\/2024\/01\/Albanian-2020-HPH-Standards.pdf\" target=\"_blank\" rel=\"noopener\">https:\/\/www.hphnet.org\/wp-content\/uploads\/2024\/01\/Albanian-2020-HPH-Standards.pdf<\/a><\/p>\t\t\t\t\t\t<\/div>\n\t\t\t\t<\/div>\n\t\t\t\t\t<\/div>\n\t\t\t\t<\/div>\n\t\t\t\t<\/div>","protected":false},"excerpt":{"rendered":"<p>Self-Assessment Tool for Health Promoting Hospitals 2020 Standards Available in Albanian The self-assessment tool for implementing the 2020 standards for Health Promoting Hospitals is now accessible in Albanian on the official website of the International Network of Health Promoting Hospitals and Health Services. The tool is a comprehensive guide for hospitals to evaluate and enhance [&hellip;]<\/p>","protected":false},"author":1,"featured_media":0,"parent":0,"menu_order":0,"comment_status":"closed","ping_status":"closed","template":"","meta":[],"_links":{"self":[{"href":"https:\/\/ihsproject.org\/sr\/wp-json\/wp\/v2\/pages\/13041"}],"collection":[{"href":"https:\/\/ihsproject.org\/sr\/wp-json\/wp\/v2\/pages"}],"about":[{"href":"https:\/\/ihsproject.org\/sr\/wp-json\/wp\/v2\/types\/page"}],"author":[{"embeddable":true,"href":"https:\/\/ihsproject.org\/sr\/wp-json\/wp\/v2\/users\/1"}],"replies":[{"embeddable":true,"href":"https:\/\/ihsproject.org\/sr\/wp-json\/wp\/v2\/comments?post=13041"}],"version-history":[{"count":4,"href":"https:\/\/ihsproject.org\/sr\/wp-json\/wp\/v2\/pages\/13041\/revisions"}],"predecessor-version":[{"id":13047,"href":"https:\/\/ihsproject.org\/sr\/wp-json\/wp\/v2\/pages\/13041\/revisions\/13047"}],"wp:attachment":[{"href":"https:\/\/ihsproject.org\/sr\/wp-json\/wp\/v2\/media?parent=13041"}],"curies":[{"name":"wp","href":"https:\/\/api.w.org\/{rel}","templated":true}]}}