{"id":13026,"date":"2023-12-22T14:59:56","date_gmt":"2023-12-22T14:59:56","guid":{"rendered":"https:\/\/ihsproject.org\/?page_id=13026"},"modified":"2023-12-22T15:01:17","modified_gmt":"2023-12-22T15:01:17","slug":"december-21-2023","status":"publish","type":"page","link":"https:\/\/ihsproject.org\/sr\/december-21-2023\/","title":{"rendered":"21 Decembar 2023"},"content":{"rendered":"<div data-elementor-type=\"wp-page\" data-elementor-id=\"13026\" class=\"elementor elementor-13026\">\n\t\t\t\t<div class=\"elementor-element elementor-element-2b3fb4ca e-flex e-con-boxed e-con e-parent\" data-id=\"2b3fb4ca\" data-element_type=\"container\" data-core-v316-plus=\"true\">\n\t\t\t\t\t<div class=\"e-con-inner\">\n\t\t\t\t<div class=\"elementor-element elementor-element-4b9d6575 elementor-widget elementor-widget-image\" data-id=\"4b9d6575\" data-element_type=\"widget\" data-widget_type=\"image.default\">\n\t\t\t\t<div class=\"elementor-widget-container\">\n\t\t\t\t\t\t\t\t\t\t\t\t\t<img fetchpriority=\"high\" decoding=\"async\" width=\"1600\" height=\"800\" src=\"https:\/\/ihsproject.org\/wp-content\/uploads\/2023\/12\/IMG_6618-1.jpg\" class=\"attachment-full size-full wp-image-13029\" alt=\"\" srcset=\"https:\/\/ihsproject.org\/wp-content\/uploads\/2023\/12\/IMG_6618-1.jpg 1600w, https:\/\/ihsproject.org\/wp-content\/uploads\/2023\/12\/IMG_6618-1-300x150.jpg 300w, https:\/\/ihsproject.org\/wp-content\/uploads\/2023\/12\/IMG_6618-1-1024x512.jpg 1024w, https:\/\/ihsproject.org\/wp-content\/uploads\/2023\/12\/IMG_6618-1-768x384.jpg 768w, https:\/\/ihsproject.org\/wp-content\/uploads\/2023\/12\/IMG_6618-1-1536x768.jpg 1536w, https:\/\/ihsproject.org\/wp-content\/uploads\/2023\/12\/IMG_6618-1-18x9.jpg 18w\" sizes=\"(max-width: 1600px) 100vw, 1600px\" \/>\t\t\t\t\t\t\t\t\t\t\t\t\t<\/div>\n\t\t\t\t<\/div>\n\t\t\t\t\t<\/div>\n\t\t\t\t<\/div>\n\t\t<div class=\"elementor-element elementor-element-3675cb9b e-flex e-con-boxed e-con e-parent\" data-id=\"3675cb9b\" data-element_type=\"container\" data-core-v316-plus=\"true\">\n\t\t\t\t\t<div class=\"e-con-inner\">\n\t\t\t\t<div class=\"elementor-element elementor-element-392d80f2 elementor-widget elementor-widget-heading\" data-id=\"392d80f2\" data-element_type=\"widget\" data-widget_type=\"heading.default\">\n\t\t\t\t<div class=\"elementor-widget-container\">\n\t\t\t<h2 class=\"elementor-heading-title elementor-size-default\">Unapre\u0111enje institucionalnog rasta kroz partnerstva <\/h2>\t\t<\/div>\n\t\t\t\t<\/div>\n\t\t\t\t<div class=\"elementor-element elementor-element-47fee0bf elementor-widget elementor-widget-text-editor\" data-id=\"47fee0bf\" data-element_type=\"widget\" data-widget_type=\"text-editor.default\">\n\t\t\t\t<div class=\"elementor-widget-container\">\n\t\t\t\t\t\t\t<p><span style=\"font-weight: 400;\">IHS projekat je 20. decembra 2023. potpisao Memorandum o razumevanju (MOR) sa Komorom medicinskih sestara, babica i drugih zdravstvenih radnika na Kosovu (OIK). Ovaj MOR vodi institucionalno partnerstvo izme\u0111u IHS-a i OIK-a, uklju\u010duju\u0107i niz aktivnosti koje \u0107e se sprovesti kroz fazu projekta.<\/span><\/p><p><span style=\"font-weight: 400;\">Glavni cilj Memoranduma o razumevanju je da podr\u017ei i unapredi institucionalni razvoj OIK-a kao profesionalne organizacije. Fokusna podru\u010dja partnerstva uklju\u010duju upravljanje i operativnu efikasnost u vezi sa uslugama OIK-a, napore da se dodatno doprinese OIK-u u zakonodavstvu i procesima kreiranja politike, kao i zagovaranje interesa medicinskih sestara i unapre\u0111enje zdravstvene politike za dobrobit kako profesije tako i brige pacijenata.<\/span><\/p><p><span style=\"font-weight: 400;\">Memorandum o razumevanju tako\u0111e navodi programe obrazovanja i obuke za medicinske sestre OIK-a, sa ciljem unapre\u0111enja profesionalnih ve\u0161tina i znanja, kao i bavljenja nau\u010dnim istra\u017eivanjem i publikacijama. Tako\u0111e predvi\u0111a profesionalno umre\u017eavanje OIK-a sa pro\u0161irenim fokusom na regionalne i me\u0111unarodne mre\u017ee, zajedno sa pove\u0107anjem svesti i razumevanja uloge medicinskih sestara u zdravstvenoj za\u0161titi u \u0161iroj javnosti.<\/span><\/p>\t\t\t\t\t\t<\/div>\n\t\t\t\t<\/div>\n\t\t\t\t\t<\/div>\n\t\t\t\t<\/div>\n\t\t\t\t<\/div>","protected":false},"excerpt":{"rendered":"<p>Enhancing Institutional Growth Through Partnerships On 20 December 2023, the IHS project signed a memorandum of understanding (MOU) with the Chamber of Nurses, Midwives, and Other Healthcare Professionals in Kosovo (OIK). This MOU guides the institutional partnership between IHS and OIK, including a range of activites to be implemented through the project\u2019s phase. The main [&hellip;]<\/p>","protected":false},"author":1,"featured_media":0,"parent":0,"menu_order":0,"comment_status":"closed","ping_status":"closed","template":"","meta":[],"_links":{"self":[{"href":"https:\/\/ihsproject.org\/sr\/wp-json\/wp\/v2\/pages\/13026"}],"collection":[{"href":"https:\/\/ihsproject.org\/sr\/wp-json\/wp\/v2\/pages"}],"about":[{"href":"https:\/\/ihsproject.org\/sr\/wp-json\/wp\/v2\/types\/page"}],"author":[{"embeddable":true,"href":"https:\/\/ihsproject.org\/sr\/wp-json\/wp\/v2\/users\/1"}],"replies":[{"embeddable":true,"href":"https:\/\/ihsproject.org\/sr\/wp-json\/wp\/v2\/comments?post=13026"}],"version-history":[{"count":4,"href":"https:\/\/ihsproject.org\/sr\/wp-json\/wp\/v2\/pages\/13026\/revisions"}],"predecessor-version":[{"id":13033,"href":"https:\/\/ihsproject.org\/sr\/wp-json\/wp\/v2\/pages\/13026\/revisions\/13033"}],"wp:attachment":[{"href":"https:\/\/ihsproject.org\/sr\/wp-json\/wp\/v2\/media?parent=13026"}],"curies":[{"name":"wp","href":"https:\/\/api.w.org\/{rel}","templated":true}]}}