{"id":13011,"date":"2023-12-15T12:44:42","date_gmt":"2023-12-15T12:44:42","guid":{"rendered":"https:\/\/ihsproject.org\/?page_id=13011"},"modified":"2023-12-15T12:53:38","modified_gmt":"2023-12-15T12:53:38","slug":"december-15-2023","status":"publish","type":"page","link":"https:\/\/ihsproject.org\/sr\/december-15-2023\/","title":{"rendered":"15 Decembar 2023"},"content":{"rendered":"<div data-elementor-type=\"wp-page\" data-elementor-id=\"13011\" class=\"elementor elementor-13011\">\n\t\t\t\t<div class=\"elementor-element elementor-element-079c6c1 e-flex e-con-boxed e-con e-parent\" data-id=\"079c6c1\" data-element_type=\"container\" data-core-v316-plus=\"true\">\n\t\t\t\t\t<div class=\"e-con-inner\">\n\t\t\t\t<div class=\"elementor-element elementor-element-606b3db elementor-widget elementor-widget-image\" data-id=\"606b3db\" data-element_type=\"widget\" data-widget_type=\"image.default\">\n\t\t\t\t<div class=\"elementor-widget-container\">\n\t\t\t\t\t\t\t\t\t\t\t\t\t<img fetchpriority=\"high\" decoding=\"async\" width=\"1600\" height=\"800\" src=\"https:\/\/ihsproject.org\/wp-content\/uploads\/2023\/12\/General_Hospital_of_Peja_Promotes_Health_Education_Areas.jpg\" class=\"attachment-full size-full wp-image-13016\" alt=\"\" srcset=\"https:\/\/ihsproject.org\/wp-content\/uploads\/2023\/12\/General_Hospital_of_Peja_Promotes_Health_Education_Areas.jpg 1600w, https:\/\/ihsproject.org\/wp-content\/uploads\/2023\/12\/General_Hospital_of_Peja_Promotes_Health_Education_Areas-300x150.jpg 300w, https:\/\/ihsproject.org\/wp-content\/uploads\/2023\/12\/General_Hospital_of_Peja_Promotes_Health_Education_Areas-1024x512.jpg 1024w, https:\/\/ihsproject.org\/wp-content\/uploads\/2023\/12\/General_Hospital_of_Peja_Promotes_Health_Education_Areas-768x384.jpg 768w, https:\/\/ihsproject.org\/wp-content\/uploads\/2023\/12\/General_Hospital_of_Peja_Promotes_Health_Education_Areas-1536x768.jpg 1536w, https:\/\/ihsproject.org\/wp-content\/uploads\/2023\/12\/General_Hospital_of_Peja_Promotes_Health_Education_Areas-18x9.jpg 18w\" sizes=\"(max-width: 1600px) 100vw, 1600px\" \/>\t\t\t\t\t\t\t\t\t\t\t\t\t<\/div>\n\t\t\t\t<\/div>\n\t\t\t\t\t<\/div>\n\t\t\t\t<\/div>\n\t\t<div class=\"elementor-element elementor-element-9a33c2e e-flex e-con-boxed e-con e-parent\" data-id=\"9a33c2e\" data-element_type=\"container\" data-core-v316-plus=\"true\">\n\t\t\t\t\t<div class=\"e-con-inner\">\n\t\t\t\t<div class=\"elementor-element elementor-element-b8c7556 elementor-widget elementor-widget-heading\" data-id=\"b8c7556\" data-element_type=\"widget\" data-widget_type=\"heading.default\">\n\t\t\t\t<div class=\"elementor-widget-container\">\n\t\t\t<h2 class=\"elementor-heading-title elementor-size-default\">Op\u0161ta bolnica u Pe\u0107i promovi\u0161e oblasti zdravstvenog obrazovanja<\/h2>\t\t<\/div>\n\t\t\t\t<\/div>\n\t\t\t\t<div class=\"elementor-element elementor-element-e7a30eb elementor-widget elementor-widget-text-editor\" data-id=\"e7a30eb\" data-element_type=\"widget\" data-widget_type=\"text-editor.default\">\n\t\t\t\t<div class=\"elementor-widget-container\">\n\t\t\t\t\t\t\t<p>Dana 12. decembra 2023. godine, predstavnici \u0160vajcarske saradnje za razvoj i saradnju (SDC) posetili su Op\u0161tu bolnicu u Pe\u0107i gde su imali priliku da vide nove oblasti zdravstvenog obrazovanja koje se uspostavljaju uz podr\u0161ku projekta Integrisane zdravstvene usluge (IHS). Ova aktivnost podr\u017eava nove usluge koje se bave razli\u010ditim potrebama pacijenata pogo\u0111enih NCD stanjima. Tokom posete, u\u010desnici su imali priliku da istra\u017ee klju\u010dne inpute vezane za IHS u okviru bolni\u010dkog nivoa nege i razmene aktivnosti koje su zapo\u010dete u prvoj godini sprovo\u0111enja IHS.<\/p><p>Direktor OB-a Pe\u0107, dr. Fazli Shala je ponovio podr\u0161ku koja je data specifi\u010dnim uslugama za pacijente sa NCD, gde je naglasio posve\u0107enost bolnice da zajedno doprinese resursima IHS. Aktivacija pacijenata smatra se jednom od najisplativijih intervencija, koja poma\u017ee pacijentima da bolje upravljaju bole\u0161\u0107u spre\u010davaju\u0107i njene komplikacije. Novi prostori za promovisanje zdravlja poku\u0161a\u0107e inspirisati dugogodi\u0161nju promenu pona\u0161anja, uvo\u0111enjem najboljih dokaza o promociji zdravlja i zdravstvenom obrazovanju. Aktivnosti su usmerene na obe vrste pacijenata: stacionarne i ambulantne kroz uspostavljanje po dve prostorije za svaku kategoriju pacijenata.<span class=\"Apple-converted-space\">\u00a0<\/span><\/p><p>Ovu terensku posetu vodio je g. Lauren Torche, zamenik \u0161efa Odeljenja za saradnju, Prvog sekretara Ambasade \u0160vajcarske, koji je \u010destitao bolni\u010dkom osoblju na njihovom entuzijazmu i izrazio uverenje da \u0107e aktivnosti u okviru projekta projekta slediti pridr\u017eavanje kriterijuma odr\u017eivosti i preciznu dokumentaciju dostignu\u0107a.<\/p>\t\t\t\t\t\t<\/div>\n\t\t\t\t<\/div>\n\t\t\t\t\t<\/div>\n\t\t\t\t<\/div>\n\t\t\t\t<\/div>","protected":false},"excerpt":{"rendered":"<p>General Hospital of Peja Promotes Health Education Areas On 12 December 2023, representatives of the Swiss Development and Coorperation (SDC) visited the General Hospital of Peja where they had the opportunity to see the new health education areas being set up with the support of the Integrated Health Services (IHS) project. This activity supports new [&hellip;]<\/p>","protected":false},"author":1,"featured_media":0,"parent":0,"menu_order":0,"comment_status":"closed","ping_status":"closed","template":"","meta":[],"_links":{"self":[{"href":"https:\/\/ihsproject.org\/sr\/wp-json\/wp\/v2\/pages\/13011"}],"collection":[{"href":"https:\/\/ihsproject.org\/sr\/wp-json\/wp\/v2\/pages"}],"about":[{"href":"https:\/\/ihsproject.org\/sr\/wp-json\/wp\/v2\/types\/page"}],"author":[{"embeddable":true,"href":"https:\/\/ihsproject.org\/sr\/wp-json\/wp\/v2\/users\/1"}],"replies":[{"embeddable":true,"href":"https:\/\/ihsproject.org\/sr\/wp-json\/wp\/v2\/comments?post=13011"}],"version-history":[{"count":4,"href":"https:\/\/ihsproject.org\/sr\/wp-json\/wp\/v2\/pages\/13011\/revisions"}],"predecessor-version":[{"id":13019,"href":"https:\/\/ihsproject.org\/sr\/wp-json\/wp\/v2\/pages\/13011\/revisions\/13019"}],"wp:attachment":[{"href":"https:\/\/ihsproject.org\/sr\/wp-json\/wp\/v2\/media?parent=13011"}],"curies":[{"name":"wp","href":"https:\/\/api.w.org\/{rel}","templated":true}]}}