{"id":12984,"date":"2023-12-08T14:36:31","date_gmt":"2023-12-08T14:36:31","guid":{"rendered":"https:\/\/ihsproject.org\/?page_id=12984"},"modified":"2023-12-08T14:38:24","modified_gmt":"2023-12-08T14:38:24","slug":"december-12-2023-2","status":"publish","type":"page","link":"https:\/\/ihsproject.org\/sr\/december-12-2023-2\/","title":{"rendered":"12 Decembar 2023"},"content":{"rendered":"<div data-elementor-type=\"wp-page\" data-elementor-id=\"12984\" class=\"elementor elementor-12984\">\n\t\t\t\t<div class=\"elementor-element elementor-element-73a6beb8 e-flex e-con-boxed e-con e-parent\" data-id=\"73a6beb8\" data-element_type=\"container\" data-core-v316-plus=\"true\">\n\t\t\t\t\t<div class=\"e-con-inner\">\n\t\t\t\t<div class=\"elementor-element elementor-element-7ceef29 elementor-widget elementor-widget-image\" data-id=\"7ceef29\" data-element_type=\"widget\" data-widget_type=\"image.default\">\n\t\t\t\t<div class=\"elementor-widget-container\">\n\t\t\t\t\t\t\t\t\t\t\t\t\t<img fetchpriority=\"high\" decoding=\"async\" width=\"1600\" height=\"800\" src=\"https:\/\/ihsproject.org\/wp-content\/uploads\/2023\/12\/Add-a-heading-2.jpg\" class=\"attachment-full size-full wp-image-12987\" alt=\"\" srcset=\"https:\/\/ihsproject.org\/wp-content\/uploads\/2023\/12\/Add-a-heading-2.jpg 1600w, https:\/\/ihsproject.org\/wp-content\/uploads\/2023\/12\/Add-a-heading-2-300x150.jpg 300w, https:\/\/ihsproject.org\/wp-content\/uploads\/2023\/12\/Add-a-heading-2-1024x512.jpg 1024w, https:\/\/ihsproject.org\/wp-content\/uploads\/2023\/12\/Add-a-heading-2-768x384.jpg 768w, https:\/\/ihsproject.org\/wp-content\/uploads\/2023\/12\/Add-a-heading-2-1536x768.jpg 1536w, https:\/\/ihsproject.org\/wp-content\/uploads\/2023\/12\/Add-a-heading-2-18x9.jpg 18w\" sizes=\"(max-width: 1600px) 100vw, 1600px\" \/>\t\t\t\t\t\t\t\t\t\t\t\t\t<\/div>\n\t\t\t\t<\/div>\n\t\t\t\t\t<\/div>\n\t\t\t\t<\/div>\n\t\t<div class=\"elementor-element elementor-element-b8e2d89 e-flex e-con-boxed e-con e-parent\" data-id=\"b8e2d89\" data-element_type=\"container\" data-core-v316-plus=\"true\">\n\t\t\t\t\t<div class=\"e-con-inner\">\n\t\t\t\t<div class=\"elementor-element elementor-element-4fd9b6a7 elementor-widget elementor-widget-heading\" data-id=\"4fd9b6a7\" data-element_type=\"widget\" data-widget_type=\"heading.default\">\n\t\t\t\t<div class=\"elementor-widget-container\">\n\t\t\t<h2 class=\"elementor-heading-title elementor-size-default\">Pridru\u017eivanje Danu solidarnosti pacijenata 2023<\/h2>\t\t<\/div>\n\t\t\t\t<\/div>\n\t\t\t\t<div class=\"elementor-element elementor-element-6a9ba575 elementor-widget elementor-widget-text-editor\" data-id=\"6a9ba575\" data-element_type=\"widget\" data-widget_type=\"text-editor.default\">\n\t\t\t\t<div class=\"elementor-widget-container\">\n\t\t\t\t\t\t\t<p><span style=\"font-weight: 400;\">Danas, 8 decembar 2023, se obele\u017eava Dan solidarnosti pacijenata, koji je u celom svetu obele\u017een pod temom \u201ePacijenti stru\u010dnjaci \u2013 neizostavni glas\u201c. IHS projekat podr\u017eava razvoj sistema zdravstvene za\u0161tite koji integri\u0161e kvalitet i dostupnost usluga sa edukacijom, osve\u0161\u0107ivanjem i osna\u017eivanjem gra\u0111ana, sa fokusom na pacijente sa nezaraznim bolestima. Cilj je osna\u017eiti pojedince da aktivno u\u010destvuju u upravljanju svojim bolestima zajedno sa pru\u017eaocima zdravstvenih usluga i drugim \u010dlanovima zajednice.\u00a0<\/span><\/p><p><span style=\"font-weight: 400;\">Druga klju\u010dna dimenzija na\u0161eg rada je zajedni\u010dki rad  sa institucijama zdravstvenog sektora na integraciji perspektive pacijenata u planiranje, pra\u0107enje i procenu zdravstvenih usluga koje se pru\u017eaju u zemlji na svim nivoima zdravstvene za\u0161tite.\u00a0<\/span><\/p><p><span style=\"font-weight: 400;\">Ovo doprinosi zdravijoj i bolje informisanoj zajednici, pove\u0107avaju\u0107i rano otkrivanje i podsti\u010du\u0107i samopouzdanje pojedinaca da upravljaju svojim bolestima. <\/span><\/p>\t\t\t\t\t\t<\/div>\n\t\t\t\t<\/div>\n\t\t\t\t\t<\/div>\n\t\t\t\t<\/div>\n\t\t\t\t<\/div>","protected":false},"excerpt":{"rendered":"<p>Joining Patient Solidarity Day 2023 Today, 08 December 2023, is Patient Solidarity Day, marked worldwide with the theme \u201cExpert patients &#8211; the indispensable voice\u201d. IHS project supports the development of a health care system that integrates quality and accessibility of services with education, awareness, and empowerment of citizens, focusing on patients with non-communicable diseases. The [&hellip;]<\/p>","protected":false},"author":1,"featured_media":0,"parent":0,"menu_order":0,"comment_status":"closed","ping_status":"closed","template":"","meta":[],"_links":{"self":[{"href":"https:\/\/ihsproject.org\/sr\/wp-json\/wp\/v2\/pages\/12984"}],"collection":[{"href":"https:\/\/ihsproject.org\/sr\/wp-json\/wp\/v2\/pages"}],"about":[{"href":"https:\/\/ihsproject.org\/sr\/wp-json\/wp\/v2\/types\/page"}],"author":[{"embeddable":true,"href":"https:\/\/ihsproject.org\/sr\/wp-json\/wp\/v2\/users\/1"}],"replies":[{"embeddable":true,"href":"https:\/\/ihsproject.org\/sr\/wp-json\/wp\/v2\/comments?post=12984"}],"version-history":[{"count":4,"href":"https:\/\/ihsproject.org\/sr\/wp-json\/wp\/v2\/pages\/12984\/revisions"}],"predecessor-version":[{"id":12991,"href":"https:\/\/ihsproject.org\/sr\/wp-json\/wp\/v2\/pages\/12984\/revisions\/12991"}],"wp:attachment":[{"href":"https:\/\/ihsproject.org\/sr\/wp-json\/wp\/v2\/media?parent=12984"}],"curies":[{"name":"wp","href":"https:\/\/api.w.org\/{rel}","templated":true}]}}