{"id":12970,"date":"2023-12-08T08:21:14","date_gmt":"2023-12-08T08:21:14","guid":{"rendered":"https:\/\/ihsproject.org\/?page_id=12970"},"modified":"2023-12-08T08:46:58","modified_gmt":"2023-12-08T08:46:58","slug":"december-8-2023","status":"publish","type":"page","link":"https:\/\/ihsproject.org\/sr\/december-8-2023\/","title":{"rendered":"8 Decembar 2023"},"content":{"rendered":"<div data-elementor-type=\"wp-page\" data-elementor-id=\"12970\" class=\"elementor elementor-12970\">\n\t\t\t\t<div class=\"elementor-element elementor-element-9620da4 e-flex e-con-boxed e-con e-parent\" data-id=\"9620da4\" data-element_type=\"container\" data-core-v316-plus=\"true\">\n\t\t\t\t\t<div class=\"e-con-inner\">\n\t\t\t\t<div class=\"elementor-element elementor-element-9e06b83 elementor-widget elementor-widget-heading\" data-id=\"9e06b83\" data-element_type=\"widget\" data-widget_type=\"heading.default\">\n\t\t\t\t<div class=\"elementor-widget-container\">\n\t\t\t<h2 class=\"elementor-heading-title elementor-size-default\">Uobi\u010dajena verovanja u odnosu na stvarnost u pogledu svesti o dijabetesu<\/h2>\t\t<\/div>\n\t\t\t\t<\/div>\n\t\t\t\t<div class=\"elementor-element elementor-element-542f2eb elementor-widget elementor-widget-image\" data-id=\"542f2eb\" data-element_type=\"widget\" data-widget_type=\"image.default\">\n\t\t\t\t<div class=\"elementor-widget-container\">\n\t\t\t\t\t\t\t\t\t\t\t\t\t<img fetchpriority=\"high\" decoding=\"async\" width=\"2560\" height=\"1309\" src=\"https:\/\/ihsproject.org\/wp-content\/uploads\/2023\/12\/20231207_141048-scaled.jpg\" class=\"attachment-full size-full wp-image-12977\" alt=\"\" srcset=\"https:\/\/ihsproject.org\/wp-content\/uploads\/2023\/12\/20231207_141048-scaled.jpg 2560w, https:\/\/ihsproject.org\/wp-content\/uploads\/2023\/12\/20231207_141048-300x153.jpg 300w, https:\/\/ihsproject.org\/wp-content\/uploads\/2023\/12\/20231207_141048-1024x524.jpg 1024w, https:\/\/ihsproject.org\/wp-content\/uploads\/2023\/12\/20231207_141048-768x393.jpg 768w, https:\/\/ihsproject.org\/wp-content\/uploads\/2023\/12\/20231207_141048-1536x785.jpg 1536w, https:\/\/ihsproject.org\/wp-content\/uploads\/2023\/12\/20231207_141048-2048x1047.jpg 2048w, https:\/\/ihsproject.org\/wp-content\/uploads\/2023\/12\/20231207_141048-18x9.jpg 18w\" sizes=\"(max-width: 2560px) 100vw, 2560px\" \/>\t\t\t\t\t\t\t\t\t\t\t\t\t<\/div>\n\t\t\t\t<\/div>\n\t\t\t\t\t<\/div>\n\t\t\t\t<\/div>\n\t\t<div class=\"elementor-element elementor-element-8e3e903 e-flex e-con-boxed e-con e-parent\" data-id=\"8e3e903\" data-element_type=\"container\" data-core-v316-plus=\"true\">\n\t\t\t\t\t<div class=\"e-con-inner\">\n\t\t\t\t<div class=\"elementor-element elementor-element-3461ebb elementor-widget elementor-widget-text-editor\" data-id=\"3461ebb\" data-element_type=\"widget\" data-widget_type=\"text-editor.default\">\n\t\t\t\t<div class=\"elementor-widget-container\">\n\t\t\t\t\t\t\t<p>Povodom obele\u017eavanja Svetskog dana dijabetesa 2023. godine, projekat Integrisanih zdravstvenih usluga (IHS) odlu\u010dio je upotrebiti glasove gra\u0111ana i doktora da podigne svest o dijabetesu, razbiju mitove, promovi\u0161u rano otkrivanje i inspiri\u0161u pozitivne promene u na\u010dinu \u017eivota.<\/p><p>Sa kamerama u rukama razgovarali smo sa ljudima koje smo nasumi\u010dno sreli na ulicama gradova Pe\u0107i i \u0110akovice, snimaju\u0107i na ekranu njihova razmi\u0161ljanja i percepcije u vezi sa dijabetesom. Po\u0161to smo bolje razumeli preovla\u0111uju\u0107e zablude, pokrenuli smo sveobuhvatnu kampanju za podizanje svesti o dijabetesu.<\/p><p>Serija video snimaka je bila u sredi\u0161tu ove inicijative, sa iskrenim intervjuima sa gra\u0111anima Kosova koji su razgovarali o njihovim percepcijama o dijabetesu. Zatim su se video snimci dotakli osam kriti\u010dnih javnih izjava o bolesti, pri \u010demu su dva doktora detaljno odgovorila na svaku izjavu, sa ciljem da premosti jaz izme\u0111u stvarnosti i o\u010dekivanja.<\/p><p>Koncepti procenjeni kroz ovu aktivnost odnosili su se na stil \u017eivota, predstavljaju\u0107i efikasne promene pona\u0161anja koje mogu spre\u010diti bolest ili komplikacije koje proizlaze iz nje.<\/p>\t\t\t\t\t\t<\/div>\n\t\t\t\t<\/div>\n\t\t\t\t\t<\/div>\n\t\t\t\t<\/div>\n\t\t<div class=\"elementor-element elementor-element-a08959c e-flex e-con-boxed e-con e-parent\" data-id=\"a08959c\" data-element_type=\"container\" data-core-v316-plus=\"true\">\n\t\t\t\t\t<div class=\"e-con-inner\">\n\t\t\t\t<div class=\"elementor-element elementor-element-c6e05ec elementor-widget elementor-widget-heading\" data-id=\"c6e05ec\" data-element_type=\"widget\" data-widget_type=\"heading.default\">\n\t\t\t\t<div class=\"elementor-widget-container\">\n\t\t\t<h2 class=\"elementor-heading-title elementor-size-default\">Vox-pop zablude<\/h2>\t\t<\/div>\n\t\t\t\t<\/div>\n\t\t\t\t<div class=\"elementor-element elementor-element-732aad8 elementor-widget elementor-widget-image\" data-id=\"732aad8\" data-element_type=\"widget\" data-widget_type=\"image.default\">\n\t\t\t\t<div class=\"elementor-widget-container\">\n\t\t\t\t\t\t\t\t\t\t\t\t\t<img decoding=\"async\" width=\"2560\" height=\"1624\" src=\"https:\/\/ihsproject.org\/wp-content\/uploads\/2023\/12\/20231207_140104-scaled.jpg\" class=\"attachment-full size-full wp-image-12975\" alt=\"\" srcset=\"https:\/\/ihsproject.org\/wp-content\/uploads\/2023\/12\/20231207_140104-scaled.jpg 2560w, https:\/\/ihsproject.org\/wp-content\/uploads\/2023\/12\/20231207_140104-300x190.jpg 300w, https:\/\/ihsproject.org\/wp-content\/uploads\/2023\/12\/20231207_140104-1024x650.jpg 1024w, https:\/\/ihsproject.org\/wp-content\/uploads\/2023\/12\/20231207_140104-768x487.jpg 768w, https:\/\/ihsproject.org\/wp-content\/uploads\/2023\/12\/20231207_140104-1536x974.jpg 1536w, https:\/\/ihsproject.org\/wp-content\/uploads\/2023\/12\/20231207_140104-2048x1299.jpg 2048w, https:\/\/ihsproject.org\/wp-content\/uploads\/2023\/12\/20231207_140104-18x12.jpg 18w\" sizes=\"(max-width: 2560px) 100vw, 2560px\" \/>\t\t\t\t\t\t\t\t\t\t\t\t\t<\/div>\n\t\t\t\t<\/div>\n\t\t\t\t\t<\/div>\n\t\t\t\t<\/div>\n\t\t<div class=\"elementor-element elementor-element-1474cd4 e-flex e-con-boxed e-con e-parent\" data-id=\"1474cd4\" data-element_type=\"container\" data-core-v316-plus=\"true\">\n\t\t\t\t\t<div class=\"e-con-inner\">\n\t\t\t\t<div class=\"elementor-element elementor-element-14badf6 elementor-widget elementor-widget-text-editor\" data-id=\"14badf6\" data-element_type=\"widget\" data-widget_type=\"text-editor.default\">\n\t\t\t\t<div class=\"elementor-widget-container\">\n\t\t\t\t\t\t\t<p>The <a href=\"https:\/\/www.youtube.com\/watch?v=SHvpgVF8rpI\">Vox-pop intervjui<\/a> that allowed us to learn about people\u2019s understanding of diabetes. Their honest responses provided a spectrum of beliefs and misconceptions surrounding this chronic disease. Such footage of genuine responses was a crucial resource in shaping the next steps.<\/p>\t\t\t\t\t\t<\/div>\n\t\t\t\t<\/div>\n\t\t\t\t\t<\/div>\n\t\t\t\t<\/div>\n\t\t<div class=\"elementor-element elementor-element-09b6b64 e-flex e-con-boxed e-con e-parent\" data-id=\"09b6b64\" data-element_type=\"container\" data-core-v316-plus=\"true\">\n\t\t\t\t\t<div class=\"e-con-inner\">\n\t\t\t\t<div class=\"elementor-element elementor-element-56f1fcf elementor-widget elementor-widget-heading\" data-id=\"56f1fcf\" data-element_type=\"widget\" data-widget_type=\"heading.default\">\n\t\t\t\t<div class=\"elementor-widget-container\">\n\t\t\t<h2 class=\"elementor-heading-title elementor-size-default\">Obja\u0161njenje doktora<\/h2>\t\t<\/div>\n\t\t\t\t<\/div>\n\t\t\t\t<div class=\"elementor-element elementor-element-6cfed00 elementor-widget elementor-widget-image\" data-id=\"6cfed00\" data-element_type=\"widget\" data-widget_type=\"image.default\">\n\t\t\t\t<div class=\"elementor-widget-container\">\n\t\t\t\t\t\t\t\t\t\t\t\t\t<img decoding=\"async\" width=\"2560\" height=\"1920\" src=\"https:\/\/ihsproject.org\/wp-content\/uploads\/2023\/12\/20231207_141305-scaled.jpg\" class=\"attachment-full size-full wp-image-12974\" alt=\"\" srcset=\"https:\/\/ihsproject.org\/wp-content\/uploads\/2023\/12\/20231207_141305-scaled.jpg 2560w, https:\/\/ihsproject.org\/wp-content\/uploads\/2023\/12\/20231207_141305-300x225.jpg 300w, https:\/\/ihsproject.org\/wp-content\/uploads\/2023\/12\/20231207_141305-1024x768.jpg 1024w, https:\/\/ihsproject.org\/wp-content\/uploads\/2023\/12\/20231207_141305-768x576.jpg 768w, https:\/\/ihsproject.org\/wp-content\/uploads\/2023\/12\/20231207_141305-1536x1152.jpg 1536w, https:\/\/ihsproject.org\/wp-content\/uploads\/2023\/12\/20231207_141305-2048x1536.jpg 2048w, https:\/\/ihsproject.org\/wp-content\/uploads\/2023\/12\/20231207_141305-16x12.jpg 16w\" sizes=\"(max-width: 2560px) 100vw, 2560px\" \/>\t\t\t\t\t\t\t\t\t\t\t\t\t<\/div>\n\t\t\t\t<\/div>\n\t\t\t\t\t<\/div>\n\t\t\t\t<\/div>\n\t\t<div class=\"elementor-element elementor-element-04181de e-flex e-con-boxed e-con e-parent\" data-id=\"04181de\" data-element_type=\"container\" data-core-v316-plus=\"true\">\n\t\t\t\t\t<div class=\"e-con-inner\">\n\t\t\t\t<div class=\"elementor-element elementor-element-43aeb20 elementor-widget elementor-widget-text-editor\" data-id=\"43aeb20\" data-element_type=\"widget\" data-widget_type=\"text-editor.default\">\n\t\t\t\t<div class=\"elementor-widget-container\">\n\t\t\t\t\t\t\t<p>Da bismo dublje u\u0161li u ovu temu, anga\u017eovali smo zdravstvene radnike u Op\u0161tim bolnicama u Pe\u0107i i \u0110akovici. <a href=\"https:\/\/www.youtube.com\/playlist?list=PLA-klFjsFBfZpw_CNwNVjdjiqUsGa79hC\">Svaki doktor je odgovorio na \u010detiri klju\u010dna pitanja<\/a>, bave\u0107i se preovla\u0111uju\u0107im mitovima i dele\u0107i bitne informacije na jeziku lako razumljivom javnosti. Njihove perspektive \u010dinile su okosnicu na\u0161ih napora da pru\u017eimo ta\u010dan i pouzdan uvid u dijabetes.<\/p>\t\t\t\t\t\t<\/div>\n\t\t\t\t<\/div>\n\t\t\t\t<div class=\"elementor-element elementor-element-7f1ceee elementor-widget elementor-widget-image\" data-id=\"7f1ceee\" data-element_type=\"widget\" data-widget_type=\"image.default\">\n\t\t\t\t<div class=\"elementor-widget-container\">\n\t\t\t\t\t\t\t\t\t\t\t\t\t<img loading=\"lazy\" decoding=\"async\" width=\"2560\" height=\"1560\" src=\"https:\/\/ihsproject.org\/wp-content\/uploads\/2023\/12\/20231207_141640-scaled.jpg\" class=\"attachment-full size-full wp-image-12976\" alt=\"\" srcset=\"https:\/\/ihsproject.org\/wp-content\/uploads\/2023\/12\/20231207_141640-scaled.jpg 2560w, https:\/\/ihsproject.org\/wp-content\/uploads\/2023\/12\/20231207_141640-300x183.jpg 300w, https:\/\/ihsproject.org\/wp-content\/uploads\/2023\/12\/20231207_141640-1024x624.jpg 1024w, https:\/\/ihsproject.org\/wp-content\/uploads\/2023\/12\/20231207_141640-768x468.jpg 768w, https:\/\/ihsproject.org\/wp-content\/uploads\/2023\/12\/20231207_141640-1536x936.jpg 1536w, https:\/\/ihsproject.org\/wp-content\/uploads\/2023\/12\/20231207_141640-2048x1248.jpg 2048w, https:\/\/ihsproject.org\/wp-content\/uploads\/2023\/12\/20231207_141640-18x12.jpg 18w\" sizes=\"(max-width: 2560px) 100vw, 2560px\" \/>\t\t\t\t\t\t\t\t\t\t\t\t\t<\/div>\n\t\t\t\t<\/div>\n\t\t\t\t\t<\/div>\n\t\t\t\t<\/div>\n\t\t<div class=\"elementor-element elementor-element-bdc12a3 e-flex e-con-boxed e-con e-parent\" data-id=\"bdc12a3\" data-element_type=\"container\" data-core-v316-plus=\"true\">\n\t\t\t\t\t<div class=\"e-con-inner\">\n\t\t\t\t<div class=\"elementor-element elementor-element-b6bb706 elementor-widget elementor-widget-heading\" data-id=\"b6bb706\" data-element_type=\"widget\" data-widget_type=\"heading.default\">\n\t\t\t\t<div class=\"elementor-widget-container\">\n\t\t\t<h2 class=\"elementor-heading-title elementor-size-default\">Blogovanje o osnovama<\/h2>\t\t<\/div>\n\t\t\t\t<\/div>\n\t\t\t\t<div class=\"elementor-element elementor-element-bbcf162 elementor-widget elementor-widget-text-editor\" data-id=\"bbcf162\" data-element_type=\"widget\" data-widget_type=\"text-editor.default\">\n\t\t\t\t<div class=\"elementor-widget-container\">\n\t\t\t\t\t\t\t<p>Paralelno s tim, \u0161irili smo <a href=\"https:\/\/ihsproject.org\/sr\/november-14-2023\/\">informativni blog<\/a>koji daje odgovore na \u010desto postavljana pitanja o dijabetesu. Blog je slu\u017eio kao vredan izvor za one koji tra\u017ee detaljne informacije o bolesti, pokrivaju\u0107i aspekte od njenih uzroka do izbora na\u010dina \u017eivota za prevenciju.<\/p>\t\t\t\t\t\t<\/div>\n\t\t\t\t<\/div>\n\t\t\t\t\t<\/div>\n\t\t\t\t<\/div>\n\t\t<div class=\"elementor-element elementor-element-7b50316 e-flex e-con-boxed e-con e-parent\" data-id=\"7b50316\" data-element_type=\"container\" data-core-v316-plus=\"true\">\n\t\t\t\t\t<div class=\"e-con-inner\">\n\t\t\t\t<div class=\"elementor-element elementor-element-1d63686 elementor-widget elementor-widget-heading\" data-id=\"1d63686\" data-element_type=\"widget\" data-widget_type=\"heading.default\">\n\t\t\t\t<div class=\"elementor-widget-container\">\n\t\t\t<h2 class=\"elementor-heading-title elementor-size-default\">Zagovarati zdraviju budu\u0107nost<\/h2>\t\t<\/div>\n\t\t\t\t<\/div>\n\t\t\t\t<div class=\"elementor-element elementor-element-d330958 elementor-widget elementor-widget-text-editor\" data-id=\"d330958\" data-element_type=\"widget\" data-widget_type=\"text-editor.default\">\n\t\t\t\t<div class=\"elementor-widget-container\">\n\t\t\t\t\t\t\t<p>Dijabetes, stanje koje poga\u0111a oko 8% stanovni\u0161tva na Kosovu, \u010desto ostaje te\u0161ko shvatljivo stanje. Na\u0161a kampanja je nastojala da razotkrije zablude, nedostatak ta\u010dnih informacija, dok je gra\u0111anima Kosova pru\u017eila znanje koje je potrebno za dono\u0161enje informisanih odluka o svom zdravlju. Kroz ovaj pristup videa i bloga, cilj nam je podstaknuti pozitivne promene u na\u010dinu \u017eivota, razbiti mitove, doprineti zdravijoj i bolje informisanoj zajednici i pove\u0107ati rano otkrivanje dijabetesa podsticanjem samopouzdanja pojedinaca da upravljaju bole\u0161\u0107u.<\/p>\t\t\t\t\t\t<\/div>\n\t\t\t\t<\/div>\n\t\t\t\t\t<\/div>\n\t\t\t\t<\/div>\n\t\t\t\t<\/div>","protected":false},"excerpt":{"rendered":"<p>Common Beliefs Vs. the Reality of Diabetes Awareness To mark the World Diabetes Day in 2023, the Integrated Health Services (IHS) project decided to use the voices of citizens and doctors to shed light on diabetes awareness, dispel myths, promote early detection, and inspire positive lifestyle changes. With cameras in hand, we spoke to people [&hellip;]<\/p>","protected":false},"author":1,"featured_media":0,"parent":0,"menu_order":0,"comment_status":"closed","ping_status":"closed","template":"","meta":[],"_links":{"self":[{"href":"https:\/\/ihsproject.org\/sr\/wp-json\/wp\/v2\/pages\/12970"}],"collection":[{"href":"https:\/\/ihsproject.org\/sr\/wp-json\/wp\/v2\/pages"}],"about":[{"href":"https:\/\/ihsproject.org\/sr\/wp-json\/wp\/v2\/types\/page"}],"author":[{"embeddable":true,"href":"https:\/\/ihsproject.org\/sr\/wp-json\/wp\/v2\/users\/1"}],"replies":[{"embeddable":true,"href":"https:\/\/ihsproject.org\/sr\/wp-json\/wp\/v2\/comments?post=12970"}],"version-history":[{"count":4,"href":"https:\/\/ihsproject.org\/sr\/wp-json\/wp\/v2\/pages\/12970\/revisions"}],"predecessor-version":[{"id":12980,"href":"https:\/\/ihsproject.org\/sr\/wp-json\/wp\/v2\/pages\/12970\/revisions\/12980"}],"wp:attachment":[{"href":"https:\/\/ihsproject.org\/sr\/wp-json\/wp\/v2\/media?parent=12970"}],"curies":[{"name":"wp","href":"https:\/\/api.w.org\/{rel}","templated":true}]}}