{"id":12812,"date":"2023-11-01T15:04:48","date_gmt":"2023-11-01T15:04:48","guid":{"rendered":"https:\/\/ihsproject.org\/?page_id=12812"},"modified":"2023-11-01T15:07:22","modified_gmt":"2023-11-01T15:07:22","slug":"november-01-2023","status":"publish","type":"page","link":"https:\/\/ihsproject.org\/sr\/november-01-2023\/","title":{"rendered":"01 Novembar 2023"},"content":{"rendered":"<div data-elementor-type=\"wp-page\" data-elementor-id=\"12812\" class=\"elementor elementor-12812\">\n\t\t\t\t<div class=\"elementor-element elementor-element-786049bb e-flex e-con-boxed e-con e-parent\" data-id=\"786049bb\" data-element_type=\"container\" data-core-v316-plus=\"true\">\n\t\t\t\t\t<div class=\"e-con-inner\">\n\t\t\t\t<div class=\"elementor-element elementor-element-2d9f5d9c elementor-widget elementor-widget-text-editor\" data-id=\"2d9f5d9c\" data-element_type=\"widget\" data-widget_type=\"text-editor.default\">\n\t\t\t\t<div class=\"elementor-widget-container\">\n\t\t\t\t\t\t\t<!-- wp:paragraph -->\n<p><\/p>\n<!-- \/wp:paragraph -->\n\n<!-- wp:paragraph -->\n<p><\/p>\n<!-- \/wp:paragraph -->\t\t\t\t\t\t<\/div>\n\t\t\t\t<\/div>\n\t\t\t\t\t<\/div>\n\t\t\t\t<\/div>\n\t\t<div class=\"elementor-element elementor-element-23151736 e-flex e-con-boxed e-con e-parent\" data-id=\"23151736\" data-element_type=\"container\" data-core-v316-plus=\"true\">\n\t\t\t\t\t<div class=\"e-con-inner\">\n\t\t\t\t<div class=\"elementor-element elementor-element-680b5a60 elementor-widget elementor-widget-image\" data-id=\"680b5a60\" data-element_type=\"widget\" data-widget_type=\"image.default\">\n\t\t\t\t<div class=\"elementor-widget-container\">\n\t\t\t\t\t\t\t\t\t\t\t\t\t<img fetchpriority=\"high\" decoding=\"async\" width=\"951\" height=\"1084\" src=\"https:\/\/ihsproject.org\/wp-content\/uploads\/2023\/11\/cf01708c-90a1-4185-9aa9-f01c0fc747a3.jpg\" class=\"attachment-full size-full wp-image-12816\" alt=\"\" srcset=\"https:\/\/ihsproject.org\/wp-content\/uploads\/2023\/11\/cf01708c-90a1-4185-9aa9-f01c0fc747a3.jpg 951w, https:\/\/ihsproject.org\/wp-content\/uploads\/2023\/11\/cf01708c-90a1-4185-9aa9-f01c0fc747a3-263x300.jpg 263w, https:\/\/ihsproject.org\/wp-content\/uploads\/2023\/11\/cf01708c-90a1-4185-9aa9-f01c0fc747a3-898x1024.jpg 898w, https:\/\/ihsproject.org\/wp-content\/uploads\/2023\/11\/cf01708c-90a1-4185-9aa9-f01c0fc747a3-768x875.jpg 768w, https:\/\/ihsproject.org\/wp-content\/uploads\/2023\/11\/cf01708c-90a1-4185-9aa9-f01c0fc747a3-11x12.jpg 11w\" sizes=\"(max-width: 951px) 100vw, 951px\" \/>\t\t\t\t\t\t\t\t\t\t\t\t\t<\/div>\n\t\t\t\t<\/div>\n\t\t\t\t\t<\/div>\n\t\t\t\t<\/div>\n\t\t<div class=\"elementor-element elementor-element-38439261 e-flex e-con-boxed e-con e-parent\" data-id=\"38439261\" data-element_type=\"container\" data-core-v316-plus=\"true\">\n\t\t\t\t\t<div class=\"e-con-inner\">\n\t\t\t\t<div class=\"elementor-element elementor-element-10882b19 elementor-widget elementor-widget-heading\" data-id=\"10882b19\" data-element_type=\"widget\" data-widget_type=\"heading.default\">\n\t\t\t\t<div class=\"elementor-widget-container\">\n\t\t\t<h2 class=\"elementor-heading-title elementor-size-default\">Medicinske sestre sa Kosova prisustvuju kongresu medicinskih sestara u Albaniji<\/h2>\t\t<\/div>\n\t\t\t\t<\/div>\n\t\t\t\t<div class=\"elementor-element elementor-element-3d2c81b8 elementor-widget elementor-widget-text-editor\" data-id=\"3d2c81b8\" data-element_type=\"widget\" data-widget_type=\"text-editor.default\">\n\t\t\t\t<div class=\"elementor-widget-container\">\n\t\t\t\t\t\t\t<p>Medicinske sestre sa Kosova na 2. kongresu medicinskih sestara Albanije odr\u017eanom pro\u0161le nedelje u Tirani sa op\u0161tom temom \u201eZdravstveni radnici zajedno za kvalitetnu uslugu i visok standard\u201c. Kongres je imao za cilj stvaranje platforme za opse\u017ene diskusije me\u0111u klju\u010dnim akterima u zdravstvu, kontinuiranu edukaciju i nau\u010dno-istra\u017eiva\u010dke projekte u pravcu njihove pune integracije sa standardima EU. Na\u0161e medicinske sestre sa Kosova donele su svoju stru\u010dnost, profesionalizam i posve\u0107enost, pokazuju\u0107i duh saradnje.<br \/><br \/>\u201eZaista mi se svi\u0111aju teme koje su razra\u0111ene tokom dvodnevnog kongresa\u201c, ka\u017ee Valerina Bajri iz Op\u0161te bolnice u Pe\u0107i. \u201cPosebno me je zanimalo izlaganje kolenice iz Valone, koja je govorila o nasilju na radnom mestu, i jo\u0161 jedne kolenice iz Tirane koja je podelila uvide u sestrinsku negu pacijenata obolelih od COVID-19.\u201d<br \/><br \/>Iz Op\u0161te bolnice \u0110akovica, Vjollca Krasniqi, Arber Pozhegu i Neki Myrtezai iskoristili su priliku da razmene iskustva o najve\u0107em zna\u010daju kvalitetnog obrazovanja, visokog standarda nege i eti\u010dkih vrednosti. \u201eBila je to sjajna prilika da prisustvujemo radu kongresa i oja\u010damo saradnju sa obe strane granice na pove\u0107anju kvaliteta zdravstvenih usluga. Zahvalni smo IHS-u \u0161to nas je podr\u017eao da prisustvujemo,\u201d ka\u017ee Vjollca Krasniqi. <\/p>\t\t\t\t\t\t<\/div>\n\t\t\t\t<\/div>\n\t\t\t\t\t<\/div>\n\t\t\t\t<\/div>\n\t\t\t\t<\/div>","protected":false},"excerpt":{"rendered":"<p>Kosovo Nurses Attend the Nurse Order Congress in Albania Kosovo nurses attended last week the 2nd Congress of the Nurse Order of Albania in Tirana, with the general theme &#8220;Health Professionals Together For Quality and High Standard Service.\u201d The congress aimed to create a platform for extensive discussions among key healthcare stakeholders, continuing education, and [&hellip;]<\/p>","protected":false},"author":1,"featured_media":0,"parent":0,"menu_order":0,"comment_status":"closed","ping_status":"closed","template":"","meta":[],"_links":{"self":[{"href":"https:\/\/ihsproject.org\/sr\/wp-json\/wp\/v2\/pages\/12812"}],"collection":[{"href":"https:\/\/ihsproject.org\/sr\/wp-json\/wp\/v2\/pages"}],"about":[{"href":"https:\/\/ihsproject.org\/sr\/wp-json\/wp\/v2\/types\/page"}],"author":[{"embeddable":true,"href":"https:\/\/ihsproject.org\/sr\/wp-json\/wp\/v2\/users\/1"}],"replies":[{"embeddable":true,"href":"https:\/\/ihsproject.org\/sr\/wp-json\/wp\/v2\/comments?post=12812"}],"version-history":[{"count":4,"href":"https:\/\/ihsproject.org\/sr\/wp-json\/wp\/v2\/pages\/12812\/revisions"}],"predecessor-version":[{"id":12820,"href":"https:\/\/ihsproject.org\/sr\/wp-json\/wp\/v2\/pages\/12812\/revisions\/12820"}],"wp:attachment":[{"href":"https:\/\/ihsproject.org\/sr\/wp-json\/wp\/v2\/media?parent=12812"}],"curies":[{"name":"wp","href":"https:\/\/api.w.org\/{rel}","templated":true}]}}