{"id":12794,"date":"2023-10-23T10:28:15","date_gmt":"2023-10-23T10:28:15","guid":{"rendered":"https:\/\/ihsproject.org\/?page_id=12794"},"modified":"2023-10-23T10:35:11","modified_gmt":"2023-10-23T10:35:11","slug":"october-23-2023","status":"publish","type":"page","link":"https:\/\/ihsproject.org\/sr\/october-23-2023\/","title":{"rendered":"23 Oktobar, 2023"},"content":{"rendered":"<div data-elementor-type=\"wp-page\" data-elementor-id=\"12794\" class=\"elementor elementor-12794\">\n\t\t\t\t<div class=\"elementor-element elementor-element-2f672a2 e-flex e-con-boxed e-con e-parent\" data-id=\"2f672a2\" data-element_type=\"container\" data-core-v316-plus=\"true\">\n\t\t\t\t\t<div class=\"e-con-inner\">\n\t\t\t\t<div class=\"elementor-element elementor-element-7da3328 elementor-widget elementor-widget-image\" data-id=\"7da3328\" data-element_type=\"widget\" data-widget_type=\"image.default\">\n\t\t\t\t<div class=\"elementor-widget-container\">\n\t\t\t\t\t\t\t\t\t\t\t\t\t<img fetchpriority=\"high\" decoding=\"async\" width=\"1600\" height=\"800\" src=\"https:\/\/ihsproject.org\/wp-content\/uploads\/2023\/10\/Enhancing_Patient_Care_by_Streamlining_Healthcare_Services.jpg\" class=\"attachment-full size-full wp-image-12798\" alt=\"\" srcset=\"https:\/\/ihsproject.org\/wp-content\/uploads\/2023\/10\/Enhancing_Patient_Care_by_Streamlining_Healthcare_Services.jpg 1600w, https:\/\/ihsproject.org\/wp-content\/uploads\/2023\/10\/Enhancing_Patient_Care_by_Streamlining_Healthcare_Services-300x150.jpg 300w, https:\/\/ihsproject.org\/wp-content\/uploads\/2023\/10\/Enhancing_Patient_Care_by_Streamlining_Healthcare_Services-1024x512.jpg 1024w, https:\/\/ihsproject.org\/wp-content\/uploads\/2023\/10\/Enhancing_Patient_Care_by_Streamlining_Healthcare_Services-768x384.jpg 768w, https:\/\/ihsproject.org\/wp-content\/uploads\/2023\/10\/Enhancing_Patient_Care_by_Streamlining_Healthcare_Services-1536x768.jpg 1536w, https:\/\/ihsproject.org\/wp-content\/uploads\/2023\/10\/Enhancing_Patient_Care_by_Streamlining_Healthcare_Services-18x9.jpg 18w\" sizes=\"(max-width: 1600px) 100vw, 1600px\" \/>\t\t\t\t\t\t\t\t\t\t\t\t\t<\/div>\n\t\t\t\t<\/div>\n\t\t\t\t\t<\/div>\n\t\t\t\t<\/div>\n\t\t<div class=\"elementor-element elementor-element-def8bd1 e-flex e-con-boxed e-con e-parent\" data-id=\"def8bd1\" data-element_type=\"container\" data-core-v316-plus=\"true\">\n\t\t\t\t\t<div class=\"e-con-inner\">\n\t\t\t\t<div class=\"elementor-element elementor-element-0ad14c3 elementor-widget elementor-widget-heading\" data-id=\"0ad14c3\" data-element_type=\"widget\" data-widget_type=\"heading.default\">\n\t\t\t\t<div class=\"elementor-widget-container\">\n\t\t\t<h2 class=\"elementor-heading-title elementor-size-default\">Pobolj\u0161anje njege pacijenata putem optimizacije zdravstvenih usluga<\/h2>\t\t<\/div>\n\t\t\t\t<\/div>\n\t\t\t\t<div class=\"elementor-element elementor-element-7a90d77 elementor-widget elementor-widget-text-editor\" data-id=\"7a90d77\" data-element_type=\"widget\" data-widget_type=\"text-editor.default\">\n\t\t\t\t<div class=\"elementor-widget-container\">\n\t\t\t\t\t\t\t<p>\u201cMinistarstvo zdravlja odobrilo Izve\u0161taj o izvodljivosti zdravstvenog informacionog sistema. Ovaj plan ima za cilj da vodi dugoro\u010dnu konsolidaciju HIS-a i va\u017ena je referenca za ovu pilot dimenziju,\u201d rekla je Dr. Besa Balidemaj-Llolluni, predsedavaju\u0107a Radne grupe o sistemu upu\u0107ivanja izme\u0111u nivoa primarne i sekundarne za\u0161tite.<\/p><p>At the closing session of the working group, the commitment and contribution of members in laying the solid foundations for the transformation of healthcare delivery were summarized. The Ministry of Health recognized the need for a robust referral system to enhance patient care and streamline healthcare services. With Istog main family medicine centre and the General Hospital of Peja as our pilot site, the working group has elaborated this critical project, focusing on mapping existing referral systems to identify gaps, reviewing and improving referral arrangements, assessing the HIS system for technical enhancements, exploring integration into the E-Kosova platform, crafting a comprehensive work plan for Year 1, and supporting the MoH in establishing a Community of Practice.<\/p><p>Radna grupa se sastoji od predstavnika ministarstava, zdravstvenih stru\u010dnjaka i tehni\u010dkih stru\u010dnjaka.<\/p>\t\t\t\t\t\t<\/div>\n\t\t\t\t<\/div>\n\t\t\t\t\t<\/div>\n\t\t\t\t<\/div>\n\t\t\t\t<\/div>","protected":false},"excerpt":{"rendered":"<p>Enhancing Patient Care by Streamlining Healthcare Services \u201cThe Ministry of Health approved the Feasibility Report on Health Information System. This plan aims to guide the long-term consolidation of HIS and is an important reference for this piloting dimension,\u201d said Dr. Besa Balidemaj-Llolluni, Chair of the Working Group on the Referral System between the Primary and [&hellip;]<\/p>","protected":false},"author":1,"featured_media":0,"parent":0,"menu_order":0,"comment_status":"closed","ping_status":"closed","template":"","meta":[],"_links":{"self":[{"href":"https:\/\/ihsproject.org\/sr\/wp-json\/wp\/v2\/pages\/12794"}],"collection":[{"href":"https:\/\/ihsproject.org\/sr\/wp-json\/wp\/v2\/pages"}],"about":[{"href":"https:\/\/ihsproject.org\/sr\/wp-json\/wp\/v2\/types\/page"}],"author":[{"embeddable":true,"href":"https:\/\/ihsproject.org\/sr\/wp-json\/wp\/v2\/users\/1"}],"replies":[{"embeddable":true,"href":"https:\/\/ihsproject.org\/sr\/wp-json\/wp\/v2\/comments?post=12794"}],"version-history":[{"count":7,"href":"https:\/\/ihsproject.org\/sr\/wp-json\/wp\/v2\/pages\/12794\/revisions"}],"predecessor-version":[{"id":12810,"href":"https:\/\/ihsproject.org\/sr\/wp-json\/wp\/v2\/pages\/12794\/revisions\/12810"}],"wp:attachment":[{"href":"https:\/\/ihsproject.org\/sr\/wp-json\/wp\/v2\/media?parent=12794"}],"curies":[{"name":"wp","href":"https:\/\/api.w.org\/{rel}","templated":true}]}}