{"id":12741,"date":"2023-10-09T13:11:49","date_gmt":"2023-10-09T13:11:49","guid":{"rendered":"https:\/\/ihsproject.org\/?page_id=12741"},"modified":"2023-10-09T13:13:17","modified_gmt":"2023-10-09T13:13:17","slug":"october-9-2023","status":"publish","type":"page","link":"https:\/\/ihsproject.org\/sr\/october-9-2023\/","title":{"rendered":"9 Oktobar, 2023"},"content":{"rendered":"<div data-elementor-type=\"wp-page\" data-elementor-id=\"12741\" class=\"elementor elementor-12741\">\n\t\t\t\t<div class=\"elementor-element elementor-element-24ffa634 e-flex e-con-boxed e-con e-parent\" data-id=\"24ffa634\" data-element_type=\"container\" data-core-v316-plus=\"true\">\n\t\t\t\t\t<div class=\"e-con-inner\">\n\t\t\t\t<div class=\"elementor-element elementor-element-6b070d9 elementor-widget elementor-widget-image\" data-id=\"6b070d9\" data-element_type=\"widget\" data-widget_type=\"image.default\">\n\t\t\t\t<div class=\"elementor-widget-container\">\n\t\t\t\t\t\t\t\t\t\t\t\t\t<img fetchpriority=\"high\" decoding=\"async\" width=\"1600\" height=\"900\" src=\"https:\/\/ihsproject.org\/wp-content\/uploads\/2023\/10\/IMG-9fdee7153b3a1b4be4a5f94a01dad9a5-V.jpeg\" class=\"attachment-full size-full wp-image-12744\" alt=\"\" srcset=\"https:\/\/ihsproject.org\/wp-content\/uploads\/2023\/10\/IMG-9fdee7153b3a1b4be4a5f94a01dad9a5-V.jpeg 1600w, https:\/\/ihsproject.org\/wp-content\/uploads\/2023\/10\/IMG-9fdee7153b3a1b4be4a5f94a01dad9a5-V-300x169.jpeg 300w, https:\/\/ihsproject.org\/wp-content\/uploads\/2023\/10\/IMG-9fdee7153b3a1b4be4a5f94a01dad9a5-V-1024x576.jpeg 1024w, https:\/\/ihsproject.org\/wp-content\/uploads\/2023\/10\/IMG-9fdee7153b3a1b4be4a5f94a01dad9a5-V-768x432.jpeg 768w, https:\/\/ihsproject.org\/wp-content\/uploads\/2023\/10\/IMG-9fdee7153b3a1b4be4a5f94a01dad9a5-V-1536x864.jpeg 1536w, https:\/\/ihsproject.org\/wp-content\/uploads\/2023\/10\/IMG-9fdee7153b3a1b4be4a5f94a01dad9a5-V-18x10.jpeg 18w\" sizes=\"(max-width: 1600px) 100vw, 1600px\" \/>\t\t\t\t\t\t\t\t\t\t\t\t\t<\/div>\n\t\t\t\t<\/div>\n\t\t\t\t\t<\/div>\n\t\t\t\t<\/div>\n\t\t<div class=\"elementor-element elementor-element-7e227fb9 e-flex e-con-boxed e-con e-parent\" data-id=\"7e227fb9\" data-element_type=\"container\" data-core-v316-plus=\"true\">\n\t\t\t\t\t<div class=\"e-con-inner\">\n\t\t\t\t<div class=\"elementor-element elementor-element-55b870ca elementor-widget elementor-widget-heading\" data-id=\"55b870ca\" data-element_type=\"widget\" data-widget_type=\"heading.default\">\n\t\t\t\t<div class=\"elementor-widget-container\">\n\t\t\t<h2 class=\"elementor-heading-title elementor-size-default\">Zajedni\u010dki napredak u pobolj\u0161anju pru\u017eanja zdravstvene za\u0161tite  <\/h2>\t\t<\/div>\n\t\t\t\t<\/div>\n\t\t\t\t<div class=\"elementor-element elementor-element-1a72af38 elementor-widget elementor-widget-text-editor\" data-id=\"1a72af38\" data-element_type=\"widget\" data-widget_type=\"text-editor.default\">\n\t\t\t\t<div class=\"elementor-widget-container\">\n\t\t\t\t\t\t\t<p>Pro\u0161le nedelje, projektni tim integrisanih usluga zdravstvene za\u0161tite sastao se sa Mr.Ph. Hilmi-jem Shal-om, generalnim direktorom Op\u0161te bolnice \u0110akovica i bolni\u010dkim timom koji blisko sara\u0111uje sa IHS-om. \u00a0<\/p><p>Dr. Fabian Cenko iz IHS projekta predstavio je rad koji se sprovodi u pravcu zajedni\u010dkog cilja: pru\u017eanje kvalitetnih zdravstvenih usluga, zadovoljavanje zdravstvenih potreba pacijenata obolelih od nezaraznih bolesti, uz osna\u017eivanje zajednice pacijenata u smislu vlastite uloge za bolje upravljanje njihovim zdravljem.\u00a0<\/p><p>Razgovarali smo o do sada postignutim prekretnicama, zahvaljuju\u0107i zajedni\u010dkim naporima svih uklju\u010denih koji su se fokusirali na pobolj\u0161anje brige o pacijentima.\u00a0<\/p>\t\t\t\t\t\t<\/div>\n\t\t\t\t<\/div>\n\t\t\t\t\t<\/div>\n\t\t\t\t<\/div>\n\t\t\t\t<\/div>","protected":false},"excerpt":{"rendered":"<p>Collaborative Progress to Enhance Healthcare Delivery Last week, the Integrated Health Services project team met with Mr. Ph. Hilmi Shala, Acting Director of the General Hospital Gjakova and the hospital team working closely with IHS. \u00a0 Dr. Fabian Cenko of IHS Project introduced the work being carried out towards our shared objective: deliver qualitative health [&hellip;]<\/p>","protected":false},"author":1,"featured_media":0,"parent":0,"menu_order":0,"comment_status":"closed","ping_status":"closed","template":"","meta":[],"_links":{"self":[{"href":"https:\/\/ihsproject.org\/sr\/wp-json\/wp\/v2\/pages\/12741"}],"collection":[{"href":"https:\/\/ihsproject.org\/sr\/wp-json\/wp\/v2\/pages"}],"about":[{"href":"https:\/\/ihsproject.org\/sr\/wp-json\/wp\/v2\/types\/page"}],"author":[{"embeddable":true,"href":"https:\/\/ihsproject.org\/sr\/wp-json\/wp\/v2\/users\/1"}],"replies":[{"embeddable":true,"href":"https:\/\/ihsproject.org\/sr\/wp-json\/wp\/v2\/comments?post=12741"}],"version-history":[{"count":4,"href":"https:\/\/ihsproject.org\/sr\/wp-json\/wp\/v2\/pages\/12741\/revisions"}],"predecessor-version":[{"id":12748,"href":"https:\/\/ihsproject.org\/sr\/wp-json\/wp\/v2\/pages\/12741\/revisions\/12748"}],"wp:attachment":[{"href":"https:\/\/ihsproject.org\/sr\/wp-json\/wp\/v2\/media?parent=12741"}],"curies":[{"name":"wp","href":"https:\/\/api.w.org\/{rel}","templated":true}]}}